{"id":17576,"date":"2021-03-23T14:54:37","date_gmt":"2021-03-23T13:54:37","guid":{"rendered":"https:\/\/qlinea.com\/?page_id=17576"},"modified":"2022-06-16T09:50:49","modified_gmt":"2022-06-16T07:50:49","slug":"innovation","status":"publish","type":"page","link":"https:\/\/qlinea.com\/sv\/innovation\/","title":{"rendered":"Innovation"},"content":{"rendered":"<section class=\"header_slider headermodule\">\r\n                <section class=\"heroImage\">\r\n                <div class=\"wrapper mobileTitle\">\r\n                    <h1 class=\"title\" style=\"color: ''\">St\u00e4ndig innovation<\/h1>\r\n                <\/div>\r\n                <div class=\"textBox\" style=\"background-image: url(https:\/\/qlinea.com\/0986741_wp-uploads\/2021\/03\/melting-iceberg-on-the-ocean-global-warming-and-cl-E8FMCQX-12-scaled.jpg); background-position: top;\">\r\n                    <div class=\"layer\" style=\"background-color: \"><\/div>\r\n                    <div class=\"textWrapper wrapper\">\r\n                        <div class=\"textPos\">\r\n                            <h1 class=\"title\" style=\"color: ''\">St\u00e4ndig innovation<\/h1>\r\n                            <p>V\u00e5rt m\u00e5l \u00e4r att v\u00e5r teknik och v\u00e5ra innovationer ska f\u00f6rb\u00e4ttra diagnostiken f\u00f6r infektionssjukdomar i framtiden, till hj\u00e4lp f\u00f6r b\u00e5de patienter och samh\u00e4llet<\/p>\n                                                    <\/div>\r\n                    <\/div>\r\n                <\/div>\r\n                <div class=\"textMobile wrapper\">\r\n                    <p>V\u00e5rt m\u00e5l \u00e4r att v\u00e5r teknik och v\u00e5ra innovationer ska f\u00f6rb\u00e4ttra diagnostiken f\u00f6r infektionssjukdomar i framtiden, till hj\u00e4lp f\u00f6r b\u00e5de patienter och samh\u00e4llet<\/p>\n                                    <\/div>\r\n            <\/section>\r\n        <\/section>\r\n\n\n\r\n<section class=\"content_twoimgstopbot contentmodule alignfull\" style=\"background-color: #f9efef\" data-text-color=\"''\">\r\n                        <div class=\"wrapper flexRowWrapper blocks imgtop\">\r\n                                    <div class=\"block\">\r\n                                                                        <div class=\"textWrapper\">\r\n                                                            <h2 class=\"title h3-font-size\">St\u00e4ndig utveckling<\/h2>\r\n                                                        ASTar\u00ae CE-IVD \u00e4r den f\u00f6rsta diagnostiska produkten som n\u00e5r marknaden, men det h\u00e4nder mer p\u00e5 Q-linea. ASTar m\u00f6jligg\u00f6r snabb och optimal antibiotikabehandling f\u00f6r patienter med sepsis och vi arbetar st\u00e4ndigt med att f\u00f6rb\u00e4ttra och utveckla nya funktioner i systemet, samt leverera nya innovativa l\u00f6sningar f\u00f6r snabbare infektionsdiagnostik till marknaden.<br \/>\r\n<br \/>\r\n<br \/>\r\n<br \/>\r\n                            <div class=\"links\">\r\n                                                            <\/div>\r\n                        <\/div>\r\n                    <\/div>\r\n                                    <div class=\"block\">\r\n                                                                        <div class=\"textWrapper\">\r\n                                                            <h2 class=\"title h3-font-size\"><a href=\"https:\/\/qlinea.com\/sv\/om-oss\/resurser\/\">Q-lineas AST teknik m\u00f6jligg\u00f6r <\/a><\/h2>\r\n                                                        <ul><br \/>\r\n \t<li>Resistensbest\u00e4mning p\u00e5 3 timmar \u2013 ESBL-screening p\u00e5 3 timmar med ett positivt prediktivt v\u00e4rde p\u00e5 100%<\/li><br \/>\r\n \t<li>H\u00f6g provgenomstr\u00f6mning \u2013 m\u00f6jlighet att analysera upp till 50 prover per 24 timmar<\/li><br \/>\r\n \t<li>Menyexpansion \u2013 nya applikationer b la grampositiva bakterier och urinprover<\/li><br \/>\r\n \t<li>Halvautomatiskt l\u00e4ge \u2013 k\u00f6r som b\u00e5de helautomatiskt och halvautomatiskt, direkt fr\u00e5n kliniska prover eller isolat<\/li><br \/>\r\n<\/ul>                            <div class=\"links\">\r\n                                                                    <a class=\"more\" href=\"https:\/\/qlinea.com\/sv\/om-oss\/resurser\/\">L\u00e4s mer<\/a>\r\n                                                            <\/div>\r\n                        <\/div>\r\n                    <\/div>\r\n                            <\/div>\r\n                <div class=\"mobileBlocks wrapper\">\r\n            <div class=\"glideMobile\">\r\n                <div class=\"glide__track\" data-glide-el=\"track\">\r\n                    <div class=\"glide__slides blocks imgtop\">\r\n                                                                                    <div class=\"block glide__slide\">\r\n                                                                        <div class=\"textWrapper\">\r\n                                                                                    <h2 class=\"title h3-font-size\">St\u00e4ndig utveckling<\/h2>\r\n                                                                                ASTar\u00ae CE-IVD \u00e4r den f\u00f6rsta diagnostiska produkten som n\u00e5r marknaden, men det h\u00e4nder mer p\u00e5 Q-linea. ASTar m\u00f6jligg\u00f6r snabb och optimal antibiotikabehandling f\u00f6r patienter med sepsis och vi arbetar st\u00e4ndigt med att f\u00f6rb\u00e4ttra och utveckla nya funktioner i systemet, samt leverera nya innovativa l\u00f6sningar f\u00f6r snabbare infektionsdiagnostik till marknaden.<br \/>\r\n<br \/>\r\n<br \/>\r\n<br \/>\r\n                                    <\/div>\r\n                                                                    <\/div>\r\n                                                            <div class=\"block glide__slide\">\r\n                                                                        <div class=\"textWrapper\">\r\n                                                                                    <h2 class=\"title h3-font-size\"><a href=\"https:\/\/qlinea.com\/sv\/om-oss\/resurser\/\">Q-lineas AST teknik m\u00f6jligg\u00f6r <\/a><\/h2>\r\n                                                                                <ul><br \/>\r\n \t<li>Resistensbest\u00e4mning p\u00e5 3 timmar \u2013 ESBL-screening p\u00e5 3 timmar med ett positivt prediktivt v\u00e4rde p\u00e5 100%<\/li><br \/>\r\n \t<li>H\u00f6g provgenomstr\u00f6mning \u2013 m\u00f6jlighet att analysera upp till 50 prover per 24 timmar<\/li><br \/>\r\n \t<li>Menyexpansion \u2013 nya applikationer b la grampositiva bakterier och urinprover<\/li><br \/>\r\n \t<li>Halvautomatiskt l\u00e4ge \u2013 k\u00f6r som b\u00e5de helautomatiskt och halvautomatiskt, direkt fr\u00e5n kliniska prover eller isolat<\/li><br \/>\r\n<\/ul>                                    <\/div>\r\n                                                                    <\/div>\r\n                                                                        <\/div>\r\n                    <div class=\"slider__bullets glide__bullets\" data-glide-el=\"controls[nav]\">\r\n                                                        <button aria-label=\"Navigat to slide 0\" class=\"slider__bullets\" data-glide-dir=\"=0\"><\/button>\r\n                                                            <button aria-label=\"Navigat to slide 1\" class=\"slider__bullets\" data-glide-dir=\"=1\"><\/button>\r\n                                                <\/div>\r\n                <\/div>\r\n            <\/div>\r\n        <\/div>\r\n\r\n    <\/section>\r\n\n\n\r\n<section class=\"content_txticons contentmodule alignfull\" style=\"background-color: #343F52;\" data-text-color=\"#fff\">\r\n    <h2 class=\"wrapper title\">Flexibel l\u00f6sning m\u00f6jligg\u00f6r framtida nya applikationer<\/h2>\r\n    <div class=\"wrapper flexRowWrapper\">\r\n        <div class=\"textWrapper\">\r\n            <h3 class=\"text\">ASTar systemet kan utvidgas till andra typer av kliniska prover. Den flexibla utformningen av provberedningskassetten i kombination AST-skivan m\u00f6jligg\u00f6r framtida anpassning till andra provtyper s\u00e5som isolat, urin, nedre luftv\u00e4gar och sterila aspirat.\r\n\r\n<\/h3>\r\n        <\/div>\r\n        <div class=\"images\">\r\n                            <div class=\"flexRowWrapper\">\r\n                                            <div class=\"image\">\r\n                            <div class=\"icon\">\r\n                                <img decoding=\"async\" src=\"https:\/\/qlinea.com\/0986741_wp-uploads\/2021\/01\/Blood-\u2013-1.svg\" alt=\"Icon blood\">\r\n                            <\/div>\r\n                            <strong>Positiv blododling<\/strong>\r\n                        <\/div>\r\n                                            <div class=\"image\">\r\n                            <div class=\"icon\">\r\n                                <img decoding=\"async\" src=\"https:\/\/qlinea.com\/0986741_wp-uploads\/2021\/01\/Isolates-\u2013-1.svg\" alt=\"Icon isolates\">\r\n                            <\/div>\r\n                            <strong>Isolat<\/strong>\r\n                        <\/div>\r\n                                            <div class=\"image\">\r\n                            <div class=\"icon\">\r\n                                <img decoding=\"async\" src=\"https:\/\/qlinea.com\/0986741_wp-uploads\/2021\/01\/Kidneys-\u2013-1.svg\" alt=\"Icon kidneys\">\r\n                            <\/div>\r\n                            <strong>Urinprover<\/strong>\r\n                        <\/div>\r\n                                            <div class=\"image\">\r\n                            <div class=\"icon\">\r\n                                <img decoding=\"async\" src=\"https:\/\/qlinea.com\/0986741_wp-uploads\/2021\/01\/Lungs-\u2013-1.svg\" alt=\"Icon lungs\">\r\n                            <\/div>\r\n                            <strong>Luftv\u00e4gsprover<\/strong>\r\n                        <\/div>\r\n                                    <\/div>\r\n            \r\n        <\/div>\r\n    <\/div>\r\n<\/section>\r\n\n\n\r\n<section class=\"content_bildtext contentmodule alignfull bild_hoger\" data-text-color=\"''\">\r\n    <div class=\"wrapper flexRowWrapper\">\r\n                    <div class=\"textWrapper\" style=\"background-color: #fff\">\r\n                <h2>Nya innovationer<\/h2>\n<h3>V\u00e4rldens f\u00f6rsta portabla blododlingsenhet<\/h3>\n<p>Q-linea har ocks\u00e5 en teknik f\u00f6r att utnyttja transporttiden f\u00f6r blodkulturer med hj\u00e4lp av en b\u00e4rbar blododlingsenhet, vilket m\u00f6jligg\u00f6r snabbast tid till result och behandling f\u00f6r alla patienter med blodinfektioner oavsett om de bor p\u00e5 landsbygden eller n\u00e4ra ett stort sjukhus.<\/p>\n<p>Den b\u00e4rbara blododlingsenheten kombinerar transporttiden med\u00a0 blododling och p\u00e5visande av patogen. Omedelbart efter provtagning kan odling och detektion av eventuell patogen p\u00e5b\u00f6rjas. S\u00e5ledes f\u00f6rkortas den totala tiden till optimal antibiotikabehandling avsev\u00e4rt, vilket kan r\u00e4dda m\u00e5nga patienter som lider av bakteriemi fr\u00e5n att drabbas av en potentiellt d\u00f6dlig sepsis.<\/p>\n            <\/div>\r\n                            <div class=\"imgWrapper\">\r\n                                            <img decoding=\"async\" src=\"https:\/\/qlinea.com\/0986741_wp-uploads\/2022\/06\/DSC00446-scaled-e1655365820453-500x425.jpg\" alt=\"\">\r\n                                    <\/div>\r\n                        <\/div>\r\n<\/section>\r\n\n\n\r\n<section class=\"content_bildtext contentmodule alignfull bild_hoger\" data-text-color=\"''\">\r\n    <div class=\"wrapper flexRowWrapper\">\r\n                    <div class=\"textWrapper\" style=\"background-color: #fff\">\r\n                <h3>Snabb ID och AST<\/h3>\n<p>Q-linea har flera andra revolutionerande tekniker p\u00e5 g\u00e5ng. \u00a0Q-lineas bakteriella ID- och AST-teknik f\u00f6r diagnos av sepsis kan kombineras till ett helautomatiskt system, ASTrID\u00ae,\u00a0 som levererar b\u00e5de ID och AST direkt fr\u00e5n helblod, dvs man beh\u00f6ver inte utg\u00e5 fr\u00e5n en positiv blododling.<\/p>\n<p>ASTrID konceptet har\u00a0 bevisats kliniskt i samarbete med \u00d6rebro Universitetssjukhus.<\/p>\n            <\/div>\r\n                            <div class=\"imgWrapper\">\r\n                                            <img decoding=\"async\" src=\"https:\/\/qlinea.com\/0986741_wp-uploads\/2021\/03\/ASTrID_symb.png\" alt=\"\">\r\n                                    <\/div>\r\n                        <\/div>\r\n<\/section>\r\n\n\n\r\n<section class=\"content_twoicons contentmodule\" style=\"background-color: #fff;\">\r\n    <div class=\"cards flexRowWrapper wrapper\">\r\n                                                    <a href=\"https:\/\/qlinea.com\/webinar-archive\/\" class=\"cards__card flexRowWrapper\" data-text-color=\"#fff\">\r\n                                            <div class=\"text flexColumnWrapper\">\r\n                            <h2 class=\"title h3-font-size\">Se v\u00e5ra webinars<\/h2>\r\n                            <p class=\"more\">Go to Webinars ><\/p>\r\n                        <\/div>\r\n                                                    <div class=\"image\">\r\n                                                                    <img decoding=\"async\" src=\"https:\/\/qlinea.com\/0986741_wp-uploads\/2021\/04\/Ikoner_RGB_2-10.png\" alt=\"Go to Webinars &gt;\">\r\n                                                            <\/div>\r\n                                                                    <\/a>\r\n                                                                                                    <a href=\"https:\/\/qlinea.com\/sv\/om-oss\/resurser\/\" class=\"cards__card flexRowWrapper\" data-text-color=\"#fff\">\r\n                                            <div class=\"text flexColumnWrapper\">\r\n                            <h2 class=\"title h3-font-size\">Posters and publikationer<\/h2>\r\n                            <p class=\"more\">G\u00e5 till Publikationer och posters ><\/p>\r\n                        <\/div>\r\n                                                    <div class=\"image\">\r\n                                                                    <img decoding=\"async\" src=\"https:\/\/qlinea.com\/0986741_wp-uploads\/2021\/04\/Ikoner_RGB_2-12.png\" alt=\"G\u00e5 till Publikationer och posters &gt;\">\r\n                                                            <\/div>\r\n                                                                    <\/a>\r\n                                                                    <\/div>\r\n<\/section>\r\n","protected":false},"excerpt":{"rendered":"","protected":false},"author":1,"featured_media":0,"parent":0,"menu_order":0,"comment_status":"closed","ping_status":"closed","template":"","meta":{"_acf_changed":false,"footnotes":""},"class_list":["post-17576","page","type-page","status-publish","hentry"],"acf":[],"_links":{"self":[{"href":"https:\/\/qlinea.com\/sv\/wp-json\/wp\/v2\/pages\/17576","targetHints":{"allow":["GET"]}}],"collection":[{"href":"https:\/\/qlinea.com\/sv\/wp-json\/wp\/v2\/pages"}],"about":[{"href":"https:\/\/qlinea.com\/sv\/wp-json\/wp\/v2\/types\/page"}],"author":[{"embeddable":true,"href":"https:\/\/qlinea.com\/sv\/wp-json\/wp\/v2\/users\/1"}],"replies":[{"embeddable":true,"href":"https:\/\/qlinea.com\/sv\/wp-json\/wp\/v2\/comments?post=17576"}],"version-history":[{"count":0,"href":"https:\/\/qlinea.com\/sv\/wp-json\/wp\/v2\/pages\/17576\/revisions"}],"wp:attachment":[{"href":"https:\/\/qlinea.com\/sv\/wp-json\/wp\/v2\/media?parent=17576"}],"curies":[{"name":"wp","href":"https:\/\/api.w.org\/{rel}","templated":true}]}}