{"id":19940,"date":"2022-04-25T11:50:05","date_gmt":"2022-04-25T09:50:05","guid":{"rendered":"https:\/\/qlinea.com\/?page_id=19940"},"modified":"2022-04-26T07:38:56","modified_gmt":"2022-04-26T05:38:56","slug":"arsstamma-2022","status":"publish","type":"page","link":"https:\/\/qlinea.com\/sv\/arsstamma-2022\/","title":{"rendered":"\u00c5rsst\u00e4mma 2022"},"content":{"rendered":"<section class=\"header_onlytext headermodule\" style=\"background-color: #fff\" data-text-color=\"''\">\r\n    <div class=\"wrapper\">\r\n        <div class=\"textWrapper\">\r\n                            <h1 class=\"title\">\u00c5rsst\u00e4mma 2022<\/h1>\r\n                                <\/div>\r\n    <\/div>\r\n<\/section>\r\n\n\n\r\n<section class=\"content_table contentmodule alignfull\">\r\n    <div class=\"wrapper\">\r\n        \n<table id=\"tablepress-29\" class=\"tablepress tablepress-id-29\">\n<thead>\n<tr class=\"row-1\">\n\t<th colspan=\"2\" class=\"column-1\">Dokument<\/th>\n<\/tr>\n<\/thead>\n<tbody class=\"row-striping row-hover\">\n<tr class=\"row-2\">\n\t<td class=\"column-1\"><a href=\"https:\/\/qlinea.com\/0986741_wp-uploads\/2022\/06\/Protokoll-arsstamma-2022-signerat-Q-linea-AB-2022-05-24.pdf\"><img decoding=\"async\" src=\"https:\/\/qlinea.com\/0986741_wp-uploads\/2019\/12\/Pdf-icon-134x150.png\" alt=\"ASTar brochure\" width=\"44\" height=\"50\" class=\"alignnone size-thumbnail wp-image-1046\" srcset=\"https:\/\/qlinea.com\/0986741_wp-uploads\/2019\/12\/Pdf-icon.png 134w, https:\/\/qlinea.com\/0986741_wp-uploads\/2019\/12\/Pdf-icon-120x137.png 120w\" sizes=\"(max-width: 44px) 100vw, 44px\" \/><\/a><\/td><td class=\"column-2\">Protokoll \u00e5rsst\u00e4mma Q-linea 2022-05-24<\/td>\n<\/tr>\n<tr class=\"row-3\">\n\t<td class=\"column-1\"><a href=\"https:\/\/qlinea.com\/0986741_wp-uploads\/2022\/06\/Q-linea-AGM-presentation-CEO.pdf\"><img decoding=\"async\" src=\"https:\/\/qlinea.com\/0986741_wp-uploads\/2019\/12\/Pdf-icon-134x150.png\" alt=\"ASTar brochure\" width=\"44\" height=\"50\" class=\"alignnone size-thumbnail wp-image-1046\" srcset=\"https:\/\/qlinea.com\/0986741_wp-uploads\/2019\/12\/Pdf-icon.png 134w, https:\/\/qlinea.com\/0986741_wp-uploads\/2019\/12\/Pdf-icon-120x137.png 120w\" sizes=\"(max-width: 44px) 100vw, 44px\" \/><\/a><\/td><td class=\"column-2\">Q-linea AGM Presentation CEO 2022-05-24 (ENGLISH)<\/td>\n<\/tr>\n<tr class=\"row-4\">\n\t<td class=\"column-1\"><a href=\"https:\/\/qlinea.com\/0986741_wp-uploads\/2022\/04\/Kallelse-till-arsstamma-Q-linea-AB-publ-1.pdf\"><img decoding=\"async\" src=\"https:\/\/qlinea.com\/0986741_wp-uploads\/2019\/12\/Pdf-icon-134x150.png\" alt=\"ASTar brochure\" width=\"44\" height=\"50\" class=\"alignnone size-thumbnail wp-image-1046\" srcset=\"https:\/\/qlinea.com\/0986741_wp-uploads\/2019\/12\/Pdf-icon.png 134w, https:\/\/qlinea.com\/0986741_wp-uploads\/2019\/12\/Pdf-icon-120x137.png 120w\" sizes=\"(max-width: 44px) 100vw, 44px\" \/><\/a><\/td><td class=\"column-2\">Kallelse till \u00e5rsst\u00e4mma i Q-linea AB <\/td>\n<\/tr>\n<tr class=\"row-5\">\n\t<td class=\"column-1\"><a href=\"https:\/\/qlinea.com\/0986741_wp-uploads\/2022\/04\/Valberedningens-forslag-till-val-av-styrelseledamoter-i-Q-linea-AB-publ.pdf\"><img decoding=\"async\" src=\"https:\/\/qlinea.com\/0986741_wp-uploads\/2019\/12\/Pdf-icon-134x150.png\" alt=\"ASTar brochure\" width=\"44\" height=\"50\" class=\"alignnone size-thumbnail wp-image-1046\" srcset=\"https:\/\/qlinea.com\/0986741_wp-uploads\/2019\/12\/Pdf-icon.png 134w, https:\/\/qlinea.com\/0986741_wp-uploads\/2019\/12\/Pdf-icon-120x137.png 120w\" sizes=\"(max-width: 44px) 100vw, 44px\" \/><\/a><\/td><td class=\"column-2\">Valberedningens f\u00f6rslag till val av styrelseledam\u00f6ter i Q-linea AB (publ)<\/td>\n<\/tr>\n<tr class=\"row-6\">\n\t<td class=\"column-1\"><a href=\"https:\/\/qlinea.com\/0986741_wp-uploads\/2022\/04\/Fullmaktsformular-Q-linea-Arsstamma-2022-1.pdf\"><img decoding=\"async\" src=\"https:\/\/qlinea.com\/0986741_wp-uploads\/2019\/12\/Pdf-icon-134x150.png\" alt=\"ASTar brochure\" width=\"44\" height=\"50\" class=\"alignnone size-thumbnail wp-image-1046\" srcset=\"https:\/\/qlinea.com\/0986741_wp-uploads\/2019\/12\/Pdf-icon.png 134w, https:\/\/qlinea.com\/0986741_wp-uploads\/2019\/12\/Pdf-icon-120x137.png 120w\" sizes=\"(max-width: 44px) 100vw, 44px\" \/><\/a><\/td><td class=\"column-2\">Fullmaktsformul\u00e4r, Q-linea (publ), \u00c5rsst\u00e4mma 2022<\/td>\n<\/tr>\n<tr class=\"row-7\">\n\t<td class=\"column-1\"><a href=\"https:\/\/qlinea.com\/0986741_wp-uploads\/2022\/04\/Ersattningsrapport-2021-Q-Linea-AB-publ-1.pdf\"><img decoding=\"async\" src=\"https:\/\/qlinea.com\/0986741_wp-uploads\/2019\/12\/Pdf-icon-134x150.png\" alt=\"ASTar brochure\" width=\"44\" height=\"50\" class=\"alignnone size-thumbnail wp-image-1046\" srcset=\"https:\/\/qlinea.com\/0986741_wp-uploads\/2019\/12\/Pdf-icon.png 134w, https:\/\/qlinea.com\/0986741_wp-uploads\/2019\/12\/Pdf-icon-120x137.png 120w\" sizes=\"(max-width: 44px) 100vw, 44px\" \/><\/a><\/td><td class=\"column-2\">Ers\u00e4ttningsrapport 2021, Q-linea (publ)<\/td>\n<\/tr>\n<tr class=\"row-8\">\n\t<td class=\"column-1\"><a href=\"https:\/\/qlinea.com\/0986741_wp-uploads\/2022\/04\/Valberedningens-forslag-till-beslut-infor-arsstamma-2022-Q-linea-AB-publ.pdf\"><img decoding=\"async\" src=\"https:\/\/qlinea.com\/0986741_wp-uploads\/2019\/12\/Pdf-icon-134x150.png\" alt=\"ASTar brochure\" width=\"44\" height=\"50\" class=\"alignnone size-thumbnail wp-image-1046\" srcset=\"https:\/\/qlinea.com\/0986741_wp-uploads\/2019\/12\/Pdf-icon.png 134w, https:\/\/qlinea.com\/0986741_wp-uploads\/2019\/12\/Pdf-icon-120x137.png 120w\" sizes=\"(max-width: 44px) 100vw, 44px\" \/><\/a><\/td><td class=\"column-2\">Valberedningens f\u00f6rslag till beslut inf\u00f6r \u00e5rsst\u00e4mma 2022 Q-linea AB (publ)<\/td>\n<\/tr>\n<tr class=\"row-9\">\n\t<td class=\"column-1\"><a href=\"https:\/\/qlinea.com\/0986741_wp-uploads\/2022\/04\/Valberedningens-motiverade-yttrande-samt-redogorelse-2022-Q-linea-AB-publ.pdf\"><img decoding=\"async\" src=\"https:\/\/qlinea.com\/0986741_wp-uploads\/2019\/12\/Pdf-icon-134x150.png\" alt=\"ASTar brochure\" width=\"44\" height=\"50\" class=\"alignnone size-thumbnail wp-image-1046\" srcset=\"https:\/\/qlinea.com\/0986741_wp-uploads\/2019\/12\/Pdf-icon.png 134w, https:\/\/qlinea.com\/0986741_wp-uploads\/2019\/12\/Pdf-icon-120x137.png 120w\" sizes=\"(max-width: 44px) 100vw, 44px\" \/><\/a><\/td><td class=\"column-2\">Valberedningens motiverade yttrande samt redog\u00f6relse 2022 Q-linea AB (publ)<\/td>\n<\/tr>\n<tr class=\"row-10\">\n\t<td class=\"column-1\"><a href=\"https:\/\/qlinea.com\/0986741_wp-uploads\/2022\/04\/Q-linea-AB-publ-Arsredovisning-2021-1.pdf\"><img decoding=\"async\" src=\"https:\/\/qlinea.com\/0986741_wp-uploads\/2019\/12\/Pdf-icon-134x150.png\" alt=\"ASTar brochure\" width=\"44\" height=\"50\" class=\"alignnone size-thumbnail wp-image-1046\" srcset=\"https:\/\/qlinea.com\/0986741_wp-uploads\/2019\/12\/Pdf-icon.png 134w, https:\/\/qlinea.com\/0986741_wp-uploads\/2019\/12\/Pdf-icon-120x137.png 120w\" sizes=\"(max-width: 44px) 100vw, 44px\" \/><\/a><\/td><td class=\"column-2\">Q-linea AB (publ) \u00c5rsredovisning 2021<\/td>\n<\/tr>\n<tr class=\"row-11\">\n\t<td class=\"column-1\"><a href=\"https:\/\/qlinea.com\/0986741_wp-uploads\/2022\/05\/Yttrande_riktlinjer_Q-linea_SV.pdf\"><img decoding=\"async\" src=\"https:\/\/qlinea.com\/0986741_wp-uploads\/2019\/12\/Pdf-icon-134x150.png\" alt=\"ASTar brochure\" width=\"44\" height=\"50\" class=\"alignnone size-thumbnail wp-image-1046\" srcset=\"https:\/\/qlinea.com\/0986741_wp-uploads\/2019\/12\/Pdf-icon.png 134w, https:\/\/qlinea.com\/0986741_wp-uploads\/2019\/12\/Pdf-icon-120x137.png 120w\" sizes=\"(max-width: 44px) 100vw, 44px\" \/><\/a><\/td><td class=\"column-2\">Yttrande_riktlinjer_Q-linea_SV<\/td>\n<\/tr>\n<tr class=\"row-12\">\n\t<td class=\"column-1\"><a href=\"https:\/\/qlinea.com\/0986741_wp-uploads\/2022\/05\/Villkor-for-teckningsoptioner-Q-linea-AB-publ.pdf\"><img decoding=\"async\" src=\"https:\/\/qlinea.com\/0986741_wp-uploads\/2019\/12\/Pdf-icon-134x150.png\" alt=\"ASTar brochure\" width=\"44\" height=\"50\" class=\"alignnone size-thumbnail wp-image-1046\" srcset=\"https:\/\/qlinea.com\/0986741_wp-uploads\/2019\/12\/Pdf-icon.png 134w, https:\/\/qlinea.com\/0986741_wp-uploads\/2019\/12\/Pdf-icon-120x137.png 120w\" sizes=\"(max-width: 44px) 100vw, 44px\" \/><\/a><\/td><td class=\"column-2\">Villkor f\u00f6r teckningsoptioner  Q-linea AB (publ)<\/td>\n<\/tr>\n<tr class=\"row-13\">\n\t<td class=\"column-1\"><a href=\"https:\/\/qlinea.com\/0986741_wp-uploads\/2022\/05\/Personaloptionsavtal-Q-linea-AB-publ.pdf\"><img decoding=\"async\" src=\"https:\/\/qlinea.com\/0986741_wp-uploads\/2019\/12\/Pdf-icon-134x150.png\" alt=\"ASTar brochure\" width=\"44\" height=\"50\" class=\"alignnone size-thumbnail wp-image-1046\" srcset=\"https:\/\/qlinea.com\/0986741_wp-uploads\/2019\/12\/Pdf-icon.png 134w, https:\/\/qlinea.com\/0986741_wp-uploads\/2019\/12\/Pdf-icon-120x137.png 120w\" sizes=\"(max-width: 44px) 100vw, 44px\" \/><\/a><\/td><td class=\"column-2\">Personaloptionsavtal, Q-linea AB (publ)<\/td>\n<\/tr>\n<\/tbody>\n<\/table>\n<!-- #tablepress-29 from cache -->    <\/div>\r\n<\/section>\r\n","protected":false},"excerpt":{"rendered":"","protected":false},"author":68,"featured_media":0,"parent":0,"menu_order":0,"comment_status":"closed","ping_status":"closed","template":"","meta":{"_acf_changed":false,"footnotes":""},"class_list":["post-19940","page","type-page","status-publish","hentry"],"acf":[],"_links":{"self":[{"href":"https:\/\/qlinea.com\/sv\/wp-json\/wp\/v2\/pages\/19940","targetHints":{"allow":["GET"]}}],"collection":[{"href":"https:\/\/qlinea.com\/sv\/wp-json\/wp\/v2\/pages"}],"about":[{"href":"https:\/\/qlinea.com\/sv\/wp-json\/wp\/v2\/types\/page"}],"author":[{"embeddable":true,"href":"https:\/\/qlinea.com\/sv\/wp-json\/wp\/v2\/users\/68"}],"replies":[{"embeddable":true,"href":"https:\/\/qlinea.com\/sv\/wp-json\/wp\/v2\/comments?post=19940"}],"version-history":[{"count":0,"href":"https:\/\/qlinea.com\/sv\/wp-json\/wp\/v2\/pages\/19940\/revisions"}],"wp:attachment":[{"href":"https:\/\/qlinea.com\/sv\/wp-json\/wp\/v2\/media?parent=19940"}],"curies":[{"name":"wp","href":"https:\/\/api.w.org\/{rel}","templated":true}]}}