{"id":21533,"date":"2023-06-05T18:02:07","date_gmt":"2023-06-05T16:02:07","guid":{"rendered":"https:\/\/qlinea.com\/?page_id=21533"},"modified":"2023-06-05T18:02:08","modified_gmt":"2023-06-05T16:02:08","slug":"extra-bolagsstamma-2023","status":"publish","type":"page","link":"https:\/\/qlinea.com\/sv\/extra-bolagsstamma-2023\/","title":{"rendered":"Extra bolagsst\u00e4mma 2023"},"content":{"rendered":"<section class=\"header_onlytext headermodule\" style=\"background-color: #fff\" data-text-color=\"''\">\r\n    <div class=\"wrapper\">\r\n        <div class=\"textWrapper\">\r\n                            <h1 class=\"title\">Extra bolagsst\u00e4mma 2023<\/h1>\r\n                                <\/div>\r\n    <\/div>\r\n<\/section>\r\n\n\n\r\n<section class=\"content_table contentmodule alignfull\">\r\n    <div class=\"wrapper\">\r\n        \n<table id=\"tablepress-33\" class=\"tablepress tablepress-id-33\">\n<thead>\n<tr class=\"row-1\">\n\t<th colspan=\"2\" class=\"column-1\">Dokument<\/th>\n<\/tr>\n<\/thead>\n<tbody class=\"row-striping row-hover\">\n<tr class=\"row-2\">\n\t<td class=\"column-1\"><a href=\"https:\/\/qlinea.com\/0986741_wp-uploads\/2023\/07\/kommunike-fran-extra-bolagsstamma-i-q-linea-ab-publ.pdf\"><img decoding=\"async\" src=\"https:\/\/qlinea.com\/0986741_wp-uploads\/2019\/12\/Pdf-icon-134x150.png\" alt=\"ASTar brochure\" width=\"44\" height=\"50\" class=\"alignnone size-thumbnail wp-image-1046\" srcset=\"https:\/\/qlinea.com\/0986741_wp-uploads\/2019\/12\/Pdf-icon.png 134w, https:\/\/qlinea.com\/0986741_wp-uploads\/2019\/12\/Pdf-icon-120x137.png 120w\" sizes=\"(max-width: 44px) 100vw, 44px\" \/><\/a><\/td><td class=\"column-2\">Kommunik\u00e9 fr\u00e5n extra bolagsst\u00e4mma i Q-linea AB (publ)<\/td>\n<\/tr>\n<tr class=\"row-3\">\n\t<td class=\"column-1\"><a href=\"https:\/\/qlinea.com\/0986741_wp-uploads\/2023\/06\/Q-linea_ABL_13-6_2023-05-24_signerat.pdf\"><img decoding=\"async\" src=\"https:\/\/qlinea.com\/0986741_wp-uploads\/2019\/12\/Pdf-icon-134x150.png\" alt=\"ASTar brochure\" width=\"44\" height=\"50\" class=\"alignnone size-thumbnail wp-image-1046\" srcset=\"https:\/\/qlinea.com\/0986741_wp-uploads\/2019\/12\/Pdf-icon.png 134w, https:\/\/qlinea.com\/0986741_wp-uploads\/2019\/12\/Pdf-icon-120x137.png 120w\" sizes=\"(max-width: 44px) 100vw, 44px\" \/><\/a><\/td><td class=\"column-2\">Revisorns yttrande enligt 13 kap. 6 \u00a7 aktiebolagslagen (signerad)<\/td>\n<\/tr>\n<tr class=\"row-4\">\n\t<td class=\"column-1\"><a href=\"https:\/\/qlinea.com\/0986741_wp-uploads\/2023\/06\/Styrelsens-redogorelse-enligt-13-kap.-6-\u00a7-ABL-2023-05-22-signerad.pdf\"><img decoding=\"async\" src=\"https:\/\/qlinea.com\/0986741_wp-uploads\/2019\/12\/Pdf-icon-134x150.png\" alt=\"ASTar brochure\" width=\"44\" height=\"50\" class=\"alignnone size-thumbnail wp-image-1046\" srcset=\"https:\/\/qlinea.com\/0986741_wp-uploads\/2019\/12\/Pdf-icon.png 134w, https:\/\/qlinea.com\/0986741_wp-uploads\/2019\/12\/Pdf-icon-120x137.png 120w\" sizes=\"(max-width: 44px) 100vw, 44px\" \/><\/a><\/td><td class=\"column-2\">Styrelsens redog\u00f6relse enligt 13 kap. 6 \u00a7 aktiebolagslagen (signerad)<\/td>\n<\/tr>\n<tr class=\"row-5\">\n\t<td class=\"column-1\"><a href=\"https:\/\/qlinea.com\/0986741_wp-uploads\/2023\/06\/kallelse-till-extra-bolagsstamma-i-q-linea-ab-publ.pdf\"><img decoding=\"async\" src=\"https:\/\/qlinea.com\/0986741_wp-uploads\/2019\/12\/Pdf-icon-134x150.png\" alt=\"ASTar brochure\" width=\"44\" height=\"50\" class=\"alignnone size-thumbnail wp-image-1046\" srcset=\"https:\/\/qlinea.com\/0986741_wp-uploads\/2019\/12\/Pdf-icon.png 134w, https:\/\/qlinea.com\/0986741_wp-uploads\/2019\/12\/Pdf-icon-120x137.png 120w\" sizes=\"(max-width: 44px) 100vw, 44px\" \/><\/a><\/td><td class=\"column-2\">Kallelse till extra \u00e5rsst\u00e4mma i Q-linea AB<\/td>\n<\/tr>\n<tr class=\"row-6\">\n\t<td class=\"column-1\"><a href=\"https:\/\/qlinea.com\/0986741_wp-uploads\/2023\/06\/Fullmaktsformular-Q-linea-extra-bolagsstamma-2023.pdf\"><img decoding=\"async\" src=\"https:\/\/qlinea.com\/0986741_wp-uploads\/2019\/12\/Pdf-icon-134x150.png\" alt=\"ASTar brochure\" width=\"44\" height=\"50\" class=\"alignnone size-thumbnail wp-image-1046\" srcset=\"https:\/\/qlinea.com\/0986741_wp-uploads\/2019\/12\/Pdf-icon.png 134w, https:\/\/qlinea.com\/0986741_wp-uploads\/2019\/12\/Pdf-icon-120x137.png 120w\" sizes=\"(max-width: 44px) 100vw, 44px\" \/><\/a><\/td><td class=\"column-2\">Fullmaktsformul\u00e4r, Q-linea (publ), Extra \u00e5rsst\u00e4mma 2023<\/td>\n<\/tr>\n<tr class=\"row-7\">\n\t<td class=\"column-1\"><a href=\"https:\/\/qlinea.com\/0986741_wp-uploads\/2024\/06\/Protokoll-extra-bolagsstamma-2023-Q-linea-AB-2023-07-0415631103.pdf\"><img decoding=\"async\" src=\"https:\/\/qlinea.com\/0986741_wp-uploads\/2019\/12\/Pdf-icon-134x150.png\" alt=\"Bolagst\u00e4mma 2023-07-04\" width=\"44\" height=\"50\" class=\"alignnone size-thumbnail\"\/><\/a><\/td><td class=\"column-2\">Protokoll extra bolagsst\u00e4mma 2023, Q-linea AB, 2023-07-04<\/td>\n<\/tr>\n<\/tbody>\n<\/table>\n    <\/div>\r\n<\/section>\r\n","protected":false},"excerpt":{"rendered":"","protected":false},"author":37,"featured_media":0,"parent":0,"menu_order":0,"comment_status":"closed","ping_status":"closed","template":"","meta":{"_acf_changed":false,"footnotes":""},"class_list":["post-21533","page","type-page","status-publish","hentry"],"acf":[],"_links":{"self":[{"href":"https:\/\/qlinea.com\/sv\/wp-json\/wp\/v2\/pages\/21533","targetHints":{"allow":["GET"]}}],"collection":[{"href":"https:\/\/qlinea.com\/sv\/wp-json\/wp\/v2\/pages"}],"about":[{"href":"https:\/\/qlinea.com\/sv\/wp-json\/wp\/v2\/types\/page"}],"author":[{"embeddable":true,"href":"https:\/\/qlinea.com\/sv\/wp-json\/wp\/v2\/users\/37"}],"replies":[{"embeddable":true,"href":"https:\/\/qlinea.com\/sv\/wp-json\/wp\/v2\/comments?post=21533"}],"version-history":[{"count":0,"href":"https:\/\/qlinea.com\/sv\/wp-json\/wp\/v2\/pages\/21533\/revisions"}],"wp:attachment":[{"href":"https:\/\/qlinea.com\/sv\/wp-json\/wp\/v2\/media?parent=21533"}],"curies":[{"name":"wp","href":"https:\/\/api.w.org\/{rel}","templated":true}]}}