{"id":21585,"date":"2023-06-12T09:44:47","date_gmt":"2023-06-12T07:44:47","guid":{"rendered":"https:\/\/qlinea.com\/?page_id=21585"},"modified":"2023-07-06T09:42:51","modified_gmt":"2023-07-06T07:42:51","slug":"viktig-information","status":"publish","type":"page","link":"https:\/\/qlinea.com\/sv\/viktig-information\/","title":{"rendered":"Viktig information"},"content":{"rendered":"<section class=\"header_onlytext headermodule\" style=\"background-color: #f5f5f6\" data-text-color=\"''\">\r\n    <div class=\"wrapper\">\r\n        <div class=\"textWrapper\">\r\n                            <h1 class=\"title\">Varning (Disclaimer)<\/h1>\r\n                                        <h3><p>Viktig information<\/p>\n<\/h3>\r\n                    <\/div>\r\n    <\/div>\r\n<\/section>\r\n\n\n\r\n<section class=\"content_text contentmodule alignfull\" style=\"background-color: #fff\" data-text-color=\"''\">\r\n    <div class=\"wrapper\">\r\n        <div class=\"textWrapper\"><p><strong>Informationen p\u00e5 denna del av webbplatsen avser ett erbjudande till befintliga aktie\u00e4gare och allm\u00e4nheten i Sverige att teckna aktier i Q-linea AB (publ) (\u201dBolaget\u201d). Tillg\u00e5ng till information och dokument p\u00e5 denna del av webbplatsen \u00e4r av regulatoriska sk\u00e4l begr\u00e4nsad. Du ombeds att granska f\u00f6ljande information och l\u00e4mna f\u00f6ljande bekr\u00e4ftelse varje g\u00e5ng du s\u00f6ker tilltr\u00e4de till denna information. Din bekr\u00e4ftelse m\u00e5ste vara sanningsenlig och korrekt.<\/strong><\/p>\n<p><strong>\u00a0<\/strong>Informationen p\u00e5 denna del av Bolagets webbplats (a) \u00e4r endast avsedd f\u00f6r, och f\u00e5r endast, direkt eller indirekt, helt eller delvis, \u00e5tkommas av eller distribueras eller spridas till personer som bor och befinner sig utanf\u00f6r USA, innefattande dess territorier och provinser, varje delstat i USA samt District of Columbia, (\u201d<strong>USA<\/strong>\u201d), Australien, Hongkong, Japan, Kanada, Nya Zeeland, Schweiz, Sydafrika eller Singapore och bor i och befinner sig i n\u00e5gon annan jurisdiktion d\u00e4r s\u00e5dan \u00e5tg\u00e4rd inte utg\u00f6r brott mot lokala v\u00e4rdepapperslagar eller best\u00e4mmelser, och (b) utg\u00f6r inte ett erbjudande att s\u00e4lja, eller infordrande av ett erbjudande att k\u00f6pa eller f\u00f6rv\u00e4rva v\u00e4rdepapper i Bolaget i USA, Australien, Hongkong, Japan, Kanada, Nya Zeeland, Schweiz, Sydafrika eller Singapore eller n\u00e5gon annan jurisdiktion d\u00e4r s\u00e5dan \u00e5tg\u00e4rd kan utg\u00f6ra brott mot lokala v\u00e4rdepapperslagar eller best\u00e4mmelser i s\u00e5dan jurisdiktion.<\/p>\n<p>V\u00e4rdepapper i Bolaget som omn\u00e4mns p\u00e5 denna del av webbplatsen (\u201d<strong>V\u00e4rdepappren<\/strong>\u201d eller \u201d<strong>V\u00e4rdepapper<\/strong>\u201d) har inte registrerats och kommer inte att registreras enligt den vid var tid g\u00e4llande United States Securities Act fr\u00e5n 1933 (\u201d<strong>Securities Act<\/strong>\u201d) eller vid n\u00e5gon annan myndighet i n\u00e5gon delstat i USA och de f\u00e5r d\u00e4rf\u00f6r inte erbjudas eller s\u00e4ljas i USA utan att registreras eller omfattas av ett undantag fr\u00e5n kravet p\u00e5 registrering enligt Securities Act.<\/p>\n<p>I Storbritannien distribueras informationen som finns p\u00e5 denna del av Bolagets webbplats endast till och \u00e4r endast avsedd f\u00f6r \u201d<strong>kvalificerade investerare<\/strong>\u201d enligt artikel 2(e) i F\u00f6rordning 2017\/1129 s\u00e5som den inf\u00f6rlivas i nationell r\u00e4tt i Storbritannien genom the European Union (Withdrawal) Act 2018 (the \u201d<strong>EUWA<\/strong>\u201d) som \u00e4r (i) professionella investerare som faller inom Artikel 19(5) i Financial Services and Markets Act 2000 (Financial Promotion) Order 2005 (\u201d<strong>F\u00f6reskriften<\/strong>\u201d); eller (ii) enheter med h\u00f6g nettof\u00f6rm\u00f6genhet, och andra personer till vilka den lagligen kan delges, som faller inom Artikel 49(2)(a)-(d) i F\u00f6reskriften (samtliga s\u00e5dana personer ovan ben\u00e4mns gemensamt \u201d<strong>relevanta personer<\/strong>\u201d). V\u00e4rdepappren \u00e4r endast tillg\u00e4ngliga f\u00f6r relevanta personer. Personer som inte \u00e4r relevanta personer ska inte handla utifr\u00e5n eller f\u00f6rlita sig p\u00e5 informationen som finns p\u00e5 denna del av Bolagets webbplats.<\/p>\n<p>Denna information \u00e4r endast avsedd f\u00f6r personer i andra medlemsstater inom det Europeiska ekonomiska samarbetsomr\u00e5det (\u201d<strong>EES<\/strong>\u201d) \u00e4n Sverige som \u00e4r \u201d<strong>kvalificerade investerare<\/strong>\u201d enligt artikel 2 (e) Europarlamentets och r\u00e5dets f\u00f6rordning (EU) 2017\/1129 av den 14 juni 2017. V\u00e4rdepappren \u00e4r endast tillg\u00e4ngliga f\u00f6r kvalificerade investerare. Denna information f\u00e5r inte l\u00e4ggas till grund f\u00f6r handling eller f\u00f6rlitas p\u00e5 i n\u00e5gon annan medlemsstat i EES \u00e4n Sverige av personer som inte \u00e4r kvalificerade investerare.<\/p>\n<p>\u00c5tkomst till informationen som finns p\u00e5 denna del av Bolagets webbplats kan vara olaglig i vissa jurisdiktioner, och endast vissa kategorier av personer f\u00e5r till\u00e5tas \u00e5tkomst till s\u00e5dan information. Samtliga personer bosatta utanf\u00f6r Sverige som \u00f6nskar \u00e5tkomst till informationen p\u00e5 denna del av Bolagets webbplats m\u00e5ste f\u00f6rst f\u00f6rs\u00e4kra sig om att de inte \u00e4r f\u00f6rem\u00e5l f\u00f6r lokala lagar eller best\u00e4mmelser som f\u00f6rbjuder eller inskr\u00e4nker deras r\u00e4tt till \u00e5tkomst till denna del av Bolagets webbplats, eller kr\u00e4ver registrering eller godk\u00e4nnande f\u00f6r deras f\u00f6rv\u00e4rv av V\u00e4rdepapper. S\u00e5dan registrering eller s\u00e5dant godk\u00e4nnande har inte inh\u00e4mtats och kommer inte att inh\u00e4mtas utanf\u00f6r Sverige. Bolaget tar inget ansvar f\u00f6r n\u00e5gon persons brott mot till\u00e4mpliga lagar och best\u00e4mmelser.<\/p>\n<p>\u00c4mnen som behandlas p\u00e5 denna webbplats kan inneh\u00e5lla fram\u00e5triktade uttalanden. S\u00e5dana uttalanden \u00e4r samtliga uttalanden som inte avser historiska fakta och inneh\u00e5ller uttryck som &#8221;tror&#8221;, &#8221;f\u00f6rv\u00e4ntar&#8221;, &#8221;uppskattar&#8221;, &#8221;avser&#8221;, &#8221;ber\u00e4knas&#8221;, &#8221;ska&#8221;, &#8221;kan&#8221;, &#8221;forts\u00e4tter&#8221;, &#8221;b\u00f6r&#8221; och andra liknande uttryck. De fram\u00e5triktade uttalandena p\u00e5 denna webbplats \u00e4r baserade p\u00e5 olika antaganden, vilka i flera fall baseras p\u00e5 ytterligare antaganden. \u00c4ven om Bolaget anser att dessa antaganden var rimliga n\u00e4r de gjordes, \u00e4r s\u00e5dana fram\u00e5triktade uttalanden f\u00f6rem\u00e5l f\u00f6r k\u00e4nda och ok\u00e4nda risker, os\u00e4kerheter, tillf\u00e4lligheter och andra v\u00e4sentliga faktorer som \u00e4r sv\u00e5ra eller om\u00f6jliga att f\u00f6ruts\u00e4ga och som ligger utanf\u00f6r Bolagets kontroll. S\u00e5dana risker, os\u00e4kerheter, tillf\u00e4lligheter och v\u00e4sentliga faktorer kan medf\u00f6ra att de faktiska resultaten kan komma att avvika v\u00e4sentligt fr\u00e5n de resultat som uttryckligen eller underf\u00f6rst\u00e5tt anges i denna kommunikation genom de fram\u00e5triktade uttalandena.<\/p>\n<p>Informationen, uppfattningarna och de fram\u00e5triktade uttalandena p\u00e5 denna webbplats g\u00e4ller enbart per dagen de visas och kan f\u00f6r\u00e4ndras utan att det meddelas. Bolaget \u00e5tar sig inte n\u00e5gon skyldighet att granska, uppdatera, bekr\u00e4fta eller offentligg\u00f6ra n\u00e5gon justerad syn p\u00e5 de fram\u00e5triktade uttalandena i syfte att spegla s\u00e5dana h\u00e4ndelser eller omst\u00e4ndigheter som uppst\u00e5r i relation till inneh\u00e5llet i denna kommunikation.<\/p>\n<h4><strong>Jag intygar d\u00e4rf\u00f6r att:<\/strong><\/h4>\n<ol>\n<li>Jag \u00e4r (i) bosatt i och befinner mig i ett land utanf\u00f6r USA, Storbritannien, Australien, Hongkong, Japan, Kanada, Nya Zeeland, Schweiz, Sydafrika eller Singapore eller n\u00e5gon annan jurisdiktion d\u00e4r offentligg\u00f6randet, distributionen eller publiceringen skulle vara olaglig eller kr\u00e4va registrering eller andra \u00e5tg\u00e4rder i enlighet med till\u00e4mplig lag eller (ii) en kvalificerad investerare inom EES eller en relevant person i Storbritannien;<\/li>\n<li>Jag har r\u00e4tt att ta del av informationen som finns p\u00e5 denna del av Bolagets webbplats utan att vara f\u00f6rem\u00e5l f\u00f6r n\u00e5gra legala begr\u00e4nsningar och utan att n\u00e5gon ytterligare \u00e5tg\u00e4rd kr\u00e4vs fr\u00e5n Bolagets sida;<\/li>\n<li>Jag kommer inte att \u00f6verf\u00f6ra eller p\u00e5 annat s\u00e4tt skicka n\u00e5gon information eller dokumentation p\u00e5 den h\u00e4r webbplatsen till publikationer med allm\u00e4n cirkulering i USA, Australien, Hongkong, Japan, Kanada, Nya Zeeland, Schweiz, Singapore, Storbritannien, Sydafrika eller n\u00e5gon annan jurisdiktion d\u00e4r ett s\u00e5dant f\u00f6rfarande skulle vara olagligt eller kr\u00e4va registrering eller andra \u00e5tg\u00e4rder i enlighet med till\u00e4mplig lag; och<\/li>\n<li>Jag har l\u00e4st, f\u00f6rst\u00e5tt och samtycker till att f\u00f6lja samtliga restriktioner som framg\u00e5r ovan.<\/li>\n<\/ol>\n<\/div>\r\n    <\/div>\r\n<\/section>\r\n","protected":false},"excerpt":{"rendered":"","protected":false},"author":1,"featured_media":0,"parent":0,"menu_order":0,"comment_status":"closed","ping_status":"closed","template":"templates\/page-other-disclaimer.php","meta":{"_acf_changed":false,"footnotes":""},"class_list":["post-21585","page","type-page","status-publish","hentry"],"acf":[],"_links":{"self":[{"href":"https:\/\/qlinea.com\/sv\/wp-json\/wp\/v2\/pages\/21585","targetHints":{"allow":["GET"]}}],"collection":[{"href":"https:\/\/qlinea.com\/sv\/wp-json\/wp\/v2\/pages"}],"about":[{"href":"https:\/\/qlinea.com\/sv\/wp-json\/wp\/v2\/types\/page"}],"author":[{"embeddable":true,"href":"https:\/\/qlinea.com\/sv\/wp-json\/wp\/v2\/users\/1"}],"replies":[{"embeddable":true,"href":"https:\/\/qlinea.com\/sv\/wp-json\/wp\/v2\/comments?post=21585"}],"version-history":[{"count":0,"href":"https:\/\/qlinea.com\/sv\/wp-json\/wp\/v2\/pages\/21585\/revisions"}],"wp:attachment":[{"href":"https:\/\/qlinea.com\/sv\/wp-json\/wp\/v2\/media?parent=21585"}],"curies":[{"name":"wp","href":"https:\/\/api.w.org\/{rel}","templated":true}]}}