{"id":23699,"date":"2023-12-15T12:36:16","date_gmt":"2023-12-15T11:36:16","guid":{"rendered":"https:\/\/qlinea.com\/?page_id=23699"},"modified":"2023-12-15T12:40:22","modified_gmt":"2023-12-15T11:40:22","slug":"visselblasning","status":"publish","type":"page","link":"https:\/\/qlinea.com\/sv\/contact-and-media\/visselblasning\/","title":{"rendered":"Visselbl\u00e5sarfunktion"},"content":{"rendered":"<section class=\"header_slider headermodule\">\r\n                <section class=\"heroImage\">\r\n                <div class=\"wrapper mobileTitle\">\r\n                    <h1 class=\"title\" style=\"color: ''\">Visselbl\u00e5sarfunktion<\/h1>\r\n                <\/div>\r\n                <div class=\"textBox\" style=\"background-image: url(https:\/\/qlinea.com\/0986741_wp-uploads\/2023\/12\/Beige-Bakgrund-01-scaled.jpg); background-position: center;\">\r\n                    <div class=\"layer\" style=\"background-color: \"><\/div>\r\n                    <div class=\"textWrapper wrapper\">\r\n                        <div class=\"textPos\">\r\n                            <h1 class=\"title\" style=\"color: ''\">Visselbl\u00e5sarfunktion<\/h1>\r\n                            <p>Q-linea AB (Q-linea) efterstr\u00e4var transparens, ansvarstagande och god aff\u00e4rsetik. Syftet med visselbl\u00e5sarfunktionen \u00e4r att ge individer med koppling till Q-linea m\u00f6jlighet att rapportera eventuella missf\u00f6rh\u00e5llanden. En visselbl\u00e5sare har alltid m\u00f6jlighet att vara anonym.<\/p>\n<p>Du kan l\u00e4sa om visselbl\u00e5sarfunktionen och larma om missf\u00f6rh\u00e5llanden h\u00e4r:<\/p>\n<p><strong><a href=\"https:\/\/whistleblow.vismadraftit.se\/q-linea-ab\">Visselbl\u00e5snings portal<\/a><\/strong><\/p>\n                                                    <\/div>\r\n                    <\/div>\r\n                <\/div>\r\n                <div class=\"textMobile wrapper\">\r\n                    <p>Q-linea AB (Q-linea) efterstr\u00e4var transparens, ansvarstagande och god aff\u00e4rsetik. Syftet med visselbl\u00e5sarfunktionen \u00e4r att ge individer med koppling till Q-linea m\u00f6jlighet att rapportera eventuella missf\u00f6rh\u00e5llanden. En visselbl\u00e5sare har alltid m\u00f6jlighet att vara anonym.<\/p>\n<p>Du kan l\u00e4sa om visselbl\u00e5sarfunktionen och larma om missf\u00f6rh\u00e5llanden h\u00e4r:<\/p>\n<p><strong><a href=\"https:\/\/whistleblow.vismadraftit.se\/q-linea-ab\">Visselbl\u00e5snings portal<\/a><\/strong><\/p>\n                                    <\/div>\r\n            <\/section>\r\n        <\/section>\r\n\n\n\r\n<section class=\"content_text contentmodule alignfull\" style=\"background-color: #5d6575\" data-text-color=\"''\">\r\n    <div class=\"wrapper\">\r\n        <div class=\"textWrapper\"><\/div>\r\n    <\/div>\r\n<\/section>\r\n","protected":false},"excerpt":{"rendered":"","protected":false},"author":68,"featured_media":0,"parent":3489,"menu_order":0,"comment_status":"closed","ping_status":"closed","template":"","meta":{"_acf_changed":false,"footnotes":""},"class_list":["post-23699","page","type-page","status-publish","hentry"],"acf":[],"_links":{"self":[{"href":"https:\/\/qlinea.com\/sv\/wp-json\/wp\/v2\/pages\/23699","targetHints":{"allow":["GET"]}}],"collection":[{"href":"https:\/\/qlinea.com\/sv\/wp-json\/wp\/v2\/pages"}],"about":[{"href":"https:\/\/qlinea.com\/sv\/wp-json\/wp\/v2\/types\/page"}],"author":[{"embeddable":true,"href":"https:\/\/qlinea.com\/sv\/wp-json\/wp\/v2\/users\/68"}],"replies":[{"embeddable":true,"href":"https:\/\/qlinea.com\/sv\/wp-json\/wp\/v2\/comments?post=23699"}],"version-history":[{"count":0,"href":"https:\/\/qlinea.com\/sv\/wp-json\/wp\/v2\/pages\/23699\/revisions"}],"up":[{"embeddable":true,"href":"https:\/\/qlinea.com\/sv\/wp-json\/wp\/v2\/pages\/3489"}],"wp:attachment":[{"href":"https:\/\/qlinea.com\/sv\/wp-json\/wp\/v2\/media?parent=23699"}],"curies":[{"name":"wp","href":"https:\/\/api.w.org\/{rel}","templated":true}]}}