{"id":25734,"date":"2025-03-26T07:05:47","date_gmt":"2025-03-26T06:05:47","guid":{"rendered":"https:\/\/qlinea.com\/?page_id=25734"},"modified":"2025-03-26T09:17:39","modified_gmt":"2025-03-26T08:17:39","slug":"om-oss","status":"publish","type":"page","link":"https:\/\/qlinea.com\/sv\/om-oss\/","title":{"rendered":"Om oss"},"content":{"rendered":"\r\n<section class=\"header_image headermodule rounded align_right\" style=\"background-color: #fff;\" data-text-color=\"#fff\">\r\n            <img decoding=\"async\" class=\"image\" src=\"https:\/\/qlinea.com\/0986741_wp-uploads\/2024\/02\/DSC_0651-kopiera-e1708337166597.png\" alt=\"\">\r\n                <div class=\"wrapper\">\r\n            <div class=\"text-wrapper\">\r\n                <h1 class=\"heading\">Vi \u00e4r Q-linea<\/h1>\r\n                <p class=\"text\">Sedan 2008 har vi arbetat med att utveckla innovativ teknik med fokus p\u00e5 att f\u00f6rb\u00e4ttra sepsisv\u00e5rden och samtidigt minska antibiotikaresistensen i samh\u00e4llet. <\/p>\r\n                                            <\/div>\r\n        <\/div>\r\n    <\/section>\r\n\n\n\r\n<section class=\"content_txtcenterpuff contentmodule alignfull\" style=\"background-color: #fff\" data-text-color=\"''\">\r\n    <div class=\"wrapper\">\r\n        <div class=\"textWrapper\"><h2 style=\"text-align: center;\">Allt b\u00f6rjade med tre personer i ett litet kontor. Idag \u00e4r vi ett internationellt bolag med ett tydligt m\u00e5l: att f\u00f6rb\u00e4ttra v\u00e5rden av patienter med blodomloppsinfektioner.<\/h2>\n<p>&nbsp;<\/p>\n<h2 style=\"text-align: center;\"><\/h2>\n<\/div>\r\n                    <\/div>\r\n<\/section>\r\n\r\n<style type=\"text\/css\">\r\n    #frontpageMainSection .page-content .content_txtcenterpuff .puffs .puff h1:before, #frontpageMainSection .post-content .content_txtcenterpuff .puffs .puff h1:before, #subpageSection .page-content .content_txtcenterpuff .puffs .puff h1:before, #subpageSection .post-content .content_txtcenterpuff .puffs .puff h1:before, #singlePostSection .page-content .content_txtcenterpuff .puffs .puff h1:before, #singlePostSection .post-content .content_txtcenterpuff .puffs .puff h1:before {\r\n        border-top: solid '' 5px;\r\n    }\r\n<\/style>\r\n\n\n\r\n<section class=\"content_mediatext contentmodule alignfull\" style=\"background-color: #fff\" data-text-color=\"''\">\r\n    <div class=\"wrapper flexRowWrapper\">\r\n                    <div class=\"textWrapper\">\r\n                <h1>Allt b\u00f6rjade&#8230;<\/h1>\n<p><span class=\"ui-provider a b c d e f g h i j k l m n o p q r s t u v w x y z ab ac ae af ag ah ai aj ak\" dir=\"ltr\">I den vetenskapliga och innovativa omgivningen kring Uppsala universitet v\u00e4xte det fram en id\u00e9 hos v\u00e5ra grundare baserat p\u00e5 en patentskyddad (icke-PCR) teknologi f\u00f6r molekyl\u00e4r identifiering av bakterier, framf\u00f6r allt f\u00f6r uppt\u00e4cka biologiska stridsmedel som mj\u00e4ltbrand och smittkoppor. Strax d\u00e4refter hyrdes ett litet kontor och tre personer anst\u00e4lldes f\u00f6r att utveckla id\u00e9n. Q-linea hade sett dagens ljus.<\/span><\/p>\n<p>Vi gjorde ocks\u00e5 v\u00e5r f\u00f6rsta stora investering: <strong>en kaffemaskin<\/strong>.<\/p>\n<p>Nu kanske du undrar hur det kommer sig att ett bolag som utvecklade system f\u00f6r bioskydd b\u00f6rjade arbeta med ett system f\u00f6r snabb resistensbest\u00e4mning? &#8211; Det \u00e4r inte s\u00e5 komplicerat som det l\u00e5ter.<\/p>\n<p>&nbsp;<\/p>\n                <div class=\"links\">\r\n                                    <\/div>\r\n            <\/div>\r\n                                                <img decoding=\"async\" src=\"https:\/\/qlinea.com\/0986741_wp-uploads\/2024\/02\/DSC_0780-ed.png\" alt=\"\">\r\n                                        <\/div>\r\n<\/section>\r\n\n\n\r\n<section class=\"content_mediatext contentmodule alignfull\" style=\"background-color: #fff\" data-text-color=\"''\">\r\n    <div class=\"wrapper flexRowWrapper\">\r\n                                                        <img decoding=\"async\" src=\"https:\/\/qlinea.com\/0986741_wp-uploads\/2024\/02\/2023-10-17_065-r4.png\" alt=\"\">\r\n                                        <div class=\"textWrapper\">\r\n                <h1>Sushi, pizza och snabb AST<\/h1>\n<p>I takt med att v\u00e5rt team fortsatte att v\u00e4xa skedde en utveckling av snabba tekniker f\u00f6r artbest\u00e4mning (ID) av bakterier fr\u00e5n positiva blododlingar. Som en f\u00f6ljd \u00f6ppnades en\u00a0 marknadsnisch f\u00f6r AST-system som kunde matcha hastigheten och noggrannheten hos dessa nya ID-metoder upp.<\/p>\n<p>Vi ins\u00e5g att v\u00e5r kunskap kunde komma till god anv\u00e4ndning inom AST-omr\u00e5det och f\u00f6rest\u00e4llde oss ett system som kunde testa direkt fr\u00e5n positiva blododlingar f\u00f6r att erbjuda ett o\u00f6vertr\u00e4ffat v\u00e4rde f\u00f6r mikrobiologer, l\u00e4kare och patienter. N\u00e5got som inte bara \u00e4r evolution\u00e4rt, utan ocks\u00e5 revolutionerande.<\/p>\n<p>Med tidigare l\u00e4rdomar och l\u00e5nga n\u00e4tter med sushi och pizza i bagaget f\u00f6r\u00e4dlade v\u00e5rt lilla men engagerade team komponenter fr\u00e5n v\u00e5ra tidigare instrument f\u00f6r att skapa v\u00e5rt mest sofistikerade system hittills \u2013 <strong>ASTar<\/strong>.<\/p>\n                <div class=\"links\">\r\n                                    <\/div>\r\n            <\/div>\r\n            <\/div>\r\n<\/section>\r\n\n\n\r\n<section class=\"header_image headermodule align_left\" style=\"background-color: #fff;\" data-text-color=\"''\">\r\n            <img decoding=\"async\" class=\"image\" src=\"https:\/\/qlinea.com\/0986741_wp-uploads\/2024\/02\/DSC07507-2-stor.png\" alt=\"\">\r\n                <div class=\"wrapper\">\r\n            <div class=\"text-wrapper\">\r\n                <h1 class=\"heading\">ASTar<\/h1>\r\n                <p class=\"text\">ASTar \u00e4r v\u00e5r l\u00f6sning f\u00f6r snabb resistensbest\u00e4mning. Ett helautomatiserat system f\u00f6r fenotypisk resistensbest\u00e4mning som hj\u00e4lper mikrobiologer och infektionsl\u00e4kare att ge \u00e4nnu snabbare och mer effektiv behandling. Det som vanligtvis tar 24 \u2013 48 timmar med traditionella metoder kan ASTar g\u00f6ra p\u00e5 ungef\u00e4r sex.<\/p>\r\n                                            <\/div>\r\n        <\/div>\r\n    <\/section>\r\n\n\n\r\n<section class=\"content_mediatext contentmodule alignfull\" style=\"background-color: #fff\" data-text-color=\"''\">\r\n    <div class=\"wrapper flexRowWrapper\">\r\n                    <div class=\"textWrapper\">\r\n                <h1>Ett team med m\u00e5nga talanger<\/h1>\n<p>ASTar b\u00f6rjade som en id\u00e9 f\u00f6r att hj\u00e4lpa patienter drabbade av blodomloppsinfektioner och sepsis. Det \u00e4r mycket som ligger bakom att ta ett instrument f\u00f6r snabb resistensbest\u00e4mning fr\u00e5n id\u00e9 till verklighet. Framf\u00f6rallt \u00e4r det m\u00e5nga m\u00e4nniskor som hj\u00e4lpt till att f\u00f6rverkliga ASTar, alla experter inom sina omr\u00e5den.<\/p>\n<p>Men det \u00e4r ocks\u00e5 n\u00e5got speciellt med de som jobbar p\u00e5 Q-linea; det var inte ovanligt att hitta VD:n i verkstaden i full f\u00e4rd med att polera n\u00e5gon komponent eller att se en av mikrobiologerna skruva ihop IKEA-m\u00f6bler. Alla har varit beredda att g\u00f6ra vad som beh\u00f6vts g\u00f6ras just d\u00e5.<\/p>\n<p>Genom \u00e5ren f\u00f6r\u00e4ndrades detta n\u00e5got, rollerna blev mer specifika och uppgifterna blev tydligare men andan av att hj\u00e4lpa till med vad som beh\u00f6vs g\u00f6ras finns kvar. Idag \u00e4r vi ett m\u00e5ngfacetterat, tv\u00e4rvetenskapligt och motiverat team som tillsammans har skapat en produkt som hj\u00e4lper l\u00e4kare, labpersonal och patienter.<\/p>\n<p>&nbsp;<\/p>\n                <div class=\"links\">\r\n                                    <\/div>\r\n            <\/div>\r\n                                                <img decoding=\"async\" src=\"https:\/\/qlinea.com\/0986741_wp-uploads\/2024\/02\/DSC_0360-ed-e.png\" alt=\"\">\r\n                                        <\/div>\r\n<\/section>\r\n\n\n\r\n<section class=\"content_mediatext contentmodule alignfull\" style=\"background-color: #fff\" data-text-color=\"''\">\r\n    <div class=\"wrapper flexRowWrapper\">\r\n                                                        <img decoding=\"async\" src=\"https:\/\/qlinea.com\/0986741_wp-uploads\/2024\/02\/DSC_1331.png\" alt=\"\">\r\n                                        <div class=\"textWrapper\">\r\n                <h1>V\u00e4gen fram\u00e5t<\/h1>\n<p><span class=\"ui-provider a b c d e f g h i j k l m n o p q r s t u v w x y z ab ac ae af ag ah ai aj ak\" dir=\"ltr\">Vi alltid vetat vad vi vill: att framtidss\u00e4kra v\u00e5rden och se till att antibiotika forts\u00e4tter att vara en effektiv behandling f\u00f6r kommande generationer.<\/span><\/p>\n<p>Vi vet ocks\u00e5 var vi kommer ifr\u00e5n och hur vi kom hit. V\u00e5r f\u00f6rsta investering, kaffemaskinen, anv\u00e4nds fortfarande. Inst\u00e4llningen &#8221;Det vi inte vet, l\u00e4r vi oss&#8221; \u00e4r fortfarande en viktig del av v\u00e5r identitet, och diskussioner om innovation forts\u00e4tter i lunchrummet och n\u00e4r vi fikar.<\/p>\n<p>F\u00f6rsta g\u00e5ngen ASTar hj\u00e4lpte en patient visste vi att det bara var b\u00f6rjan. Vi forts\u00e4tter att st\u00f6dja v\u00e5rdpersonal och de patienter de v\u00e5rdar och vi forts\u00e4tter p\u00e5 v\u00e4gen mot att omdefiniera standardmetoden f\u00f6r resistensbest\u00e4mning.<\/p>\n<p>Allt detta \u00e4r en del av v\u00e5r historia.<\/p>\n<p>&nbsp;<\/p>\n<p>&nbsp;<\/p>\n<p>&nbsp;<\/p>\n                <div class=\"links\">\r\n                                    <\/div>\r\n            <\/div>\r\n            <\/div>\r\n<\/section>\r\n\n\n<section class=\"header_textmedia headermodule\" style=\"background-color: #fff\" data-text-color=\"''\">\r\n    <div class=\"wrapper\">\r\n        <div class=\"textWrapper\">\r\n                            <h1 class=\"title\">En av v\u00e5ra grundare, Jonas Jarvius, ber\u00e4ttar om hur allt b\u00f6rjade f\u00f6r honom:<\/h1>\r\n                            <div class=\"iframeContainer iframeVideoContainer\">\r\n                    <iframe title=\"Q-linea | Future-proof Healthcare\" width=\"640\" height=\"360\" src=\"https:\/\/www.youtube.com\/embed\/S1CM6hGDEps?start=58&#038;feature=oembed\" frameborder=\"0\" allow=\"accelerometer; autoplay; clipboard-write; encrypted-media; gyroscope; picture-in-picture; web-share\" referrerpolicy=\"strict-origin-when-cross-origin\" allowfullscreen><\/iframe>                                    <\/div> \r\n                        <div class=\"textContent flexRowWrapper\">\r\n                                            <\/div>\r\n        <\/div>\r\n    <\/div>\r\n<\/section>\r\n\n\n\r\n<section class=\"content_twoimgstopbot contentmodule alignfull\" style=\"background-color: #fff\" data-text-color=\"''\">\r\n                        <div class=\"wrapper flexRowWrapper blocks imgtop\">\r\n                                    <div class=\"block\">\r\n                                                                            <a href=\"https:\/\/qlinea.com\/sv\/contact-and-media\/\" class=\"imgContainer \">\r\n                                <img decoding=\"async\" loading=\"lazy\" src=\"https:\/\/qlinea.com\/0986741_wp-uploads\/2024\/02\/2023-10-17_281-700x446.jpg\" alt=\"Klicka h\u00e4r f\u00f6r att kontakta oss\">\r\n                            <\/a>\r\n                                                <div class=\"textWrapper\">\r\n                                                            <h2 class=\"title h3-font-size\"><a href=\"https:\/\/qlinea.com\/sv\/contact-and-media\/\">Kontakta oss<\/a><\/h2>\r\n                                                        Kontakta oss om du har fr\u00e5gor, vill boka en demonstration, servicebes\u00f6k eller bara veta mer.                             <div class=\"links\">\r\n                                                                    <a class=\"more\" href=\"https:\/\/qlinea.com\/sv\/contact-and-media\/\">Klicka h\u00e4r f\u00f6r att kontakta oss<\/a>\r\n                                                            <\/div>\r\n                        <\/div>\r\n                    <\/div>\r\n                                    <div class=\"block\">\r\n                                                                            <div class=\"imgContainer \">\r\n                                <img decoding=\"async\" loading=\"lazy\" src=\"https:\/\/qlinea.com\/0986741_wp-uploads\/2023\/12\/2023-10-17_318-1-700x980.jpg\" alt=\"L\u00e4s mer om ASTar\">\r\n                            <\/div>\r\n                                                <div class=\"textWrapper\">\r\n                                                            <h2 class=\"title h3-font-size\">L\u00e4s mer om ASTar<\/h2>\r\n                                                        ASTar \u00e4r ett helautomatiserat system f\u00f6r snabb resistensbest\u00e4mning (Rapid AST) baserat p\u00e5 referensmetoden buljongsp\u00e4dning                            <div class=\"links\">\r\n                                                            <\/div>\r\n                        <\/div>\r\n                    <\/div>\r\n                            <\/div>\r\n                <div class=\"mobileBlocks wrapper\">\r\n            <div class=\"glideMobile\">\r\n                <div class=\"glide__track\" data-glide-el=\"track\">\r\n                    <div class=\"glide__slides blocks imgtop\">\r\n                                                                                    <div class=\"block glide__slide\">\r\n                                                                        <div class=\"textWrapper\">\r\n                                                                                    <h2 class=\"title h3-font-size\"><a href=\"https:\/\/qlinea.com\/sv\/contact-and-media\/\">Kontakta oss<\/a><\/h2>\r\n                                                                                Kontakta oss om du har fr\u00e5gor, vill boka en demonstration, servicebes\u00f6k eller bara veta mer.                                     <\/div>\r\n                                                                            <a href=\"https:\/\/qlinea.com\/sv\/contact-and-media\/\" class=\"imgContainer \">\r\n                                            <img decoding=\"async\" loading=\"lazy\" src=\"https:\/\/qlinea.com\/0986741_wp-uploads\/2024\/02\/2023-10-17_281-700x446.jpg\" alt=\"Kontakta oss\">\r\n                                        <\/a>\r\n                                                                    <\/div>\r\n                                                            <div class=\"block glide__slide\">\r\n                                                                        <div class=\"textWrapper\">\r\n                                                                                    <h2 class=\"title h3-font-size\">L\u00e4s mer om ASTar<\/h2>\r\n                                                                                ASTar \u00e4r ett helautomatiserat system f\u00f6r snabb resistensbest\u00e4mning (Rapid AST) baserat p\u00e5 referensmetoden buljongsp\u00e4dning                                    <\/div>\r\n                                                                            <a href=\"\" class=\"imgContainer \">\r\n                                            <img decoding=\"async\" loading=\"lazy\" src=\"https:\/\/qlinea.com\/0986741_wp-uploads\/2023\/12\/2023-10-17_318-1-700x980.jpg\" alt=\"L\u00e4s mer om ASTar\">\r\n                                        <\/a>\r\n                                                                    <\/div>\r\n                                                                        <\/div>\r\n                    <div class=\"slider__bullets glide__bullets\" data-glide-el=\"controls[nav]\">\r\n                                                        <button aria-label=\"Navigat to slide 0\" class=\"slider__bullets\" data-glide-dir=\"=0\"><\/button>\r\n                                                            <button aria-label=\"Navigat to slide 1\" class=\"slider__bullets\" data-glide-dir=\"=1\"><\/button>\r\n                                                <\/div>\r\n                <\/div>\r\n            <\/div>\r\n        <\/div>\r\n\r\n    <\/section>\r\n","protected":false},"excerpt":{"rendered":"","protected":false},"author":68,"featured_media":0,"parent":0,"menu_order":0,"comment_status":"closed","ping_status":"closed","template":"","meta":{"_acf_changed":false,"footnotes":""},"class_list":["post-25734","page","type-page","status-publish","hentry"],"acf":[],"_links":{"self":[{"href":"https:\/\/qlinea.com\/sv\/wp-json\/wp\/v2\/pages\/25734","targetHints":{"allow":["GET"]}}],"collection":[{"href":"https:\/\/qlinea.com\/sv\/wp-json\/wp\/v2\/pages"}],"about":[{"href":"https:\/\/qlinea.com\/sv\/wp-json\/wp\/v2\/types\/page"}],"author":[{"embeddable":true,"href":"https:\/\/qlinea.com\/sv\/wp-json\/wp\/v2\/users\/68"}],"replies":[{"embeddable":true,"href":"https:\/\/qlinea.com\/sv\/wp-json\/wp\/v2\/comments?post=25734"}],"version-history":[{"count":10,"href":"https:\/\/qlinea.com\/sv\/wp-json\/wp\/v2\/pages\/25734\/revisions"}],"predecessor-version":[{"id":28481,"href":"https:\/\/qlinea.com\/sv\/wp-json\/wp\/v2\/pages\/25734\/revisions\/28481"}],"wp:attachment":[{"href":"https:\/\/qlinea.com\/sv\/wp-json\/wp\/v2\/media?parent=25734"}],"curies":[{"name":"wp","href":"https:\/\/api.w.org\/{rel}","templated":true}]}}