{"id":25875,"date":"2025-03-26T07:02:56","date_gmt":"2025-03-26T06:02:56","guid":{"rendered":"https:\/\/qlinea.com\/?page_id=25875"},"modified":"2025-03-26T08:46:12","modified_gmt":"2025-03-26T07:46:12","slug":"sepsis","status":"publish","type":"page","link":"https:\/\/qlinea.com\/sv\/why-astar\/sepsis\/","title":{"rendered":"Sepsis"},"content":{"rendered":"\r\n<section class=\"header_image headermodule rounded align_left\" style=\"background-color: #fff;\" data-text-color=\"#fff\">\r\n            <img decoding=\"async\" class=\"image\" src=\"https:\/\/qlinea.com\/0986741_wp-uploads\/2024\/02\/2023-10-17_239-3-SV.png\" alt=\"\">\r\n                <div class=\"wrapper\">\r\n            <div class=\"text-wrapper\">\r\n                <h1 class=\"heading\">Sepsis<\/h1>\r\n                <p class=\"text\">Den f\u00f6rsta beskrivningen av sepsis finns i skrifter fr\u00e5n Grekland fr\u00e5n mer \u00e4n 2000 \u00e5r sedan. Ordet h\u00e4rstammar fr\u00e5n grekiskans &#8221;sepo&#8221; som betyder &#8221;jag ruttnar&#8221;. Antikens l\u00e4kare uppfattande sepsis som f\u00f6rruttnelse i en m\u00e4nniskas kropp orsakad av ett inre, giftigt \u00e4mne eller f\u00f6rfall.<\/p>\r\n                                            <\/div>\r\n        <\/div>\r\n    <\/section>\r\n\n\n\r\n<section class=\"content_txtcenterpuff contentmodule alignfull\" style=\"background-color: #fff\" data-text-color=\"''\">\r\n    <div class=\"wrapper\">\r\n        <div class=\"textWrapper\"><h3 style=\"text-align: left;\">Numera vet vi att sepsis \u00e4r ett komplext tillst\u00e5nd som orsakas av en underliggande infektion orsakad av bakterier, virus eller svamp. Immunf\u00f6rsvaret \u00f6verregerar p\u00e5 infektionen vilket leder till blodtrycksfall som kan p\u00e5verka vitala organ som hj\u00e4rta, lungor och njurar. Utan snabb behandling kan detta leda till allvarliga organskador och d\u00f6d. En av de vanligaste orsakerna till sepsis \u00e4r blodomloppsinfektioner.<\/h3>\n<\/div>\r\n                    <\/div>\r\n<\/section>\r\n\r\n<style type=\"text\/css\">\r\n    #frontpageMainSection .page-content .content_txtcenterpuff .puffs .puff h1:before, #frontpageMainSection .post-content .content_txtcenterpuff .puffs .puff h1:before, #subpageSection .page-content .content_txtcenterpuff .puffs .puff h1:before, #subpageSection .post-content .content_txtcenterpuff .puffs .puff h1:before, #singlePostSection .page-content .content_txtcenterpuff .puffs .puff h1:before, #singlePostSection .post-content .content_txtcenterpuff .puffs .puff h1:before {\r\n        border-top: solid '' 5px;\r\n    }\r\n<\/style>\r\n\n\n<section class=\"header_textmedia headermodule\" style=\"background-color: #f9efef\" data-text-color=\"''\">\r\n    <div class=\"wrapper\">\r\n        <div class=\"textWrapper\">\r\n                            <h1 class=\"title\">En snabb \u00f6verblick<\/h1>\r\n                                <img decoding=\"async\" src=\"https:\/\/qlinea.com\/0986741_wp-uploads\/2024\/01\/Sepsis-Infographic-2024-01.png\" alt=\"En snabb \u00f6verblick\">\r\n                                        <div class=\"textContent flexRowWrapper\">\r\n                                            <\/div>\r\n        <\/div>\r\n    <\/div>\r\n<\/section>\r\n\n\n\r\n<section class=\"content_twovidsstopbot contentmodule alignfull\" style=\"background-color: #fff\" data-text-color=\"''\">\r\n                        <div class=\"wrapper flexRowWrapper blocks imgtop\">\r\n                                    <div class=\"block\">\r\n                            <div class=\"imgContainer\">\r\n                                                                    <div class=\"thumbnail\" style=\"background-image: url(https:\/\/qlinea.com\/0986741_wp-uploads\/2024\/01\/Dr-Gorm-Lisby-700x392.jpg)\">\r\n                                        <svg data-name=\"Lager 1\" xmlns=\"http:\/\/www.w3.org\/2000\/svg\" viewBox=\"0 0 65.48 65.49\"><defs><style>.cls-1{fill:#f18452;}.cls-2{fill:#fff;}.cls-3{fill:none;stroke:#fff;stroke-miterlimit:10;stroke-width:3px;}<\/style><\/defs><g data-name=\"Group 1956\"><g data-name=\"Group 1947\"><path data-name=\"Path 34467\" class=\"cls-1\" d=\"M7.54,47.7l1.54,5.81,10.33,8.14,20.26,1.18,13.75-7.45L61.5,44.05l2.43-12.31-1.59-9.87-3.17-4.11S59,36.65,44.65,46.53,9.9,53,7.54,47.7Z\" transform=\"translate(0)\"\/><\/g><g data-name=\"Group 1948\"><path data-name=\"Path 34469\" class=\"cls-2\" d=\"M64.37,41.24a1.55,1.55,0,1,1-3-.81,29.69,29.69,0,0,0-21-36.32,1.54,1.54,0,1,1,.8-3A32.79,32.79,0,0,1,64.37,41.24Z\" transform=\"translate(0)\"\/><path data-name=\"Path 34470\" class=\"cls-2\" d=\"M64.37,41.23A32.8,32.8,0,0,1,24.26,64.38a1.55,1.55,0,0,1,.8-3,29.68,29.68,0,0,0,36.32-21,1.55,1.55,0,0,1,3,.8Z\" transform=\"translate(0)\"\/><path data-name=\"Path 34471\" class=\"cls-2\" d=\"M26.15,63.29a1.55,1.55,0,0,1-1.89,1.09A32.77,32.77,0,0,1,1.12,24.27a1.54,1.54,0,0,1,3,.8,29.69,29.69,0,0,0,21,36.32A1.54,1.54,0,0,1,26.15,63.29Z\" transform=\"translate(0)\"\/><path data-name=\"Path 34472\" class=\"cls-2\" d=\"M42.31,3a1.53,1.53,0,0,1-1.89,1.09,29.5,29.5,0,0,0-22.5,3A1.54,1.54,0,0,1,16.37,4.4,32.57,32.57,0,0,1,41.22,1.13,1.55,1.55,0,0,1,42.31,3Z\" transform=\"translate(0)\"\/><\/g><path data-name=\"Path 34646\" class=\"cls-3\" d=\"M25.83,45.73A1.75,1.75,0,0,1,24.09,44V22.25a1.74,1.74,0,0,1,1.73-1.74,1.67,1.67,0,0,1,.82.21L47.42,31.59a1.73,1.73,0,0,1,.74,2.33,1.66,1.66,0,0,1-.74.74L26.64,45.53A1.76,1.76,0,0,1,25.83,45.73Z\" transform=\"translate(0)\"\/><\/g><\/svg>\r\n                                    <\/div>\r\n                                                                <iframe title=\"It's a killer\" frameborder=\"0\" class=\"video\" src=\"https:\/\/www.youtube.com\/embed\/e0Yf4Ogv9dw\" allow=\"accelerometer; autoplay; clipboard-write; encrypted-media; gyroscope; picture-in-picture\"><\/iframe>\r\n                            <\/div>\r\n                        <div class=\"textWrapper\">\r\n                            <h3 class=\"title\">It&#8217;s a killer<\/h3>\r\n                            Jan Gorm Lisby \u00d6verl\u00e4kare, Amager och Hvidovre Hospital, Klinisk Mikrobiologisk Avdelning, pratar om sepsis.                             <div class=\"links\">\r\n                                                            <\/div>\r\n                        <\/div>\r\n                    <\/div>\r\n                                    <div class=\"block\">\r\n                            <div class=\"imgContainer\">\r\n                                                                    <div class=\"thumbnail\" style=\"background-image: url(https:\/\/qlinea.com\/0986741_wp-uploads\/2023\/09\/Shahrzad-700x394.jpg)\">\r\n                                        <svg data-name=\"Lager 1\" xmlns=\"http:\/\/www.w3.org\/2000\/svg\" viewBox=\"0 0 65.48 65.49\"><defs><style>.cls-1{fill:#f18452;}.cls-2{fill:#fff;}.cls-3{fill:none;stroke:#fff;stroke-miterlimit:10;stroke-width:3px;}<\/style><\/defs><g data-name=\"Group 1956\"><g data-name=\"Group 1947\"><path data-name=\"Path 34467\" class=\"cls-1\" d=\"M7.54,47.7l1.54,5.81,10.33,8.14,20.26,1.18,13.75-7.45L61.5,44.05l2.43-12.31-1.59-9.87-3.17-4.11S59,36.65,44.65,46.53,9.9,53,7.54,47.7Z\" transform=\"translate(0)\"\/><\/g><g data-name=\"Group 1948\"><path data-name=\"Path 34469\" class=\"cls-2\" d=\"M64.37,41.24a1.55,1.55,0,1,1-3-.81,29.69,29.69,0,0,0-21-36.32,1.54,1.54,0,1,1,.8-3A32.79,32.79,0,0,1,64.37,41.24Z\" transform=\"translate(0)\"\/><path data-name=\"Path 34470\" class=\"cls-2\" d=\"M64.37,41.23A32.8,32.8,0,0,1,24.26,64.38a1.55,1.55,0,0,1,.8-3,29.68,29.68,0,0,0,36.32-21,1.55,1.55,0,0,1,3,.8Z\" transform=\"translate(0)\"\/><path data-name=\"Path 34471\" class=\"cls-2\" d=\"M26.15,63.29a1.55,1.55,0,0,1-1.89,1.09A32.77,32.77,0,0,1,1.12,24.27a1.54,1.54,0,0,1,3,.8,29.69,29.69,0,0,0,21,36.32A1.54,1.54,0,0,1,26.15,63.29Z\" transform=\"translate(0)\"\/><path data-name=\"Path 34472\" class=\"cls-2\" d=\"M42.31,3a1.53,1.53,0,0,1-1.89,1.09,29.5,29.5,0,0,0-22.5,3A1.54,1.54,0,0,1,16.37,4.4,32.57,32.57,0,0,1,41.22,1.13,1.55,1.55,0,0,1,42.31,3Z\" transform=\"translate(0)\"\/><\/g><path data-name=\"Path 34646\" class=\"cls-3\" d=\"M25.83,45.73A1.75,1.75,0,0,1,24.09,44V22.25a1.74,1.74,0,0,1,1.73-1.74,1.67,1.67,0,0,1,.82.21L47.42,31.59a1.73,1.73,0,0,1,.74,2.33,1.66,1.66,0,0,1-.74.74L26.64,45.53A1.76,1.76,0,0,1,25.83,45.73Z\" transform=\"translate(0)\"\/><\/g><\/svg>\r\n                                    <\/div>\r\n                                                                <iframe title=\"Shahrzads ber\u00e4ttelse\" frameborder=\"0\" class=\"video\" src=\"https:\/\/www.youtube.com\/embed\/sZt1pJMLyrY\" allow=\"accelerometer; autoplay; clipboard-write; encrypted-media; gyroscope; picture-in-picture\"><\/iframe>\r\n                            <\/div>\r\n                        <div class=\"textWrapper\">\r\n                            <h3 class=\"title\">Shahrzads ber\u00e4ttelse<\/h3>\r\n                            Shahrzad Kiavash \u00e4r en sepsis\u00f6verlevare, h\u00f6r hennes ber\u00e4ttelse h\u00e4r.                            <div class=\"links\">\r\n                                                            <\/div>\r\n                        <\/div>\r\n                    <\/div>\r\n                            <\/div>\r\n        \r\n        <div class=\"mobileBlocks wrapper\">\r\n            <div class=\"glideMobile\">\r\n                <div class=\"glide__track\" data-glide-el=\"track\">\r\n                    <div class=\"glide__slides blocks imgtop\">\r\n                                                                                    <div class=\"block glide__slide\">\r\n                                                                        <div class=\"textWrapper\">\r\n                                        Jan Gorm Lisby \u00d6verl\u00e4kare, Amager och Hvidovre Hospital, Klinisk Mikrobiologisk Avdelning, pratar om sepsis.                                     <\/div>\r\n                                    <div class=\"imgContainer\">\r\n                                                                                    <div class=\"thumbnail\" style=\"background-image: url(https:\/\/qlinea.com\/0986741_wp-uploads\/2024\/01\/Dr-Gorm-Lisby-500x280.jpg)\">\r\n                                                <svg data-name=\"Lager 1\" xmlns=\"http:\/\/www.w3.org\/2000\/svg\" viewBox=\"0 0 65.48 65.49\"><defs><style>.cls-1{fill:#f18452;}.cls-2{fill:#fff;}.cls-3{fill:none;stroke:#fff;stroke-miterlimit:10;stroke-width:3px;}<\/style><\/defs><g data-name=\"Group 1956\"><g data-name=\"Group 1947\"><path data-name=\"Path 34467\" class=\"cls-1\" d=\"M7.54,47.7l1.54,5.81,10.33,8.14,20.26,1.18,13.75-7.45L61.5,44.05l2.43-12.31-1.59-9.87-3.17-4.11S59,36.65,44.65,46.53,9.9,53,7.54,47.7Z\" transform=\"translate(0)\"\/><\/g><g data-name=\"Group 1948\"><path data-name=\"Path 34469\" class=\"cls-2\" d=\"M64.37,41.24a1.55,1.55,0,1,1-3-.81,29.69,29.69,0,0,0-21-36.32,1.54,1.54,0,1,1,.8-3A32.79,32.79,0,0,1,64.37,41.24Z\" transform=\"translate(0)\"\/><path data-name=\"Path 34470\" class=\"cls-2\" d=\"M64.37,41.23A32.8,32.8,0,0,1,24.26,64.38a1.55,1.55,0,0,1,.8-3,29.68,29.68,0,0,0,36.32-21,1.55,1.55,0,0,1,3,.8Z\" transform=\"translate(0)\"\/><path data-name=\"Path 34471\" class=\"cls-2\" d=\"M26.15,63.29a1.55,1.55,0,0,1-1.89,1.09A32.77,32.77,0,0,1,1.12,24.27a1.54,1.54,0,0,1,3,.8,29.69,29.69,0,0,0,21,36.32A1.54,1.54,0,0,1,26.15,63.29Z\" transform=\"translate(0)\"\/><path data-name=\"Path 34472\" class=\"cls-2\" d=\"M42.31,3a1.53,1.53,0,0,1-1.89,1.09,29.5,29.5,0,0,0-22.5,3A1.54,1.54,0,0,1,16.37,4.4,32.57,32.57,0,0,1,41.22,1.13,1.55,1.55,0,0,1,42.31,3Z\" transform=\"translate(0)\"\/><\/g><path data-name=\"Path 34646\" class=\"cls-3\" d=\"M25.83,45.73A1.75,1.75,0,0,1,24.09,44V22.25a1.74,1.74,0,0,1,1.73-1.74,1.67,1.67,0,0,1,.82.21L47.42,31.59a1.73,1.73,0,0,1,.74,2.33,1.66,1.66,0,0,1-.74.74L26.64,45.53A1.76,1.76,0,0,1,25.83,45.73Z\" transform=\"translate(0)\"\/><\/g><\/svg>\r\n                                            <\/div>\r\n                                                                                <iframe title=\"It's a killer\" class=\"video\" src=\"https:\/\/www.youtube.com\/embed\/e0Yf4Ogv9dw\" allow=\"accelerometer; autoplay; clipboard-write; encrypted-media; gyroscope; picture-in-picture\"><\/iframe>\r\n                                    <\/div>\r\n                                <\/div>\r\n                                                            <div class=\"block glide__slide\">\r\n                                                                        <div class=\"textWrapper\">\r\n                                        Shahrzad Kiavash \u00e4r en sepsis\u00f6verlevare, h\u00f6r hennes ber\u00e4ttelse h\u00e4r.                                    <\/div>\r\n                                    <div class=\"imgContainer\">\r\n                                                                                    <div class=\"thumbnail\" style=\"background-image: url(https:\/\/qlinea.com\/0986741_wp-uploads\/2023\/09\/Shahrzad-500x282.jpg)\">\r\n                                                <svg data-name=\"Lager 1\" xmlns=\"http:\/\/www.w3.org\/2000\/svg\" viewBox=\"0 0 65.48 65.49\"><defs><style>.cls-1{fill:#f18452;}.cls-2{fill:#fff;}.cls-3{fill:none;stroke:#fff;stroke-miterlimit:10;stroke-width:3px;}<\/style><\/defs><g data-name=\"Group 1956\"><g data-name=\"Group 1947\"><path data-name=\"Path 34467\" class=\"cls-1\" d=\"M7.54,47.7l1.54,5.81,10.33,8.14,20.26,1.18,13.75-7.45L61.5,44.05l2.43-12.31-1.59-9.87-3.17-4.11S59,36.65,44.65,46.53,9.9,53,7.54,47.7Z\" transform=\"translate(0)\"\/><\/g><g data-name=\"Group 1948\"><path data-name=\"Path 34469\" class=\"cls-2\" d=\"M64.37,41.24a1.55,1.55,0,1,1-3-.81,29.69,29.69,0,0,0-21-36.32,1.54,1.54,0,1,1,.8-3A32.79,32.79,0,0,1,64.37,41.24Z\" transform=\"translate(0)\"\/><path data-name=\"Path 34470\" class=\"cls-2\" d=\"M64.37,41.23A32.8,32.8,0,0,1,24.26,64.38a1.55,1.55,0,0,1,.8-3,29.68,29.68,0,0,0,36.32-21,1.55,1.55,0,0,1,3,.8Z\" transform=\"translate(0)\"\/><path data-name=\"Path 34471\" class=\"cls-2\" d=\"M26.15,63.29a1.55,1.55,0,0,1-1.89,1.09A32.77,32.77,0,0,1,1.12,24.27a1.54,1.54,0,0,1,3,.8,29.69,29.69,0,0,0,21,36.32A1.54,1.54,0,0,1,26.15,63.29Z\" transform=\"translate(0)\"\/><path data-name=\"Path 34472\" class=\"cls-2\" d=\"M42.31,3a1.53,1.53,0,0,1-1.89,1.09,29.5,29.5,0,0,0-22.5,3A1.54,1.54,0,0,1,16.37,4.4,32.57,32.57,0,0,1,41.22,1.13,1.55,1.55,0,0,1,42.31,3Z\" transform=\"translate(0)\"\/><\/g><path data-name=\"Path 34646\" class=\"cls-3\" d=\"M25.83,45.73A1.75,1.75,0,0,1,24.09,44V22.25a1.74,1.74,0,0,1,1.73-1.74,1.67,1.67,0,0,1,.82.21L47.42,31.59a1.73,1.73,0,0,1,.74,2.33,1.66,1.66,0,0,1-.74.74L26.64,45.53A1.76,1.76,0,0,1,25.83,45.73Z\" transform=\"translate(0)\"\/><\/g><\/svg>\r\n                                            <\/div>\r\n                                                                                <iframe title=\"Shahrzads ber\u00e4ttelse\" class=\"video\" src=\"https:\/\/www.youtube.com\/embed\/sZt1pJMLyrY\" allow=\"accelerometer; autoplay; clipboard-write; encrypted-media; gyroscope; picture-in-picture\"><\/iframe>\r\n                                    <\/div>\r\n                                <\/div>\r\n                                                                        <\/div>\r\n                    <div class=\"slider__bullets glide__bullets\" data-glide-el=\"controls[nav]\">\r\n                                                        <button aria-label=\"Navigat to slide 0\" class=\"slider__bullets\" data-glide-dir=\"=0\"><\/button>\r\n                                                            <button aria-label=\"Navigat to slide 1\" class=\"slider__bullets\" data-glide-dir=\"=1\"><\/button>\r\n                                                <\/div>\r\n                <\/div>\r\n            <\/div>\r\n        <\/div>\r\n\r\n\r\n    <\/section>\r\n\n\n\r\n<section class=\"content_txtcenterpuff contentmodule alignfull\" style=\"background-color: #5d6575\" data-text-color=\"#fff\">\r\n    <div class=\"wrapper\">\r\n        <div class=\"textWrapper\"><h2 style=\"text-align: left;\">Sepsis kan drabba vem som helst. Varje \u00e5r uppskattas 50 miljoner m\u00e4nniskor drabbas av sepsis och som en f\u00f6ljd f\u00f6rlorar \u00f6ver 11 miljoner sina liv. Sepsis orsakar 1 av 5 d\u00f6dsfall globalt, mer \u00e4n cancer och HIV\/AIDS tillsammans. Siffran forts\u00e4tter att stiga i takt med det \u00f6kande hotet fr\u00e5n global antibiotikaresistens.<\/h2>\n<h2 style=\"text-align: center;\"><\/h2>\n<\/div>\r\n                    <\/div>\r\n<\/section>\r\n\r\n<style type=\"text\/css\">\r\n    #frontpageMainSection .page-content .content_txtcenterpuff .puffs .puff h1:before, #frontpageMainSection .post-content .content_txtcenterpuff .puffs .puff h1:before, #subpageSection .page-content .content_txtcenterpuff .puffs .puff h1:before, #subpageSection .post-content .content_txtcenterpuff .puffs .puff h1:before, #singlePostSection .page-content .content_txtcenterpuff .puffs .puff h1:before, #singlePostSection .post-content .content_txtcenterpuff .puffs .puff h1:before {\r\n        border-top: solid #fff 5px;\r\n    }\r\n<\/style>\r\n\n\n\r\n<section class=\"content_mediatext contentmodule alignfull\" style=\"background-color: #f5f5f6\" data-text-color=\"''\">\r\n    <div class=\"wrapper flexRowWrapper\">\r\n                    <div class=\"textWrapper\">\r\n                <h1>Tid<\/h1>\n<p>Sepsis \u00e4r ett tidsk\u00e4nsligt tillst\u00e5nd som kr\u00e4ver omedelbar och korrekt antibiotikabehandling; risken f\u00f6r d\u00f6dsfall \u00f6kar f\u00f6r varje timme av f\u00f6rdr\u00f6jd l\u00e4mplig behandling. Utan snabb diagnos och behandling kan sepsis mycket snabbt eskalera till septisk chock, d\u00e4r d\u00f6dligheten \u00f6verstiger 40%.<\/p>\n<p>H\u00f6rnstenen i effektiv patientv\u00e5rd och \u00f6verlevnad \u00e4r patientens respons p\u00e5 empirisk antimikrobiell behandling. Denna icke-riktade behandling initieras vid misst\u00e4nkt infektion, och tillg\u00e4ngligheten av resultat fr\u00e5n resistensbest\u00e4mning (AST) \u00e4r n\u00f6dv\u00e4ndig f\u00f6r att kunna justera behandlingen genom eskalering, de-eskalering och optimering av dosen.<\/p>\n<p>Tyv\u00e4rr kan de nuvarande standardmetoderna f\u00f6r AST ta upp till 48 timmar. Det understryker behovet av snabba AST-system som kan effektivisera det diagnostiska arbetsfl\u00f6det och hj\u00e4lpa till att v\u00e4gleda snabba behandlingsbeslut f\u00f6r patienter med blodomloppsinfektioner och sepsis.<\/p>\n<p style=\"text-align: left;\"><a href=\"https:\/\/qlinea.com\/sv\/astar-i-labbet\/\" target=\"_blank\" rel=\"noopener\">L\u00e4s mer om hur ASTar kan vara en del av l\u00f6sningen.<\/a><\/p>\n                <div class=\"links\">\r\n                                    <\/div>\r\n            <\/div>\r\n                                                <img decoding=\"async\" src=\"https:\/\/qlinea.com\/0986741_wp-uploads\/2024\/01\/woman-holding-clock-2023-11-27-05-31-54-utc.png\" alt=\"\">\r\n                                        <\/div>\r\n<\/section>\r\n\n\n\r\n<section class=\"content_text contentmodule alignfull\" style=\"background-color: #fff\" data-text-color=\"''\">\r\n    <div class=\"wrapper\">\r\n        <div class=\"textWrapper\"><p><span class=\"ui-provider a b c d e f g h i j k l m n o p q r s t u v w x y z ab ac ae af ag ah ai aj ak\" dir=\"ltr\">F\u00f6r att se en lista \u00f6ver k\u00e4llor f\u00f6r denna sida, <a href=\"https:\/\/qlinea.com\/us\/sources\/\">Klicka h\u00e4r<\/a><\/span><\/p>\n<\/div>\r\n    <\/div>\r\n<\/section>\r\n","protected":false},"excerpt":{"rendered":"","protected":false},"author":68,"featured_media":0,"parent":3577,"menu_order":0,"comment_status":"closed","ping_status":"closed","template":"","meta":{"_acf_changed":false,"footnotes":""},"class_list":["post-25875","page","type-page","status-publish","hentry"],"acf":[],"_links":{"self":[{"href":"https:\/\/qlinea.com\/sv\/wp-json\/wp\/v2\/pages\/25875","targetHints":{"allow":["GET"]}}],"collection":[{"href":"https:\/\/qlinea.com\/sv\/wp-json\/wp\/v2\/pages"}],"about":[{"href":"https:\/\/qlinea.com\/sv\/wp-json\/wp\/v2\/types\/page"}],"author":[{"embeddable":true,"href":"https:\/\/qlinea.com\/sv\/wp-json\/wp\/v2\/users\/68"}],"replies":[{"embeddable":true,"href":"https:\/\/qlinea.com\/sv\/wp-json\/wp\/v2\/comments?post=25875"}],"version-history":[{"count":10,"href":"https:\/\/qlinea.com\/sv\/wp-json\/wp\/v2\/pages\/25875\/revisions"}],"predecessor-version":[{"id":28477,"href":"https:\/\/qlinea.com\/sv\/wp-json\/wp\/v2\/pages\/25875\/revisions\/28477"}],"up":[{"embeddable":true,"href":"https:\/\/qlinea.com\/sv\/wp-json\/wp\/v2\/pages\/3577"}],"wp:attachment":[{"href":"https:\/\/qlinea.com\/sv\/wp-json\/wp\/v2\/media?parent=25875"}],"curies":[{"name":"wp","href":"https:\/\/api.w.org\/{rel}","templated":true}]}}