{"id":25878,"date":"2025-03-26T07:04:16","date_gmt":"2025-03-26T06:04:16","guid":{"rendered":"https:\/\/qlinea.com\/?page_id=25878"},"modified":"2025-03-26T08:50:59","modified_gmt":"2025-03-26T07:50:59","slug":"antibiotikaresistens","status":"publish","type":"page","link":"https:\/\/qlinea.com\/sv\/antibiotikaresistens\/","title":{"rendered":"Antibiotikaresistens"},"content":{"rendered":"\r\n<section class=\"header_image headermodule rounded align_right\" style=\"background-color: #fff;\" data-text-color=\"#fff\">\r\n            <img decoding=\"async\" class=\"image\" src=\"https:\/\/qlinea.com\/0986741_wp-uploads\/2024\/02\/DSC_0281-SVDwe.png\" alt=\"\">\r\n                <div class=\"wrapper\">\r\n            <div class=\"text-wrapper\">\r\n                <h1 class=\"heading\">Antibiotikaresistens<\/h1>\r\n                <p class=\"text\">En global kris som hotar m\u00e4nniskors liv och h\u00e4lsa. Kallas ibland f\u00f6r den tysta pandemin.<\/p>\r\n                                            <\/div>\r\n        <\/div>\r\n    <\/section>\r\n\n\n\r\n<section class=\"content_txtcenterpuff contentmodule alignfull\" style=\"background-color: #fff\" data-text-color=\"''\">\r\n    <div class=\"wrapper\">\r\n        <div class=\"textWrapper\"><h3 style=\"text-align: left;\">Antibiotikaresistens inneb\u00e4r att en mikroorganism har utvecklat motst\u00e5ndskraft mot ett eller flera l\u00e4kemedel. En infektion orsakad av en resistent bakterie riskerar att bli mycket sv\u00e5rbehandlad. Om infektionen kvarst\u00e5r i kroppen \u00f6kar risken f\u00f6r spridning till andra. N\u00e4r inget annat fungerar kr\u00e4vs anv\u00e4ndning av s\u00e5 kallade sista linjens antibiotika. Resistens mot sista linjens antibiotika minskar m\u00f6jligheten att \u00f6verleva sv\u00e5ra infektionssjukdomar och p\u00e5verkar annan livsviktig v\u00e5rd, som cancerbehandling.<\/h3>\n<h3 style=\"text-align: left;\"><strong>Ju mer antibiotika vi anv\u00e4nder, desto snabbare \u00f6kar antibiotikaresistensen.\u00a0<\/strong><\/h3>\n<p>&nbsp;<\/p>\n<\/div>\r\n                    <\/div>\r\n<\/section>\r\n\r\n<style type=\"text\/css\">\r\n    #frontpageMainSection .page-content .content_txtcenterpuff .puffs .puff h1:before, #frontpageMainSection .post-content .content_txtcenterpuff .puffs .puff h1:before, #subpageSection .page-content .content_txtcenterpuff .puffs .puff h1:before, #subpageSection .post-content .content_txtcenterpuff .puffs .puff h1:before, #singlePostSection .page-content .content_txtcenterpuff .puffs .puff h1:before, #singlePostSection .post-content .content_txtcenterpuff .puffs .puff h1:before {\r\n        border-top: solid '' 5px;\r\n    }\r\n<\/style>\r\n\n\n<section class=\"header_textmedia headermodule\" style=\"background-color: #f9efef\" data-text-color=\"''\">\r\n    <div class=\"wrapper\">\r\n        <div class=\"textWrapper\">\r\n                                <img decoding=\"async\" src=\"https:\/\/qlinea.com\/0986741_wp-uploads\/2024\/02\/Resistance-Mechanisms-v3-01.png\" alt=\"\">\r\n                                        <div class=\"textContent flexRowWrapper\">\r\n                                            <\/div>\r\n        <\/div>\r\n    <\/div>\r\n<\/section>\r\n\n\n\r\n<section class=\"content_twovidsstopbot contentmodule alignfull\" style=\"background-color: #fff\" data-text-color=\"''\">\r\n                        <div class=\"wrapper flexRowWrapper blocks imgtop\">\r\n                                    <div class=\"block\">\r\n                            <div class=\"imgContainer\">\r\n                                                                    <div class=\"thumbnail\" style=\"background-image: url(https:\/\/qlinea.com\/0986741_wp-uploads\/2024\/01\/Gorm-Lisby-Microbiologist-700x395.jpg)\">\r\n                                        <svg data-name=\"Lager 1\" xmlns=\"http:\/\/www.w3.org\/2000\/svg\" viewBox=\"0 0 65.48 65.49\"><defs><style>.cls-1{fill:#f18452;}.cls-2{fill:#fff;}.cls-3{fill:none;stroke:#fff;stroke-miterlimit:10;stroke-width:3px;}<\/style><\/defs><g data-name=\"Group 1956\"><g data-name=\"Group 1947\"><path data-name=\"Path 34467\" class=\"cls-1\" d=\"M7.54,47.7l1.54,5.81,10.33,8.14,20.26,1.18,13.75-7.45L61.5,44.05l2.43-12.31-1.59-9.87-3.17-4.11S59,36.65,44.65,46.53,9.9,53,7.54,47.7Z\" transform=\"translate(0)\"\/><\/g><g data-name=\"Group 1948\"><path data-name=\"Path 34469\" class=\"cls-2\" d=\"M64.37,41.24a1.55,1.55,0,1,1-3-.81,29.69,29.69,0,0,0-21-36.32,1.54,1.54,0,1,1,.8-3A32.79,32.79,0,0,1,64.37,41.24Z\" transform=\"translate(0)\"\/><path data-name=\"Path 34470\" class=\"cls-2\" d=\"M64.37,41.23A32.8,32.8,0,0,1,24.26,64.38a1.55,1.55,0,0,1,.8-3,29.68,29.68,0,0,0,36.32-21,1.55,1.55,0,0,1,3,.8Z\" transform=\"translate(0)\"\/><path data-name=\"Path 34471\" class=\"cls-2\" d=\"M26.15,63.29a1.55,1.55,0,0,1-1.89,1.09A32.77,32.77,0,0,1,1.12,24.27a1.54,1.54,0,0,1,3,.8,29.69,29.69,0,0,0,21,36.32A1.54,1.54,0,0,1,26.15,63.29Z\" transform=\"translate(0)\"\/><path data-name=\"Path 34472\" class=\"cls-2\" d=\"M42.31,3a1.53,1.53,0,0,1-1.89,1.09,29.5,29.5,0,0,0-22.5,3A1.54,1.54,0,0,1,16.37,4.4,32.57,32.57,0,0,1,41.22,1.13,1.55,1.55,0,0,1,42.31,3Z\" transform=\"translate(0)\"\/><\/g><path data-name=\"Path 34646\" class=\"cls-3\" d=\"M25.83,45.73A1.75,1.75,0,0,1,24.09,44V22.25a1.74,1.74,0,0,1,1.73-1.74,1.67,1.67,0,0,1,.82.21L47.42,31.59a1.73,1.73,0,0,1,.74,2.33,1.66,1.66,0,0,1-.74.74L26.64,45.53A1.76,1.76,0,0,1,25.83,45.73Z\" transform=\"translate(0)\"\/><\/g><\/svg>\r\n                                    <\/div>\r\n                                                                <iframe title=\"Antibiotikaresistens - behovet av snabb diagnostik\" frameborder=\"0\" class=\"video\" src=\"https:\/\/www.youtube.com\/embed\/-cjuXnx-vQE\" allow=\"accelerometer; autoplay; clipboard-write; encrypted-media; gyroscope; picture-in-picture\"><\/iframe>\r\n                            <\/div>\r\n                        <div class=\"textWrapper\">\r\n                            <h3 class=\"title\">Antibiotikaresistens &#8211; behovet av snabb diagnostik<\/h3>\r\n                            Jan Gorm Lisby, \u00f6verl\u00e4kare p\u00e5 avdelningen f\u00f6r klinisk mikrobiologi, Amager och Hvidovre sjukhus i Danmark pratar om de utmaningar som laboratorier m\u00f6ter idag och behovet av automatiserade l\u00f6sningar.                            <div class=\"links\">\r\n                                                            <\/div>\r\n                        <\/div>\r\n                    <\/div>\r\n                                    <div class=\"block\">\r\n                            <div class=\"imgContainer\">\r\n                                                                    <div class=\"thumbnail\" style=\"background-image: url(https:\/\/qlinea.com\/0986741_wp-uploads\/2024\/01\/Fleming-700x391.jpg)\">\r\n                                        <svg data-name=\"Lager 1\" xmlns=\"http:\/\/www.w3.org\/2000\/svg\" viewBox=\"0 0 65.48 65.49\"><defs><style>.cls-1{fill:#f18452;}.cls-2{fill:#fff;}.cls-3{fill:none;stroke:#fff;stroke-miterlimit:10;stroke-width:3px;}<\/style><\/defs><g data-name=\"Group 1956\"><g data-name=\"Group 1947\"><path data-name=\"Path 34467\" class=\"cls-1\" d=\"M7.54,47.7l1.54,5.81,10.33,8.14,20.26,1.18,13.75-7.45L61.5,44.05l2.43-12.31-1.59-9.87-3.17-4.11S59,36.65,44.65,46.53,9.9,53,7.54,47.7Z\" transform=\"translate(0)\"\/><\/g><g data-name=\"Group 1948\"><path data-name=\"Path 34469\" class=\"cls-2\" d=\"M64.37,41.24a1.55,1.55,0,1,1-3-.81,29.69,29.69,0,0,0-21-36.32,1.54,1.54,0,1,1,.8-3A32.79,32.79,0,0,1,64.37,41.24Z\" transform=\"translate(0)\"\/><path data-name=\"Path 34470\" class=\"cls-2\" d=\"M64.37,41.23A32.8,32.8,0,0,1,24.26,64.38a1.55,1.55,0,0,1,.8-3,29.68,29.68,0,0,0,36.32-21,1.55,1.55,0,0,1,3,.8Z\" transform=\"translate(0)\"\/><path data-name=\"Path 34471\" class=\"cls-2\" d=\"M26.15,63.29a1.55,1.55,0,0,1-1.89,1.09A32.77,32.77,0,0,1,1.12,24.27a1.54,1.54,0,0,1,3,.8,29.69,29.69,0,0,0,21,36.32A1.54,1.54,0,0,1,26.15,63.29Z\" transform=\"translate(0)\"\/><path data-name=\"Path 34472\" class=\"cls-2\" d=\"M42.31,3a1.53,1.53,0,0,1-1.89,1.09,29.5,29.5,0,0,0-22.5,3A1.54,1.54,0,0,1,16.37,4.4,32.57,32.57,0,0,1,41.22,1.13,1.55,1.55,0,0,1,42.31,3Z\" transform=\"translate(0)\"\/><\/g><path data-name=\"Path 34646\" class=\"cls-3\" d=\"M25.83,45.73A1.75,1.75,0,0,1,24.09,44V22.25a1.74,1.74,0,0,1,1.73-1.74,1.67,1.67,0,0,1,.82.21L47.42,31.59a1.73,1.73,0,0,1,.74,2.33,1.66,1.66,0,0,1-.74.74L26.64,45.53A1.76,1.76,0,0,1,25.83,45.73Z\" transform=\"translate(0)\"\/><\/g><\/svg>\r\n                                    <\/div>\r\n                                                                <iframe title=\"Alexander Fleming och uppt\u00e4ckten av antibiotika\" frameborder=\"0\" class=\"video\" src=\"https:\/\/www.youtube.com\/embed\/RcK_Ly9HJEc\" allow=\"accelerometer; autoplay; clipboard-write; encrypted-media; gyroscope; picture-in-picture\"><\/iframe>\r\n                            <\/div>\r\n                        <div class=\"textWrapper\">\r\n                            <h3 class=\"title\">Alexander Fleming och uppt\u00e4ckten av antibiotika<\/h3>\r\n                            Penicillinet uppt\u00e4cktes 1928 av den brittiske forskaren Alexander Fleming.                            <div class=\"links\">\r\n                                                            <\/div>\r\n                        <\/div>\r\n                    <\/div>\r\n                            <\/div>\r\n        \r\n        <div class=\"mobileBlocks wrapper\">\r\n            <div class=\"glideMobile\">\r\n                <div class=\"glide__track\" data-glide-el=\"track\">\r\n                    <div class=\"glide__slides blocks imgtop\">\r\n                                                                                    <div class=\"block glide__slide\">\r\n                                                                        <div class=\"textWrapper\">\r\n                                        Jan Gorm Lisby, \u00f6verl\u00e4kare p\u00e5 avdelningen f\u00f6r klinisk mikrobiologi, Amager och Hvidovre sjukhus i Danmark pratar om de utmaningar som laboratorier m\u00f6ter idag och behovet av automatiserade l\u00f6sningar.                                    <\/div>\r\n                                    <div class=\"imgContainer\">\r\n                                                                                    <div class=\"thumbnail\" style=\"background-image: url(https:\/\/qlinea.com\/0986741_wp-uploads\/2024\/01\/Gorm-Lisby-Microbiologist-500x282.jpg)\">\r\n                                                <svg data-name=\"Lager 1\" xmlns=\"http:\/\/www.w3.org\/2000\/svg\" viewBox=\"0 0 65.48 65.49\"><defs><style>.cls-1{fill:#f18452;}.cls-2{fill:#fff;}.cls-3{fill:none;stroke:#fff;stroke-miterlimit:10;stroke-width:3px;}<\/style><\/defs><g data-name=\"Group 1956\"><g data-name=\"Group 1947\"><path data-name=\"Path 34467\" class=\"cls-1\" d=\"M7.54,47.7l1.54,5.81,10.33,8.14,20.26,1.18,13.75-7.45L61.5,44.05l2.43-12.31-1.59-9.87-3.17-4.11S59,36.65,44.65,46.53,9.9,53,7.54,47.7Z\" transform=\"translate(0)\"\/><\/g><g data-name=\"Group 1948\"><path data-name=\"Path 34469\" class=\"cls-2\" d=\"M64.37,41.24a1.55,1.55,0,1,1-3-.81,29.69,29.69,0,0,0-21-36.32,1.54,1.54,0,1,1,.8-3A32.79,32.79,0,0,1,64.37,41.24Z\" transform=\"translate(0)\"\/><path data-name=\"Path 34470\" class=\"cls-2\" d=\"M64.37,41.23A32.8,32.8,0,0,1,24.26,64.38a1.55,1.55,0,0,1,.8-3,29.68,29.68,0,0,0,36.32-21,1.55,1.55,0,0,1,3,.8Z\" transform=\"translate(0)\"\/><path data-name=\"Path 34471\" class=\"cls-2\" d=\"M26.15,63.29a1.55,1.55,0,0,1-1.89,1.09A32.77,32.77,0,0,1,1.12,24.27a1.54,1.54,0,0,1,3,.8,29.69,29.69,0,0,0,21,36.32A1.54,1.54,0,0,1,26.15,63.29Z\" transform=\"translate(0)\"\/><path data-name=\"Path 34472\" class=\"cls-2\" d=\"M42.31,3a1.53,1.53,0,0,1-1.89,1.09,29.5,29.5,0,0,0-22.5,3A1.54,1.54,0,0,1,16.37,4.4,32.57,32.57,0,0,1,41.22,1.13,1.55,1.55,0,0,1,42.31,3Z\" transform=\"translate(0)\"\/><\/g><path data-name=\"Path 34646\" class=\"cls-3\" d=\"M25.83,45.73A1.75,1.75,0,0,1,24.09,44V22.25a1.74,1.74,0,0,1,1.73-1.74,1.67,1.67,0,0,1,.82.21L47.42,31.59a1.73,1.73,0,0,1,.74,2.33,1.66,1.66,0,0,1-.74.74L26.64,45.53A1.76,1.76,0,0,1,25.83,45.73Z\" transform=\"translate(0)\"\/><\/g><\/svg>\r\n                                            <\/div>\r\n                                                                                <iframe title=\"Antibiotikaresistens - behovet av snabb diagnostik\" class=\"video\" src=\"https:\/\/www.youtube.com\/embed\/-cjuXnx-vQE\" allow=\"accelerometer; autoplay; clipboard-write; encrypted-media; gyroscope; picture-in-picture\"><\/iframe>\r\n                                    <\/div>\r\n                                <\/div>\r\n                                                            <div class=\"block glide__slide\">\r\n                                                                        <div class=\"textWrapper\">\r\n                                        Penicillinet uppt\u00e4cktes 1928 av den brittiske forskaren Alexander Fleming.                                    <\/div>\r\n                                    <div class=\"imgContainer\">\r\n                                                                                    <div class=\"thumbnail\" style=\"background-image: url(https:\/\/qlinea.com\/0986741_wp-uploads\/2024\/01\/Fleming-500x279.jpg)\">\r\n                                                <svg data-name=\"Lager 1\" xmlns=\"http:\/\/www.w3.org\/2000\/svg\" viewBox=\"0 0 65.48 65.49\"><defs><style>.cls-1{fill:#f18452;}.cls-2{fill:#fff;}.cls-3{fill:none;stroke:#fff;stroke-miterlimit:10;stroke-width:3px;}<\/style><\/defs><g data-name=\"Group 1956\"><g data-name=\"Group 1947\"><path data-name=\"Path 34467\" class=\"cls-1\" d=\"M7.54,47.7l1.54,5.81,10.33,8.14,20.26,1.18,13.75-7.45L61.5,44.05l2.43-12.31-1.59-9.87-3.17-4.11S59,36.65,44.65,46.53,9.9,53,7.54,47.7Z\" transform=\"translate(0)\"\/><\/g><g data-name=\"Group 1948\"><path data-name=\"Path 34469\" class=\"cls-2\" d=\"M64.37,41.24a1.55,1.55,0,1,1-3-.81,29.69,29.69,0,0,0-21-36.32,1.54,1.54,0,1,1,.8-3A32.79,32.79,0,0,1,64.37,41.24Z\" transform=\"translate(0)\"\/><path data-name=\"Path 34470\" class=\"cls-2\" d=\"M64.37,41.23A32.8,32.8,0,0,1,24.26,64.38a1.55,1.55,0,0,1,.8-3,29.68,29.68,0,0,0,36.32-21,1.55,1.55,0,0,1,3,.8Z\" transform=\"translate(0)\"\/><path data-name=\"Path 34471\" class=\"cls-2\" d=\"M26.15,63.29a1.55,1.55,0,0,1-1.89,1.09A32.77,32.77,0,0,1,1.12,24.27a1.54,1.54,0,0,1,3,.8,29.69,29.69,0,0,0,21,36.32A1.54,1.54,0,0,1,26.15,63.29Z\" transform=\"translate(0)\"\/><path data-name=\"Path 34472\" class=\"cls-2\" d=\"M42.31,3a1.53,1.53,0,0,1-1.89,1.09,29.5,29.5,0,0,0-22.5,3A1.54,1.54,0,0,1,16.37,4.4,32.57,32.57,0,0,1,41.22,1.13,1.55,1.55,0,0,1,42.31,3Z\" transform=\"translate(0)\"\/><\/g><path data-name=\"Path 34646\" class=\"cls-3\" d=\"M25.83,45.73A1.75,1.75,0,0,1,24.09,44V22.25a1.74,1.74,0,0,1,1.73-1.74,1.67,1.67,0,0,1,.82.21L47.42,31.59a1.73,1.73,0,0,1,.74,2.33,1.66,1.66,0,0,1-.74.74L26.64,45.53A1.76,1.76,0,0,1,25.83,45.73Z\" transform=\"translate(0)\"\/><\/g><\/svg>\r\n                                            <\/div>\r\n                                                                                <iframe title=\"Alexander Fleming och uppt\u00e4ckten av antibiotika\" class=\"video\" src=\"https:\/\/www.youtube.com\/embed\/RcK_Ly9HJEc\" allow=\"accelerometer; autoplay; clipboard-write; encrypted-media; gyroscope; picture-in-picture\"><\/iframe>\r\n                                    <\/div>\r\n                                <\/div>\r\n                                                                        <\/div>\r\n                    <div class=\"slider__bullets glide__bullets\" data-glide-el=\"controls[nav]\">\r\n                                                        <button aria-label=\"Navigat to slide 0\" class=\"slider__bullets\" data-glide-dir=\"=0\"><\/button>\r\n                                                            <button aria-label=\"Navigat to slide 1\" class=\"slider__bullets\" data-glide-dir=\"=1\"><\/button>\r\n                                                <\/div>\r\n                <\/div>\r\n            <\/div>\r\n        <\/div>\r\n\r\n\r\n    <\/section>\r\n\n\n\r\n<section class=\"content_txtcenterpuff contentmodule alignfull\" style=\"background-color: #5d6575\" data-text-color=\"#fff\">\r\n    <div class=\"wrapper\">\r\n        <div class=\"textWrapper\"><h2 style=\"text-align: left;\">Cirka 5 miljoner m\u00e4nniskor d\u00f6r i antibiotikaresistenta infektioner varje \u00e5r. \u00c5r 2050 ber\u00e4knas siffran ha f\u00f6rdubblats till 10 miljoner.<\/h2>\n<h2 style=\"text-align: left;\">1 av 5 d\u00f6dsfall \u00e4r barn under fem \u00e5r.<\/h2>\n<\/div>\r\n                    <\/div>\r\n<\/section>\r\n\r\n<style type=\"text\/css\">\r\n    #frontpageMainSection .page-content .content_txtcenterpuff .puffs .puff h1:before, #frontpageMainSection .post-content .content_txtcenterpuff .puffs .puff h1:before, #subpageSection .page-content .content_txtcenterpuff .puffs .puff h1:before, #subpageSection .post-content .content_txtcenterpuff .puffs .puff h1:before, #singlePostSection .page-content .content_txtcenterpuff .puffs .puff h1:before, #singlePostSection .post-content .content_txtcenterpuff .puffs .puff h1:before {\r\n        border-top: solid #fff 5px;\r\n    }\r\n<\/style>\r\n\n\n<section class=\"header_textimg headermodule\" style=\"background-color: #f9efef\" data-text-color=\"''\">\r\n    <div class=\"wrapper flexRowWrapper\">\r\n                    <div class=\"imgWrapper\">\r\n                                    <img decoding=\"async\" src=\"https:\/\/qlinea.com\/0986741_wp-uploads\/2024\/01\/2023-10-17_237-r.png\" alt=\"Vikten av Antimicrobial stewardship\">\r\n                            <\/div>\r\n            <div class=\"textWrapper\">\r\n                <h1 class=\"title\">Vikten av Antimicrobial stewardship<\/h1>\r\n                <p style=\"text-align: left;\">I en rapport fr\u00e5n Strama &#8211; Samverkan mot antibiotikaresistens, beskrivs arbetss\u00e4ttet Antimicrobial stewardship (AMS). Det \u00e4r utvecklat f\u00f6r att f\u00f6rb\u00e4ttra anv\u00e4ndningen av antibiotika samt minska risken f\u00f6r biverkningar och resistensutveckling mot antibiotika. Ett exempel p\u00e5 initiativ inom AMS \u00e4r antibiotikaronder d\u00e4r antibiotikaordinationer granskas av l\u00e4kare med specialistkompetens inom infektionssjukdomar f\u00f6r att optimera val av l\u00e4kemedel och dosering till den enskilda patienten.<br \/>\nSituationen i Sverige mer gynnsam \u00e4n i omv\u00e4rlden, men antibiotikaresistens \u00f6kar \u00e4ven h\u00e4r. En avg\u00f6rande faktor f\u00f6r att bromsa uvecklingen \u00e4r samarbetet mellan l\u00e4kare, mikrobiologer och farmaceuter.<\/p>\n<p style=\"text-align: left;\">\n            <\/div>\r\n            <\/div>\r\n<\/section>\r\n\r\n\n\n<section class=\"header_textimg headermodule\" style=\"background-color: #f5f5f6\" data-text-color=\"''\">\r\n    <div class=\"wrapper flexRowWrapper\">\r\n                    <div class=\"textWrapper\">\r\n                <h1 class=\"title\">Framtida v\u00e5rd<\/h1>\r\n                <p>Det r\u00e4cker inte att utveckla ny antibiotika eller att prova att anv\u00e4nda antibakteriella mediciner. Uppkomsten av antibiotikaresistenta bakterier kr\u00e4ver \u00e4ven\u00a0 implementering av snabba metoder f\u00f6r identifiering (ID) och resistensbest\u00e4mning (AST) f\u00f6r att kunna optimera anv\u00e4ndningen av antibiotika.<\/p>\n<p>Snabb resistensbest\u00e4mning f\u00f6rkortar tiden till optimal behandling vilket minskar anv\u00e4ndningen av bredspektrumantibiotika. Genom ansvarsfull antibiotikaanv\u00e4ndning kan spridningen och utvecklingen av resistens bromsas.<\/p>\n<p>Eftersom vi inte vet hur framtiden kommer att se ut har vi sett till att det \u00e4r m\u00f6jligt att ut\u00f6ka b\u00e5de antibiotikapanelen och vilka bakteriearter ASTar kan analysera.<\/p>\n<p><a href=\"https:\/\/qlinea.com\/sv\/astar-for-lakare\/\" target=\"_blank\" rel=\"noopener\">L\u00e4r dig mer om hur Q-linea och ASTar kan hj\u00e4lpa till.<\/a><\/p>\n<p>&nbsp;<\/p>\n<p><span class=\"ui-provider a b c d e f g h i j k l m n o p q r s t u v w x y z ab ac ae af ag ah ai aj ak\" dir=\"ltr\"><a href=\"https:\/\/qlinea.com\/us\/sources\/\">Klicka h\u00e4r<\/a> f\u00f6r att se en lista \u00f6ver k\u00e4llor f\u00f6r denna sida.<\/span><\/p>\n            <\/div>\r\n            <div class=\"imgWrapper\">\r\n                                    <img decoding=\"async\" src=\"https:\/\/qlinea.com\/0986741_wp-uploads\/2024\/01\/DSC_0248-bCircle.png\" alt=\"Framtida v\u00e5rd\">\r\n                            <\/div>\r\n            <\/div>\r\n<\/section>\r\n\r\n","protected":false},"excerpt":{"rendered":"","protected":false},"author":68,"featured_media":0,"parent":0,"menu_order":0,"comment_status":"closed","ping_status":"closed","template":"","meta":{"_acf_changed":false,"footnotes":""},"class_list":["post-25878","page","type-page","status-publish","hentry"],"acf":[],"_links":{"self":[{"href":"https:\/\/qlinea.com\/sv\/wp-json\/wp\/v2\/pages\/25878","targetHints":{"allow":["GET"]}}],"collection":[{"href":"https:\/\/qlinea.com\/sv\/wp-json\/wp\/v2\/pages"}],"about":[{"href":"https:\/\/qlinea.com\/sv\/wp-json\/wp\/v2\/types\/page"}],"author":[{"embeddable":true,"href":"https:\/\/qlinea.com\/sv\/wp-json\/wp\/v2\/users\/68"}],"replies":[{"embeddable":true,"href":"https:\/\/qlinea.com\/sv\/wp-json\/wp\/v2\/comments?post=25878"}],"version-history":[{"count":9,"href":"https:\/\/qlinea.com\/sv\/wp-json\/wp\/v2\/pages\/25878\/revisions"}],"predecessor-version":[{"id":28480,"href":"https:\/\/qlinea.com\/sv\/wp-json\/wp\/v2\/pages\/25878\/revisions\/28480"}],"wp:attachment":[{"href":"https:\/\/qlinea.com\/sv\/wp-json\/wp\/v2\/media?parent=25878"}],"curies":[{"name":"wp","href":"https:\/\/api.w.org\/{rel}","templated":true}]}}