{"id":27576,"date":"2025-01-09T12:35:09","date_gmt":"2025-01-09T11:35:09","guid":{"rendered":"https:\/\/qlinea.com\/?page_id=27576"},"modified":"2025-09-23T08:55:05","modified_gmt":"2025-09-23T06:55:05","slug":"pressmeddelanden","status":"publish","type":"page","link":"https:\/\/qlinea.com\/sv\/investerare\/foretradesemission-2025\/pressmeddelanden\/","title":{"rendered":"Pressmeddelanden"},"content":{"rendered":"\r\n<section class=\"content_text contentmodule alignfull\" style=\"background-color: #fff\" data-text-color=\"''\">\r\n    <div class=\"wrapper\">\r\n        <div class=\"textWrapper\"><h1>Pressmeddelanden<\/h1>\n<p><strong>18 september 2025<\/strong><\/p>\n<p>Q-linea beslutar att genomf\u00f6ra en f\u00f6retr\u00e4desemission om cirka 322 MSEK och offentligg\u00f6r villkor. <a href=\"https:\/\/qlinea.com\/sv\/mfn_news\/q-linea-beslutar-att-genomfora-en-foretradesemission-om-cirka-322-msek-och-offentliggor-villkor\/\">L\u00e4s mer<\/a><\/p>\n<p><strong>18 september 2025<\/strong><br \/>\nKALLELSE TILL EXTRA BOLAGSST\u00c4MMA I Q-LINEA AB (PUBL). <a href=\"https:\/\/qlinea.com\/sv\/mfn_news\/kallelse-till-extra-bolagsstamma-i-q-linea-ab-publ-4\/\" target=\"_blank\" rel=\"noopener\"><strong>L\u00e4s mer<\/strong><\/a><\/p>\n<\/div>\r\n    <\/div>\r\n<\/section>\r\n","protected":false},"excerpt":{"rendered":"","protected":false},"author":1,"featured_media":0,"parent":27568,"menu_order":0,"comment_status":"closed","ping_status":"closed","template":"templates\/page-rights-issue-disclaimer.php","meta":{"_acf_changed":false,"footnotes":""},"class_list":["post-27576","page","type-page","status-publish","hentry"],"acf":[],"_links":{"self":[{"href":"https:\/\/qlinea.com\/sv\/wp-json\/wp\/v2\/pages\/27576","targetHints":{"allow":["GET"]}}],"collection":[{"href":"https:\/\/qlinea.com\/sv\/wp-json\/wp\/v2\/pages"}],"about":[{"href":"https:\/\/qlinea.com\/sv\/wp-json\/wp\/v2\/types\/page"}],"author":[{"embeddable":true,"href":"https:\/\/qlinea.com\/sv\/wp-json\/wp\/v2\/users\/1"}],"replies":[{"embeddable":true,"href":"https:\/\/qlinea.com\/sv\/wp-json\/wp\/v2\/comments?post=27576"}],"version-history":[{"count":10,"href":"https:\/\/qlinea.com\/sv\/wp-json\/wp\/v2\/pages\/27576\/revisions"}],"predecessor-version":[{"id":29404,"href":"https:\/\/qlinea.com\/sv\/wp-json\/wp\/v2\/pages\/27576\/revisions\/29404"}],"up":[{"embeddable":true,"href":"https:\/\/qlinea.com\/sv\/wp-json\/wp\/v2\/pages\/27568"}],"wp:attachment":[{"href":"https:\/\/qlinea.com\/sv\/wp-json\/wp\/v2\/media?parent=27576"}],"curies":[{"name":"wp","href":"https:\/\/api.w.org\/{rel}","templated":true}]}}