{"id":28872,"date":"2024-11-08T10:25:08","date_gmt":"2024-11-08T09:25:08","guid":{"rendered":"https:\/\/qlinea.com\/extraordinary-annual-general-meeting-2024\/"},"modified":"2025-06-09T08:58:20","modified_gmt":"2025-06-09T06:58:20","slug":"extraordinary-annual-general-meeting-2024","status":"publish","type":"page","link":"https:\/\/qlinea.com\/sv\/extraordinary-annual-general-meeting-2024\/","title":{"rendered":"Extra bolagsst\u00e4mma 2024"},"content":{"rendered":"\r\n<section class=\"content_text contentmodule alignfull\" style=\"background-color: #fff\" data-text-color=\"''\">\r\n    <div class=\"wrapper\">\r\n        <div class=\"textWrapper\"><h1>Extra bolagsst\u00e4mma\u00a02024<\/h1>\n<\/div>\r\n    <\/div>\r\n<\/section>\r\n\n\n\r\n<section class=\"content_table contentmodule alignfull\">\r\n    <div class=\"wrapper\">\r\n        \n<table id=\"tablepress-38\" class=\"tablepress tablepress-id-38\">\n<thead>\n<tr class=\"row-1\">\n\t<th colspan=\"2\" class=\"column-1\">Documents<\/th>\n<\/tr>\n<\/thead>\n<tbody class=\"row-striping row-hover\">\n<tr class=\"row-2\">\n\t<td class=\"column-1\"><a href=\"https:\/\/qlinea.com\/0986741_wp-uploads\/2025\/03\/Protokoll-EGM-6-december-2024-Q-linea-AB-2024-12-06.pdf\"><img decoding=\"async\" src=\"https:\/\/qlinea.com\/0986741_wp-uploads\/2019\/12\/Pdf-icon-134x150.png\" alt=\"ASTar brochure\" width=\"44\" height=\"50\" class=\"alignnone size-thumbnail wp-image-1046\" srcset=\"https:\/\/qlinea.com\/0986741_wp-uploads\/2019\/12\/Pdf-icon.png 134w, https:\/\/qlinea.com\/0986741_wp-uploads\/2019\/12\/Pdf-icon-120x137.png 120w\" sizes=\"(max-width: 44px) 100vw, 44px\" \/><\/a><\/td><td class=\"column-2\">Protokoll extra bolagst\u00e4mma, Q-linea AB (Publ), 2024-12-06<\/td>\n<\/tr>\n<tr class=\"row-3\">\n\t<td class=\"column-1\"><a href=\"https:\/\/qlinea.com\/0986741_wp-uploads\/2024\/11\/Villkor-for-teckningsoptioner-i-serie-2024_2027_2-avseende-nyteckning-av-aktier-i-Q-linea-AB-publ-sv-eng17356034.1.pdf\"><img decoding=\"async\" src=\"https:\/\/qlinea.com\/0986741_wp-uploads\/2019\/12\/Pdf-icon-134x150.png\" alt=\"ASTar brochure\" width=\"44\" height=\"50\" class=\"alignnone size-thumbnail wp-image-1046\" srcset=\"https:\/\/qlinea.com\/0986741_wp-uploads\/2019\/12\/Pdf-icon.png 134w, https:\/\/qlinea.com\/0986741_wp-uploads\/2019\/12\/Pdf-icon-120x137.png 120w\" sizes=\"(max-width: 44px) 100vw, 44px\" \/><\/a><\/td><td class=\"column-2\">VILLKOR F\u00d6R TECKNINGSOPTIONER AV SERIE 2024\/2027:2 AVSEENDE NYTECKNING AV AKTIER I Q-LINEA AB (PUBL) <\/td>\n<\/tr>\n<tr class=\"row-4\">\n\t<td class=\"column-1\"><a href=\"https:\/\/qlinea.com\/0986741_wp-uploads\/2024\/11\/Villkor-for-teckningsoptioner-av-serie-TO-1-sveng_-Q-linea-AB_.pdf\"><img decoding=\"async\" src=\"https:\/\/qlinea.com\/0986741_wp-uploads\/2019\/12\/Pdf-icon-134x150.png\" alt=\"ASTar brochure\" width=\"44\" height=\"50\" class=\"alignnone size-thumbnail wp-image-1046\" srcset=\"https:\/\/qlinea.com\/0986741_wp-uploads\/2019\/12\/Pdf-icon.png 134w, https:\/\/qlinea.com\/0986741_wp-uploads\/2019\/12\/Pdf-icon-120x137.png 120w\" sizes=\"(max-width: 44px) 100vw, 44px\" \/><\/a><\/td><td class=\"column-2\">VILLKOR F\u00d6R TECKNINGSOPTIONER AV SERIE TO 1<\/td>\n<\/tr>\n<tr class=\"row-5\">\n\t<td class=\"column-1\"><a href=\"https:\/\/qlinea.com\/0986741_wp-uploads\/2024\/11\/Signerat-revisorsyttrande-ABL-13-kap.-6-\u00a7-och-14-kap.-8-\u00a7-Q-linea-AB.pdf\"><img decoding=\"async\" src=\"https:\/\/qlinea.com\/0986741_wp-uploads\/2019\/12\/Pdf-icon-134x150.png\" alt=\"ASTar brochure\" width=\"44\" height=\"50\" class=\"alignnone size-thumbnail wp-image-1046\" srcset=\"https:\/\/qlinea.com\/0986741_wp-uploads\/2019\/12\/Pdf-icon.png 134w, https:\/\/qlinea.com\/0986741_wp-uploads\/2019\/12\/Pdf-icon-120x137.png 120w\" sizes=\"(max-width: 44px) 100vw, 44px\" \/><\/a><\/td><td class=\"column-2\">REVISORSYTTRANDE AVSEENDE STYRELSENS REDOG\u00d6RELSE<\/td>\n<\/tr>\n<tr class=\"row-6\">\n\t<td class=\"column-1\"><a href=\"https:\/\/qlinea.com\/0986741_wp-uploads\/2024\/11\/Styrelsens-redogorelse-enligt-13-kap.-6-\u00a7-och-14-kap.-8-\u00a7-ABL-Q-linea-AB.pdf\"><img decoding=\"async\" src=\"https:\/\/qlinea.com\/0986741_wp-uploads\/2019\/12\/Pdf-icon-134x150.png\" alt=\"ASTar brochure\" width=\"44\" height=\"50\" class=\"alignnone size-thumbnail wp-image-1046\" srcset=\"https:\/\/qlinea.com\/0986741_wp-uploads\/2019\/12\/Pdf-icon.png 134w, https:\/\/qlinea.com\/0986741_wp-uploads\/2019\/12\/Pdf-icon-120x137.png 120w\" sizes=\"(max-width: 44px) 100vw, 44px\" \/><\/a><\/td><td class=\"column-2\">STYRELSENS REDOG\u00d6RELSE \u00d6VER V\u00c4SENTLIGA H\u00c4NDELSER<\/td>\n<\/tr>\n<tr class=\"row-7\">\n\t<td class=\"column-1\"><a href=\"https:\/\/qlinea.com\/0986741_wp-uploads\/2024\/11\/kallelse-till-extra-bolagsstamma-i-q-linea-ab-publ.pdf\"><img decoding=\"async\" src=\"https:\/\/qlinea.com\/0986741_wp-uploads\/2019\/12\/Pdf-icon-134x150.png\" alt=\"ASTar brochure\" width=\"44\" height=\"50\" class=\"alignnone size-thumbnail wp-image-1046\" srcset=\"https:\/\/qlinea.com\/0986741_wp-uploads\/2019\/12\/Pdf-icon.png 134w, https:\/\/qlinea.com\/0986741_wp-uploads\/2019\/12\/Pdf-icon-120x137.png 120w\" sizes=\"(max-width: 44px) 100vw, 44px\" \/><\/a><\/td><td class=\"column-2\">KALLELSE TILL EXTRA BOLAGSST\u00c4MMA I Q-LINEA AB (PUBL)<\/td>\n<\/tr>\n<\/tbody>\n<\/table>\n<!-- #tablepress-38 from cache -->    <\/div>\r\n<\/section>\r\n","protected":false},"excerpt":{"rendered":"","protected":false},"author":37,"featured_media":0,"parent":0,"menu_order":0,"comment_status":"closed","ping_status":"closed","template":"","meta":{"_acf_changed":false,"footnotes":""},"class_list":["post-28872","page","type-page","status-publish","hentry"],"acf":[],"_links":{"self":[{"href":"https:\/\/qlinea.com\/sv\/wp-json\/wp\/v2\/pages\/28872","targetHints":{"allow":["GET"]}}],"collection":[{"href":"https:\/\/qlinea.com\/sv\/wp-json\/wp\/v2\/pages"}],"about":[{"href":"https:\/\/qlinea.com\/sv\/wp-json\/wp\/v2\/types\/page"}],"author":[{"embeddable":true,"href":"https:\/\/qlinea.com\/sv\/wp-json\/wp\/v2\/users\/37"}],"replies":[{"embeddable":true,"href":"https:\/\/qlinea.com\/sv\/wp-json\/wp\/v2\/comments?post=28872"}],"version-history":[{"count":4,"href":"https:\/\/qlinea.com\/sv\/wp-json\/wp\/v2\/pages\/28872\/revisions"}],"predecessor-version":[{"id":28883,"href":"https:\/\/qlinea.com\/sv\/wp-json\/wp\/v2\/pages\/28872\/revisions\/28883"}],"wp:attachment":[{"href":"https:\/\/qlinea.com\/sv\/wp-json\/wp\/v2\/media?parent=28872"}],"curies":[{"name":"wp","href":"https:\/\/api.w.org\/{rel}","templated":true}]}}