{"id":29372,"date":"2025-09-19T12:51:46","date_gmt":"2025-09-19T10:51:46","guid":{"rendered":"https:\/\/qlinea.com\/?page_id=29372"},"modified":"2025-09-23T15:01:20","modified_gmt":"2025-09-23T13:01:20","slug":"foretradesemission-2024","status":"publish","type":"page","link":"https:\/\/qlinea.com\/sv\/investerare\/foretradesemission-2024\/","title":{"rendered":"F\u00f6retr\u00e4desemission 2024"},"content":{"rendered":"\r\n<section class=\"content_text contentmodule alignfull\" style=\"background-color: #fff\" data-text-color=\"''\">\r\n    <div class=\"wrapper\">\r\n        <div class=\"textWrapper\"><h1>Om f\u00f6retr\u00e4desemission 2024<\/h1>\n<p>Q-linea genomf\u00f6rde en f\u00f6retr\u00e4desemission av units i januari 2025 (\u201d<strong>F\u00f6retr\u00e4desemissionen<\/strong>\u201d). Varje unit som emitterades i F\u00f6retr\u00e4desemissionen bestod av tv\u00e5 (2) aktier och en (1) teckningsoption serie TO 1. En (1) teckningsoption serie TO 1 ber\u00e4ttigar innehavaren till teckning av en (1) ny aktie i Bolaget. Teckningskursen f\u00f6r teckningsoptionerna var best\u00e4md till 70 procent av den volymviktade genomsnittskursen i Bolagets aktie p\u00e5 Nasdaq Stockholm under perioden fr\u00e5n och med den 14 april 2025 till och med den 29 april 2025, dock inte l\u00e4gre \u00e4n aktiens kvotv\u00e4rde (0,01 SEK per aktie). Den volymviktade genomsnittskursen under priss\u00e4ttningsperioden uppgick till cirka 0,04 SEK per aktie, och s\u00e5ledes \u00e4r teckningskursen, i linje med Euroclears begr\u00e4nsning om tv\u00e5 decimaler, fastst\u00e4lld till 0,03 SEK per aktie. Vid fullt nyttjande av samtliga teckningsoptioner tillf\u00f6rs Q-linea s\u00e5ledes cirka 65,0 MSEK f\u00f6re emissionskostnader (\u201d<strong>Teckningsoptionsprogrammet<\/strong>\u201d).<\/p>\n<p>&nbsp;<\/p>\n<p><strong>Teckningsavsikter<\/strong><\/p>\n<p>Den 16 april 2025 offentliggjorde Bolaget att de erh\u00e5llit teckningsavsikter fr\u00e5n st\u00f6rre aktie\u00e4gare, inklusive Ulf Landegren (Landegren Gene Technology AB), Investment AB \u00d6resund, Transferator AB och Fj\u00e4rde AP-fonden, som innehar teckningsoptioner motsvarande cirka 61 procent av Teckningsoptionsprogrammet, motsvarande cirka 39,9 MSEK. Ut\u00f6ver ovanst\u00e5ende har Bolaget nu \u00e4ven erh\u00e5llit teckningsavsikter fr\u00e5n samtliga medlemmar i Bolagets styrelse och ledning som innehar teckningsoptioner uppg\u00e5ende till deras fulla innehav av teckningsoptioner, motsvarande totalt cirka 1 procent av Teckningsoptionsprogrammet, motsvarande cirka 0,6 MSEK. D\u00e4rmed har teckningsavsikter om totalt cirka 62 procent av Teckningsoptionsprogrammet, motsvarande cirka 40,5 MSEK, erh\u00e5llits fr\u00e5n st\u00f6rre aktie\u00e4gare, d\u00e4ribland Ulf Landegren (Landegren Gene Technology AB), Investment AB \u00d6resund, Transferator AB och Fj\u00e4rde AP-fonden, och Bolagets styrelse och ledning, d\u00e4ribland Bolagets koncernchef Stuart Gander.<\/p>\n<p>&nbsp;<\/p>\n<p><strong>Sammanfattande instruktioner och viktiga datum<\/strong><\/p>\n<p>Innehavare av teckningsoptioner som \u00f6nskar nyttja dessa f\u00f6r att teckna aktier m\u00e5ste sj\u00e4lva anm\u00e4la detta senast den 19 maj 2025. Teckningsoptioner som inte nyttjats senast den 19 maj 2025 f\u00f6rfaller utan v\u00e4rde. Innehavare som inte \u00f6nskar nyttja sina teckningsoptioner bereds m\u00f6jlighet att s\u00e4lja dessa. Handel med teckningsoptionerna p\u00e5g\u00e5r till och med den 15 maj 2025.<\/p>\n<p>&nbsp;<\/p>\n<p><strong>Detaljerad information och instruktioner f\u00f6r teckning<\/strong><\/p>\n<p><em>Nyttjande av f\u00f6rvaltarregistrerade teckningsoptioner<\/em><\/p>\n<p>Innehavare som har sitt innehav av teckningsoptioner f\u00f6rvaltarregistrerat (innehav p\u00e5 aktiedep\u00e5, ISK-konto eller kapitalf\u00f6rs\u00e4kring) ska anm\u00e4la nyttjandet av teckningsoptioner genom att kontakta sin f\u00f6rvaltare och f\u00f6lja f\u00f6rvaltarens instruktioner avseende teckning och betalning. Detta b\u00f6r ske i god tid f\u00f6re den 19 maj 2025 d\u00e5 olika f\u00f6rvaltare har olika handl\u00e4ggningstider och anm\u00e4lningsfrister.<\/p>\n<p><em>Nyttjande av direktregistrerade teckningsoptioner<\/em><\/p>\n<p>Innehavare som har sitt innehav av teckningsoptioner direktregistrerat (innehav p\u00e5 VP-konto) ska anm\u00e4la nyttjandet av teckningsoptioner genom att fylla i och skicka in anm\u00e4lningssedel f\u00f6r nyttjandet, s\u00e5 att anm\u00e4lningssedeln \u00e4r emissionsinstitutet Vator Securities AB tillhanda senast den 19 maj 2025.<\/p>\n<p>&nbsp;<\/p>\n<p><strong>Handel med TO 1<\/strong><\/p>\n<p>De innehavare som inte \u00f6nskar nyttja sina teckningsoptioner har m\u00f6jlighet att s\u00e4lja dem p\u00e5 Nasdaq Stockholm. Teckningsoptionerna handlas fram till och med den 15 maj 2025 under kortnamn QLINEA TO1 och med ISIN-kod SE0023641121. Teckningsoptioner som inte s\u00e4ljs senast den 15 maj 2025 eller nyttjas senast den 19 maj 2025 f\u00f6rfaller utan v\u00e4rde.<\/p>\n<p>&nbsp;<\/p>\n<p><strong>Utfall och leverans av nya aktier<\/strong><\/p>\n<p>Utfallet av nyttjandet av teckningsoptionerna kommer att offentligg\u00f6ras via pressmeddelande omkring den 21 maj 2025. Tecknade och betalda aktier kan komma att registreras p\u00e5 tecknarens v\u00e4rdepappersdep\u00e5 som interimsaktier (IA) fram till dess att registrering av emissionen \u00e4r genomf\u00f6rd hos Bolagsverket, varp\u00e5 interimsaktier automatiskt omvandlas till aktier i Q-linea.<\/p>\n<p>&nbsp;<\/p>\n<p><strong>F\u00f6r\u00e4ndring av aktiekapital och antal aktier<\/strong><\/p>\n<p>Vid fullt nyttjande av samtliga 2 165 560 862 teckningsoptioner serie TO 1 kommer aktiekapitalet att \u00f6ka med h\u00f6gst 21\u00a0655\u00a0608,62 SEK till 66\u00a0138\u00a0498,58 SEK genom utgivande av h\u00f6gst 2 165 560\u00a0862 nya aktier, vilket resulterar i att det totala antalet utest\u00e5ende aktier i Bolaget \u00f6kar fr\u00e5n<br \/>\n4\u00a0448\u00a0288 096 till 6\u00a0613\u00a0848 958. Vid fullt nyttjande av samtliga teckningsoptioner serie TO 1 uppg\u00e5r utsp\u00e4dningen av aktierna till cirka 32,7 procent.<\/p>\n<p>&nbsp;<\/p>\n<\/div>\r\n    <\/div>\r\n<\/section>\r\n\n\n\r\n<section class=\"content_table contentmodule alignfull\">\r\n    <div class=\"wrapper\">\r\n        \n<table id=\"tablepress-40\" class=\"tablepress tablepress-id-40\">\n<thead>\n<tr class=\"row-1\">\n\t<th colspan=\"2\" class=\"column-1\">Dokument<\/th>\n<\/tr>\n<\/thead>\n<tbody class=\"row-striping row-hover\">\n<tr class=\"row-2\">\n\t<td class=\"column-1\"><a href=\"https:\/\/qlinea.com\/0986741_wp-uploads\/2025\/05\/Styrelsens-redogorelse-enligt-14-kap.-32-\u00a7-ABL-Q-linea-AB-2025-05-0617784238.pdf\"><img decoding=\"async\" src=\"https:\/\/qlinea.com\/0986741_wp-uploads\/2019\/12\/Pdf-icon-134x150.png\" alt=\"F\u00f6renklat prospekt\" width=\"44\" height=\"50\" class=\"alignnone size-thumbnail\" \/><\/a><\/td><td class=\"column-2\">Styrelsens redog\u00f6relse<\/td>\n<\/tr>\n<tr class=\"row-3\">\n\t<td class=\"column-1\"><a href=\"https:\/\/qlinea.com\/0986741_wp-uploads\/2025\/05\/Signerat-Revisorsyttrande-14-kap.-32-\u00a7-ABL-Q-linea-AB-2025-05-0617784945.pdf\"><img decoding=\"async\" src=\"https:\/\/qlinea.com\/0986741_wp-uploads\/2019\/12\/Pdf-icon-134x150.png\" alt=\"F\u00f6renklat prospekt\" width=\"44\" height=\"50\" class=\"alignnone size-thumbnail\" \/><\/a><\/td><td class=\"column-2\">Signerat Revisorsyttrande<\/td>\n<\/tr>\n<tr class=\"row-4\">\n\t<td class=\"column-1\"><a href=\"https:\/\/qlinea.com\/0986741_wp-uploads\/2025\/05\/Q-linea-TO-1-Folder-1.pdf\"><img decoding=\"async\" src=\"https:\/\/qlinea.com\/0986741_wp-uploads\/2019\/12\/Pdf-icon-134x150.png\" alt=\"F\u00f6renklat prospekt\" width=\"44\" height=\"50\" class=\"alignnone size-thumbnail\" \/><\/a><\/td><td class=\"column-2\">TO 1 &#8211; Folder <\/td>\n<\/tr>\n<tr class=\"row-5\">\n\t<td class=\"column-1\"><a href=\"https:\/\/qlinea.com\/0986741_wp-uploads\/2025\/05\/TO-1-Anmalningssedel-VP.pdf\"><img decoding=\"async\" src=\"https:\/\/qlinea.com\/0986741_wp-uploads\/2019\/12\/Pdf-icon-134x150.png\" alt=\"F\u00f6renklat prospekt\" width=\"44\" height=\"50\" class=\"alignnone size-thumbnail\" \/><\/a><\/td><td class=\"column-2\">TO 1 &#8211; Anm\u00e4lningssedel (VP)<\/td>\n<\/tr>\n<tr class=\"row-6\">\n\t<td class=\"column-1\"><a href=\"https:\/\/qlinea.com\/0986741_wp-uploads\/2025\/05\/TO-1-FDI-lagstiftning.pdf\"><img decoding=\"async\" src=\"https:\/\/qlinea.com\/0986741_wp-uploads\/2019\/12\/Pdf-icon-134x150.png\" alt=\"F\u00f6renklat prospekt\" width=\"44\" height=\"50\" class=\"alignnone size-thumbnail\" \/><\/a><\/td><td class=\"column-2\">TO 1 &#8211; FDI lagstiftning<\/td>\n<\/tr>\n<tr class=\"row-7\">\n\t<td class=\"column-1\"><a href=\"https:\/\/qlinea.com\/0986741_wp-uploads\/2025\/01\/Tillaggsprospekt-last-Q-linea-AB-publ-final-2025-01-2717533510.pdf\"><img decoding=\"async\" src=\"https:\/\/qlinea.com\/0986741_wp-uploads\/2019\/12\/Pdf-icon-134x150.png\" alt=\"F\u00f6renklat prospekt\" width=\"44\" height=\"50\" class=\"alignnone size-thumbnail\" \/><\/a><\/td><td class=\"column-2\">Till\u00e4ggsprospekt<\/td>\n<\/tr>\n<tr class=\"row-8\">\n\t<td class=\"column-1\"><a href=\"https:\/\/qlinea.com\/0986741_wp-uploads\/2025\/01\/Prospekt-last-Q-Linea-AB-final-2025-01-09.pdf\"><img decoding=\"async\" src=\"https:\/\/qlinea.com\/0986741_wp-uploads\/2019\/12\/Pdf-icon-134x150.png\" alt=\"F\u00f6renklat prospekt\" width=\"44\" height=\"50\" class=\"alignnone size-thumbnail\" \/><\/a><\/td><td class=\"column-2\">Prospekt<\/td>\n<\/tr>\n<tr class=\"row-9\">\n\t<td class=\"column-1\"><a href=\"https:\/\/qlinea.com\/0986741_wp-uploads\/2025\/05\/Bolagsordning-Q-linea-AB-2025-04-03.pdf\"><img decoding=\"async\" src=\"https:\/\/qlinea.com\/0986741_wp-uploads\/2019\/12\/Pdf-icon-134x150.png\" alt=\"F\u00f6renklat prospekt\" width=\"44\" height=\"50\" class=\"alignnone size-thumbnail\" \/><\/a><\/td><td class=\"column-2\">Bolagsordning<\/td>\n<\/tr>\n<tr class=\"row-10\">\n\t<td class=\"column-1\"><a href=\"https:\/\/qlinea.com\/0986741_wp-uploads\/2025\/05\/Registreringsbevis-Q-linea-AB-2025-03-24.pdf\"><img decoding=\"async\" src=\"https:\/\/qlinea.com\/0986741_wp-uploads\/2019\/12\/Pdf-icon-134x150.png\" alt=\"F\u00f6renklat prospekt\" width=\"44\" height=\"50\" class=\"alignnone size-thumbnail\" \/><\/a><\/td><td class=\"column-2\">Registreringsbevis<\/td>\n<\/tr>\n<tr class=\"row-11\">\n\t<td class=\"column-1\"><a href=\"https:\/\/qlinea.com\/0986741_wp-uploads\/2025\/01\/Villkor-for-teckningsoptioner-av-serie-TO-1-sveng_-Q-linea-AB_.pdf\"><img decoding=\"async\" src=\"https:\/\/qlinea.com\/0986741_wp-uploads\/2019\/12\/Pdf-icon-134x150.png\" alt=\"F\u00f6renklat prospekt\" width=\"44\" height=\"50\" class=\"alignnone size-thumbnail\" \/><\/a><\/td><td class=\"column-2\">Villkor f\u00f6r teckningsoptioner av serie TO 1 <\/td>\n<\/tr>\n<\/tbody>\n<\/table>\n<!-- #tablepress-40 from cache -->    <\/div>\r\n<\/section>\r\n","protected":false},"excerpt":{"rendered":"","protected":false},"author":68,"featured_media":0,"parent":3365,"menu_order":0,"comment_status":"closed","ping_status":"closed","template":"templates\/page-rights-issue-disclaimer.php","meta":{"_acf_changed":false,"footnotes":""},"class_list":["post-29372","page","type-page","status-publish","hentry"],"acf":[],"_links":{"self":[{"href":"https:\/\/qlinea.com\/sv\/wp-json\/wp\/v2\/pages\/29372","targetHints":{"allow":["GET"]}}],"collection":[{"href":"https:\/\/qlinea.com\/sv\/wp-json\/wp\/v2\/pages"}],"about":[{"href":"https:\/\/qlinea.com\/sv\/wp-json\/wp\/v2\/types\/page"}],"author":[{"embeddable":true,"href":"https:\/\/qlinea.com\/sv\/wp-json\/wp\/v2\/users\/68"}],"replies":[{"embeddable":true,"href":"https:\/\/qlinea.com\/sv\/wp-json\/wp\/v2\/comments?post=29372"}],"version-history":[{"count":5,"href":"https:\/\/qlinea.com\/sv\/wp-json\/wp\/v2\/pages\/29372\/revisions"}],"predecessor-version":[{"id":29411,"href":"https:\/\/qlinea.com\/sv\/wp-json\/wp\/v2\/pages\/29372\/revisions\/29411"}],"up":[{"embeddable":true,"href":"https:\/\/qlinea.com\/sv\/wp-json\/wp\/v2\/pages\/3365"}],"wp:attachment":[{"href":"https:\/\/qlinea.com\/sv\/wp-json\/wp\/v2\/media?parent=29372"}],"curies":[{"name":"wp","href":"https:\/\/api.w.org\/{rel}","templated":true}]}}