{"id":30102,"date":"2026-05-04T14:51:16","date_gmt":"2026-05-04T12:51:16","guid":{"rendered":"https:\/\/qlinea.com\/?page_id=30102"},"modified":"2026-05-07T08:31:50","modified_gmt":"2026-05-07T06:31:50","slug":"arsstamma-2026","status":"publish","type":"page","link":"https:\/\/qlinea.com\/sv\/arsstamma-2026\/","title":{"rendered":"\u00c5rsst\u00e4mma 2026"},"content":{"rendered":"\r\n<section class=\"content_text contentmodule alignfull\" style=\"background-color: #fff\" data-text-color=\"''\">\r\n    <div class=\"wrapper\">\r\n        <div class=\"textWrapper\"><h1>\u00c5rsst\u00e4mma 2026<\/h1>\n<\/div>\r\n    <\/div>\r\n<\/section>\r\n\n\n\r\n<section class=\"content_table contentmodule alignfull\">\r\n    <div class=\"wrapper\">\r\n        \n<table id=\"tablepress-50\" class=\"tablepress tablepress-id-50\">\n<thead>\n<tr class=\"row-1\">\n\t<th colspan=\"2\" class=\"column-1\">Documents<\/th>\n<\/tr>\n<\/thead>\n<tbody class=\"row-striping row-hover\">\n<tr class=\"row-2\">\n\t<td class=\"column-1\"><a href=\"https:\/\/qlinea.com\/0986741_wp-uploads\/2026\/05\/Fullmaktsformular-Q-linea-Arsstamma-202618536129.pdf\"><img decoding=\"async\" src=\"https:\/\/qlinea.com\/0986741_wp-uploads\/2019\/12\/Pdf-icon-134x150.png\" alt=\"ASTar brochure\" width=\"44\" height=\"50\" class=\"alignnone size-thumbnail wp-image-1046\" srcset=\"https:\/\/qlinea.com\/0986741_wp-uploads\/2019\/12\/Pdf-icon.png 134w, https:\/\/qlinea.com\/0986741_wp-uploads\/2019\/12\/Pdf-icon-120x137.png 120w\" sizes=\"(max-width: 44px) 100vw, 44px\" \/><\/a><\/td><td class=\"column-2\">Fullmaktsformul\u00e4r, Q-linea, \u00c5rsst\u00e4mma 2026<\/td>\n<\/tr>\n<tr class=\"row-3\">\n\t<td class=\"column-1\"><a href=\"https:\/\/qlinea.com\/0986741_wp-uploads\/2026\/05\/Villkor-for-teckningsoptioner-i-serie-2026_2029-avseende-nyteckning-av-aktier-i-Q-linea-AB-publ18633684.pdf\"><img decoding=\"async\" src=\"https:\/\/qlinea.com\/0986741_wp-uploads\/2019\/12\/Pdf-icon-134x150.png\" alt=\"ASTar brochure\" width=\"44\" height=\"50\" class=\"alignnone size-thumbnail wp-image-1046\" srcset=\"https:\/\/qlinea.com\/0986741_wp-uploads\/2019\/12\/Pdf-icon.png 134w, https:\/\/qlinea.com\/0986741_wp-uploads\/2019\/12\/Pdf-icon-120x137.png 120w\" sizes=\"(max-width: 44px) 100vw, 44px\" \/><\/a><\/td><td class=\"column-2\">Villkor f\u00f6r teckningsoptioner i serie (2026_2029) avseende nyteckning av aktier i Q-linea AB (publ)<\/td>\n<\/tr>\n<tr class=\"row-4\">\n\t<td class=\"column-1\"><a href=\"https:\/\/qlinea.com\/0986741_wp-uploads\/2026\/05\/Styrelsens-forslag-till-aterkop-av-egna-aktier-2026-Q-linea-AB.18633664.pdf\"><img decoding=\"async\" src=\"https:\/\/qlinea.com\/0986741_wp-uploads\/2019\/12\/Pdf-icon-134x150.png\" alt=\"ASTar brochure\" width=\"44\" height=\"50\" class=\"alignnone size-thumbnail wp-image-1046\" srcset=\"https:\/\/qlinea.com\/0986741_wp-uploads\/2019\/12\/Pdf-icon.png 134w, https:\/\/qlinea.com\/0986741_wp-uploads\/2019\/12\/Pdf-icon-120x137.png 120w\" sizes=\"(max-width: 44px) 100vw, 44px\" \/><\/a><\/td><td class=\"column-2\">Styrelsens f\u00f6rslag till \u00e5terk\u00f6p av egna aktier 2026, Q-linea AB.<\/td>\n<\/tr>\n<tr class=\"row-5\">\n\t<td class=\"column-1\"><a href=\"https:\/\/qlinea.com\/0986741_wp-uploads\/2026\/05\/Valberedningens-motiverade-yttrande-samt-redogorelse-2026-Q-linea-AB-publ18631730.pdf\"><img decoding=\"async\" src=\"https:\/\/qlinea.com\/0986741_wp-uploads\/2019\/12\/Pdf-icon-134x150.png\" alt=\"ASTar brochure\" width=\"44\" height=\"50\" class=\"alignnone size-thumbnail wp-image-1046\" srcset=\"https:\/\/qlinea.com\/0986741_wp-uploads\/2019\/12\/Pdf-icon.png 134w, https:\/\/qlinea.com\/0986741_wp-uploads\/2019\/12\/Pdf-icon-120x137.png 120w\" sizes=\"(max-width: 44px) 100vw, 44px\" \/><\/a><\/td><td class=\"column-2\">Valberedningens motiverade yttrande samt redogo\u0308relse 2026 Q-linea AB (publ)<\/td>\n<\/tr>\n<tr class=\"row-6\">\n\t<td class=\"column-1\"><a href=\"https:\/\/qlinea.com\/0986741_wp-uploads\/2026\/05\/Yttrande_riktlinjer_ersattningar_q-linea_2025-signed-1442857618619358.pdf\"><img decoding=\"async\" src=\"https:\/\/qlinea.com\/0986741_wp-uploads\/2019\/12\/Pdf-icon-134x150.png\" alt=\"ASTar brochure\" width=\"44\" height=\"50\" class=\"alignnone size-thumbnail wp-image-1046\" srcset=\"https:\/\/qlinea.com\/0986741_wp-uploads\/2019\/12\/Pdf-icon.png 134w, https:\/\/qlinea.com\/0986741_wp-uploads\/2019\/12\/Pdf-icon-120x137.png 120w\" sizes=\"(max-width: 44px) 100vw, 44px\" \/><\/a><\/td><td class=\"column-2\">Yttrande_riktlinjer_ersattningar_q-linea_2025-signed<\/td>\n<\/tr>\n<tr class=\"row-7\">\n\t<td class=\"column-1\"><a href=\"https:\/\/qlinea.com\/0986741_wp-uploads\/2026\/05\/Qlinea_2025_SV.pdf\"><img decoding=\"async\" src=\"https:\/\/qlinea.com\/0986741_wp-uploads\/2019\/12\/Pdf-icon-134x150.png\" alt=\"ASTar brochure\" width=\"44\" height=\"50\" class=\"alignnone size-thumbnail wp-image-1046\" srcset=\"https:\/\/qlinea.com\/0986741_wp-uploads\/2019\/12\/Pdf-icon.png 134w, https:\/\/qlinea.com\/0986741_wp-uploads\/2019\/12\/Pdf-icon-120x137.png 120w\" sizes=\"(max-width: 44px) 100vw, 44px\" \/><\/a><\/td><td class=\"column-2\">Qlinea_2025_SV<\/td>\n<\/tr>\n<tr class=\"row-8\">\n\t<td class=\"column-1\"><a href=\"https:\/\/qlinea.com\/0986741_wp-uploads\/2026\/05\/Styrelsens-forslag-till-beslut-om-bemyndigande-for-styrelsen-att-fatta-beslut-om-emission-2026-Q-linea-AB18633308.pdf\"><img decoding=\"async\" src=\"https:\/\/qlinea.com\/0986741_wp-uploads\/2019\/12\/Pdf-icon-134x150.png\" alt=\"ASTar brochure\" width=\"44\" height=\"50\" class=\"alignnone size-thumbnail wp-image-1046\" srcset=\"https:\/\/qlinea.com\/0986741_wp-uploads\/2019\/12\/Pdf-icon.png 134w, https:\/\/qlinea.com\/0986741_wp-uploads\/2019\/12\/Pdf-icon-120x137.png 120w\" sizes=\"(max-width: 44px) 100vw, 44px\" \/><\/a><\/td><td class=\"column-2\">Styrelsens f\u00f6rslag till beslut om bemyndigande f\u00f6r styrelsen att fatta beslut om emission 2026, Q-linea AB<\/td>\n<\/tr>\n<tr class=\"row-9\">\n\t<td class=\"column-1\"><a href=\"https:\/\/qlinea.com\/0986741_wp-uploads\/2026\/05\/Styrelsens-fullstandiga-forslag-till-langsiktigt-aktiesparprogram-LTIP-2026-Q-linea-AB18631895.pdf\"><img decoding=\"async\" src=\"https:\/\/qlinea.com\/0986741_wp-uploads\/2019\/12\/Pdf-icon-134x150.png\" alt=\"ASTar brochure\" width=\"44\" height=\"50\" class=\"alignnone size-thumbnail wp-image-1046\" srcset=\"https:\/\/qlinea.com\/0986741_wp-uploads\/2019\/12\/Pdf-icon.png 134w, https:\/\/qlinea.com\/0986741_wp-uploads\/2019\/12\/Pdf-icon-120x137.png 120w\" sizes=\"(max-width: 44px) 100vw, 44px\" \/><\/a><\/td><td class=\"column-2\">Styrelsens fullst\u00e4ndiga f\u00f6rslag till l\u00e5ngsiktigt aktiesparprogram (LTIP) 2026, Q-linea AB<\/td>\n<\/tr>\n<tr class=\"row-10\">\n\t<td class=\"column-1\"><a href=\"https:\/\/qlinea.com\/0986741_wp-uploads\/2026\/05\/Valberedningens-forslag-till-beslut-infor-arsstamma-2026-Q-linea-AB-publ18631582.pdf\"><img decoding=\"async\" src=\"https:\/\/qlinea.com\/0986741_wp-uploads\/2019\/12\/Pdf-icon-134x150.png\" alt=\"ASTar brochure\" width=\"44\" height=\"50\" class=\"alignnone size-thumbnail wp-image-1046\" srcset=\"https:\/\/qlinea.com\/0986741_wp-uploads\/2019\/12\/Pdf-icon.png 134w, https:\/\/qlinea.com\/0986741_wp-uploads\/2019\/12\/Pdf-icon-120x137.png 120w\" sizes=\"(max-width: 44px) 100vw, 44px\" \/><\/a><\/td><td class=\"column-2\">Valberedningens fo\u0308rslag till beslut info\u0308r a\u030arssta\u0308mma 2026 Q-linea AB (publ)<\/td>\n<\/tr>\n<\/tbody>\n<\/table>\n<!-- #tablepress-50 from cache -->    <\/div>\r\n<\/section>\r\n","protected":false},"excerpt":{"rendered":"","protected":false},"author":95,"featured_media":0,"parent":0,"menu_order":0,"comment_status":"closed","ping_status":"closed","template":"","meta":{"_acf_changed":false,"footnotes":""},"class_list":["post-30102","page","type-page","status-publish","hentry"],"acf":[],"_links":{"self":[{"href":"https:\/\/qlinea.com\/sv\/wp-json\/wp\/v2\/pages\/30102","targetHints":{"allow":["GET"]}}],"collection":[{"href":"https:\/\/qlinea.com\/sv\/wp-json\/wp\/v2\/pages"}],"about":[{"href":"https:\/\/qlinea.com\/sv\/wp-json\/wp\/v2\/types\/page"}],"author":[{"embeddable":true,"href":"https:\/\/qlinea.com\/sv\/wp-json\/wp\/v2\/users\/95"}],"replies":[{"embeddable":true,"href":"https:\/\/qlinea.com\/sv\/wp-json\/wp\/v2\/comments?post=30102"}],"version-history":[{"count":2,"href":"https:\/\/qlinea.com\/sv\/wp-json\/wp\/v2\/pages\/30102\/revisions"}],"predecessor-version":[{"id":30153,"href":"https:\/\/qlinea.com\/sv\/wp-json\/wp\/v2\/pages\/30102\/revisions\/30153"}],"wp:attachment":[{"href":"https:\/\/qlinea.com\/sv\/wp-json\/wp\/v2\/media?parent=30102"}],"curies":[{"name":"wp","href":"https:\/\/api.w.org\/{rel}","templated":true}]}}