{"id":3365,"date":"2020-01-14T09:17:48","date_gmt":"2020-01-14T08:17:48","guid":{"rendered":"https:\/\/qlinea.com\/?page_id=3365"},"modified":"2024-04-25T08:40:56","modified_gmt":"2024-04-25T06:40:56","slug":"investerare","status":"publish","type":"page","link":"https:\/\/qlinea.com\/sv\/investerare\/","title":{"rendered":"Investerare"},"content":{"rendered":"\r\n<section class=\"header_dynamic headermodule\" style=\"background-color: ; background-image: url(https:\/\/qlinea.com\/0986741_wp-uploads\/2020\/01\/20181204-QLINEA-scaled.jpg);\">\r\n        <div class=\"textBox\">\r\n        <div class=\"layer\"><\/div> \r\n        <div class=\"textWrapper wrapper\">\r\n            <div class=\"textPos\">\r\n                <h1 class=\"title\">Q-linea som investering<\/h1>\r\n                <p>V\u00e4lkommen till sektionen f\u00f6r investerarrelationer. H\u00e4r har vi samlat viktig information om Q-linea f\u00f6r investerare och andra som \u00e4r intresserade av v\u00e5r verksamhet.<\/p>\n                <div class=\"numbersContainer\">\r\n                    <strong>Nasdaq Stockholm(QLINEA): <\/strong><span class=\"info\">Kursen har en f\u00f6rdr\u00f6jning p\u00e5 15 minuter<\/span>\r\n                    <div class=\"numbers\">\r\n                        <div class=\"number\">\r\n                            <h1 class=\"noLine\">21.1<\/h1>\r\n                            <span>SEK<\/span>\r\n                        <\/div>\r\n                        <div class=\"number\">\r\n                            <h1 class=\"noLine\">-3.21<\/h1>\r\n                            <span>procent<\/span>\r\n                        <\/div>\r\n                    <\/div>\r\n                <\/div>\r\n            <\/div>\r\n        <\/div>\r\n    <\/div>\r\n    <div class=\"textMobile\">\r\n        <div class=\"wrapper\">\r\n            <h1 class=\"title\">Q-linea som investering<\/h1>\r\n        <\/div>\r\n        <img decoding=\"async\" src=\"https:\/\/qlinea.com\/0986741_wp-uploads\/2020\/01\/20181204-QLINEA-scaled.jpg\" alt=\"Q-linea som investering\">\r\n        <div class=\"wrapper\">\r\n            <p>V\u00e4lkommen till sektionen f\u00f6r investerarrelationer. H\u00e4r har vi samlat viktig information om Q-linea f\u00f6r investerare och andra som \u00e4r intresserade av v\u00e5r verksamhet.<\/p>\n            <div class=\"numbersContainer\">\r\n                <strong>Nasdaq Stockholm(QLINEA): <\/strong><span class=\"info\">Kursen har en f\u00f6rdr\u00f6jning p\u00e5 15 minuter<\/span>\r\n                <div class=\"numbers\">\r\n                    <div class=\"number\">\r\n                        <h1 class=\"noLine\">21.1<\/h1>\r\n                        <span>SEK<\/span>\r\n                    <\/div>\r\n                    <div class=\"number\">\r\n                        <h1 class=\"noLine\">-3.21<\/h1>\r\n                        <span>procent<\/span>\r\n                    <\/div>\r\n                <\/div>\r\n            <\/div>\r\n        <\/div>\r\n    <\/div>\r\n<\/section>\r\n\n\n\r\n<section class=\"content_mediatext contentmodule alignfull\" style=\"background-color: #343F52\" data-text-color=\"#fff\">\r\n    <div class=\"wrapper flexRowWrapper\">\r\n                                    <iframe title=\"Q-Linea - Life Science-dagen 17 April 2024\" width=\"640\" height=\"360\" src=\"https:\/\/www.youtube.com\/embed\/_3gyRD59w6k?start=7&#038;feature=oembed\" frameborder=\"0\" allow=\"accelerometer; autoplay; clipboard-write; encrypted-media; gyroscope; picture-in-picture; web-share\" referrerpolicy=\"strict-origin-when-cross-origin\" allowfullscreen><\/iframe>                        <div class=\"textWrapper\">\r\n                <h1>Life Science-dagen<\/h1>\n<p>V\u00e5r VD, Stuart Gander presenterade p\u00e5 Life Science-dagen, organiserat av Aktiespararna den 17e April 2024.<\/p>\n<p>Se presentationen h\u00e4r.<\/p>\n<p>&nbsp;<\/p>\n<p><img decoding=\"async\" class=\"alignnone size-medium wp-image-25751\" src=\"https:\/\/qlinea.com\/0986741_wp-uploads\/2024\/04\/Aktiespararna_white-250x48.jpg\" alt=\"\" width=\"250\" height=\"48\" srcset=\"https:\/\/qlinea.com\/0986741_wp-uploads\/2024\/04\/Aktiespararna_white-250x48.jpg 250w, https:\/\/qlinea.com\/0986741_wp-uploads\/2024\/04\/Aktiespararna_white-700x133.jpg 700w, https:\/\/qlinea.com\/0986741_wp-uploads\/2024\/04\/Aktiespararna_white-768x146.jpg 768w, https:\/\/qlinea.com\/0986741_wp-uploads\/2024\/04\/Aktiespararna_white-1536x292.jpg 1536w, https:\/\/qlinea.com\/0986741_wp-uploads\/2024\/04\/Aktiespararna_white-2048x389.jpg 2048w, https:\/\/qlinea.com\/0986741_wp-uploads\/2024\/04\/Aktiespararna_white-1280x243.jpg 1280w, https:\/\/qlinea.com\/0986741_wp-uploads\/2024\/04\/Aktiespararna_white-500x95.jpg 500w, https:\/\/qlinea.com\/0986741_wp-uploads\/2024\/04\/Aktiespararna_white-320x61.jpg 320w, https:\/\/qlinea.com\/0986741_wp-uploads\/2024\/04\/Aktiespararna_white-120x23.jpg 120w\" sizes=\"(max-width: 250px) 100vw, 250px\" \/><\/p>\n                <div class=\"links\">\r\n                                    <\/div>\r\n            <\/div>\r\n            <\/div>\r\n<\/section>\r\n\n\n\r\n<section class=\"content_mediatext contentmodule alignfull\" style=\"background-color: #5d6575\" data-text-color=\"#fff\">\r\n    <div class=\"wrapper flexRowWrapper\">\r\n                    <div class=\"textWrapper\">\r\n                <h1>Framtidss\u00e4kra v\u00e5rden<\/h1>\n<p>En av v\u00e5ra grundare, Jonas Jarvius, ber\u00e4ttar om hur Q-linea \u00e4r sammanknutet med hans erfarenheter av oj\u00e4mlikhet i v\u00e5rden och hur vi st\u00e4ndigt arbetar f\u00f6r att alla ska ha en h\u00e5llbar och j\u00e4mlik sjukv\u00e5rd. Nu och i framtiden.<\/p>\n<p>&nbsp;<\/p>\n                <div class=\"links\">\r\n                                    <\/div>\r\n            <\/div>\r\n                            <iframe title=\"Q-linea | Future-proof Healthcare\" width=\"640\" height=\"360\" src=\"https:\/\/www.youtube.com\/embed\/S1CM6hGDEps?feature=oembed\" frameborder=\"0\" allow=\"accelerometer; autoplay; clipboard-write; encrypted-media; gyroscope; picture-in-picture; web-share\" referrerpolicy=\"strict-origin-when-cross-origin\" allowfullscreen><\/iframe>                        <\/div>\r\n<\/section>\r\n\n\n\r\n\r\n\r\n<section class=\"content_postsExternal contentmodule alignfull\" style=\"background-color: #343F52\" data-text-color=\"#fff\">\r\n    <div class=\"wrapper\">\r\n                    <h1 class=\"title\">Pressmeddelanden <\/h1>\r\n                <div class=\"posts flexRowWrapper\">\r\n                        <a href=\"https:\/\/qlinea.com\/sv\/mfn_news\/q-linea-meddelar-att-fda-har-godkant-en-utokad-astar-meny-for-blodtestning\/\" class=\"post smallImg\" style=\"background-color: #F5C482\">\r\n                        <div class=\"meta flexRowWrapper\">\r\n                                <p class=\"cat\">Press release<\/p>\r\n                <p class=\"date\">2026\/04\/16<\/p>\r\n            <\/div>\r\n            <strong class=\"heading h3-font-size\">Q-linea meddelar att FDA har godk\u00e4nt en ut\u00f6kad ASTar-meny f\u00f6r blodtestning<\/strong>\r\n        <\/a>\r\n                <a href=\"https:\/\/qlinea.com\/sv\/mfn_news\/q-linea-meddelar-att-tva-astar-instrument-skickas-till-saudiarabien\/\" class=\"post smallImg\" style=\"background-color: #F5C482\">\r\n                            <div class=\"img\" style=\"background-image: url(https:\/\/qlinea.com\/0986741_wp-uploads\/2024\/05\/2023-10-17_143-700x980.jpg); \"><\/div>\r\n                <div class=\"layer\"><\/div>\r\n                        <div class=\"meta flexRowWrapper\">\r\n                                <p class=\"cat\">Press release<\/p>\r\n                <p class=\"date\">2026\/04\/02<\/p>\r\n            <\/div>\r\n            <strong class=\"heading h3-font-size\">Q-linea meddelar att tv\u00e5 ASTar\u00ae instrument skickas till Saudiarabien<\/strong>\r\n        <\/a>\r\n        <div class=\"post smallTxt flexColumnWrapper \">\r\n                    <a class=\"imageContainer\" style=\"background-image: url(https:\/\/qlinea.com\/0986741_wp-uploads\/2023\/02\/business-handshake-2022-12-16-01-13-07-utc-copy-1-700x461.jpg); background-color: #F4C1C1\" href=\"https:\/\/qlinea.com\/sv\/mfn_news\/valberedningens-forslag-till-q-lineas-arsstamma-2026\/\" aria-label=\"Valberedningens f\u00f6rslag till Q-lineas \u00e5rsst\u00e4mma 2026\">\r\n                                    <div class=\"img\" style=\"background-image: url(https:\/\/qlinea.com\/0986741_wp-uploads\/2023\/02\/business-handshake-2022-12-16-01-13-07-utc-copy-1-700x461.jpg);\"><\/div>\r\n                    <div class=\"layer\"><\/div>\r\n                            <\/a>\r\n            <div class=\"textContainer flexColumnWrapper\">\r\n                <div class=\"meta flexRowWrapper\">\r\n                                        <p class=\"cat\">Press release<\/p>\r\n                    <p class=\"date\">2026\/03\/11<\/p>\r\n                <\/div>\r\n                <a class=\"postTitle\" href=\"https:\/\/qlinea.com\/sv\/mfn_news\/valberedningens-forslag-till-q-lineas-arsstamma-2026\/\"><strong>Valberedningens f\u00f6rslag till Q-lineas \u00e5rsst\u00e4mma 2026<\/strong><\/a>\r\n                                    <div class=\"textWrapper\">Valberedningen i Q-linea AB (publ) (Nasdaq Stockholm: QLINEA) har l&auml;mnat sina f&ouml;rslag till Q-lineas &aring;rsst&auml;mma 2026. Valberedningen f&ouml;resl&aring;r bland&#8230;<\/div>\r\n                                <a href=\"https:\/\/qlinea.com\/sv\/mfn_news\/valberedningens-forslag-till-q-lineas-arsstamma-2026\/\" class=\"more\">L\u00e4s mer ><\/a>\r\n            <\/div>\r\n            <\/div>\r\n            <\/div>\r\n    <\/div>\r\n<\/section>\r\n\n\n\r\n<section id=\"ir-form\" class=\"content_ir-form contentmodule sv\" style=\"background-color: #5d6575\" data-text-color=\"#fff\">\r\n    <div class=\"wrapper\">\r\n        <h4>F\u00f6r att h\u00e5lla dig uppdaterad &#8211; prenumerera<\/h4>\r\n        <div id=\"mfn_subscribe\" class=\"mfn_subscribe\"><\/div>\r\n    <\/div>\r\n    <style type=\"text\/css\">\r\n        .content_ir-form input::placeholder { color: #fff !important; }\r\n    <\/style>\r\n<\/section>\r\n\n\n\r\n\r\n<section class=\"content_smalltxtiframe graph contentmodule alignfull\" style=\"background-color: #fff\" data-text-color=\"''\">\r\n    <div class=\"wrapper flexRowWrapper \">\r\n                    <div class=\"small flexColumnWrapper\">\r\n                <img decoding=\"async\" src=\"https:\/\/qlinea.com\/0986741_wp-uploads\/2024\/02\/Christer-Samuelsson_SV-scaled-e1709626692729.jpg\" alt=\"\">\r\n                <div class=\"textWrapper\">\r\n                    <h6>Christer Samuelsson<\/h6>\n<p>Investor Relations<\/p>\n<p>Telefon: +46 18 444 36 10<\/p>\n<p>Mobil: +46 70 600 15 20<\/p>\n<p><a href=\"&#x6d;&#x61;&#x69;&#x6c;&#116;&#111;&#58;&#99;hri&#x73;&#x74;&#x65;&#x72;&#x2e;&#115;&#97;&#109;uel&#x73;&#x73;&#x6f;&#x6e;&#x40;&#113;&#108;&#105;nea&#x2e;&#x63;&#x6f;&#x6d;\">c&#104;&#x72;&#x69;s&#116;&#x65;&#x72;&#46;&#115;&#97;&#x6d;&#x75;e&#108;&#x73;&#x73;o&#110;&#x40;&#x71;l&#105;&#110;&#x65;&#x61;&#46;&#99;&#x6f;&#x6d;<\/a><\/p>\n                <\/div>\r\n            <\/div>\r\n                <div class=\"big flexColumnWrapper two\">\r\n            <div class=\"graphWrapper\">\r\n                <div class=\"loading\">\r\n                    <span>.<\/span>\r\n                    <span>.<\/span>\r\n                    <span>.<\/span>\r\n                <\/div>\r\n                <div class=\"smallgraph\"><\/div>\r\n            <\/div>\r\n            <div class=\"textWrapper\">\r\n                <h6>Aktien<\/h6>\n<p>&nbsp;<\/p>\n                            <\/div>\r\n        <\/div>\r\n    <\/div>\r\n<\/section>\r\n\r\n","protected":false},"excerpt":{"rendered":"","protected":false},"author":68,"featured_media":0,"parent":0,"menu_order":0,"comment_status":"closed","ping_status":"closed","template":"","meta":{"_acf_changed":false,"footnotes":""},"class_list":["post-3365","page","type-page","status-publish","hentry"],"acf":[],"_links":{"self":[{"href":"https:\/\/qlinea.com\/sv\/wp-json\/wp\/v2\/pages\/3365","targetHints":{"allow":["GET"]}}],"collection":[{"href":"https:\/\/qlinea.com\/sv\/wp-json\/wp\/v2\/pages"}],"about":[{"href":"https:\/\/qlinea.com\/sv\/wp-json\/wp\/v2\/types\/page"}],"author":[{"embeddable":true,"href":"https:\/\/qlinea.com\/sv\/wp-json\/wp\/v2\/users\/68"}],"replies":[{"embeddable":true,"href":"https:\/\/qlinea.com\/sv\/wp-json\/wp\/v2\/comments?post=3365"}],"version-history":[{"count":0,"href":"https:\/\/qlinea.com\/sv\/wp-json\/wp\/v2\/pages\/3365\/revisions"}],"wp:attachment":[{"href":"https:\/\/qlinea.com\/sv\/wp-json\/wp\/v2\/media?parent=3365"}],"curies":[{"name":"wp","href":"https:\/\/api.w.org\/{rel}","templated":true}]}}