{"id":3469,"date":"2020-01-14T14:20:04","date_gmt":"2020-01-14T13:20:04","guid":{"rendered":"https:\/\/qlinea.com\/?page_id=3469"},"modified":"2025-03-26T07:08:45","modified_gmt":"2025-03-26T06:08:45","slug":"vd-ord","status":"publish","type":"page","link":"https:\/\/qlinea.com\/sv\/om-oss\/vd-ord\/","title":{"rendered":"VD-ord"},"content":{"rendered":"\r\n<section class=\"content_text contentmodule alignfull\" style=\"background-color: #fff\" data-text-color=\"''\">\r\n    <div class=\"wrapper\">\r\n        <div class=\"textWrapper\"><h1>En plattform f\u00f6r tillv\u00e4xt<\/h1>\n<\/div>\r\n    <\/div>\r\n<\/section>\r\n\n\n\r\n<section class=\"content_testimonials contentmodule\" data-text-color=\"''\">\r\n    <div class=\"wrapper\">\r\n                    <div class=\"testimonials manual\">\r\n                <div class=\"testimonials__block flexRowWrapper\" style=\"background-color: #fff;\">\r\n                    <div class=\"imgContainer\">\r\n                        <img decoding=\"async\" src=\"https:\/\/qlinea.com\/0986741_wp-uploads\/2024\/04\/Stuart-Gander-002_RGB-700x988.jpg\" alt=\"\">\r\n                    <\/div>\r\n                    <div class=\"textWrapper\">\r\n                                                <p class=\"mfn-wp-retain\"><strong>2024 var ett betydelsefullt \u00e5r f\u00f6r Q-linea d\u00e4r det \u00f6vergripande temat var \u00f6verg\u00e5ngen fr\u00e5n ett bolag med utvecklingsfokus till ett bolag med fokus p\u00e5 kommersialiseringen av ASTar\u00ae-systemet.\u00a0<\/strong><\/p>\n<p class=\"mfn-wp-retain\"><strong>Den amerikanska marknaden \u00f6ppnas upp<\/strong><br \/>\nV\u00e5rt viktigaste framsteg under \u00e5ret var den kommersiella lanseringen p\u00e5 den amerikanska marknaden. Den st\u00e5r f\u00f6r \u00f6ver 50% av den globala aff\u00e4rsm\u00f6jligheten sett till v\u00e4rde. Efter FDA-godk\u00e4nnandet i april inledde vi snabbt en dialog med de 300 fr\u00e4msta sjukhusen och laboratorierna i landet f\u00f6r att introducera ASTar. Det har resulterat i en betydande pipeline av intresserade kunder och ett flertal planerade utv\u00e4rderingar i b\u00f6rjan av 2025. Bekr\u00e4ftelsen av NTAP-finansiering, 97.50 USD per patient och tillg\u00e4nglig f\u00f6r Medicarepatienter p\u00e5 amerikanska sjukhus via en unik kod, st\u00e4rker det ekonomiska erbjudandet f\u00f6r ASTar som redan \u00e4r den ledande tekniska l\u00f6sningen f\u00f6r snabb AST p\u00e5 marknaden. Den tidiga efterfr\u00e5gan har varit stark och Q-linea har fortsatt att bygga upp det kommersiella teamet i USA f\u00f6r att m\u00f6ta marknaden.<br \/>\nDet kan vara sv\u00e5rt att f\u00f6ruts\u00e4ga hur l\u00e5ng tid det tar att f\u00e5 ett avtal p\u00e5 plats, men vi v\u00e4lkomnade v\u00e5r f\u00f6rsta kommersiella f\u00f6rs\u00e4ljning i USA i b\u00f6rjan av januari, bara nio m\u00e5nader efter FDA-godk\u00e4nnandet.<\/p>\n<p><strong>Bevis som st\u00f6djer klinisk nytta<\/strong><br \/>\nInom v\u00e5rt omr\u00e5de \u00e4r klinisk nytta den avg\u00f6rande faktorn f\u00f6r v\u00e4rde, och vi var glada \u00f6ver att se en stadig takt av kliniska bevis fr\u00e5n studier i Italien, Belgien och USA, d\u00e4r vi fick bekr\u00e4ftat att ASTar kan minska tiden till resultat med 30 timmar eller mer. Genom investeringen i den h\u00e4lsoekonomiska multicenterstudien LIFETIMES \u00e4r vi en pionj\u00e4r inom v\u00e5rt omr\u00e5de. Vi ser fram emot att komplettera de initiala resultaten som presenterades vid AMCLI och ESCMID 2024 med ytterligare insikter fr\u00e5n den andra fasen under 2025 kring de ekonomiska f\u00f6rdelarna med ASTar. Q-linea har varit en aktiv ledare inom omr\u00e5det f\u00f6r snabb AST genom poster- och podiumpresentationer p\u00e5 stora globala och regionala konferenser.<\/p>\n<p><strong>F\u00f6rsta patienterna behandlade i Europa<\/strong><br \/>\nDen f\u00f6rsta kommersiella installationen av ASTar slutf\u00f6rdes under Q1 2024 och instrumentet har genererat kliniska resultat f\u00f6r patienter i Rom sedan dess. Ytterligare tv\u00e5 sjukhus har tillkommit i Italien och fler f\u00f6rv\u00e4ntas snart. Italien \u00e4r det snabbast v\u00e4xande landet i Europa p\u00e5 grund av den h\u00f6ga f\u00f6rekomsten av resistenta bakterier. Vi f\u00f6rv\u00e4ntar oss att andra stora europeiska marknader f\u00f6ljer efter, eftersom snabb AST forts\u00e4tter att visa p\u00e5 positiv klinisk och ekonomisk inverkan.<\/p>\n<p class=\"mfn-wp-retain\"><strong>Att etablera n\u00e4sta v\u00e4g f\u00f6r tillv\u00e4xt<\/strong><br \/>\nV\u00e5ra nya partners i Mellan\u00f6stern och \u00d6steuropa har redan byggt upp ett intresse hos kunder med f\u00f6rv\u00e4ntat synligt resultat under 2025. Vi effektiviserade ocks\u00e5 v\u00e5r utvecklingspipeline och koncentrerade resurserna till ett antal huvudprojekt f\u00f6r leverans under 2024 och b\u00f6rjan av 2025. Q-linea kommer att forts\u00e4tta att ligga i framkant n\u00e4r det g\u00e4ller innovation inom AST genom till\u00e4gg av nya antibiotika och utveckling som st\u00f6djer nya provtyper. V\u00e5ra prioriteringar baseras p\u00e5 den \u00f6kande m\u00e4ngden av feedback vi f\u00e5r fr\u00e5n kunder genom v\u00e5ra aktiviteter p\u00e5 marknaden. Omr\u00e5det \u00e4r fortsatt mycket dynamiskt och vi \u00e4r glada \u00f6ver att se den positiva responsen fr\u00e5n kunderna p\u00e5 v\u00e5r nuvarande plattform och planerad produktutveckling.<\/p>\n<p class=\"mfn-wp-retain\"><strong> F\u00f6rst\u00e4rkning av organisationen<\/strong><br \/>\nP\u00e5 temat omst\u00e4llning har vi under f\u00f6rsta delen av \u00e5ret genomf\u00f6rt ett framg\u00e5ngsrikt kostnadsbesparingsprogram som minskat utvecklings- och overheadkostnader. En del av besparingarna \u00e5terinvesterades i kommersiell kapacitet f\u00f6r en nettokostnadsminskning p\u00e5 cirka 40 MSEK \u00e5rligen.V\u00e5r ledningsgrupp har utvcklats avsev\u00e4rt under \u00e5ret, med Jonas Jarvius (VD), Mats Gullberg (vice VD), Thomas Fritz (CCO), Tiziana di Martino (CMO) och Per Svahn (HR) som l\u00e4mnar ledningsgruppen, Anders Ljunggren, Franco Pellegrini och Karl Sk\u00f6ld som tar sig an ut\u00f6kade roller och jag sj\u00e4lv som ansluter till teamet.<\/p>\n<p class=\"mfn-wp-retain\"><strong>Finansiering<\/strong><br \/>\nVi avslutade \u00e5ret med en v\u00e4ltecknad f\u00f6retr\u00e4desemission som tillsammans med en riktad emission tillf\u00f6rde cirka 216 MSEK i nytt eget kapital f\u00f6re emissionskostnader. Detta ger oss de resurser som beh\u00f6vs f\u00f6r att forts\u00e4tta v\u00e5rt kommersiella f\u00f6rspr\u00e5ng p\u00e5 marknaden. Jag vill s\u00e4rskilt tacka alla anst\u00e4llda som l\u00e4mnade under 2024 och som har gjort stora insatser f\u00f6r Q-linea genom \u00e5ren. Vi har ocks\u00e5 v\u00e4lkomnat nya medlemmar i teamet som ansluter med nya id\u00e9er och en gemensam l\u00e4ngtan efter att ta ASTar till patienter under 2025.<\/p>\n<p>Uppsala den 27:e februari 2025<br \/>\nStuart Gander, Koncernchef<\/p>\n                    <\/div>\r\n                <\/div>\r\n            <\/div>\r\n            <\/div>\r\n<\/section>\r\n\n\n\n<p><\/p>\n","protected":false},"excerpt":{"rendered":"","protected":false},"author":68,"featured_media":0,"parent":25734,"menu_order":-2,"comment_status":"closed","ping_status":"closed","template":"","meta":{"_acf_changed":false,"footnotes":""},"class_list":["post-3469","page","type-page","status-publish","hentry"],"acf":[],"_links":{"self":[{"href":"https:\/\/qlinea.com\/sv\/wp-json\/wp\/v2\/pages\/3469","targetHints":{"allow":["GET"]}}],"collection":[{"href":"https:\/\/qlinea.com\/sv\/wp-json\/wp\/v2\/pages"}],"about":[{"href":"https:\/\/qlinea.com\/sv\/wp-json\/wp\/v2\/types\/page"}],"author":[{"embeddable":true,"href":"https:\/\/qlinea.com\/sv\/wp-json\/wp\/v2\/users\/68"}],"replies":[{"embeddable":true,"href":"https:\/\/qlinea.com\/sv\/wp-json\/wp\/v2\/comments?post=3469"}],"version-history":[{"count":1,"href":"https:\/\/qlinea.com\/sv\/wp-json\/wp\/v2\/pages\/3469\/revisions"}],"predecessor-version":[{"id":28116,"href":"https:\/\/qlinea.com\/sv\/wp-json\/wp\/v2\/pages\/3469\/revisions\/28116"}],"up":[{"embeddable":true,"href":"https:\/\/qlinea.com\/sv\/wp-json\/wp\/v2\/pages\/25734"}],"wp:attachment":[{"href":"https:\/\/qlinea.com\/sv\/wp-json\/wp\/v2\/media?parent=3469"}],"curies":[{"name":"wp","href":"https:\/\/api.w.org\/{rel}","templated":true}]}}