{"id":3475,"date":"2020-01-14T14:35:48","date_gmt":"2020-01-14T13:35:48","guid":{"rendered":"https:\/\/qlinea.com\/?page_id=3475"},"modified":"2025-03-26T07:09:09","modified_gmt":"2025-03-26T06:09:09","slug":"business-concept-and-strategy","status":"publish","type":"page","link":"https:\/\/qlinea.com\/sv\/om-oss\/business-concept-and-strategy\/","title":{"rendered":"Aff\u00e4rsid\u00e9 och strategi"},"content":{"rendered":"<section class=\"header_textmedia headermodule\" style=\"background-color: #fff\" data-text-color=\"''\">\r\n    <div class=\"wrapper\">\r\n        <div class=\"textWrapper\">\r\n                            <h1 class=\"title\">Aff\u00e4rsid\u00e9 och strategi<\/h1>\r\n                                    <div class=\"textContent flexRowWrapper\">\r\n                <p>Q-lineas aff\u00e4rsid\u00e9 \u00e4r att utveckla och leverera l\u00f6sningar f\u00f6r v\u00e5rdgivare som p\u00e5 kortast m\u00f6jliga tid m\u00f6jligg\u00f6r diagnos och behandling av infektionssjukdomar<\/p>\n                            <\/div>\r\n        <\/div>\r\n    <\/div>\r\n<\/section>\r\n\n\n\r\n<section class=\"content_mediatext contentmodule alignfull\" style=\"background-color: #fff\" data-text-color=\"''\">\r\n    <div class=\"wrapper flexRowWrapper\">\r\n                    <div class=\"textWrapper\">\r\n                <ul>\n<li><strong>Regulatorisk strategi:<\/strong> genomf\u00f6ra n\u00f6dv\u00e4ndiga aktiviteter f\u00f6r att uppr\u00e4tth\u00e5lla regulatorisk efterlevnad f\u00f6r ASTar-instrumentet och f\u00f6rbrukningsartiklarna i USA och andra nyckelgeografier. F\u00f6rsta produkten fokuserar p\u00e5 sepsisdiagnostik.<\/li>\n<li><strong>Kommersiell strategi:<\/strong> Bolaget avser att adressera nyckelmarknader sj\u00e4lv med lokala dotterbolag och samtidigt arbeta med distributionspartners f\u00f6r att n\u00e5 en bredare och snabbare marknadspenetration. Initialt kommer fokus att ligga p\u00e5 nyckelgeografier inom Europa samt den amerikanska marknaden. F\u00f6rs\u00e4ljning ska ske av instrument och f\u00f6rbrukningsartiklar varav de sistn\u00e4mnda f\u00f6rv\u00e4ntas st\u00e5 f\u00f6r majoriteten av de m\u00f6jliga int\u00e4kterna. Vid samarbete med distribut\u00f6rer g\u00e4llande service kommer distribut\u00f6ren att hantera all f\u00f6rstahandsservice och Q-linea kommer att ansvara f\u00f6r expertkunskapen vid sv\u00e5rare fr\u00e5gest\u00e4llningar. Q-linea kommer fortsatt att unders\u00f6ka aff\u00e4rsm\u00f6jligheterna f\u00f6r Podler, vilka kan bland annat best\u00e5 av utvecklingssamarbeten, licensf\u00f6rs\u00e4ljning, alternativt kommersiella distributionsr\u00e4ttigheter.<\/li>\n<li><strong>H\u00e4lsoekonomisk strategi:<\/strong> Bolaget kommer att fortsatt fokusera p\u00e5 den kliniska och ekonomiska nyttan f\u00f6r ett sjukhus att implementera snabb AST. Detta genom att utf\u00f6ra h\u00e4lsoekonomiska studier och mindre studier som fokuserar p\u00e5 att visa klinisk nytta. Syftet med dessa \u00e4r att anv\u00e4nda studieresultaten som s\u00e4ljst\u00f6d.<\/li>\n<li><strong>Operationell strategi:<\/strong> Fortsatt uppbyggnad av Q-lineas infrastruktur f\u00f6r att s\u00e4kra utvecklings- och produktionskapacitet.<\/li>\n<li><strong>Produktutvecklingsstrategi<\/strong>: fortsatt utveckling av ASTar-erbjudandet och av nya applikationer och produkter.<\/li>\n<li><strong>Immaterialr\u00e4ttslig strategi:<\/strong> fortsatt utveckling och uppr\u00e4tth\u00e5llande av en bred och relevant IP-portf\u00f6lj.<\/li>\n<li><strong>Service &amp; Supportstrategi:<\/strong> forts\u00e4tta att bygga en frist\u00e5ende serviceorganisation med fokus p\u00e5 expertservice samt att forts\u00e4tta utveckla Bolagets applikationsspecialister f\u00f6r att n\u00e4rvara och f\u00f6lja upp kundbes\u00f6k.<\/li>\n<\/ul>\n<p>&nbsp;<\/p>\n                <div class=\"links\">\r\n                                    <\/div>\r\n            <\/div>\r\n                                                <img decoding=\"async\" src=\"https:\/\/qlinea.com\/0986741_wp-uploads\/2024\/05\/2023-10-17_143-scaled.jpg\" alt=\"\">\r\n                                        <\/div>\r\n<\/section>\r\n","protected":false},"excerpt":{"rendered":"","protected":false},"author":68,"featured_media":0,"parent":25734,"menu_order":0,"comment_status":"closed","ping_status":"closed","template":"","meta":{"_acf_changed":false,"footnotes":""},"class_list":["post-3475","page","type-page","status-publish","hentry"],"acf":[],"_links":{"self":[{"href":"https:\/\/qlinea.com\/sv\/wp-json\/wp\/v2\/pages\/3475","targetHints":{"allow":["GET"]}}],"collection":[{"href":"https:\/\/qlinea.com\/sv\/wp-json\/wp\/v2\/pages"}],"about":[{"href":"https:\/\/qlinea.com\/sv\/wp-json\/wp\/v2\/types\/page"}],"author":[{"embeddable":true,"href":"https:\/\/qlinea.com\/sv\/wp-json\/wp\/v2\/users\/68"}],"replies":[{"embeddable":true,"href":"https:\/\/qlinea.com\/sv\/wp-json\/wp\/v2\/comments?post=3475"}],"version-history":[{"count":1,"href":"https:\/\/qlinea.com\/sv\/wp-json\/wp\/v2\/pages\/3475\/revisions"}],"predecessor-version":[{"id":28150,"href":"https:\/\/qlinea.com\/sv\/wp-json\/wp\/v2\/pages\/3475\/revisions\/28150"}],"up":[{"embeddable":true,"href":"https:\/\/qlinea.com\/sv\/wp-json\/wp\/v2\/pages\/25734"}],"wp:attachment":[{"href":"https:\/\/qlinea.com\/sv\/wp-json\/wp\/v2\/media?parent=3475"}],"curies":[{"name":"wp","href":"https:\/\/api.w.org\/{rel}","templated":true}]}}