{"id":3479,"date":"2020-01-14T14:36:39","date_gmt":"2020-01-14T13:36:39","guid":{"rendered":"https:\/\/qlinea.com\/?page_id=3479"},"modified":"2020-01-20T16:06:25","modified_gmt":"2020-01-20T15:06:25","slug":"om-borsintroduktionen","status":"publish","type":"page","link":"https:\/\/qlinea.com\/sv\/investerare\/borsintroduktion\/om-borsintroduktionen\/","title":{"rendered":"Om b\u00f6rsintroduktionen"},"content":{"rendered":"\r\n<section class=\"content_text contentmodule alignfull\" style=\"background-color: #fff\" data-text-color=\"''\">\r\n    <div class=\"wrapper\">\r\n        <div class=\"textWrapper\"><header>\n<h1>Om b\u00f6rsintroduktionen<\/h1>\n<h5 class=\"entry-title\"><strong style=\"font-size: 16px;\">Huvud\u00e4garen och styrelsen arbetar aktivt f\u00f6r att f\u00f6rverkliga Q-lineas l\u00e5ngsiktiga strategi och anser att det \u00e4r en l\u00e4mplig tidpunkt att ans\u00f6ka om notering av Bolagets aktier p\u00e5 Nasdaq Stockholm. En notering av aktierna i Q-linea \u00e4r ett logiskt n\u00e4sta steg f\u00f6r Bolaget, d\u00e5 det f\u00f6rutom att st\u00f6dja Q-lineas strategi de n\u00e4rmaste \u00e5ren ocks\u00e5 breddar Bolagets \u00e4garbas, bidrar till en \u00f6kad k\u00e4nnedom om Bolaget och dess verksamhet samt ger Q-linea tillg\u00e5ng till svenska och internationella kapitalmarknader.<\/strong><\/h5>\n<\/header>\n<p>&nbsp;<\/p>\n<div class=\"content-container\">\n<div class=\"content-inner\">\n<div class=\"entry-content\">\n<p>F\u00f6rsta dag f\u00f6r handel i Q-lineas aktie planeras till den 7 december 2018 under f\u00f6ruts\u00e4ttning att spridningskravet f\u00f6r Q-lineas aktie uppfylls senast p\u00e5 noteringsdagen.<\/p>\n<p>F\u00f6r det fall Q-lineas styrelse slutligt beslutar om notering av bolagets aktie ber\u00e4knas handeln i aktien p\u00e5b\u00f6rjas omkring den 7 december 2018. Detta inneb\u00e4r att handel kommer att p\u00e5b\u00f6rjas innan aktier \u00f6verf\u00f6rts till f\u00f6rv\u00e4rvarens VP-konto eller v\u00e4rdepappersdep\u00e5 och i vissa fall innan avr\u00e4kningsnota erh\u00e5llits. Det inneb\u00e4r vidare att handel kommer att p\u00e5b\u00f6rjas innan villkoren f\u00f6r Erbjudandets fullf\u00f6ljande uppfyllts. Handel i Q-lineas aktie, som sker innan Erbjudandet blir ovillkorat, kommer att \u00e5terg\u00e5 om inte Erbjudandet fullf\u00f6ljs.<\/p>\n<p>Kortnamnet p\u00e5 Nasdaq Stockholm f\u00f6r Q-lineas aktie \u00e4r QLINEA.<\/p>\n<\/div>\n<\/div>\n<\/div>\n<\/div>\r\n    <\/div>\r\n<\/section>\r\n","protected":false},"excerpt":{"rendered":"","protected":false},"author":68,"featured_media":0,"parent":3557,"menu_order":0,"comment_status":"closed","ping_status":"closed","template":"templates\/page-ipo.php","meta":{"_acf_changed":false,"footnotes":""},"class_list":["post-3479","page","type-page","status-publish","hentry"],"acf":[],"_links":{"self":[{"href":"https:\/\/qlinea.com\/sv\/wp-json\/wp\/v2\/pages\/3479","targetHints":{"allow":["GET"]}}],"collection":[{"href":"https:\/\/qlinea.com\/sv\/wp-json\/wp\/v2\/pages"}],"about":[{"href":"https:\/\/qlinea.com\/sv\/wp-json\/wp\/v2\/types\/page"}],"author":[{"embeddable":true,"href":"https:\/\/qlinea.com\/sv\/wp-json\/wp\/v2\/users\/68"}],"replies":[{"embeddable":true,"href":"https:\/\/qlinea.com\/sv\/wp-json\/wp\/v2\/comments?post=3479"}],"version-history":[{"count":0,"href":"https:\/\/qlinea.com\/sv\/wp-json\/wp\/v2\/pages\/3479\/revisions"}],"up":[{"embeddable":true,"href":"https:\/\/qlinea.com\/sv\/wp-json\/wp\/v2\/pages\/3557"}],"wp:attachment":[{"href":"https:\/\/qlinea.com\/sv\/wp-json\/wp\/v2\/media?parent=3479"}],"curies":[{"name":"wp","href":"https:\/\/api.w.org\/{rel}","templated":true}]}}