{"id":3515,"date":"2020-01-14T15:14:14","date_gmt":"2020-01-14T14:14:14","guid":{"rendered":"https:\/\/qlinea.com\/?page_id=3515"},"modified":"2020-06-09T10:36:05","modified_gmt":"2020-06-09T08:36:05","slug":"bolagsstyrning","status":"publish","type":"page","link":"https:\/\/qlinea.com\/sv\/investerare\/bolagsstyrning\/","title":{"rendered":"Bolagsstyrning"},"content":{"rendered":"\r\n<section class=\"content_text contentmodule alignfull\" style=\"background-color: #fff\" data-text-color=\"''\">\r\n    <div class=\"wrapper\">\r\n        <div class=\"textWrapper\"><h1>Bolagsstyrning<\/h1>\n<p><strong>Q-linea \u00e4r ett svenskt publikt bolag baserat i Uppsala.<\/strong><\/p>\n<p>Bolagsstyrning avser de system och regelverk genom vilka aktie\u00e4garna, direkt eller indirekt, kontrollerar bolaget. God bolagsstyrning \u00e4r en viktig del av arbetet f\u00f6r att skapa v\u00e4rde f\u00f6r Q-lineas aktie\u00e4gare.<\/p>\n<p>F\u00f6re noteringen p\u00e5 Nasdaq Stockholm byggde bolagsstyrningen i Q-linea p\u00e5 svenska lagar och andra f\u00f6rfattningar, inklusive aktiebolagslagen och \u00e5rsredovisningslagen, p\u00e5 bolagsordningen samt p\u00e5 interna styr- och policydokument som ger v\u00e4gledning f\u00f6r f\u00f6retagets verksamhet och f\u00f6r de anst\u00e4llda.<\/p>\n<p>Efter noteringen \u00e4r bolagsstyrningen d\u00e4rut\u00f6ver baserad p\u00e5 Nasdaq Stockholms regelverk f\u00f6r emittenter, svensk kod f\u00f6r bolagsstyrning (\u201dKoden), god sed p\u00e5 aktiemarknaden samt andra till\u00e4mpliga regler och rekommendationer. Bolag som till\u00e4mpar Koden \u00e4r inte skyldiga att vid varje tillf\u00e4lle f\u00f6lja varje regel i Koden. Om ett bolag finner att en viss regel inte passar med h\u00e4nsyn till bolagets s\u00e4rskilda omst\u00e4ndigheter kan bolaget v\u00e4lja en alternativ l\u00f6sning, under f\u00f6ruts\u00e4ttning att bolaget d\u00e5 tydligt redovisar avvikelsen och den alternativa l\u00f6sningen samt ger en motivering till valet av den alternativa l\u00f6sningen (allt enligt principen \u201df\u00f6lj eller f\u00f6rklara\u201d). Q-lineas eventuella avvikelser fr\u00e5n Koden redovisas i den bolagsstyrningsrapport som avgavs inf\u00f6r \u00e5rsst\u00e4mman 2019. Bolaget rapporterade inte n\u00e5gra avvikelser fr\u00e5n Koden.<\/p>\n<\/div>\r\n    <\/div>\r\n<\/section>\r\n\n\n\r\n<section class=\"content_twoimgstopbot contentmodule alignfull\" style=\"background-color: #fff\" data-text-color=\"''\">\r\n    \r\n                    <div class=\"wrapper flexRowWrapper blocks\" style=\"background-color: #fff\">\r\n                                    <div class=\"block\">\r\n                        <div class=\"textWrapper\">\r\n                                                            <h2 class=\"title h3-font-size\"><\/h2>\r\n                                                                                <\/div>\r\n                                                    <div class=\"imgContainer \">\r\n                                <img decoding=\"async\" loading=\"lazy\" src=\"https:\/\/qlinea.com\/0986741_wp-uploads\/2020\/01\/Governance-Structure-700x551.png\" alt=\"\">\r\n                            <\/div>\r\n                                            <\/div>\r\n                                    <div class=\"block\">\r\n                        <div class=\"textWrapper\">\r\n                                                            <h2 class=\"title h3-font-size\"><\/h2>\r\n                                                                                <\/div>\r\n                                            <\/div>\r\n                            <\/div>\r\n        \r\n        <div class=\"mobileBlocks wrapper\" style=\"background-color: #fff\">\r\n            <div class=\"glideMobile\">\r\n                <div class=\"glide__track\" data-glide-el=\"track\">\r\n                    <div class=\"glide__slides blocks imgtop\">\r\n                                                                                    <div class=\"block glide__slide\">\r\n                                                                        <div class=\"textWrapper\">\r\n                                                                                    <h2 class=\"title h3-font-size\"><\/h2>\r\n                                                                                                                    <\/div>\r\n                                                                            <a href=\"\" class=\"imgContainer \">\r\n                                            <img decoding=\"async\" loading=\"lazy\" src=\"https:\/\/qlinea.com\/0986741_wp-uploads\/2020\/01\/Governance-Structure-700x551.png\" alt=\"\">\r\n                                        <\/a>\r\n                                                                    <\/div>\r\n                                                            <div class=\"block glide__slide\">\r\n                                                                        <div class=\"textWrapper\">\r\n                                                                                    <h2 class=\"title h3-font-size\"><\/h2>\r\n                                                                                                                    <\/div>\r\n                                                                    <\/div>\r\n                                                                        <\/div>\r\n                    <div class=\"slider__bullets glide__bullets\" data-glide-el=\"controls[nav]\">\r\n                                                        <button aria-label=\"Navigat to slide 0\" class=\"slider__bullets\" data-glide-dir=\"=0\"><\/button>\r\n                                                            <button aria-label=\"Navigat to slide 1\" class=\"slider__bullets\" data-glide-dir=\"=1\"><\/button>\r\n                                                <\/div>\r\n                <\/div>\r\n            <\/div>\r\n        <\/div>\r\n\r\n    <\/section>\r\n","protected":false},"excerpt":{"rendered":"","protected":false},"author":68,"featured_media":0,"parent":3365,"menu_order":0,"comment_status":"closed","ping_status":"closed","template":"","meta":{"_acf_changed":false,"footnotes":""},"class_list":["post-3515","page","type-page","status-publish","hentry"],"acf":[],"_links":{"self":[{"href":"https:\/\/qlinea.com\/sv\/wp-json\/wp\/v2\/pages\/3515","targetHints":{"allow":["GET"]}}],"collection":[{"href":"https:\/\/qlinea.com\/sv\/wp-json\/wp\/v2\/pages"}],"about":[{"href":"https:\/\/qlinea.com\/sv\/wp-json\/wp\/v2\/types\/page"}],"author":[{"embeddable":true,"href":"https:\/\/qlinea.com\/sv\/wp-json\/wp\/v2\/users\/68"}],"replies":[{"embeddable":true,"href":"https:\/\/qlinea.com\/sv\/wp-json\/wp\/v2\/comments?post=3515"}],"version-history":[{"count":0,"href":"https:\/\/qlinea.com\/sv\/wp-json\/wp\/v2\/pages\/3515\/revisions"}],"up":[{"embeddable":true,"href":"https:\/\/qlinea.com\/sv\/wp-json\/wp\/v2\/pages\/3365"}],"wp:attachment":[{"href":"https:\/\/qlinea.com\/sv\/wp-json\/wp\/v2\/media?parent=3515"}],"curies":[{"name":"wp","href":"https:\/\/api.w.org\/{rel}","templated":true}]}}