{"id":3519,"date":"2020-01-14T15:15:16","date_gmt":"2020-01-14T14:15:16","guid":{"rendered":"https:\/\/qlinea.com\/?page_id=3519"},"modified":"2025-08-11T09:57:17","modified_gmt":"2025-08-11T07:57:17","slug":"articles-of-association","status":"publish","type":"page","link":"https:\/\/qlinea.com\/sv\/investerare\/bolagsstyrning\/articles-of-association\/","title":{"rendered":"Bolagsordning"},"content":{"rendered":"\r\n<section class=\"content_text contentmodule alignfull\" style=\"background-color: #fff\" data-text-color=\"''\">\r\n    <div class=\"wrapper\">\r\n        <div class=\"textWrapper\"><h1>Bolagsordning<\/h1>\n<h6>\u00a7 1 Firma<\/h6>\n<p>Bolagets firma (namn) \u00e4r Q-linea AB. Bolaget \u00e4r publikt (publ).<\/p>\n<h6>\u00a7 2 Styrelsens s\u00e4te<\/h6>\n<p>Styrelsen har sitt s\u00e4te i Uppsala kommun. Bolagsst\u00e4mma kan \u00e4ven h\u00e5llas i Stockholms kommun.<\/p>\n<h6>\u00a7 3 Verksamhet<\/h6>\n<p>Bolaget ska bedriva verksamhet inom omr\u00e5det utveckling av instrument (inklusive h\u00e5rd- och mjukvara) f\u00f6r analys av biomolekyler samt d\u00e4rmed f\u00f6renlig verksamhet.<\/p>\n<h6>\u00a7 4 Aktiekapital<\/h6>\n<p>Aktiekapitalet ska vara l\u00e4gst 500 000 och h\u00f6gst 2 000 000 kronor.<\/p>\n<h6>\u00a7 5 Antal aktier<\/h6>\n<p>Antalet aktier ska vara l\u00e4gst 5 000 000 och h\u00f6gst 20 000 000.<br \/>\nAktier kan utges i tv\u00e5 aktieslag, stamaktier och C-aktier. Stamaktier har en r\u00f6st och C-aktier en tiondels r\u00f6st. Stamaktier kan ges ut till ett antal motsvarande hela aktiekapitalet. C-aktier kan utges till h\u00f6gst det antal som motsvarar en tiondel (1\/10) av hela aktiekapitalet.<br \/>\nC-aktier ber\u00e4ttigar inte till vinstutdelning. Vid bolagets uppl\u00f6sning ber\u00e4ttigar C-aktier till lika del i bolagets tillg\u00e5ngar som \u00f6vriga aktier, dock inte med h\u00f6gre belopp \u00e4n vad som motsvarar aktiens kvotv\u00e4rde.<br \/>\nBeslutar bolaget att emittera nya stamaktier och C-aktier, mot annan betalning \u00e4n apportegendom, ska \u00e4gare av stamaktier och C-aktier \u00e4ga f\u00f6retr\u00e4desr\u00e4tt att teckna nya aktier av samma aktieslag i f\u00f6rh\u00e5llande till antal aktier innehavaren f\u00f6rut \u00e4ger (prim\u00e4r f\u00f6retr\u00e4desr\u00e4tt). Aktier som inte tecknas med prim\u00e4r f\u00f6retr\u00e4desr\u00e4tt ska erbjudas samtliga aktie\u00e4gare till teckning (subsidi\u00e4r f\u00f6retr\u00e4desr\u00e4tt). Om inte s\u00e5lunda erbjudna aktier r\u00e4cker f\u00f6r den teckning som sker med subsidi\u00e4r f\u00f6retr\u00e4desr\u00e4tt, ska aktierna f\u00f6rdelas mellan tecknarna i f\u00f6rh\u00e5llande till det antal aktier de f\u00f6rut \u00e4ger och i den m\u00e5n detta inte kan ske, genom lottning.<br \/>\nBeslutar bolaget att emittera endast stamaktier eller endast C-aktier, mot annan betalning \u00e4n apportegendom, ska samtliga aktie\u00e4gare, oavsett om deras aktier \u00e4r stamaktier eller C-aktier, \u00e4ga f\u00f6retr\u00e4desr\u00e4tt att teckna nya aktier i f\u00f6rh\u00e5llande till det antal aktier de f\u00f6rut \u00e4ger.<br \/>\nVad som ovan f\u00f6reskrivs om aktie\u00e4gares f\u00f6retr\u00e4desr\u00e4tt ska \u00e4ga motsvarande till\u00e4mpning vid emission av teckningsoptioner och konvertibler och ska inte inneb\u00e4ra n\u00e5gon inskr\u00e4nkning i m\u00f6jligheten att fatta beslut om emission med avvikelse fr\u00e5n aktie\u00e4garnas f\u00f6retr\u00e4desr\u00e4tt.<br \/>\nVid \u00f6kning av aktiekapitalet genom fondemission ska nya aktier emitteras av varje aktieslag i f\u00f6rh\u00e5llande till det antal aktier av samma slag som finns sedan tidigare. D\u00e4rvid ska gamla aktier av visst aktieslag medf\u00f6ra r\u00e4tt till nya aktier av samma aktieslag. Vad som nu sagts ska inte inneb\u00e4ra n\u00e5gon inskr\u00e4nkning i m\u00f6jligheten att genom fondemission, efter erforderlig \u00e4ndring av bolagsordningen, ge ut aktier av nytt slag.<br \/>\nMinskning av aktiekapitalet, dock inte till mindre \u00e4n det minst till\u00e5tna aktiekapitalet, kan efter beslut av bolagets styrelse, ske genom inl\u00f6sen av samtliga C-aktier. N\u00e4r minskningsbeslut fattas, ska ett belopp motsvarande minskningsbeloppet avs\u00e4ttas till reservfonden om h\u00e4rf\u00f6r erforderliga medel finns tillg\u00e4ngliga. Inl\u00f6senbeloppet per C-aktie ska vara aktiens kvotv\u00e4rde.<br \/>\n\u00c4gare av aktie som anm\u00e4lts f\u00f6r inl\u00f6sen ska vara skyldig att omedelbart efter erh\u00e5llande av underr\u00e4ttelse om inl\u00f6senbeslut erh\u00e5lla l\u00f6sen f\u00f6r aktien eller, d\u00e4r Bolagsverket eller r\u00e4ttens tillst\u00e5nd till minskningen erfordras, efter erh\u00e5llande av underr\u00e4ttelse att lagakraftvunna beslut registrerats.<br \/>\nC-aktier som innehas av bolaget ska p\u00e5 beslut av styrelsen kunna omvandlas till stamaktier. Styrelsen ska d\u00e4refter genast anm\u00e4la omvandling f\u00f6r registrering hos Bolagsverket. Omvandlingen \u00e4r verkst\u00e4lld n\u00e4r registrering skett och omvandlingen antecknats i avst\u00e4mningsregistret.<\/p>\n<h6>\u00a7 6 Styrelse<\/h6>\n<p>Styrelsen ska best\u00e5 av l\u00e4gst 3 och h\u00f6gst 10 ledam\u00f6ter, utan suppleanter.<\/p>\n<h6>\u00a7 7 Revisorer<\/h6>\n<p>F\u00f6r granskning av aktiebolagets \u00e5rsredovisning j\u00e4mte r\u00e4kenskaperna samt styrelsens och verkst\u00e4llande direkt\u00f6rens f\u00f6rvaltning utses 1-2 revisorer, med eller utan revisorssuppleanter.<\/p>\n<h6>\u00a7 8 Kallelse till bolagsst\u00e4mma<\/h6>\n<p>Kallelse till bolagsst\u00e4mma ska ske genom annonsering i Post- och Inrikes Tidningar samt p\u00e5 bolagets webbplats. Vid tidpunkten f\u00f6r kallelse ska information om att kallelse skett annonseras i Svenska Dagbladet. Kallelsen ska genast och utan kostnad f\u00f6r mottagaren skickas med post till de aktie\u00e4gare som beg\u00e4r det och uppger sin postadress.<\/p>\n<h6>\u00a7 9 F\u00f6ranm\u00e4lan<\/h6>\n<p>Aktie\u00e4gare som vill delta i f\u00f6rhandlingarna vid bolagsst\u00e4mma ska dels vara upptagen i utskrift eller annan framst\u00e4llning av hela aktieboken avseende f\u00f6rh\u00e5llandena fem vardagar f\u00f6re st\u00e4mman, dels g\u00f6ra anm\u00e4lan till bolaget senast den dag som anges i kallelsen till st\u00e4mman. Sistn\u00e4mnda dag f\u00e5r inte vara s\u00f6ndag, annan allm\u00e4n helgdag, l\u00f6rdag, midsommarafton, julafton eller ny\u00e5rsafton och inte infalla tidigare \u00e4n femte vardagen f\u00f6re st\u00e4mman.<br \/>\nAktie\u00e4gare eller ombud f\u00e5r ha med sig h\u00f6gst tv\u00e5 (2) bitr\u00e4den vid bolagsst\u00e4mma endast om aktie\u00e4garen anm\u00e4ler antalet bitr\u00e4den till bolaget p\u00e5 det s\u00e4tt som anges i f\u00f6reg\u00e5ende stycke.<\/p>\n<h6>\u00a7 10 \u00c4renden p\u00e5 \u00e5rsst\u00e4mma<\/h6>\n<p>P\u00e5 \u00e5rsst\u00e4mma ska f\u00f6ljande \u00e4renden behandlas.<br \/>\n1. Val av ordf\u00f6rande vid st\u00e4mman<br \/>\n2. Uppr\u00e4ttande och godk\u00e4nnande av r\u00f6stl\u00e4ngd<br \/>\n3. Val av en eller tv\u00e5 justeringsm\u00e4n<br \/>\n4. Pr\u00f6vning av om st\u00e4mman blivit beh\u00f6rigen sammankallad<br \/>\n5. Godk\u00e4nnande av dagordning<br \/>\n6. Framl\u00e4ggande av \u00e5rsredovisningen och revisionsber\u00e4ttelsen<br \/>\n7. Beslut om-fastst\u00e4llande av resultatr\u00e4kningen och balansr\u00e4kningen -dispositioner betr\u00e4ffande aktiebolagets vinst eller f\u00f6rlust enligt den fastst\u00e4llda balansr\u00e4kningen- ansvarsfrihet \u00e5t styrelseledam\u00f6ter och verkst\u00e4llande direkt\u00f6ren<br \/>\n8. Fastst\u00e4llande av arvoden till styrelsen och i vissa fall revisorerna<br \/>\n9. Val till styrelsen och i f\u00f6rekommande fall av revisorer<br \/>\n10. Annat \u00e4rende, som ska tas upp p\u00e5 bolagsst\u00e4mman enligt aktiebolagslagen (2005:551) eller bolagsordningen.<\/p>\n<h6>\u00a7 11 R\u00e4kenskaps\u00e5r<\/h6>\n<p>R\u00e4kenskaps\u00e5r \u00e4r 1 januari &#8211; 31 december.<\/p>\n<h6>\u00a7 12 Avst\u00e4mningsf\u00f6rbeh\u00e5ll<\/h6>\n<p>Bolagets aktier ska vara registrerade i ett avst\u00e4mningsregister enligt lagen (1998:1479) om v\u00e4rdepapperscentraler och kontof\u00f6ring av finansiella instrument.<\/p>\n<p>__________________________<br \/>\nBolagsordning antagen p\u00e5 extra bolagsst\u00e4mma den 3 april 2025<\/p>\n<\/div>\r\n    <\/div>\r\n<\/section>\r\n","protected":false},"excerpt":{"rendered":"","protected":false},"author":68,"featured_media":0,"parent":3515,"menu_order":0,"comment_status":"closed","ping_status":"closed","template":"","meta":{"_acf_changed":false,"footnotes":""},"class_list":["post-3519","page","type-page","status-publish","hentry"],"acf":[],"_links":{"self":[{"href":"https:\/\/qlinea.com\/sv\/wp-json\/wp\/v2\/pages\/3519","targetHints":{"allow":["GET"]}}],"collection":[{"href":"https:\/\/qlinea.com\/sv\/wp-json\/wp\/v2\/pages"}],"about":[{"href":"https:\/\/qlinea.com\/sv\/wp-json\/wp\/v2\/types\/page"}],"author":[{"embeddable":true,"href":"https:\/\/qlinea.com\/sv\/wp-json\/wp\/v2\/users\/68"}],"replies":[{"embeddable":true,"href":"https:\/\/qlinea.com\/sv\/wp-json\/wp\/v2\/comments?post=3519"}],"version-history":[{"count":4,"href":"https:\/\/qlinea.com\/sv\/wp-json\/wp\/v2\/pages\/3519\/revisions"}],"predecessor-version":[{"id":29220,"href":"https:\/\/qlinea.com\/sv\/wp-json\/wp\/v2\/pages\/3519\/revisions\/29220"}],"up":[{"embeddable":true,"href":"https:\/\/qlinea.com\/sv\/wp-json\/wp\/v2\/pages\/3515"}],"wp:attachment":[{"href":"https:\/\/qlinea.com\/sv\/wp-json\/wp\/v2\/media?parent=3519"}],"curies":[{"name":"wp","href":"https:\/\/api.w.org\/{rel}","templated":true}]}}