{"id":3521,"date":"2020-01-14T15:15:54","date_gmt":"2020-01-14T14:15:54","guid":{"rendered":"https:\/\/qlinea.com\/?page_id=3521"},"modified":"2025-04-10T08:24:01","modified_gmt":"2025-04-10T06:24:01","slug":"revisorer","status":"publish","type":"page","link":"https:\/\/qlinea.com\/sv\/investerare\/bolagsstyrning\/revisorer\/","title":{"rendered":"Revisorer"},"content":{"rendered":"\r\n<section class=\"content_text contentmodule alignfull\" style=\"background-color: #fff\" data-text-color=\"''\">\r\n    <div class=\"wrapper\">\r\n        <div class=\"textWrapper\"><article class=\"post-236 post type-post status-publish format-standard hentry category-governance\">\n<h1>Revisorer<\/h1>\n<\/article>\n<div class=\"section share\">\n<div class=\"share_content\">\n<p><strong>Bolagets revisor utses av \u00e5rsst\u00e4mman f\u00f6r perioden fram till slutet av n\u00e4sta \u00e5rsst\u00e4mma. Vid \u00e5rsst\u00e4mman den 28 juni 2024 valdes revisionsfirman \u00d6hrlings PricewaterhouseCoopers AB, (Vaksalagatan 6, Box 179, 751 04 Uppsala) till Bolagets revisor f\u00f6r tiden intill slutet av den \u00e5rsst\u00e4mma som h\u00e5lls under 2025. Huvudansvarig revisor \u00e4r auktoriserade revisorn Lars Kylberg. \u00a0<\/strong><\/p>\n<p>\u00d6hrlings PricewaterhouseCoopers AB har varit Bolagets revisor \u00e4ven f\u00f6r r\u00e4kenskaps\u00e5ren 2017-2023 och fram till \u00e5rsst\u00e4mman 2025.<\/p>\n<p>Revisorn granskar bolagets r\u00e4kenskaper p\u00e5 \u00e5rsst\u00e4mmans v\u00e4gnar. Detta sker normalt \u00e5tminstone tv\u00e5 g\u00e5nger per \u00e5r, d\u00e5 minst en kvartalsrapport, f\u00f6rutom \u00e5rsredovisningen, ska granskas av revisorn. Revisorns externa granskning av bolagets bokf\u00f6ring samt styrelsens och verkst\u00e4llande direkt\u00f6rens ledning utf\u00f6rs i enlighet med god revisionssed i Sverige.<\/p>\n<p>Beslut om ers\u00e4ttning till revisorn fattas av bolagsst\u00e4mman, efter f\u00f6rslag fr\u00e5n valberedningen. Vid \u00e5rsst\u00e4mman den 28 juni 2024 beslutades att arvode till revisorn skulle utg\u00e5 enligt godk\u00e4nd l\u00f6pande r\u00e4kning.<\/p>\n<\/div>\n<\/div>\n<\/div>\r\n    <\/div>\r\n<\/section>\r\n","protected":false},"excerpt":{"rendered":"","protected":false},"author":68,"featured_media":0,"parent":3515,"menu_order":0,"comment_status":"closed","ping_status":"closed","template":"","meta":{"_acf_changed":false,"footnotes":""},"class_list":["post-3521","page","type-page","status-publish","hentry"],"acf":[],"_links":{"self":[{"href":"https:\/\/qlinea.com\/sv\/wp-json\/wp\/v2\/pages\/3521","targetHints":{"allow":["GET"]}}],"collection":[{"href":"https:\/\/qlinea.com\/sv\/wp-json\/wp\/v2\/pages"}],"about":[{"href":"https:\/\/qlinea.com\/sv\/wp-json\/wp\/v2\/types\/page"}],"author":[{"embeddable":true,"href":"https:\/\/qlinea.com\/sv\/wp-json\/wp\/v2\/users\/68"}],"replies":[{"embeddable":true,"href":"https:\/\/qlinea.com\/sv\/wp-json\/wp\/v2\/comments?post=3521"}],"version-history":[{"count":1,"href":"https:\/\/qlinea.com\/sv\/wp-json\/wp\/v2\/pages\/3521\/revisions"}],"predecessor-version":[{"id":28528,"href":"https:\/\/qlinea.com\/sv\/wp-json\/wp\/v2\/pages\/3521\/revisions\/28528"}],"up":[{"embeddable":true,"href":"https:\/\/qlinea.com\/sv\/wp-json\/wp\/v2\/pages\/3515"}],"wp:attachment":[{"href":"https:\/\/qlinea.com\/sv\/wp-json\/wp\/v2\/media?parent=3521"}],"curies":[{"name":"wp","href":"https:\/\/api.w.org\/{rel}","templated":true}]}}