{"id":3523,"date":"2020-01-14T15:16:26","date_gmt":"2020-01-14T14:16:26","guid":{"rendered":"https:\/\/qlinea.com\/?page_id=3523"},"modified":"2025-11-13T10:35:22","modified_gmt":"2025-11-13T09:35:22","slug":"styrelse","status":"publish","type":"page","link":"https:\/\/qlinea.com\/sv\/investerare\/bolagsstyrning\/styrelse\/","title":{"rendered":"Styrelse"},"content":{"rendered":"<section class=\"header_onlytext headermodule\" style=\"background-color: #fff\" data-text-color=\"#343F52\">\r\n    <div class=\"wrapper\">\r\n        <div class=\"textWrapper\">\r\n                            <h1 class=\"title\">Styrelse<\/h1>\r\n                                        <h3><p>Q-lineas BoD best\u00e5r av en kombination av entrepren\u00f6rer, uppfinnare och industriellt erfarna personer som representerar bolagets st\u00f6rsta \u00e4gare och ger aktivt st\u00f6d till ledningen.<\/p>\n<p>Innehav.<\/p>\n<\/h3>\r\n                    <\/div>\r\n    <\/div>\r\n<\/section>\r\n\n\n\r\n<section class=\"content_bildtext contentmodule alignfull bild_vanster\" data-text-color=\"''\">\r\n    <div class=\"wrapper flexRowWrapper\">\r\n                                    <div class=\"imgWrapper\">\r\n                                            <img decoding=\"async\" src=\"https:\/\/qlinea.com\/0986741_wp-uploads\/2025\/07\/johanbygge_BW.jpg\" alt=\"\">\r\n                                    <\/div>\r\n                        <div class=\"textWrapper\" style=\"background-color: #fff\">\r\n                <h3>Johan Bygge<\/h3>\n<p><strong>Styrelseledamot sedan 2025, styrelseordf\u00f6rande sedan 2025<\/strong><\/p>\n<p>Johan Bygge har en gedigen bakgrund av att leda och utveckla framst\u00e5ende globala bolag, bland annat som CFO p\u00e5 Investor, Asienchef f\u00f6r EQT och ledande befattningshavare p\u00e5 b\u00e5de Electrolux och Husqvarna.<\/p>\n<p><strong>F\u00f6dd:<\/strong> 1956<br \/>\n<strong>Utbildning<\/strong><strong>: <\/strong>Civilekonom fr\u00e5n Handelsh\u00f6gskolan i Stockholm.<br \/>\n<strong>Andra p\u00e5g\u00e5ende uppdrag:<\/strong> F\u00f6r n\u00e4rvarande sitter han i ett flertal styrelser, bland annat: Tredje AP-fonden, Getinge AB (publ), Lantm\u00e4nnen ek f\u00f6r, CapMan Oyj, Scandi Standard AB (publ) och Guard Therapeutics International AB (publ.<\/p>\n<p><strong>Innehav i Bolaget:<\/strong> Han \u00e4ger 6 000 aktier i Bolaget och innehar 40 000 k\u00f6poptioner som ber\u00e4ttigar till f\u00f6rv\u00e4rv av aktier i Bolaget fr\u00e5n aktie\u00e4garen Investment AB \u00d6resund om fyra \u00e5r.<\/p>\n<p class=\"contact-field-value\">Johan \u00e4r oberoende i f\u00f6rh\u00e5llande till bolaget, bolagsledningen och till bolagets st\u00f6rre aktie\u00e4gare.<\/p>\n            <\/div>\r\n            <\/div>\r\n<\/section>\r\n\n\n\r\n<section class=\"content_bildtext contentmodule alignfull bild_vanster\" data-text-color=\"''\">\r\n    <div class=\"wrapper flexRowWrapper\">\r\n                                    <div class=\"imgWrapper\">\r\n                                            <img decoding=\"async\" src=\"https:\/\/qlinea.com\/0986741_wp-uploads\/2020\/06\/mg_board-scaled.jpg\" alt=\"\">\r\n                                    <\/div>\r\n                        <div class=\"textWrapper\" style=\"background-color: #fff\">\r\n                <h3>Mario Gualano<\/h3>\n<p><strong>Styrelseledamot sedan 2020<\/strong><\/p>\n<p>Mario Gualano har mer \u00e4n 25 \u00e5rs kommersiell, teknisk och operativ erfarenhet inom mikrobiologi- och diagnostikindustrin och 15 \u00e5rs erfarenhet av internationella ledarroller hos Thermo Fisher Scientific. Under hans tid hos Thermo Fisher Scientific ledde han Thermo Fisher Scientifics specialistdiagnostikgrupp i APAC och senast var han chef inom Mikrobiologidivisionen.<\/p>\n<p><strong>F\u00f6dd:<\/strong> 1969<br \/>\n<strong>Utbildning<\/strong><strong>: <\/strong>Doktorsexamen i mikrobiologi och immundiagnostik och en MBA fr\u00e5n Henley Management<br \/>\n<strong>Andra p\u00e5g\u00e5ende uppdrag:<\/strong> Strategic Advisor, BBI Solutions Ltd.<\/p>\n<p><strong>Innehav i Bolaget:<\/strong> Mario Gualano \u00e4ger inga aktier i Bolaget.<\/p>\n<p class=\"contact-field-value\">Han \u00e4r oberoende i f\u00f6rh\u00e5llande till bolaget och bolagsledningen och i f\u00f6rh\u00e5llande till st\u00f6rre aktie\u00e4gare.<\/p>\n            <\/div>\r\n            <\/div>\r\n<\/section>\r\n\n\n\r\n<section class=\"content_bildtext contentmodule alignfull bild_vanster\" data-text-color=\"''\">\r\n    <div class=\"wrapper flexRowWrapper\">\r\n                                    <div class=\"imgWrapper\">\r\n                                            <img decoding=\"async\" src=\"https:\/\/qlinea.com\/0986741_wp-uploads\/2025\/07\/sebastianbacklund_BW.webp\" alt=\"\">\r\n                                    <\/div>\r\n                        <div class=\"textWrapper\" style=\"background-color: #fff\">\r\n                <div class=\"contact-name\">\n<div class=\"contact-name\">\n<h3 class=\"contact-field-value\">Sebastian Backlund<\/h3>\n<p><strong>Styrelseledamot sedan 2025<\/strong><\/p>\n<div class=\"contact-info\">Sebastian Backlund\u00a0\u00e4r f\u00f6r n\u00e4rvarande anst\u00e4lld som Investment Manager p\u00e5 Investment AB \u00d6resund och f\u00f6rv\u00e4ntas bidra till arbetet i styrelsen och bolaget med sina starka kunskaper inom finansiell och kommersiell analys, interna struktur- och processf\u00f6rb\u00e4ttring, kapitalmarknad s\u00e5v\u00e4l som M&amp;A fr\u00e5n hans tidigare arbetsgivare: MedCap AB (publ) och EY Corporate Finance.<\/div>\n<div><\/div>\n<div class=\"contact-info\"><strong>F\u00f6dd<\/strong>: 1990<br \/>\n<strong>Utbildning<\/strong>: Sebastian har en Master of Science i finans fr\u00e5n Handelsh\u00f6gskolan i G\u00f6teborg och Bachelor of Science i nationalekonomi fr\u00e5n Francis Marion University i USA.<br \/>\n<strong>Andra p\u00e5g\u00e5ende uppdrag<\/strong>: Sebastian \u00e4r ledamot i Scandi Standard ABs styrelse.<\/div>\n<div class=\"contact-info\">\n<p><strong>Innehav i Bolaget<\/strong>: Han \u00e4ger direkt och indirekt totalt 150 000 aktier i Bolaget.<\/p>\n<p>Sebastian \u00e4r oberoende i f\u00f6rh\u00e5llande till bolaget och bolagsledningen och beroende i f\u00f6rh\u00e5llande till bolagets st\u00f6rre aktie\u00e4gare (Investment AB \u00d6resund).<\/p>\n<\/div>\n<\/div>\n<\/div>\n            <\/div>\r\n            <\/div>\r\n<\/section>\r\n\n\n\r\n<section class=\"content_bildtext contentmodule alignfull bild_vanster\" data-text-color=\"''\">\r\n    <div class=\"wrapper flexRowWrapper\">\r\n                                    <div class=\"imgWrapper\">\r\n                                            <img decoding=\"async\" src=\"https:\/\/qlinea.com\/0986741_wp-uploads\/2020\/01\/Erika-Kjellberg-Eriksson-500x481.jpg\" alt=\"\">\r\n                                    <\/div>\r\n                        <div class=\"textWrapper\" style=\"background-color: #fff\">\r\n                <div class=\"contact-name\">\n<h3 class=\"contact-field-value\">Erika Kjellberg Eriksson<\/h3>\n<div class=\"contact-jtitle\">\n<p class=\"contact-field-label\"><strong>Styrelseledamot sedan 2012, styrelseordf\u00f6rande mellan 2018 &#8211; 2025<\/strong><\/p>\n<\/div>\n<div class=\"contact-info\">\n<p>Erika Kjellberg Eriksson har under mer \u00e4n 25 \u00e5r innehaft styrelseuppdrag och ledande positioner inom l\u00e4kemedelsbolag, bioteknikbolag och medicintekniska bolag. Hon har l\u00e5ng erfarenhet av arbete i s\u00e5v\u00e4l noterade som onoterade bolag och har omfattande erfarenhet av styrelsearbete.<\/p>\n<p><strong>F\u00f6dd<\/strong>: 1962<br \/>\n<strong>Utbildning<\/strong>: Civilekonom, Uppsala universitet, 1985.<br \/>\n<strong>Andra p\u00e5g\u00e5ende uppdrag<\/strong>: Erika Kjellberg Eriksson \u00e4r VD och styrelseordf\u00f6rande i Nexttobe AB, styrelseordf\u00f6rande i Linum AB, Brixton Medical AB, Lumina Adhesives AB, Lokon Pharma AB och Tanea Medical AB, styrelseledamot i Findolon AB.<\/p>\n<p><strong>Innehav i Bolaget<\/strong>: Erika Kjellberg Eriksson \u00e4ger 45 597 aktier i Bolaget.<\/p>\n<p>Hon \u00e4r oberoende i f\u00f6rh\u00e5llande till bolaget och bolagsledningen men inte i f\u00f6rh\u00e5llande till st\u00f6rre aktie\u00e4gare.<\/p>\n<\/div>\n<\/div>\n            <\/div>\r\n            <\/div>\r\n<\/section>\r\n\n\n\r\n<section class=\"content_bildtext contentmodule alignfull bild_vanster\" data-text-color=\"''\">\r\n    <div class=\"wrapper flexRowWrapper\">\r\n                                    <div class=\"imgWrapper\">\r\n                                            <img decoding=\"async\" src=\"https:\/\/qlinea.com\/0986741_wp-uploads\/2023\/06\/Karin_029-Copy-2-e1686892292295-500x486.jpg\" alt=\"\">\r\n                                    <\/div>\r\n                        <div class=\"textWrapper\" style=\"background-color: #fff\">\r\n                <div class=\"contact-name\">\n<div class=\"contact-name\">\n<h3 class=\"contact-field-value\">Karin Fischer<\/h3>\n<\/div>\n<div class=\"contact-jtitle\">\n<p class=\"contact-field-label\"><strong>Styrelseledamot sedan 2023<\/strong><\/p>\n<\/div>\n<div class=\"contact-info\">\n<p>Karin Fischer har mer \u00e4n 15 \u00e5rs global kommersiell erfarenhet fr\u00e5n b\u00e5de strategiska och operativa roller. Hon har \u00e4ven varit stationerad i USA. Karin har arbetat f\u00f6r f\u00f6retag som Johnson &amp; Johnson, Getinge, Xvivo Perfusion och RLS Global. F\u00f6r det sistn\u00e4mnda var hon VD i drygt fyra \u00e5r. RLS \u00e4r listat p\u00e5 Nasdaq First North.<\/p>\n<p><strong>F\u00f6dd<\/strong>: 1976<br \/>\n<strong>Utbildning<\/strong>: Civilekonomexamen, Universtitetet i Aberdeen.<br \/>\n<strong>Andra p\u00e5g\u00e5ende uppdrag<\/strong>: Karin Fischer \u00e4r VD f\u00f6r Biolin Scientific AB, ett bolag inom AddLife-koncernen.<\/p>\n<p><strong>Innehav i Bolaget<\/strong>: Karin Fischer \u00e4ger 4 000 aktier i Bolaget.<\/p>\n<p>Hon \u00e4r oberoende i f\u00f6rh\u00e5llande till bolaget och bolagsledningen och i f\u00f6rh\u00e5llande till st\u00f6rre aktie\u00e4gare.<\/p>\n<\/div>\n<\/div>\n            <\/div>\r\n            <\/div>\r\n<\/section>\r\n\n\n\r\n<section class=\"content_bildtext contentmodule alignfull bild_vanster\" data-text-color=\"''\">\r\n    <div class=\"wrapper flexRowWrapper\">\r\n                                    <div class=\"imgWrapper\">\r\n                                            <img decoding=\"async\" src=\"https:\/\/qlinea.com\/0986741_wp-uploads\/2024\/08\/Jonas-Jarvius-SV-500x693.jpg\" alt=\"\">\r\n                                    <\/div>\r\n                        <div class=\"textWrapper\" style=\"background-color: #fff\">\r\n                <h3>Jonas Jarvius<\/h3>\n<p><strong>Styrelseledamot sedan 2024<\/strong><\/p>\n<p>Jonas Jarvius har \u00f6ver 20 \u00e5rs erfarenhet av forskning och utveckling inom molekyl\u00e4rmedicin samt molekyl\u00e4rbiologisk detektion. Han har varit medgrundare i flertalet bolag samt \u00e4r en av Q-lineas grundare. Jonas\u00a0 var VD f\u00f6r bolaget mellan 2008 och 2024. Han har \u00e4ven under m\u00e5nga \u00e5r varit verksam i ledande positioner i olika bioteknikf\u00f6retag och har i dessa roller ansvarat f\u00f6r projekt r\u00f6rande bl.a. molekyl\u00e4r identifiering f\u00f6r s\u00e4kerhetstill\u00e4mpningar samt tillverkning och utveckling av medicintekniska produkter. Han har dessutom erfarenhet av certifiering enligt ISO-13485, en standard f\u00f6r kvalitetsledning avsedd f\u00f6r medicinsk apparatur. Han har d\u00e4rut\u00f6ver varit engagerad i ett flertal biotech-startups.<\/p>\n<p><strong>F\u00f6dd:<\/strong> 1971<br \/>\n<strong>Utbildning<\/strong><strong>: <\/strong>Doktor i molekyl\u00e4rmedicin, Uppsala universitet, 2006, Medicine magisterexamen, Uppsala universitet, 1999.<br \/>\n<strong>Andra p\u00e5g\u00e5ende uppdrag: <\/strong>Jonas Jarvius \u00e4r VD f\u00f6r Biofrost Biosystems, Inc. samt styrelseledamot i Umbrella Science AB.<\/p>\n<p><strong>Innehav i Bolaget: <\/strong>Jonas Jarvius \u00e4ger 18 419 aktier i Bolaget.<\/p>\n<p class=\"contact-field-value\">Han \u00e4r oberoende i f\u00f6rh\u00e5llande till bolaget och bolagsledningen och i f\u00f6rh\u00e5llande till st\u00f6rre aktie\u00e4gare.<\/p>\n            <\/div>\r\n            <\/div>\r\n<\/section>\r\n\n\n\r\n<section class=\"content_bildtext contentmodule alignfull bild_vanster\" data-text-color=\"''\">\r\n    <div class=\"wrapper flexRowWrapper\">\r\n                                    <div class=\"imgWrapper\">\r\n                                    <\/div>\r\n                        <div class=\"textWrapper\" style=\"background-color: #fff\">\r\n                            <\/div>\r\n            <\/div>\r\n<\/section>\r\n","protected":false},"excerpt":{"rendered":"","protected":false},"author":68,"featured_media":0,"parent":3515,"menu_order":0,"comment_status":"closed","ping_status":"closed","template":"","meta":{"_acf_changed":false,"footnotes":""},"class_list":["post-3523","page","type-page","status-publish","hentry"],"acf":[],"_links":{"self":[{"href":"https:\/\/qlinea.com\/sv\/wp-json\/wp\/v2\/pages\/3523","targetHints":{"allow":["GET"]}}],"collection":[{"href":"https:\/\/qlinea.com\/sv\/wp-json\/wp\/v2\/pages"}],"about":[{"href":"https:\/\/qlinea.com\/sv\/wp-json\/wp\/v2\/types\/page"}],"author":[{"embeddable":true,"href":"https:\/\/qlinea.com\/sv\/wp-json\/wp\/v2\/users\/68"}],"replies":[{"embeddable":true,"href":"https:\/\/qlinea.com\/sv\/wp-json\/wp\/v2\/comments?post=3523"}],"version-history":[{"count":9,"href":"https:\/\/qlinea.com\/sv\/wp-json\/wp\/v2\/pages\/3523\/revisions"}],"predecessor-version":[{"id":29588,"href":"https:\/\/qlinea.com\/sv\/wp-json\/wp\/v2\/pages\/3523\/revisions\/29588"}],"up":[{"embeddable":true,"href":"https:\/\/qlinea.com\/sv\/wp-json\/wp\/v2\/pages\/3515"}],"wp:attachment":[{"href":"https:\/\/qlinea.com\/sv\/wp-json\/wp\/v2\/media?parent=3523"}],"curies":[{"name":"wp","href":"https:\/\/api.w.org\/{rel}","templated":true}]}}