{"id":3525,"date":"2020-01-14T15:16:59","date_gmt":"2020-01-14T14:16:59","guid":{"rendered":"https:\/\/qlinea.com\/?page_id=3525"},"modified":"2025-08-27T08:44:38","modified_gmt":"2025-08-27T06:44:38","slug":"utskott","status":"publish","type":"page","link":"https:\/\/qlinea.com\/sv\/investerare\/bolagsstyrning\/styrelse\/utskott\/","title":{"rendered":"Utskott"},"content":{"rendered":"\r\n<section class=\"content_text contentmodule alignfull\" style=\"background-color: #fff\" data-text-color=\"''\">\r\n    <div class=\"wrapper\">\r\n        <div class=\"textWrapper\"><header>\n<h1 class=\"title\">Utskott<\/h1>\n<p><strong>Revisionsutskott<\/strong><\/p>\n<p>Styrelsens revisionsutskott ska best\u00e5 av minst tre ledam\u00f6ter varav en ska vara ordf\u00f6rande. Utskottet arbetar enligt en instruktion som antagits av styrelsen. Revisionsutskottets uppgifter \u00e4r huvudsakligen att \u00f6vervaka Bolagets finansiella st\u00e4llning, att \u00f6vervaka effektiviteten i Bolagets interna kontroll, internrevision och riskhantering, att h\u00e5lla sig informerad om revisionen av \u00e5rsredovisningen och koncernredovisningen samt att granska och \u00f6vervaka revisorns opartiskhet och sj\u00e4lvst\u00e4ndighet. Revisionsutskottet ska ocks\u00e5 bist\u00e5 valberedningen vid f\u00f6rslag till val och arvodering av Bolagets revisor samt fortl\u00f6pande tr\u00e4ffa Bolagets revisor. Revisionsutskottets samtliga m\u00f6ten ska protokollf\u00f6ras och protokollen tillst\u00e4llas styrelsen tillsammans med muntlig avrapportering i samband med styrelsens beslutsfattande. Revisionsutskottet best\u00e5r av Erika Kjellberg Eriksson (ordf\u00f6rande), Jonas Jarvius och Sebastian Backlund.<\/p>\n<p><strong>Ers\u00e4ttningsutskott<\/strong><\/p>\n<p>Styrelsens ers\u00e4ttningsutskott ska best\u00e5 av minst tv\u00e5 ledam\u00f6ter, varav en ska vara ordf\u00f6rande. Utskottet arbetar enligt en arbetsordning som antagits av styrelsen. Ers\u00e4ttningsutskottets uppgifter \u00e4r huvudsakligen att bereda fr\u00e5gor om ers\u00e4ttning och andra anst\u00e4llningsvillkor f\u00f6r VD och andra ledande befattningshavare. Ers\u00e4ttningsutskottet ska ocks\u00e5 f\u00f6lja och utv\u00e4rdera p\u00e5g\u00e5ende och under \u00e5ret avslutade program f\u00f6r r\u00f6rliga ers\u00e4ttningar f\u00f6r bolagsledningen samt f\u00f6lja och utv\u00e4rdera till\u00e4mpningen av de riktlinjer f\u00f6r ers\u00e4ttningar till ledande befattningshavare som \u00e5rsst\u00e4mman fattat beslut om.<\/p>\n<p>Ers\u00e4ttningsutskottets samtliga m\u00f6ten ska protokollf\u00f6ras och protokollen tillst\u00e4llas styrelsen tillsammans med muntlig avrapportering i samband med styrelsens beslutsfattande. Ers\u00e4ttningsutskottet best\u00e5r av Johan Bygge (chairperson), Karin Fischer och Sebastian Backlund.<\/p>\n<\/header>\n<div class=\"content-container\">\n<div class=\"content-inner\">\n<p>&nbsp;<\/p>\n<\/div>\n<\/div>\n<\/div>\r\n    <\/div>\r\n<\/section>\r\n","protected":false},"excerpt":{"rendered":"","protected":false},"author":68,"featured_media":0,"parent":3523,"menu_order":0,"comment_status":"closed","ping_status":"closed","template":"","meta":{"_acf_changed":false,"footnotes":""},"class_list":["post-3525","page","type-page","status-publish","hentry"],"acf":[],"_links":{"self":[{"href":"https:\/\/qlinea.com\/sv\/wp-json\/wp\/v2\/pages\/3525","targetHints":{"allow":["GET"]}}],"collection":[{"href":"https:\/\/qlinea.com\/sv\/wp-json\/wp\/v2\/pages"}],"about":[{"href":"https:\/\/qlinea.com\/sv\/wp-json\/wp\/v2\/types\/page"}],"author":[{"embeddable":true,"href":"https:\/\/qlinea.com\/sv\/wp-json\/wp\/v2\/users\/68"}],"replies":[{"embeddable":true,"href":"https:\/\/qlinea.com\/sv\/wp-json\/wp\/v2\/comments?post=3525"}],"version-history":[{"count":2,"href":"https:\/\/qlinea.com\/sv\/wp-json\/wp\/v2\/pages\/3525\/revisions"}],"predecessor-version":[{"id":29273,"href":"https:\/\/qlinea.com\/sv\/wp-json\/wp\/v2\/pages\/3525\/revisions\/29273"}],"up":[{"embeddable":true,"href":"https:\/\/qlinea.com\/sv\/wp-json\/wp\/v2\/pages\/3523"}],"wp:attachment":[{"href":"https:\/\/qlinea.com\/sv\/wp-json\/wp\/v2\/media?parent=3525"}],"curies":[{"name":"wp","href":"https:\/\/api.w.org\/{rel}","templated":true}]}}