{"id":3527,"date":"2020-01-14T15:17:32","date_gmt":"2020-01-14T14:17:32","guid":{"rendered":"https:\/\/qlinea.com\/?page_id=3527"},"modified":"2020-01-15T09:27:10","modified_gmt":"2020-01-15T08:27:10","slug":"styrelsens-arbete","status":"publish","type":"page","link":"https:\/\/qlinea.com\/sv\/investerare\/bolagsstyrning\/styrelse\/styrelsens-arbete\/","title":{"rendered":"Styrelsens arbete"},"content":{"rendered":"\r\n<section class=\"content_text contentmodule\" style=\"background-color: #fff\" data-text-color=\"''\">\r\n    <div class=\"wrapper\">\r\n        <div class=\"textWrapper\"><header>\n<h1 class=\"entry-title\">Styrelsens arbete<\/h1>\n<\/header>\n<div class=\"content-container\">\n<div class=\"content-inner\">\n<div class=\"entry-content\">\n<p><strong>Styrelsen f\u00f6ljer en skriftlig arbetsordning som ses \u00f6ver \u00e5rligen och fastst\u00e4lls p\u00e5 det konstituerande styrelsem\u00f6tet som h\u00e5lls i anslutning till \u00e5rsst\u00e4mman.<\/strong><\/p>\n<p>Arbetsordningen reglerar bl.a. styrelsens arbetsformer, arbetsuppgifter, beslutsordning inom Bolaget, styrelsens m\u00f6tesordning, ordf\u00f6randens arbetsuppgifter samt arbetsf\u00f6rdelningen mellan styrelsen och verkst\u00e4llande direkt\u00f6ren. Instruktion avseende ekonomisk rapportering och instruktion till verkst\u00e4llande direkt\u00f6r fastst\u00e4lls ocks\u00e5 i samband med det konstituerande styrelsem\u00f6tet.<\/p>\n<\/div>\n<\/div>\n<\/div>\n<\/div>\r\n    <\/div>\r\n<\/section>\r\n","protected":false},"excerpt":{"rendered":"","protected":false},"author":68,"featured_media":0,"parent":3523,"menu_order":0,"comment_status":"closed","ping_status":"closed","template":"","meta":{"_acf_changed":false,"footnotes":""},"class_list":["post-3527","page","type-page","status-publish","hentry"],"acf":[],"_links":{"self":[{"href":"https:\/\/qlinea.com\/sv\/wp-json\/wp\/v2\/pages\/3527","targetHints":{"allow":["GET"]}}],"collection":[{"href":"https:\/\/qlinea.com\/sv\/wp-json\/wp\/v2\/pages"}],"about":[{"href":"https:\/\/qlinea.com\/sv\/wp-json\/wp\/v2\/types\/page"}],"author":[{"embeddable":true,"href":"https:\/\/qlinea.com\/sv\/wp-json\/wp\/v2\/users\/68"}],"replies":[{"embeddable":true,"href":"https:\/\/qlinea.com\/sv\/wp-json\/wp\/v2\/comments?post=3527"}],"version-history":[{"count":0,"href":"https:\/\/qlinea.com\/sv\/wp-json\/wp\/v2\/pages\/3527\/revisions"}],"up":[{"embeddable":true,"href":"https:\/\/qlinea.com\/sv\/wp-json\/wp\/v2\/pages\/3523"}],"wp:attachment":[{"href":"https:\/\/qlinea.com\/sv\/wp-json\/wp\/v2\/media?parent=3527"}],"curies":[{"name":"wp","href":"https:\/\/api.w.org\/{rel}","templated":true}]}}