{"id":3529,"date":"2020-01-14T15:18:07","date_gmt":"2020-01-14T14:18:07","guid":{"rendered":"https:\/\/qlinea.com\/?page_id=3529"},"modified":"2025-08-27T08:49:55","modified_gmt":"2025-08-27T06:49:55","slug":"styrelsearvoden","status":"publish","type":"page","link":"https:\/\/qlinea.com\/sv\/investerare\/bolagsstyrning\/styrelse\/styrelsearvoden\/","title":{"rendered":"Styrelsearvoden"},"content":{"rendered":"\r\n<section class=\"content_text contentmodule alignfull\" style=\"background-color: #fff\" data-text-color=\"''\">\r\n    <div class=\"wrapper\">\r\n        <div class=\"textWrapper\"><article class=\"post-704 post type-post status-publish format-standard hentry category-governance\">\n<header>\n<header>\n<h1 class=\"entry-title\">Styrelsearvoden<\/h1>\n<\/header>\n<\/header>\n<div class=\"content-container\">\n<div class=\"content-inner\">\n<div class=\"entry-content\">\n<p><strong>Ers\u00e4ttningen till bolagsst\u00e4mmovalda styrelseledam\u00f6ter beslutas av bolagsst\u00e4mman.<\/strong><\/p>\n<p>Vid \u00e5rsst\u00e4mman den 26 juni 2025 beslutades att styrelsearvode f\u00f6r tiden intill n\u00e4sta \u00e5rsst\u00e4mma ska utg\u00e5 enligt f\u00f6ljande (inom parentes anges arvodesniv\u00e5erna f\u00f6r innevarande \u00e5r):<\/p>\n<ul>\n<li>Styrelsens ordf\u00f6rande: 500 000 (450 000) kronor<\/li>\n<li>Styrelsens vice ordf\u00f6rande: 375 000 (337 500) kronor<\/li>\n<li>\u00d6vriga ledam\u00f6ter: 250 000 (225 000) kronor<\/li>\n<li>Ordf\u00f6rande i revisionsutskottet: 90 000 (90 000) kronor<\/li>\n<li>\u00d6vriga ledam\u00f6ter i revisionsutskottet: 45 000 (45 000) kronor<\/li>\n<li>Ordf\u00f6rande i ers\u00e4ttningsutskottet: 40 000 (40 000) kronor<\/li>\n<li>\u00d6vriga ledam\u00f6ter i ers\u00e4ttningsutskottet: 20 000 (20 000) kronor<\/li>\n<\/ul>\n<p>\u00c5rsst\u00e4mman beslutade ocks\u00e5, i enlighet med vad som tidigare meddelats, att arvode till Erika Kjellberg Eriksson inte kommer att utg\u00e5.<\/p>\n<p>Totalt arvode till de personer som f\u00f6resl\u00e5s till val av valberedningen f\u00f6resl\u00e5s d\u00e4rmed uppg\u00e5 till 1 367 500 (1 592 500) kronor (dvs. n\u00e5got arvode utg\u00e5r inte till Erika Kjellberg Eriksson i enlighet ovan). Detta betyder ocks\u00e5 att ytterligare arvode kan komma att utg\u00e5 om andra personer v\u00e4ljs.<\/p>\n<\/div>\n<\/div>\n<\/div>\n<\/article>\n<\/div>\r\n    <\/div>\r\n<\/section>\r\n","protected":false},"excerpt":{"rendered":"","protected":false},"author":68,"featured_media":0,"parent":3523,"menu_order":0,"comment_status":"closed","ping_status":"closed","template":"","meta":{"_acf_changed":false,"footnotes":""},"class_list":["post-3529","page","type-page","status-publish","hentry"],"acf":[],"_links":{"self":[{"href":"https:\/\/qlinea.com\/sv\/wp-json\/wp\/v2\/pages\/3529","targetHints":{"allow":["GET"]}}],"collection":[{"href":"https:\/\/qlinea.com\/sv\/wp-json\/wp\/v2\/pages"}],"about":[{"href":"https:\/\/qlinea.com\/sv\/wp-json\/wp\/v2\/types\/page"}],"author":[{"embeddable":true,"href":"https:\/\/qlinea.com\/sv\/wp-json\/wp\/v2\/users\/68"}],"replies":[{"embeddable":true,"href":"https:\/\/qlinea.com\/sv\/wp-json\/wp\/v2\/comments?post=3529"}],"version-history":[{"count":2,"href":"https:\/\/qlinea.com\/sv\/wp-json\/wp\/v2\/pages\/3529\/revisions"}],"predecessor-version":[{"id":29278,"href":"https:\/\/qlinea.com\/sv\/wp-json\/wp\/v2\/pages\/3529\/revisions\/29278"}],"up":[{"embeddable":true,"href":"https:\/\/qlinea.com\/sv\/wp-json\/wp\/v2\/pages\/3523"}],"wp:attachment":[{"href":"https:\/\/qlinea.com\/sv\/wp-json\/wp\/v2\/media?parent=3529"}],"curies":[{"name":"wp","href":"https:\/\/api.w.org\/{rel}","templated":true}]}}