{"id":3540,"date":"2020-01-14T16:02:40","date_gmt":"2020-01-14T15:02:40","guid":{"rendered":"https:\/\/qlinea.com\/?page_id=3540"},"modified":"2023-06-26T12:18:00","modified_gmt":"2023-06-26T10:18:00","slug":"styrelsens-uppgifter","status":"publish","type":"page","link":"https:\/\/qlinea.com\/sv\/investerare\/bolagsstyrning\/styrelse\/styrelsens-uppgifter\/","title":{"rendered":"Styrelsens uppgifter"},"content":{"rendered":"\r\n<section class=\"content_text contentmodule alignfull\" style=\"background-color: #fff\" data-text-color=\"''\">\r\n    <div class=\"wrapper\">\r\n        <div class=\"textWrapper\"><header>\n<header>\n<h1 class=\"entry-title\">Styrelsens uppgifter<\/h1>\n<\/header>\n<div class=\"content-container\">\n<div class=\"content-inner\">\n<div class=\"entry-content\">\n<p><strong>Styrelsen b\u00e4r det yttersta ansvaret f\u00f6r bolagets organisation och f\u00f6rvaltningen av bolagets verksamhet, som ska ske i bolagets och samtliga aktie\u00e4gare intresse. N\u00e5gra av styrelsens huvuduppgifter \u00e4r att hantera strategiska fr\u00e5gor avseende verksamhet, finansiering, etableringar, tillv\u00e4xt, resultat och finansiell st\u00e4llning och fortl\u00f6pande utv\u00e4rdera bolagets ekonomiska situation. Styrelsen ska ocks\u00e5 se till att det finns effektiva system f\u00f6r uppf\u00f6ljning och kontroll av bolagets verksamhet och s\u00e4kerst\u00e4lla att bolagets informationsgivning pr\u00e4glas av \u00f6ppenhet och \u00e4r korrekt, relevant och tillf\u00f6rlitlig.<\/strong><\/p>\n<p>&nbsp;<\/p>\n<p>Enligt Q-lineas bolagsordning ska styrelsen best\u00e5 av l\u00e4gst tre och h\u00f6gst tio ledam\u00f6ter utan suppleanter. Ledam\u00f6terna v\u00e4ljs normalt \u00e5rligen p\u00e5 \u00e5rsst\u00e4mman f\u00f6r tiden intill slutet av n\u00e4sta \u00e5rsst\u00e4mma, men ytterligare styrelseledam\u00f6ter kan v\u00e4ljas under \u00e5ret vid en extra bolagsst\u00e4mma.<\/p>\n<p>Enligt Koden ska en majoritet av styrelsens ledam\u00f6ter ska vara oberoende i f\u00f6rh\u00e5llande till bolaget och bolagsledningen. Minst tv\u00e5 av de ledam\u00f6ter som \u00e4r oberoende i f\u00f6rh\u00e5llande till bolaget och bolagsledningen ska ocks\u00e5 vara oberoende i f\u00f6rh\u00e5llande till bolagets st\u00f6rre aktie\u00e4gare. D\u00e4rut\u00f6ver f\u00e5r h\u00f6gst en styrelseledamot arbeta i bolagets ledning eller i ledningen av bolagets dotterbolag.<\/p>\n<p>Styrelsen har gjort bed\u00f6mningen att Karin Fischer, Hans Johansson, Finn Sander Albrechtsen och Mario Gualano \u00e4r oberoende i f\u00f6rh\u00e5llande till s\u00e5v\u00e4l bolaget och bolagsledningen som st\u00f6rre aktie\u00e4gare. Styrelsens sammans\u00e4ttning uppfyller d\u00e4rmed Kodens krav p\u00e5 oberoende.<\/p>\n<p>Styrelsens ordf\u00f6rande har till uppgift att bl.a. leda styrelsens arbete samt att tillse att styrelsens arbete bedrivs effektivt och att styrelsen fullg\u00f6r sina skyldigheter och \u00e5taganden. Ordf\u00f6randen ska genom kontakter med verkst\u00e4llande direkt\u00f6ren fortl\u00f6pande f\u00e5 den information som beh\u00f6vs f\u00f6r att kunna f\u00f6lja bolagets st\u00e4llning, ekonomiska planering och utveckling. Ordf\u00f6randen ska vidare samr\u00e5da med verkst\u00e4llande direkt\u00f6ren i strategiska fr\u00e5gor samt kontrollera att styrelsens beslut verkst\u00e4lls p\u00e5 ett effektivt s\u00e4tt.<\/p>\n<p>Styrelseordf\u00f6randen ansvarar f\u00f6r kontakter med aktie\u00e4garna i \u00e4garfr\u00e5gor och f\u00f6r att f\u00f6rmedla synpunkter fr\u00e5n \u00e4garna till styrelsen.<\/p>\n<p>Styrelseordf\u00f6randen v\u00e4ljs av bolagsst\u00e4mman.<\/p>\n<p>Styrelsen f\u00f6ljer en skriftlig arbetsordning som ses \u00f6ver \u00e5rligen och fastst\u00e4lls p\u00e5 det konstituerande styrelsem\u00f6tet som h\u00e5lls i anslutning till \u00e5rsst\u00e4mman. Arbetsordningen reglerar bl.a. styrelsens arbetsformer, arbetsuppgifter, beslutsordning inom bolaget, styrelsens m\u00f6tesordning, ordf\u00f6randens arbetsuppgifter samt arbetsf\u00f6rdelningen mellan styrelsen och verkst\u00e4llande direkt\u00f6ren. Instruktion avseende ekonomisk rapportering och instruktion till verkst\u00e4llande direkt\u00f6r fastst\u00e4lls ocks\u00e5 i samband med det konstituerande styrelsem\u00f6tet.<\/p>\n<\/div>\n<\/div>\n<\/div>\n<\/header>\n<div class=\"content-container\">\n<div class=\"content-inner\">\n<div class=\"entry-content\">\n<div class=\"page-content\">\n<section class=\"content_text contentmodule\">\n<div class=\"wrapper\">\n<div class=\"textWrapper\">\n<div class=\"content-container\">\n<div class=\"content-inner\">\n<div class=\"entry-content\"><\/div>\n<\/div>\n<\/div>\n<\/div>\n<\/div>\n<\/section>\n<\/div>\n<div class=\"backToTop\"><\/div>\n<\/div>\n<\/div>\n<\/div>\n<\/div>\r\n    <\/div>\r\n<\/section>\r\n","protected":false},"excerpt":{"rendered":"","protected":false},"author":68,"featured_media":0,"parent":3523,"menu_order":0,"comment_status":"closed","ping_status":"closed","template":"","meta":{"_acf_changed":false,"footnotes":""},"class_list":["post-3540","page","type-page","status-publish","hentry"],"acf":[],"_links":{"self":[{"href":"https:\/\/qlinea.com\/sv\/wp-json\/wp\/v2\/pages\/3540","targetHints":{"allow":["GET"]}}],"collection":[{"href":"https:\/\/qlinea.com\/sv\/wp-json\/wp\/v2\/pages"}],"about":[{"href":"https:\/\/qlinea.com\/sv\/wp-json\/wp\/v2\/types\/page"}],"author":[{"embeddable":true,"href":"https:\/\/qlinea.com\/sv\/wp-json\/wp\/v2\/users\/68"}],"replies":[{"embeddable":true,"href":"https:\/\/qlinea.com\/sv\/wp-json\/wp\/v2\/comments?post=3540"}],"version-history":[{"count":0,"href":"https:\/\/qlinea.com\/sv\/wp-json\/wp\/v2\/pages\/3540\/revisions"}],"up":[{"embeddable":true,"href":"https:\/\/qlinea.com\/sv\/wp-json\/wp\/v2\/pages\/3523"}],"wp:attachment":[{"href":"https:\/\/qlinea.com\/sv\/wp-json\/wp\/v2\/media?parent=3540"}],"curies":[{"name":"wp","href":"https:\/\/api.w.org\/{rel}","templated":true}]}}