{"id":3543,"date":"2020-01-14T16:03:15","date_gmt":"2020-01-14T15:03:15","guid":{"rendered":"https:\/\/qlinea.com\/?page_id=3543"},"modified":"2020-01-20T16:37:04","modified_gmt":"2020-01-20T15:37:04","slug":"bolagsstamma","status":"publish","type":"page","link":"https:\/\/qlinea.com\/sv\/investerare\/bolagsstyrning\/bolagsstamma\/","title":{"rendered":"Bolagsst\u00e4mma"},"content":{"rendered":"\r\n<section class=\"content_text contentmodule\" style=\"background-color: #fff\" data-text-color=\"''\">\r\n    <div class=\"wrapper\">\r\n        <div class=\"textWrapper\"><h1>Bolagsst\u00e4mma<\/h1>\n<p><strong>Aktie\u00e4garnas inflytande i Bolaget ut\u00f6vas vid bolagsst\u00e4mman, som \u00e4r Bolagets h\u00f6gsta beslutande organ. Varje aktie\u00e4gare som p\u00e5 avst\u00e4mningsdagen f\u00f6r bolagsst\u00e4mman \u00e4r inf\u00f6rd i den av Euroclear f\u00f6rda aktieboken och antecknad i ett avst\u00e4mningsregister eller p\u00e5 ett avst\u00e4mningskonto har r\u00e4tt att delta, personligen eller genom befullm\u00e4ktigat ombud. St\u00e4mman kan besluta i alla fr\u00e5gor som r\u00f6r Bolaget och som inte enligt aktiebolagslagen eller bolagsordningen uttryckligen faller under ett annat bolagsorgans exklusiva kompetens.<\/strong><\/p>\n<p>&nbsp;<\/p>\n<p>St\u00e4mman kan t.ex. besluta om \u00f6kning eller minskning av aktiekapitalet, \u00e4ndring av bolagsordningen samt att Bolaget ska tr\u00e4da i likvidation. Vad g\u00e4ller nyemissioner av aktier, konvertibler eller teckningsoptioner har st\u00e4mman, ut\u00f6ver m\u00f6jlighet att sj\u00e4lv besluta om detta, m\u00f6jlighet att l\u00e4mna bemyndigande till styrelsen att fatta emissionsbeslutet. Varje aktie\u00e4gare har, oberoende av aktieinnehavets storlek, r\u00e4tt att f\u00e5 ett angivet \u00e4rende behandlat p\u00e5 bolagsst\u00e4mma. Aktie\u00e4gare som \u00f6nskar ut\u00f6va denna r\u00e4tt m\u00e5ste framst\u00e4lla en skriftlig beg\u00e4ran till Bolagets styrelse. En s\u00e5dan beg\u00e4ran ska i normala fall vara styrelsen tillhanda i s\u00e5dan tid att \u00e4rendet kan tas upp i kallelsen till bolagsst\u00e4mman.<\/p>\n<p>\u00c5rsst\u00e4mma h\u00e5lls \u00e5rligen inom sex m\u00e5nader efter r\u00e4kenskaps\u00e5rets utg\u00e5ng. I Koden f\u00f6reskrivs att styrelseordf\u00f6randen tillsammans med beslutsf\u00f6r styrelse samt den verkst\u00e4llande direkt\u00f6ren ska n\u00e4rvara vid bolagsst\u00e4mman. St\u00e4mmans ordf\u00f6rande ska nomineras av valberedningen och v\u00e4ljas av st\u00e4mman. Till \u00e5rsst\u00e4mmans uppgifter h\u00f6r att v\u00e4lja Bolagets styrelse och revisorer, fastst\u00e4lla Bolagets balans- och resultatr\u00e4kningar, besluta om dispositioner betr\u00e4ffande Bolagets vinst eller f\u00f6rlust enligt den fastst\u00e4llda balansr\u00e4kningen samt att besluta om ansvarsfrihet f\u00f6r styrelseledam\u00f6ter och verkst\u00e4llande direkt\u00f6r. St\u00e4mman beslutar \u00e4ven om de arvoden som ska utg\u00e5 till styrelseledam\u00f6terna och Bolagets revisorer.<\/p>\n<p>Extra bolagsst\u00e4mma kan sammankallas av styrelsen n\u00e4r styrelsen anser att det finns sk\u00e4l att h\u00e5lla en st\u00e4mma f\u00f6re n\u00e4sta \u00e5rsst\u00e4mma. Styrelsen ska ocks\u00e5 sammankalla extra bolagsst\u00e4mma n\u00e4r en revisor eller aktie\u00e4gare som innehar mer \u00e4n tio % av aktierna i Bolaget skriftligen beg\u00e4r att st\u00e4mma ska h\u00e5llas f\u00f6r att behandla ett specifikt \u00e4rende.<\/p>\n<p>Kallelse till bolagsst\u00e4mma ska ske genom annonsering i Post- och Inrikes Tidningar samt p\u00e5 bolagets webbplats. Vid tidpunkten f\u00f6r kallelse ska information om att kallelse skett annonseras i Svenska Dagbladet. Kallelse till ordinarie bolagsst\u00e4mma och extra bolagsst\u00e4mma d\u00e4r \u00e4ndring av bolagsordning ska behandlas ska utf\u00e4rdas tidigast sex och senast fyra veckor f\u00f6re bolagsst\u00e4mman. Kallelse till annan extra bolagsst\u00e4mma ska utf\u00e4rdas tidigast sex veckor f\u00f6re och senast tre veckor f\u00f6re bolagsst\u00e4mman. St\u00e4mmoprotokollet ska finnas tillg\u00e4ngligt p\u00e5 Bolagets webbplats senast tv\u00e5 veckor efter st\u00e4mman.<\/p>\n<\/div>\r\n    <\/div>\r\n<\/section>\r\n\n\n<section class=\"header_onlytext headermodule\" style=\"background-color: #fff\" data-text-color=\"''\">\r\n    <div class=\"wrapper\">\r\n        <div class=\"textWrapper\">\r\n                                <\/div>\r\n    <\/div>\r\n<\/section>\r\n","protected":false},"excerpt":{"rendered":"","protected":false},"author":68,"featured_media":0,"parent":3515,"menu_order":0,"comment_status":"closed","ping_status":"closed","template":"","meta":{"_acf_changed":false,"footnotes":""},"class_list":["post-3543","page","type-page","status-publish","hentry"],"acf":[],"_links":{"self":[{"href":"https:\/\/qlinea.com\/sv\/wp-json\/wp\/v2\/pages\/3543","targetHints":{"allow":["GET"]}}],"collection":[{"href":"https:\/\/qlinea.com\/sv\/wp-json\/wp\/v2\/pages"}],"about":[{"href":"https:\/\/qlinea.com\/sv\/wp-json\/wp\/v2\/types\/page"}],"author":[{"embeddable":true,"href":"https:\/\/qlinea.com\/sv\/wp-json\/wp\/v2\/users\/68"}],"replies":[{"embeddable":true,"href":"https:\/\/qlinea.com\/sv\/wp-json\/wp\/v2\/comments?post=3543"}],"version-history":[{"count":0,"href":"https:\/\/qlinea.com\/sv\/wp-json\/wp\/v2\/pages\/3543\/revisions"}],"up":[{"embeddable":true,"href":"https:\/\/qlinea.com\/sv\/wp-json\/wp\/v2\/pages\/3515"}],"wp:attachment":[{"href":"https:\/\/qlinea.com\/sv\/wp-json\/wp\/v2\/media?parent=3543"}],"curies":[{"name":"wp","href":"https:\/\/api.w.org\/{rel}","templated":true}]}}