{"id":3545,"date":"2020-01-14T16:03:33","date_gmt":"2020-01-14T15:03:33","guid":{"rendered":"https:\/\/qlinea.com\/?page_id=3545"},"modified":"2025-10-01T08:41:13","modified_gmt":"2025-10-01T06:41:13","slug":"bolagsstammor","status":"publish","type":"page","link":"https:\/\/qlinea.com\/sv\/investerare\/bolagsstyrning\/bolagsstamma\/bolagsstammor\/","title":{"rendered":"Bolagsst\u00e4mmor"},"content":{"rendered":"\r\n<section class=\"content_text contentmodule alignfull\" style=\"background-color: #fff\" data-text-color=\"''\">\r\n    <div class=\"wrapper\">\r\n        <div class=\"textWrapper\"><h1>Bolagsst\u00e4mmor<\/h1>\n<p>21 \u00a0OKTOBER, 2025<\/p>\n<p>Extra Bolagst\u00e4mma 2025<\/p>\n<p>Q-linea AB (publ) h\u00e5ller den 21 oktober 2025 en extra bolagsst\u00e4mma I Uppsala<\/p>\n<p><a class=\"more\" href=\"https:\/\/qlinea.com\/sv\/extra-bolagsstamma-2025\/\" target=\"_blank\" rel=\"noopener\">L\u00e4s mer<\/a><\/p>\n<p>&nbsp;<\/p>\n<p>26 JUNI, 2025<\/p>\n<p>\u00c5rsst\u00e4mma 2025<\/p>\n<p>Q-linea AB (publ) h\u00f6ll den 26 juni 2025 sin \u00e5rsst\u00e4mma f\u00f6r verksamhets\u00e5ret 2024 i Uppsala.<\/p>\n<p><a class=\"more\" href=\"https:\/\/qlinea.com\/arsstamma-2025\/\" target=\"_blank\" rel=\"noopener\">L\u00e4s mer<\/a><\/p>\n<p>&nbsp;<\/p>\n<p>3 APRIL, 2025<\/p>\n<p>Extra Bolagsst\u00e4mma 2025<\/p>\n<p>Q-linea AB (publ) h\u00f6ll en extra bolagsst\u00e4mma i Uppsala den 3:e april 2025.<\/p>\n<p><a class=\"more\" href=\"https:\/\/qlinea.com\/extra-bolagsstamma-2025\/\" target=\"_blank\" rel=\"noopener\">L\u00e4s mer<\/a><\/p>\n<p>&nbsp;<\/p>\n<p>6 DECEMBER, 2024<\/p>\n<p>Extra Bolagsst\u00e4mma 2024<\/p>\n<p>Q-linea AB (publ) h\u00f6ll den 6:e december 2024 en extra bolagsst\u00e4mma i Uppsala.<\/p>\n<p><a class=\"more\" href=\"https:\/\/qlinea.com\/extra-bolagsstamma-2024\/\" target=\"_blank\" rel=\"noopener\">L\u00e4s mer<\/a><\/p>\n<p>&nbsp;<\/p>\n<p>28 JUNI, 2024<\/p>\n<p>\u00c5rsst\u00e4mma 2024<\/p>\n<p>Q-linea AB (publ) h\u00f6ll den 28 juni 2024 sin \u00e5rsst\u00e4mma f\u00f6r verksamhets\u00e5ret 2023 i Uppsala.<\/p>\n<p><a class=\"more\" href=\"https:\/\/qlinea.com\/sv\/arsstamma-2024\/\">L\u00e4s mer<\/a><\/p>\n<p>&nbsp;<\/p>\n<p>3 JULI, 2023<\/p>\n<p>Extra Bolagsst\u00e4mma 2023<\/p>\n<p>Q-linea AB (publ) h\u00f6ll den 3 juli 2023 en extra bolagsst\u00e4mma i Uppsala.<\/p>\n<p><a class=\"more\" href=\"https:\/\/qlinea.com\/sv\/extra-bolagsstamma-2023\/\">L\u00e4s mer<\/a><\/p>\n<p>&nbsp;<\/p>\n<p>13 JUNI, 2023<\/p>\n<p>\u00c5rsst\u00e4mma 2023<\/p>\n<p>Q-linea AB (publ) h\u00f6ll den 13 juni 2023 sin \u00e5rsst\u00e4mma f\u00f6r verksamhets\u00e5ret 2022 i Uppsala.<\/p>\n<p><a class=\"more\" href=\"https:\/\/qlinea.com\/sv\/arsstamma-2023\/\">L\u00e4s mer<\/a><\/p>\n<p>&nbsp;<\/p>\n<p>24 MAJ, 2022<\/p>\n<p>\u00c5rsst\u00e4mma 2022<\/p>\n<p>Q-linea AB (publ) h\u00f6ll den 24 maj 2022 sin \u00e5rsst\u00e4mma f\u00f6r verksamhets\u00e5ret 2021 i Uppsala.<\/p>\n<p><a class=\"more\" href=\"https:\/\/qlinea.com\/sv\/arsstamma-2022\/\">L\u00e4s mer<\/a><\/p>\n<p>&nbsp;<\/p>\n<p>25 MAJ, 2021<\/p>\n<p>\u00c5rsst\u00e4mma 2021<\/p>\n<p>Q-linea AB (publ) h\u00f6ll den 25 maj 2021 sin \u00e5rsst\u00e4mma f\u00f6r verksamhets\u00e5ret 2020 i Uppsala.<\/p>\n<p><a class=\"more\" href=\"https:\/\/qlinea.com\/sv\/qlinea-arsstamma-2021\/\">L\u00e4s mer<\/a><\/p>\n<p>&nbsp;<\/p>\n<p>26 MAJ, 2020<\/p>\n<p>\u00c5rsst\u00e4mma 2020<\/p>\n<p>Q-linea AB (publ) h\u00f6ll den 26 maj 2020 sin \u00e5rsst\u00e4mma f\u00f6r verksamhets\u00e5ret 2019 i Uppsala.<\/p>\n<p><a class=\"more\" href=\"https:\/\/qlinea.com\/sv\/arsstamma-2020\/\">L\u00e4s mer<\/a><\/p>\n<p>&nbsp;<\/p>\n<p>22 MAJ, 2019<\/p>\n<p>\u00c5rsst\u00e4mma 2019<br \/>\nQ-linea AB (publ) h\u00f6ll den 22 maj 2019 sin \u00e5rsst\u00e4mma f\u00f6r verksamhets\u00e5ret 2018 i Uppsala.<br \/>\n<a class=\"more\" href=\"http:\/\/www.qlinea.com\/sv\/arsstamma-2019\/\">L\u00e4s mer<\/a><\/p>\n<p>&nbsp;<\/p>\n<p>12 NOVEMBER, 2018<\/p>\n<p>Extra bolagsst\u00e4mma 2018<br \/>\nAktie\u00e4garna i Q-linea AB (publ), org.nr. 556729-0217 (\u201dBolaget\u201d), h\u00f6ll extra bolagsst\u00e4mma m\u00e5ndagen den 12 november 2018 kl. 09.30 i Advokatfirman Lindahls lokaler, Vaksalagatan 10, Uppsala.<br \/>\n<a class=\"more\" href=\"http:\/\/www.qlinea.com\/sv\/extra-bolagsstamma-2018\/\">L\u00e4s mer<\/a><\/p>\n<\/div>\r\n    <\/div>\r\n<\/section>\r\n\n\n\n<p><\/p>\n","protected":false},"excerpt":{"rendered":"","protected":false},"author":68,"featured_media":0,"parent":3543,"menu_order":0,"comment_status":"closed","ping_status":"closed","template":"","meta":{"_acf_changed":false,"footnotes":""},"class_list":["post-3545","page","type-page","status-publish","hentry"],"acf":[],"_links":{"self":[{"href":"https:\/\/qlinea.com\/sv\/wp-json\/wp\/v2\/pages\/3545","targetHints":{"allow":["GET"]}}],"collection":[{"href":"https:\/\/qlinea.com\/sv\/wp-json\/wp\/v2\/pages"}],"about":[{"href":"https:\/\/qlinea.com\/sv\/wp-json\/wp\/v2\/types\/page"}],"author":[{"embeddable":true,"href":"https:\/\/qlinea.com\/sv\/wp-json\/wp\/v2\/users\/68"}],"replies":[{"embeddable":true,"href":"https:\/\/qlinea.com\/sv\/wp-json\/wp\/v2\/comments?post=3545"}],"version-history":[{"count":10,"href":"https:\/\/qlinea.com\/sv\/wp-json\/wp\/v2\/pages\/3545\/revisions"}],"predecessor-version":[{"id":29457,"href":"https:\/\/qlinea.com\/sv\/wp-json\/wp\/v2\/pages\/3545\/revisions\/29457"}],"up":[{"embeddable":true,"href":"https:\/\/qlinea.com\/sv\/wp-json\/wp\/v2\/pages\/3543"}],"wp:attachment":[{"href":"https:\/\/qlinea.com\/sv\/wp-json\/wp\/v2\/media?parent=3545"}],"curies":[{"name":"wp","href":"https:\/\/api.w.org\/{rel}","templated":true}]}}