{"id":3547,"date":"2020-01-14T16:04:00","date_gmt":"2020-01-14T15:04:00","guid":{"rendered":"https:\/\/qlinea.com\/?page_id=3547"},"modified":"2020-01-20T16:40:55","modified_gmt":"2020-01-20T15:40:55","slug":"internkontroll-och-riskhantering","status":"publish","type":"page","link":"https:\/\/qlinea.com\/sv\/investerare\/bolagsstyrning\/internkontroll-och-riskhantering\/","title":{"rendered":"Internkontroll och riskhantering"},"content":{"rendered":"\r\n<section class=\"content_text contentmodule\" style=\"background-color: #fff\" data-text-color=\"''\">\r\n    <div class=\"wrapper\">\r\n        <div class=\"textWrapper\"><h1>Internkontroll och riskhantering<\/h1>\n<p><strong>Den interna kontrollens \u00f6vergripande syfte \u00e4r att i rimlig grad s\u00e4kerst\u00e4lla att Bolagets operativa strategier och m\u00e5l f\u00f6ljs upp och att \u00e4garnas investering skyddas. Den interna kontrollen ska vidare s\u00e4kerst\u00e4lla att den externa finansiella rapporteringen med rimlig s\u00e4kerhet \u00e4r tillf\u00f6rlitlig och uppr\u00e4ttad i \u00f6verensst\u00e4mmelse med god redovisningssed, att till\u00e4mpliga lagar och f\u00f6rordningar f\u00f6ljs samt att krav p\u00e5 noterade bolag efterlevs. Det \u00e4r styrelsen som har det \u00f6vergripande ansvaret f\u00f6r den interna kontrollen.<\/strong><\/p>\n<p>Aktiebolagslagen och \u00e5rsredovisningslagen inneh\u00e5ller krav som inneb\u00e4r att information om de viktigaste inslagen i Q-lineas system f\u00f6r intern kontroll och riskhantering ska ing\u00e5 i Bolagets bolagsstyrningsrapport. Styrelsens ansvar f\u00f6r den interna kontrollen regleras \u00e4ven i Koden. Styrelsen ska bl.a. se till att Q-linea har god intern kontroll och formaliserade rutiner som s\u00e4kerst\u00e4ller att fastlagda principer f\u00f6r finansiell rapportering och intern kontroll efterlevs samt att det finns \u00e4ndam\u00e5lsenliga system f\u00f6r uppf\u00f6ljning och kontroll av Bolagets verksamhet och de risker som Bolaget och dess verksamhet \u00e4r f\u00f6rknippad med.<\/p>\n<p>Styrelsen har, i syfte att uppr\u00e4tth\u00e5lla en god intern kontroll, uppr\u00e4ttat ett flertal styrdokument, s\u00e5som t.ex. arbetsordning f\u00f6r styrelsen, VD-instruktion, instruktion f\u00f6r ekonomisk rapportering, finanspolicy och informationspolicy.<\/p>\n<p>Styrelsen har dessutom etablerat ett revisionsutskott, vars huvuduppgifter bl.a. \u00e4r att \u00f6vervaka och kvalitetss\u00e4kra Bolagets finansiella rapportering, fortl\u00f6pande tr\u00e4ffa Bolagets externa revisor, \u00f6vervaka effektiviteten i Bolagets interna kontroll vad avser den finansiella rapporteringen samt granska och \u00f6vervaka revisorns opartiskhet och sj\u00e4lvst\u00e4ndighet. Inom styrelsen har revisionsutskottet ocks\u00e5 huvudansvaret f\u00f6r att \u00f6vervaka och hantera risker som kan p\u00e5verka Bolagets verksamhet negativt.<\/p>\n<p>Det fortl\u00f6pande ansvaret f\u00f6r intern kontroll och riskhantering har delegerats till Bolagets VD som regelbundet ska \u00e5terrapportera till styrelsen i enlighet med fastst\u00e4llda instruktioner.<\/p>\n<p>Den interna kontrollen och riskhanteringen kontrolleras och utv\u00e4rderas l\u00f6pande genom interna och externa kontroller och utv\u00e4rderingar av Bolagets styrdokument.<\/p>\n<p>Ut\u00f6ver den ovan beskrivna interna kontrollen finns \u00e4ven intern verksamhetsspecifik kontroll av data avseende forskning och utveckling samt kvalitetskontroll som omfattar en systematisk \u00f6vervakning och utv\u00e4rdering av Bolagets utvecklings- och tillverkningsarbete samt produkter.<\/p>\n<\/div>\r\n    <\/div>\r\n<\/section>\r\n","protected":false},"excerpt":{"rendered":"","protected":false},"author":68,"featured_media":0,"parent":3515,"menu_order":0,"comment_status":"closed","ping_status":"closed","template":"","meta":{"_acf_changed":false,"footnotes":""},"class_list":["post-3547","page","type-page","status-publish","hentry"],"acf":[],"_links":{"self":[{"href":"https:\/\/qlinea.com\/sv\/wp-json\/wp\/v2\/pages\/3547","targetHints":{"allow":["GET"]}}],"collection":[{"href":"https:\/\/qlinea.com\/sv\/wp-json\/wp\/v2\/pages"}],"about":[{"href":"https:\/\/qlinea.com\/sv\/wp-json\/wp\/v2\/types\/page"}],"author":[{"embeddable":true,"href":"https:\/\/qlinea.com\/sv\/wp-json\/wp\/v2\/users\/68"}],"replies":[{"embeddable":true,"href":"https:\/\/qlinea.com\/sv\/wp-json\/wp\/v2\/comments?post=3547"}],"version-history":[{"count":0,"href":"https:\/\/qlinea.com\/sv\/wp-json\/wp\/v2\/pages\/3547\/revisions"}],"up":[{"embeddable":true,"href":"https:\/\/qlinea.com\/sv\/wp-json\/wp\/v2\/pages\/3515"}],"wp:attachment":[{"href":"https:\/\/qlinea.com\/sv\/wp-json\/wp\/v2\/media?parent=3547"}],"curies":[{"name":"wp","href":"https:\/\/api.w.org\/{rel}","templated":true}]}}