{"id":3549,"date":"2020-01-14T16:04:23","date_gmt":"2020-01-14T15:04:23","guid":{"rendered":"https:\/\/qlinea.com\/?page_id=3549"},"modified":"2026-01-20T08:40:05","modified_gmt":"2026-01-20T07:40:05","slug":"ledning","status":"publish","type":"page","link":"https:\/\/qlinea.com\/sv\/investerare\/bolagsstyrning\/ledning\/","title":{"rendered":"Ledning"},"content":{"rendered":"<section class=\"header_onlytext headermodule\" style=\"background-color: #fff\" data-text-color=\"#343F52\">\r\n    <div class=\"wrapper\">\r\n        <div class=\"textWrapper\">\r\n                            <h1 class=\"title\">Ledning<\/h1>\r\n                                        <h3><p>Koncernchef och VD utses av styrelsen och sk\u00f6ter Bolagets l\u00f6pande f\u00f6rvaltning enligt styrelsens riktlinjer och anvisningar. Koncernchef och VD ansvarar f\u00f6r att h\u00e5lla styrelsen informerad om Bolagets utveckling och rapportera om v\u00e4sentliga avvikelser fr\u00e5n fastst\u00e4llda aff\u00e4rsplaner och om h\u00e4ndelser som har stor inverkan p\u00e5 Bolagets utveckling och verksamhet, samt att ta fram relevant beslutsunderlag till styrelsen exempelvis g\u00e4llande etableringar, investeringar och \u00f6vriga strategiska fr\u00e5gest\u00e4llningar. Bolagsledningen, som leds av Bolagets Koncernchef Stuart Gander, best\u00e5r av personer med ansvar f\u00f6r v\u00e4sentliga verksamhetsomr\u00e5den inom Q-linea.<\/p>\n<p>Innehav.<\/p>\n<\/h3>\r\n                    <\/div>\r\n    <\/div>\r\n<\/section>\r\n\n\n\r\n<section class=\"content_bildtext contentmodule alignfull bild_vanster\" data-text-color=\"''\">\r\n    <div class=\"wrapper flexRowWrapper\">\r\n                                    <div class=\"imgWrapper\">\r\n                                            <img decoding=\"async\" src=\"https:\/\/qlinea.com\/0986741_wp-uploads\/2024\/02\/Stuart-Gander-002_SV-scaled-e1709278006778-500x456.jpg\" alt=\"\">\r\n                                    <\/div>\r\n                        <div class=\"textWrapper\" style=\"background-color: #fff\">\r\n                <div class=\"contact-name\">\n<div class=\"contact-name\">\n<h6>Stuart Gander<\/h6>\n<h6>Koncernchef<\/h6>\n<p><strong>F\u00f6dd:<\/strong> 1978<\/p>\n<p>Koncernchef sedan 1 mars 2024<\/p>\n<p>Stuart Gander har arbetat inom h\u00e4lso- och sjukv\u00e5rdsbranschen sedan 2006, d\u00e4r han har som managing director och partner p\u00e5 Boston Consulting Group r\u00e5dgett f\u00f6retag inom alla sektorer. Han var specialiserad p\u00e5 medicinteknik och arbetade inom en m\u00e4ngd olika sektorer med tonvikt p\u00e5 medicinsk diagnostik. Han har erfarenhet av att arbeta p\u00e5 de flesta st\u00f6rre v\u00e5rdmarknader runtom i v\u00e4rlden och har bott i n\u00e4stan lika stor utstr\u00e4ckning i Europa och Nordamerika. Innan han b\u00f6rjade p\u00e5 Q-linea var han medlem av ledningsgruppen p\u00e5 StatLab, ett USA-baserat f\u00f6retag inom histologi, d\u00e4r han hade en m\u00e4ngd olika ledande roller inom drift, f\u00f6rs\u00e4ljning och marknadsf\u00f6ring, FoU och ledning av dess internationella dotterbolag.<\/p>\n<p><strong>Utbildning<\/strong>: Utexaminerades med utm\u00e4rkelser fr\u00e5n Queen&#8217;s University School of Commerce (nu Smith) i Kingston, Kanada (2000).<\/p>\n<\/div>\n<div class=\"contact-info\">\n<p><strong>Andra p\u00e5g\u00e5ende uppdrag<\/strong>: Stuart Gander har inga andra p\u00e5g\u00e5ende uppdrag.<\/p>\n<p><strong>Innehav i Bolaget<\/strong>: Stuart Gander \u00e4ger 53 100 aktier och 2 343 000 personaloptioner i Bolaget.\u00a0Varje personaloption ger r\u00e4tt att teckna 0,00165 aktier. Stuart \u00e4ger vidare 40 000 k\u00f6poptioner i Bolaget, utst\u00e4llda av Investment AB \u00d6resund.<\/p>\n<\/div>\n<\/div>\n            <\/div>\r\n            <\/div>\r\n<\/section>\r\n\n\n\r\n<section class=\"content_bildtext contentmodule alignfull bild_vanster\" data-text-color=\"''\">\r\n    <div class=\"wrapper flexRowWrapper\">\r\n                                    <div class=\"imgWrapper\">\r\n                                            <img decoding=\"async\" src=\"https:\/\/qlinea.com\/0986741_wp-uploads\/2023\/02\/Anders-Ljunggren-SV-1-scaled-e1677145062272-500x544.jpg\" alt=\"\">\r\n                                    <\/div>\r\n                        <div class=\"textWrapper\" style=\"background-color: #fff\">\r\n                <p><strong>Anders Ljunggren<br \/>\n<\/strong><strong>VD<br \/>\n<\/strong><strong>F\u00f6dd<\/strong>: 1981<br \/>\nAnst\u00e4lld av Bolaget sedan 2022, VD sedan 1 mars 2024.<\/p>\n<p>Anders Ljunggren har 15 \u00e5rs erfarenhet av att projektleda tekniska utvecklingsprojekt p\u00e5 innovativa bolag inom medicinteknik, industri, konsumentelektronik och rymdteknik. Genom att kombinera sin djupa f\u00f6rst\u00e5else f\u00f6r produktutveckling med gott tv\u00e4rfunktionellt ledarskap har han framg\u00e5ngsrikt lett s\u00e5v\u00e4l B2B-projekt som interna utvecklingsprojekt. P\u00e5 Q-linea ansvarade han f\u00f6r att s\u00e4tta upp och leda projektkontoret samt f\u00f6r inf\u00f6randet av en portf\u00f6ljledningsprocess och en matrisorganisation f\u00f6re sin befordran till VD.<\/p>\n<p><strong>Utbildning<\/strong>: Civilingenj\u00f6rsexamen i Teknisk Fysik med Materialvetenskap, Uppsala Universitet, 2007<\/p>\n<p><strong>Andra p\u00e5g\u00e5ende uppdrag<\/strong>: Anders Ljunggren \u00e4r \u00e4gare av Coego Consulting AB och Introspection AB. Styrelseledamot i det privata bostadsbolaget BKFAB.<\/p>\n<p><strong>Innehav i Bolaget<\/strong>: Anders Ljunggren \u00e4ger 2 700 aktier och 200 000 personaloptioner i Bolaget. Varje personaloption ger r\u00e4tt att teckna 0,00165 aktier.<\/p>\n            <\/div>\r\n            <\/div>\r\n<\/section>\r\n\n\n\r\n<section class=\"content_bildtext contentmodule alignfull bild_vanster\" data-text-color=\"''\">\r\n    <div class=\"wrapper flexRowWrapper\">\r\n                                    <div class=\"imgWrapper\">\r\n                                            <img decoding=\"async\" src=\"https:\/\/qlinea.com\/0986741_wp-uploads\/2025\/01\/Franco-web_bw-v2-500x462.jpg\" alt=\"\">\r\n                                    <\/div>\r\n                        <div class=\"textWrapper\" style=\"background-color: #fff\">\r\n                <h6><strong>Franco Pellegrini<\/strong><\/h6>\n<h6><strong>VP Sales, EMEA<\/strong><\/h6>\n<p><strong>F\u00f6dd<\/strong>: 1968, anst\u00e4lld av Bolaget sedan 2023.<\/p>\n<p>Franco Pellegrini har mer \u00e4n 20 \u00e5rs kommersiell erfarenhet inom olika segment av h\u00e4lso- och sjukv\u00e5rdsmarknaden som hj\u00e4rtkirurgi, radiologi och ultraljud, minimalt invasiv kirurgi och mikrobiologi, i b\u00e5de Europa och USA.<\/p>\n<p><strong>Utbildning<\/strong>: Juristexamen vid Universit\u00e0 Statale di Milano, Italien (1992).<\/p>\n<p><strong>\u00d6vriga p\u00e5g\u00e5ende uppdrag<\/strong>: Franco Pellegrini har inga andra p\u00e5g\u00e5ende uppdrag.<\/p>\n<p><strong>Innehav i Bolaget<\/strong>: Franco Pellegrini \u00e4ger 1 000 aktier och 170 000 personaloptioner i Bolaget. Varje personaloption ger r\u00e4tt att teckna 0,00165 aktier.<\/p>\n            <\/div>\r\n            <\/div>\r\n<\/section>\r\n\n\n\r\n<section class=\"content_bildtext contentmodule alignfull bild_vanster\" data-text-color=\"''\">\r\n    <div class=\"wrapper flexRowWrapper\">\r\n                                    <div class=\"imgWrapper\">\r\n                                            <img decoding=\"async\" src=\"https:\/\/qlinea.com\/0986741_wp-uploads\/2024\/02\/Christer-Samuelsson-001_SV-scaled-e1708443223377-500x521.jpg\" alt=\"\">\r\n                                    <\/div>\r\n                        <div class=\"textWrapper\" style=\"background-color: #fff\">\r\n                <div class=\"contact-name\">\n<div class=\"contact-name\">\n<h6 class=\"contact-field-value\">Christer Samuelsson<\/h6>\n<\/div>\n<div class=\"contact-jtitle\">\n<h6 class=\"contact-field-label\">Chief Financial Officer and Investor Relations (ekonomichef och IR-ansvarig)<\/h6>\n<\/div>\n<div class=\"contact-info\">\n<p><strong>F\u00f6dd<\/strong>: 1962<br \/>\nChief Financial Officer and Investor Relations (ekonomichef och IR-ansvarig) sedan 1 maj 2023.<\/p>\n<p>Christer Samuelsson har ca 20 \u00e5rs erfarenhet som CFO fr\u00e5n ett flertal branscher som life science, tillverkande industri, telekom och f\u00f6rnybar energi, s\u00e5v\u00e4l noterade som onoterade bolag. Han har d\u00e4rut\u00f6ver drygt tio \u00e5rs erfarenhet fr\u00e5n den finansiella sektorn.<\/p>\n<p><strong>Utbildning<\/strong>: Civilekonomexamen, Uppsala universitet, 1987.<\/p>\n<p><strong>Andra p\u00e5g\u00e5ende uppdrag<\/strong>: Christer Samuelsson har inga andra p\u00e5g\u00e5ende uppdrag.<\/p>\n<p><strong>Innehav i Bolaget<\/strong>: Christer Samuelsson \u00e4ger 3 838 aktier och 170 000 personaloptioner i Bolaget. Varje personaloption ger r\u00e4tt att teckna 0,00165 aktier.<\/p>\n<\/div>\n<\/div>\n            <\/div>\r\n            <\/div>\r\n<\/section>\r\n\n\n\r\n<section class=\"content_bildtext contentmodule alignfull bild_vanster\" data-text-color=\"''\">\r\n    <div class=\"wrapper flexRowWrapper\">\r\n                                    <div class=\"imgWrapper\">\r\n                                            <img decoding=\"async\" src=\"https:\/\/qlinea.com\/0986741_wp-uploads\/2022\/09\/Henrik-Jacobsson_SV-scaled-e1663921719421-500x442.jpg\" alt=\"\">\r\n                                    <\/div>\r\n                        <div class=\"textWrapper\" style=\"background-color: #fff\">\r\n                <p><strong>Henrik Jacobson<br \/>\n<\/strong><strong>Chief Operating Officer (verksamhetschef)<br \/>\n<\/strong><strong>F\u00f6dd<\/strong>: 1969<br \/>\nAnst\u00e4lld som produktionschef sedan 2021, Chief Operating Officer (verksamhetschef) sedan 2022.<\/p>\n<p>Henrik har mer \u00e4n 25 \u00e5rs erfarenhet av ledande befattningar inom fr\u00e4mst operations och produktion. Han var med och skapade f\u00e4rdigmatskonceptet och f\u00f6retaget Gooh d\u00e4r han ansvarade f\u00f6r att bygga upp produktions- och logistikverksamheten. Detta arbete gav bra erfarenhet av att skapa och skala upp fabrik och organisation. Henrik har \u00e4ven varit produktionsdirekt\u00f6r inom Lantm\u00e4nnen Cerealia samt VD f\u00f6r Swedish Meats dotterbolag Esca Food Solutions.<\/p>\n<p><strong>Utbildning<\/strong>: Civilingenj\u00f6rsexamen i Industriell Ekonomi, Link\u00f6pings Universitet, 1995<\/p>\n<p><strong>Andra p\u00e5g\u00e5ende uppdrag<\/strong>: Styrelseledamot i Jacobson Energi AB, Sk\u00e5nings \u00c5saka Vind AB och Vida Vind AB.<\/p>\n<p><strong>Innehav i Bolaget<\/strong>: Henrik Jacobson \u00e4ger 3 155 aktier och 170 000 personaloptioner i Bolaget. Varje personaloption ger r\u00e4tt att teckna 0,00165 aktier.<\/p>\n<p>&nbsp;<\/p>\n            <\/div>\r\n            <\/div>\r\n<\/section>\r\n\n\n\r\n<section class=\"content_bildtext contentmodule alignfull bild_vanster\" data-text-color=\"''\">\r\n    <div class=\"wrapper flexRowWrapper\">\r\n                                    <div class=\"imgWrapper\">\r\n                                            <img decoding=\"async\" src=\"https:\/\/qlinea.com\/0986741_wp-uploads\/2021\/12\/Victoria_Lerneryd_2358B_sv-scaled-e1639129578496.jpg\" alt=\"\">\r\n                                    <\/div>\r\n                        <div class=\"textWrapper\" style=\"background-color: #fff\">\r\n                <h6>Victoria Lerneryd<br \/>\nManager QA\/RA (Kvalitets- och regulatoriskt ansvarig)<\/h6>\n<p><strong>F\u00f6dd<\/strong>: 1984<br \/>\nManager QA\/RA (Kvalitets- och regulatoriskt ansvarig) sedan 2020<\/p>\n<p>Victoria Lerneryd har \u00f6ver 12 \u00e5rs erfarenhet inom kvalitetss\u00e4kring och regulatoriska fr\u00e5gor f\u00f6r medicintekniska produkter, med utveckling och underh\u00e5ll av kvalitetsledningssystem, framtagande av regulatorisk produktdokumentation samt regulatoriska granskningar och ans\u00f6kningar. Hon har tidigare haft positioner som Quality Manager p\u00e5 St. Jude Medical och Quality &amp; Regulatory Affairs Manager p\u00e5 Cavidi. Dessa roller har inkluderat ansvar f\u00f6r efterlevnad mot regulatoriska krav fr\u00e5n produktutveckling till produktion och \u00f6vervakning av produkter som sl\u00e4ppts ut p\u00e5 marknaden.<\/p>\n<p><strong>Utbildning<\/strong>: Civilingenj\u00f6rsexamen i kemiteknik, Uppsala Universitet (2009).<\/p>\n<p><strong>Andra p\u00e5g\u00e5ende uppdrag<\/strong>: Victoria Lerneryd har inga andra p\u00e5g\u00e5ende uppdrag.<br \/>\n<strong>Innehav i bolaget<\/strong>: Victoria Lerneryd \u00e4ger 446 aktier och 170 000 personaloptioner i bolaget. Varje personaloption ger r\u00e4tt att teckna 0,00165 aktier.<\/p>\n            <\/div>\r\n            <\/div>\r\n<\/section>\r\n\n\n\r\n<section class=\"content_bildtext contentmodule alignfull bild_vanster\" data-text-color=\"''\">\r\n    <div class=\"wrapper flexRowWrapper\">\r\n                                    <div class=\"imgWrapper\">\r\n                                            <img decoding=\"async\" src=\"https:\/\/qlinea.com\/0986741_wp-uploads\/2025\/07\/Natalie_Brown_BW-500x532.jpg\" alt=\"\">\r\n                                    <\/div>\r\n                        <div class=\"textWrapper\" style=\"background-color: #fff\">\r\n                <h6>Natalie Brown<br \/>\nGlobal Marketing Director<\/h6>\n<p><strong>F\u00f6dd<\/strong>: 1986<br \/>\nAnst\u00e4lld i Bolaget sedan 2024, Global Marketing Director sedan 1 april 2025.<\/p>\n<p>Natalie Brown drivs av att f\u00f6rb\u00e4ttra h\u00e4lso- och sjukv\u00e5rden. Hon b\u00f6rjade sin karri\u00e4r i ett forskningslaboratorium f\u00f6r br\u00f6stcancer och arbetade senare i marknadsf\u00f6ringsteamet f\u00f6r implanterbara portar p\u00e5 C.R. Bard (nu BD). Hennes erfarenhet inkluderar arbete med icke-statliga organisationer i USA, Mexiko och Tanzania, med fokus p\u00e5 f\u00f6rebyggande och behandling av HIV\/AIDS, gratis klinikhantering och flyktinghj\u00e4lp. Innan hon b\u00f6rjade p\u00e5 Q-linea var hon anst\u00e4lld av Accelerate Diagnostics i sex \u00e5r, d\u00e4r hon hade ett antal olika marknadsf\u00f6ringsroller.<\/p>\n<p><strong>Utbildning<\/strong>: Kandidatexamen i molekyl\u00e4r- och cellbiologi, University of Arizona (2008); Master i f\u00f6retagsekonomi med inriktning p\u00e5 h\u00e4lso- och sjukv\u00e5rdsledning, University of Arizona (2017).<\/p>\n<p><strong>Andra p\u00e5g\u00e5ende uppdrag<\/strong>: Natalie Brown har inga andra p\u00e5g\u00e5ende uppdrag.<br \/>\n<strong>Innehav i bolaget<\/strong>: Natalie Brown \u00e4ger 966 aktier och 170 000 personaloptioner i bolaget. Varje personaloption ger r\u00e4tt att teckna 0,00165 aktier.<\/p>\n            <\/div>\r\n            <\/div>\r\n<\/section>\r\n\n\n\r\n<section class=\"content_bildtext contentmodule alignfull bild_vanster\" data-text-color=\"''\">\r\n    <div class=\"wrapper flexRowWrapper\">\r\n                                    <div class=\"imgWrapper\">\r\n                                            <img decoding=\"async\" src=\"https:\/\/qlinea.com\/0986741_wp-uploads\/2026\/01\/Ylva-Molin-SV-500x693.jpg\" alt=\"\">\r\n                                    <\/div>\r\n                        <div class=\"textWrapper\" style=\"background-color: #fff\">\r\n                <h6>Ylva Molin<br \/>\nManager, Assay<\/h6>\n<p><strong>F\u00f6dd<\/strong>: 1981<br \/>\nAnst\u00e4lld i Bolaget sedan 2012, Manager Assay sedan 1 januari 2026.<\/p>\n<p>Ylva Molin har \u00f6ver tio \u00e5rs erfarenhet av produktutveckling inom medicinteknik genom flera ledande roller hos Q-linea. Ylva besitter en djup och gedigen kunskap om f\u00f6retagets produkter. Tidigare har Ylva arbetat vid klinisk mikrobiologi vid Uppsala Akademiska sjukhus. Denna kombination av industriell och klinisk bakgrund bidrar med v\u00e4rdefull vetenskaplig och operativ kompetens.<\/p>\n<p><strong>Utbildning<\/strong>: Doktor i infektionssjukdomar, Uppsala universitet 2010. Biomedicinprogrammet, Uppsala universitet, 2005.<\/p>\n<p><strong>Andra p\u00e5g\u00e5ende uppdrag<\/strong>: Ylva Molin har inga andra p\u00e5g\u00e5ende uppdrag.<br \/>\n<strong>Innehav i bolaget<\/strong>: Ylva Molin \u00e4ger 891 aktier och 50 000 personaloptioner i Bolaget. Varje personaloption ger r\u00e4tt att teckna 0,00165 aktier.<\/p>\n            <\/div>\r\n            <\/div>\r\n<\/section>\r\n","protected":false},"excerpt":{"rendered":"","protected":false},"author":68,"featured_media":0,"parent":3515,"menu_order":0,"comment_status":"closed","ping_status":"closed","template":"","meta":{"_acf_changed":false,"footnotes":""},"class_list":["post-3549","page","type-page","status-publish","hentry"],"acf":[],"_links":{"self":[{"href":"https:\/\/qlinea.com\/sv\/wp-json\/wp\/v2\/pages\/3549","targetHints":{"allow":["GET"]}}],"collection":[{"href":"https:\/\/qlinea.com\/sv\/wp-json\/wp\/v2\/pages"}],"about":[{"href":"https:\/\/qlinea.com\/sv\/wp-json\/wp\/v2\/types\/page"}],"author":[{"embeddable":true,"href":"https:\/\/qlinea.com\/sv\/wp-json\/wp\/v2\/users\/68"}],"replies":[{"embeddable":true,"href":"https:\/\/qlinea.com\/sv\/wp-json\/wp\/v2\/comments?post=3549"}],"version-history":[{"count":9,"href":"https:\/\/qlinea.com\/sv\/wp-json\/wp\/v2\/pages\/3549\/revisions"}],"predecessor-version":[{"id":29694,"href":"https:\/\/qlinea.com\/sv\/wp-json\/wp\/v2\/pages\/3549\/revisions\/29694"}],"up":[{"embeddable":true,"href":"https:\/\/qlinea.com\/sv\/wp-json\/wp\/v2\/pages\/3515"}],"wp:attachment":[{"href":"https:\/\/qlinea.com\/sv\/wp-json\/wp\/v2\/media?parent=3549"}],"curies":[{"name":"wp","href":"https:\/\/api.w.org\/{rel}","templated":true}]}}