{"id":3553,"date":"2020-01-14T16:04:58","date_gmt":"2020-01-14T15:04:58","guid":{"rendered":"https:\/\/qlinea.com\/?page_id=3553"},"modified":"2022-05-24T17:48:10","modified_gmt":"2022-05-24T15:48:10","slug":"valberedning","status":"publish","type":"page","link":"https:\/\/qlinea.com\/sv\/investerare\/bolagsstyrning\/valberedning\/","title":{"rendered":"Valberedning"},"content":{"rendered":"\r\n<section class=\"content_text contentmodule\" style=\"background-color: #fff\" data-text-color=\"''\">\r\n    <div class=\"wrapper\">\r\n        <div class=\"textWrapper\"><article class=\"post-228 post type-post status-publish format-standard hentry category-governance\">\n<h1>Valberedning<\/h1>\n<header><\/header>\n<\/article>\n<article class=\"post-228 post type-post status-publish format-standard hentry category-governance\">\n<header><strong>F\u00f6retag som till\u00e4mpar bolagsstyrningskoden b\u00f6r ha en valberedning, vars uppdrag ska omfatta beredning och uppr\u00e4ttande av f\u00f6rslag till val av styrelseledam\u00f6ter, styrelsens ordf\u00f6rande, ordf\u00f6rande vid st\u00e4mma samt revisorer. Valberedningen ska ocks\u00e5 f\u00f6resl\u00e5 arvode till styrelseledam\u00f6ter och revisorer. Vid \u00e5rsst\u00e4mman den 20 juni 2018 beslutades att anta en instruktion och arbetsordning f\u00f6r valberedningen, enligt vilken valberedningen ska best\u00e5 av tre ledam\u00f6ter.<\/strong><\/p>\n<p>Valberedningen utses genom att styrelsens ordf\u00f6rande, p\u00e5 st\u00e4mmans uppdrag, tar kontakt med de tre r\u00f6stm\u00e4ssigt st\u00f6rsta aktie\u00e4garna enligt Euroclears utskrift av aktieboken per den 1 september 2022, som vardera har r\u00e4tt att utse en ledamot av valberedningen. F\u00f6r det fall n\u00e5gon av de tre st\u00f6rsta aktie\u00e4garna inte \u00f6nskar utse en ledamot av valberedningen ska den fj\u00e4rde st\u00f6rsta aktie\u00e4garen tillfr\u00e5gas, och s\u00e5 vidare intill dess att valberedningen best\u00e5r av tre ledam\u00f6ter.<\/p>\n<p>Majoriteten av valberedningens ledam\u00f6ter ska vara oberoende i f\u00f6rh\u00e5llande till Bolaget och bolagsledningen. Verkst\u00e4llande direkt\u00f6ren eller annan person fr\u00e5n bolagsledningen ska inte vara ledamot av valberedningen. Minst en av valberedningens ledam\u00f6ter ska vara oberoende i f\u00f6rh\u00e5llande till den i Bolaget r\u00f6stm\u00e4ssigt st\u00f6rsta aktie\u00e4garen eller grupp av aktie\u00e4gare som samverkar om Bolagets f\u00f6rvaltning. Styrelseledam\u00f6ter kan ing\u00e5 i valberedningen, men ska inte utg\u00f6ra en majoritet av valberedningens ledam\u00f6ter. Styrelsen ordf\u00f6rande eller annan styrelseledamot ska inte vara valberedningens ordf\u00f6rande. Om mer \u00e4n en styrelseledamot ing\u00e5r i valberedningen f\u00e5r h\u00f6gst en av dem vara beroende i f\u00f6rh\u00e5llande till Bolagets st\u00f6rre aktie\u00e4gare.<\/p>\n<p>Valberedningens ledam\u00f6ter ska offentligg\u00f6ras p\u00e5 Bolagets hemsida senast sex m\u00e5nader f\u00f6re \u00e5rsst\u00e4mman. Mandatperioden f\u00f6r den utsedda valberedningen ska l\u00f6pa intill dess att ny valberedning utsetts. Inget arvode ska utg\u00e5 till ledam\u00f6terna f\u00f6r deras arbete i valberedningen. Valberedningen ska inom sig utse valberedningens ordf\u00f6rande. Styrelseordf\u00f6randen eller annan styrelseledamot f\u00e5r inte vara valberedningens ordf\u00f6rande.<\/p>\n<p>Valberedningen ska l\u00e4gga fram f\u00f6rslag till beslut i f\u00f6ljande fr\u00e5gor f\u00f6r \u00e5rsst\u00e4mman 2023:<\/p>\n<ul>\n<li>Val av ordf\u00f6rande vid st\u00e4mman,<\/li>\n<li>Fastst\u00e4llande av antal styrelseledam\u00f6ter,<\/li>\n<li>Fastst\u00e4llande av arvoden och annan ers\u00e4ttning till styrelsen och dess utskott, med uppdelning mellan ordf\u00f6rande och \u00f6vriga ledam\u00f6ter,<\/li>\n<li>Fastst\u00e4llande av arvoden till revisorer,<\/li>\n<li>Val av styrelseledam\u00f6ter och styrelseordf\u00f6rande,<\/li>\n<li>Val av revisorer, och<\/li>\n<li>F\u00f6rslag till principer f\u00f6r valberedningens sammans\u00e4ttning och arbete inf\u00f6r \u00e5rsst\u00e4mman 2024.<\/li>\n<\/ul>\n<\/header>\n<\/article>\n<\/div>\r\n    <\/div>\r\n<\/section>\r\n\n\n\r\n<section class=\"content_text contentmodule\" style=\"background-color: #fff\" data-text-color=\"''\">\r\n    <div class=\"wrapper\">\r\n        <div class=\"textWrapper\"><\/div>\r\n    <\/div>\r\n<\/section>\r\n","protected":false},"excerpt":{"rendered":"","protected":false},"author":68,"featured_media":0,"parent":3515,"menu_order":0,"comment_status":"closed","ping_status":"closed","template":"","meta":{"_acf_changed":false,"footnotes":""},"class_list":["post-3553","page","type-page","status-publish","hentry"],"acf":[],"_links":{"self":[{"href":"https:\/\/qlinea.com\/sv\/wp-json\/wp\/v2\/pages\/3553","targetHints":{"allow":["GET"]}}],"collection":[{"href":"https:\/\/qlinea.com\/sv\/wp-json\/wp\/v2\/pages"}],"about":[{"href":"https:\/\/qlinea.com\/sv\/wp-json\/wp\/v2\/types\/page"}],"author":[{"embeddable":true,"href":"https:\/\/qlinea.com\/sv\/wp-json\/wp\/v2\/users\/68"}],"replies":[{"embeddable":true,"href":"https:\/\/qlinea.com\/sv\/wp-json\/wp\/v2\/comments?post=3553"}],"version-history":[{"count":0,"href":"https:\/\/qlinea.com\/sv\/wp-json\/wp\/v2\/pages\/3553\/revisions"}],"up":[{"embeddable":true,"href":"https:\/\/qlinea.com\/sv\/wp-json\/wp\/v2\/pages\/3515"}],"wp:attachment":[{"href":"https:\/\/qlinea.com\/sv\/wp-json\/wp\/v2\/media?parent=3553"}],"curies":[{"name":"wp","href":"https:\/\/api.w.org\/{rel}","templated":true}]}}