{"id":3557,"date":"2020-01-14T16:05:39","date_gmt":"2020-01-14T15:05:39","guid":{"rendered":"https:\/\/qlinea.com\/?page_id=3557"},"modified":"2020-01-21T13:36:53","modified_gmt":"2020-01-21T12:36:53","slug":"borsintroduktion","status":"publish","type":"page","link":"https:\/\/qlinea.com\/sv\/investerare\/borsintroduktion\/","title":{"rendered":"B\u00f6rsintroduktion"},"content":{"rendered":"\r\n<section class=\"content_text contentmodule alignfull\" style=\"background-color: #fff\" data-text-color=\"''\">\r\n    <div class=\"wrapper\">\r\n        <div class=\"textWrapper\"><h1>B\u00f6rsintroduktion<\/h1>\n<p>I syfte att st\u00f6dja Q-lineas strategi och den \u00e5terst\u00e5ende utvecklingen av Bolagets produkt ASTar har Q-lineas huvud\u00e4gare och Bolagets styrelse beslutat att genomf\u00f6ra en nyemission i Q-linea. Q-lineas styrelse har i anslutning d\u00e4rmed ans\u00f6kt om notering av Bolagets aktier p\u00e5 Nasdaq Stockholm. <a href=\"https:\/\/qlinea.com\/sv\/investerare\/ipo-disclaimer-gardin\/om-borsintroduktionen\/\">L\u00e4s mer<\/a><\/p>\n<p>&nbsp;<\/p>\n<h3>Pressreleaser om b\u00f6rsintroduktionen<\/h3>\n<p><a href=\"https:\/\/qlinea.com\/sv\/investerare\/borsintroduktion\/pressmeddelanden\/\">L\u00e4s mer<\/a><\/p>\n<h3><\/h3>\n<p>&nbsp;<\/p>\n<div class=\"eda-module-title\">\n<h3>Viktiga datum<\/h3>\n<\/div>\n<div class=\"eda-module-desc\">\n<p><strong>26 november \u2013 5 december 2018<\/strong><br \/>\nAnm\u00e4lningsperiod f\u00f6r allm\u00e4nheten i Sverige<\/p>\n<p><strong>26 november \u2013 6 december 2018<\/strong><br \/>\nAnm\u00e4lningsperiod f\u00f6r institutionella investerare<\/p>\n<p><strong>7 december 2018<\/strong><br \/>\nNoteringsdag p\u00e5 Nasdaq Stockholm<\/p>\n<p><strong>11 december 2018<\/strong><br \/>\nLikviddag<\/p>\n<p><a href=\"http:\/\/www.qlinea.com\/sv\/investerare\/ipo-disclaimer-gardin\/viktiga-datum\/\">Viktiga datum<\/a><\/p>\n<\/div>\n<\/div>\r\n    <\/div>\r\n<\/section>\r\n\n\n\r\n<section class=\"content_twoimgs contentmodule\" style=\"background-color: #fff;\">\r\n    <div class=\"wrapper flexRowWrapper blocks\">\r\n                                    <div class=\"block flexRowWrapper \" style=\"background-color: #f9efef;\" data-text-color=\"''\">\r\n                                                <div class=\"imgHolder\">\r\n                            <img decoding=\"async\" src=\"https:\/\/qlinea.com\/0986741_wp-uploads\/2020\/01\/DSC02897-scaled.jpg\" alt=\"&lt;p&gt;Ladda ner&lt;\/p&gt;\n&lt;p&gt;&lt;a href=&quot;http:\/\/www.qlinea.com\/0986741_wp-uploads\/2020\/01\/q-linea-ab-prospekt.pdf&quot;&gt;Prospekt&lt;\/a&gt;&lt;\/p&gt;\n\">\r\n                        <\/div>\r\n                        <div class=\"text flexColumnWrapper\">\r\n                            <div class=\"textWrapper\">\r\n                                <p>Ladda ner<\/p>\n<p><a href=\"http:\/\/www.qlinea.com\/0986741_wp-uploads\/2020\/01\/q-linea-ab-prospekt.pdf\">Prospekt<\/a><\/p>\n                            <\/div>\r\n                        <\/div>\r\n                    <\/div>\r\n                    <\/div>\r\n    <div class=\"mobileBlocks\">\r\n                <div class=\"glideMobile\">\r\n            <div class=\"glide__track\" data-glide-el=\"track\">\r\n                <div class=\"glide__slides flexRowWrapper\">\r\n                                                <div class=\"block flexColumnWrapper glide__slide\" style=\"background-color: #f9efef;\" data-text-color=\"''\">\r\n                                                                <img decoding=\"async\" src=\"https:\/\/qlinea.com\/0986741_wp-uploads\/2020\/01\/DSC02897-700x467.jpg\" alt=\"\">\r\n                                <div class=\"text flexColumnWrapper\">\r\n                                    <div class=\"textWrapper flexColumnWrapper\">\r\n                                        <p>Ladda ner<\/p>\n<p><a href=\"http:\/\/www.qlinea.com\/0986741_wp-uploads\/2020\/01\/q-linea-ab-prospekt.pdf\">Prospekt<\/a><\/p>\n                                    <\/div>\r\n                                    <div class=\"morelinks\" style=\"text-align: left\">\r\n                                        <a class=\"more\" href=\"\"><\/a>\r\n                                    <\/div>\r\n                                <\/div>\r\n                            <\/div>\r\n                                        <\/div>\r\n                <div class=\"slider__bullets glide__bullets\" data-glide-el=\"controls[nav]\">\r\n                                                <button aria-label=\"Navigat to slide 0\" class=\"slider__bullets\" data-glide-dir=\"=0\"><\/button>\r\n                                        <\/div>\r\n            <\/div>\r\n        <\/div>\r\n    <\/div>\r\n<\/section>\r\n","protected":false},"excerpt":{"rendered":"","protected":false},"author":68,"featured_media":0,"parent":3365,"menu_order":0,"comment_status":"closed","ping_status":"closed","template":"templates\/page-ipo.php","meta":{"_acf_changed":false,"footnotes":""},"class_list":["post-3557","page","type-page","status-publish","hentry"],"acf":[],"_links":{"self":[{"href":"https:\/\/qlinea.com\/sv\/wp-json\/wp\/v2\/pages\/3557","targetHints":{"allow":["GET"]}}],"collection":[{"href":"https:\/\/qlinea.com\/sv\/wp-json\/wp\/v2\/pages"}],"about":[{"href":"https:\/\/qlinea.com\/sv\/wp-json\/wp\/v2\/types\/page"}],"author":[{"embeddable":true,"href":"https:\/\/qlinea.com\/sv\/wp-json\/wp\/v2\/users\/68"}],"replies":[{"embeddable":true,"href":"https:\/\/qlinea.com\/sv\/wp-json\/wp\/v2\/comments?post=3557"}],"version-history":[{"count":0,"href":"https:\/\/qlinea.com\/sv\/wp-json\/wp\/v2\/pages\/3557\/revisions"}],"up":[{"embeddable":true,"href":"https:\/\/qlinea.com\/sv\/wp-json\/wp\/v2\/pages\/3365"}],"wp:attachment":[{"href":"https:\/\/qlinea.com\/sv\/wp-json\/wp\/v2\/media?parent=3557"}],"curies":[{"name":"wp","href":"https:\/\/api.w.org\/{rel}","templated":true}]}}