{"id":3561,"date":"2020-01-14T16:06:17","date_gmt":"2020-01-14T15:06:17","guid":{"rendered":"https:\/\/qlinea.com\/?page_id=3561"},"modified":"2020-01-20T17:05:28","modified_gmt":"2020-01-20T16:05:28","slug":"viktiga-datum","status":"publish","type":"page","link":"https:\/\/qlinea.com\/sv\/investerare\/borsintroduktion\/viktiga-datum\/","title":{"rendered":"Viktiga datum"},"content":{"rendered":"\r\n<section class=\"content_text contentmodule alignfull\" style=\"background-color: #fff\" data-text-color=\"''\">\r\n    <div class=\"wrapper\">\r\n        <div class=\"textWrapper\"><div class=\"eda-module-title\">\n<h1>Viktiga datum<\/h1>\n<\/div>\n<div class=\"eda-module-desc\">\n<p><strong>26 november \u2013 5 december 2018<\/strong><br \/>\nAnm\u00e4lningsperiod f\u00f6r allm\u00e4nheten i Sverige<\/p>\n<p><strong>26 november \u2013 6 december 2018<\/strong><br \/>\nAnm\u00e4lningsperiod f\u00f6r institutionella investerare<\/p>\n<p><strong>7 december 2018<\/strong><br \/>\nNoteringsdag p\u00e5 Nasdaq Stockholm<\/p>\n<p><strong>11 december 2018<\/strong><br \/>\nLikviddag<\/p>\n<\/div>\n<\/div>\r\n    <\/div>\r\n<\/section>\r\n","protected":false},"excerpt":{"rendered":"","protected":false},"author":68,"featured_media":0,"parent":3557,"menu_order":0,"comment_status":"closed","ping_status":"closed","template":"templates\/page-ipo.php","meta":{"_acf_changed":false,"footnotes":""},"class_list":["post-3561","page","type-page","status-publish","hentry"],"acf":[],"_links":{"self":[{"href":"https:\/\/qlinea.com\/sv\/wp-json\/wp\/v2\/pages\/3561","targetHints":{"allow":["GET"]}}],"collection":[{"href":"https:\/\/qlinea.com\/sv\/wp-json\/wp\/v2\/pages"}],"about":[{"href":"https:\/\/qlinea.com\/sv\/wp-json\/wp\/v2\/types\/page"}],"author":[{"embeddable":true,"href":"https:\/\/qlinea.com\/sv\/wp-json\/wp\/v2\/users\/68"}],"replies":[{"embeddable":true,"href":"https:\/\/qlinea.com\/sv\/wp-json\/wp\/v2\/comments?post=3561"}],"version-history":[{"count":0,"href":"https:\/\/qlinea.com\/sv\/wp-json\/wp\/v2\/pages\/3561\/revisions"}],"up":[{"embeddable":true,"href":"https:\/\/qlinea.com\/sv\/wp-json\/wp\/v2\/pages\/3557"}],"wp:attachment":[{"href":"https:\/\/qlinea.com\/sv\/wp-json\/wp\/v2\/media?parent=3561"}],"curies":[{"name":"wp","href":"https:\/\/api.w.org\/{rel}","templated":true}]}}