{"id":3563,"date":"2020-01-14T16:06:36","date_gmt":"2020-01-14T15:06:36","guid":{"rendered":"https:\/\/qlinea.com\/?page_id=3563"},"modified":"2020-10-12T11:26:22","modified_gmt":"2020-10-12T09:26:22","slug":"pressmeddelanden","status":"publish","type":"page","link":"https:\/\/qlinea.com\/sv\/investerare\/borsintroduktion\/pressmeddelanden\/","title":{"rendered":"Pressmeddelanden"},"content":{"rendered":"\r\n<section class=\"content_text contentmodule alignfull\" style=\"background-color: #fff\" data-text-color=\"''\">\r\n    <div class=\"wrapper\">\r\n        <div class=\"textWrapper\"><h1>Pressmeddelanden<\/h1>\n<p><span class=\"date\"><strong>4 januari, 2019<\/strong><br \/>\n<\/span>Meddelande om stabiliserings\u00e5tg\u00e4rder och avslutande av stabiliseringsperiod<span class=\"date\">. <a href=\"https:\/\/www.qlinea.com\/sv\/meddelande-om-stabiliseringsatgarder-och-avslutande-av-stabiliseringsperiod\/\">L\u00e4s mer<\/a><\/span><\/p>\n<p><span class=\"date\"><strong>18 december, 2018<\/strong><br \/>\n<\/span>Meddelande om stabiliserings\u00e5tg\u00e4rder. <a href=\"https:\/\/www.qlinea.com\/sv\/meddelande-om-stabiliseringsatgarder\/\">L\u00e4s mer<\/a><\/p>\n<p><span class=\"date\"><strong>6 december, 2018<\/strong><br \/>\n<\/span>Handeln i Q-linea aktie inleds imorgon p\u00e5 Nasdaq Stockholm. <a href=\"https:\/\/www.qlinea.com\/sv\/handeln-i-q-linea-aktie-inleds-imorgon-pa-nasdaq-stockholm\/\">L\u00e4s mer<\/a><\/p>\n<div class=\"date-time\"><span class=\"date\"><strong>23 november, 2018<\/strong><br \/>\n<\/span>Q-linea offentligg\u00f6r prospekt i samband med b\u00f6rsintroduktionen p\u00e5 Nasdaq Stockholm. <a href=\"https:\/\/www.qlinea.com\/sv\/q-linea-offentliggor-prospekt-i-samband-med-borsintroduktionen-pa-nasdaq-stockholm\/\">L\u00e4s mer<\/a><\/div>\n<div class=\"date-time\"><span class=\"date\"><strong><br \/>\n11 november, 2018<\/strong><br \/>\n<\/span>Q-linea avser att noteras p\u00e5 Nasdaq Stockholm. <a href=\"https:\/\/www.qlinea.com\/sv\/q-linea-avser-att-noteras-pa-nasdaq-stockholm\/\">L\u00e4s mer<\/a><\/div>\n<div class=\"date-time\"><\/div>\n<\/div>\r\n    <\/div>\r\n<\/section>\r\n","protected":false},"excerpt":{"rendered":"","protected":false},"author":68,"featured_media":0,"parent":3557,"menu_order":0,"comment_status":"closed","ping_status":"closed","template":"templates\/page-ipo.php","meta":{"_acf_changed":false,"footnotes":""},"class_list":["post-3563","page","type-page","status-publish","hentry"],"acf":[],"_links":{"self":[{"href":"https:\/\/qlinea.com\/sv\/wp-json\/wp\/v2\/pages\/3563","targetHints":{"allow":["GET"]}}],"collection":[{"href":"https:\/\/qlinea.com\/sv\/wp-json\/wp\/v2\/pages"}],"about":[{"href":"https:\/\/qlinea.com\/sv\/wp-json\/wp\/v2\/types\/page"}],"author":[{"embeddable":true,"href":"https:\/\/qlinea.com\/sv\/wp-json\/wp\/v2\/users\/68"}],"replies":[{"embeddable":true,"href":"https:\/\/qlinea.com\/sv\/wp-json\/wp\/v2\/comments?post=3563"}],"version-history":[{"count":0,"href":"https:\/\/qlinea.com\/sv\/wp-json\/wp\/v2\/pages\/3563\/revisions"}],"up":[{"embeddable":true,"href":"https:\/\/qlinea.com\/sv\/wp-json\/wp\/v2\/pages\/3557"}],"wp:attachment":[{"href":"https:\/\/qlinea.com\/sv\/wp-json\/wp\/v2\/media?parent=3563"}],"curies":[{"name":"wp","href":"https:\/\/api.w.org\/{rel}","templated":true}]}}