{"id":3569,"date":"2020-01-14T16:07:42","date_gmt":"2020-01-14T15:07:42","guid":{"rendered":"https:\/\/qlinea.com\/?page_id=3569"},"modified":"2020-01-20T16:46:27","modified_gmt":"2020-01-20T15:46:27","slug":"utdelningspolicy","status":"publish","type":"page","link":"https:\/\/qlinea.com\/sv\/investerare\/aktien\/utdelningspolicy\/","title":{"rendered":"Utdelningspolicy"},"content":{"rendered":"\r\n<section class=\"content_text contentmodule\" style=\"background-color: #fff\" data-text-color=\"''\">\r\n    <div class=\"wrapper\">\r\n        <div class=\"textWrapper\"><h1>Utdelningspolicy<\/h1>\n<header><\/header>\n<header><strong>Q-lineas oms\u00e4ttning och resultat baseras idag huvudsakligen p\u00e5 int\u00e4kter av eng\u00e5ngskarakt\u00e4r enligt de licens- och samarbetsavtal som Bolaget har ing\u00e5tt.<\/p>\n<p><\/strong><\/header>\n<header><\/header>\n<header><\/header>\n<header><\/header>\n<header>Q-linea kommer fortsatt att fokusera p\u00e5 att vidareutveckla och expandera Bolagets projektportf\u00f6lj. Tillg\u00e4ngliga finansiella resurser och redovisat resultat ska d\u00e4rf\u00f6r \u00e5terinvesteras i r\u00f6relsen f\u00f6r finansiering av Bolagets l\u00e5ngsiktiga strategi.Styrelsens avsikt \u00e4r d\u00e4rf\u00f6r att inte f\u00f6resl\u00e5 n\u00e5gon utdelning till aktie\u00e4garna innan Bolaget genererar en l\u00e5ngsiktigt uth\u00e5llig l\u00f6nsamhet. Eventuella framtida utdelningar och storleken d\u00e4rav kommer att fastst\u00e4llas utifr\u00e5n Bolagets l\u00e5ngsiktiga tillv\u00e4xt, resultatutveckling och kapitalbehov, med h\u00e4nsyn tagen till vid var tid g\u00e4llande m\u00e5l och strategier. Utdelningen ska, i den m\u00e5n utdelning f\u00f6resl\u00e5s, vara v\u00e4l avv\u00e4gd med h\u00e4nsyn till verksamhetens m\u00e5l, omfattning och risk.<\/header>\n<\/div>\r\n    <\/div>\r\n<\/section>\r\n","protected":false},"excerpt":{"rendered":"","protected":false},"author":68,"featured_media":0,"parent":3428,"menu_order":0,"comment_status":"closed","ping_status":"closed","template":"","meta":{"_acf_changed":false,"footnotes":""},"class_list":["post-3569","page","type-page","status-publish","hentry"],"acf":[],"_links":{"self":[{"href":"https:\/\/qlinea.com\/sv\/wp-json\/wp\/v2\/pages\/3569","targetHints":{"allow":["GET"]}}],"collection":[{"href":"https:\/\/qlinea.com\/sv\/wp-json\/wp\/v2\/pages"}],"about":[{"href":"https:\/\/qlinea.com\/sv\/wp-json\/wp\/v2\/types\/page"}],"author":[{"embeddable":true,"href":"https:\/\/qlinea.com\/sv\/wp-json\/wp\/v2\/users\/68"}],"replies":[{"embeddable":true,"href":"https:\/\/qlinea.com\/sv\/wp-json\/wp\/v2\/comments?post=3569"}],"version-history":[{"count":0,"href":"https:\/\/qlinea.com\/sv\/wp-json\/wp\/v2\/pages\/3569\/revisions"}],"up":[{"embeddable":true,"href":"https:\/\/qlinea.com\/sv\/wp-json\/wp\/v2\/pages\/3428"}],"wp:attachment":[{"href":"https:\/\/qlinea.com\/sv\/wp-json\/wp\/v2\/media?parent=3569"}],"curies":[{"name":"wp","href":"https:\/\/api.w.org\/{rel}","templated":true}]}}