{"id":3585,"date":"2020-01-14T16:11:00","date_gmt":"2020-01-14T15:11:00","guid":{"rendered":"https:\/\/qlinea.com\/?page_id=3585"},"modified":"2026-04-20T07:19:06","modified_gmt":"2026-04-20T05:19:06","slug":"astar-kits-2","status":"publish","type":"page","link":"https:\/\/qlinea.com\/sv\/why-astar\/astar-kits-2\/","title":{"rendered":"ASTar kits"},"content":{"rendered":"<section class=\"header_textmedia headermodule\" style=\"background-color: #f9efef\" data-text-color=\"''\">\r\n    <div class=\"wrapper\">\r\n        <div class=\"textWrapper\">\r\n                            <h1 class=\"title\">ASTar kit<\/h1>\r\n                                    <div class=\"textContent flexRowWrapper\">\r\n                <p><span class=\"NormalTextRun BCX0 SCXW19679752\">Ett <\/span><span class=\"SpellingError BCX0 SCXW19679752\">ASTar<\/span><span class=\"NormalTextRun BCX0 SCXW19679752\"> kit best\u00e5r av tv\u00e5 delar; en provprepareringskassett och en AST skiva. En mindre fryst komponent s\u00e4tts till kassetten innan anv\u00e4ndning<\/span><\/p>\n                            <\/div>\r\n        <\/div>\r\n    <\/div>\r\n<\/section>\r\n\n\n\r\n<section class=\"content_twoimgstopbot contentmodule alignfull\" style=\"background-color: #fff\" data-text-color=\"''\">\r\n                        <div class=\"wrapper flexRowWrapper blocks imgtop\">\r\n                                    <div class=\"block\">\r\n                                                                            <div class=\"imgContainer \">\r\n                                <img decoding=\"async\" loading=\"lazy\" src=\"https:\/\/qlinea.com\/0986741_wp-uploads\/2021\/03\/PACQL_5034_webb-gradient-3-700x466.jpg\" alt=\"\">\r\n                            <\/div>\r\n                                                <div class=\"textWrapper\">\r\n                                                            <h2 class=\"title h3-font-size\"><\/h2>\r\n                                                        <h3>Kassett<\/h3><br \/>\r\n<h6>Kassetten inneh\u00e5ller alla reagenser och eng\u00e5ngsartiklar som beh\u00f6vs f\u00f6r provbearbetning, koncentrationsbest\u00e4mning och koncentrationsjustering<\/h6><br \/>\r\n<ul><br \/>\r\n \t<li>Inneh\u00e5ller en kombination av frystorkade och rumstempererade reagenser<\/li><br \/>\r\n \t<li>En mindre fryst komponent s\u00e4tts in i kassetten innan anv\u00e4nding<\/li><br \/>\r\n \t<li>Inneh\u00e5ller en funktion som filtrerar bort de millimeterstora resinkulor som finns i m\u00e5nga blododlingsflaskor och som annars kan st\u00f6ra analysen<\/li><br \/>\r\n \t<li>Har streckkoder f\u00f6r identifiering och i hopkoppling av kassetten och patientprovet<\/li><br \/>\r\n \t<li>F\u00f6rvaras i rumstemperatur<\/li><br \/>\r\n<\/ul>                            <div class=\"links\">\r\n                                                            <\/div>\r\n                        <\/div>\r\n                    <\/div>\r\n                                    <div class=\"block\">\r\n                                                                            <div class=\"imgContainer \">\r\n                                <img decoding=\"async\" loading=\"lazy\" src=\"https:\/\/qlinea.com\/0986741_wp-uploads\/2021\/03\/PACQL_5097_webb-gradient-700x466.jpg\" alt=\"\">\r\n                            <\/div>\r\n                                                <div class=\"textWrapper\">\r\n                                                            <h2 class=\"title h3-font-size\"><\/h2>\r\n                                                        <h3>AST skiva<\/h3><br \/>\r\n<h6>AST-skivan anv\u00e4nds f\u00f6r AST-analys och koncentrationsbest\u00e4mning<\/h6><br \/>\r\n<ul><br \/>\r\n \t<li>\u00a0Inneh\u00e5ller \u00f6ver 330 odlingskammare med f\u00f6rifyllda antibiotika i olika koncentrationer som anv\u00e4nds f\u00f6r AST-analys, kammare utan antibiotika som anv\u00e4nds som kontroller, och kammare som anv\u00e4nds f\u00f6r att best\u00e4mma koncentrationen i det ing\u00e5ende provet<\/li><br \/>\r\n \t<li>Inneh\u00e5ller unik streckkod f\u00f6r identifiering samt koppling till tillh\u00f6rande kassett och patient<\/li><br \/>\r\n \t<li>F\u00f6rvaras i rumstemperatur<\/li><br \/>\r\n<\/ul>                            <div class=\"links\">\r\n                                                            <\/div>\r\n                        <\/div>\r\n                    <\/div>\r\n                            <\/div>\r\n                <div class=\"mobileBlocks wrapper\">\r\n            <div class=\"glideMobile\">\r\n                <div class=\"glide__track\" data-glide-el=\"track\">\r\n                    <div class=\"glide__slides blocks imgtop\">\r\n                                                                                    <div class=\"block glide__slide\">\r\n                                                                        <div class=\"textWrapper\">\r\n                                                                                    <h2 class=\"title h3-font-size\"><\/h2>\r\n                                                                                <h3>Kassett<\/h3><br \/>\r\n<h6>Kassetten inneh\u00e5ller alla reagenser och eng\u00e5ngsartiklar som beh\u00f6vs f\u00f6r provbearbetning, koncentrationsbest\u00e4mning och koncentrationsjustering<\/h6><br \/>\r\n<ul><br \/>\r\n \t<li>Inneh\u00e5ller en kombination av frystorkade och rumstempererade reagenser<\/li><br \/>\r\n \t<li>En mindre fryst komponent s\u00e4tts in i kassetten innan anv\u00e4nding<\/li><br \/>\r\n \t<li>Inneh\u00e5ller en funktion som filtrerar bort de millimeterstora resinkulor som finns i m\u00e5nga blododlingsflaskor och som annars kan st\u00f6ra analysen<\/li><br \/>\r\n \t<li>Har streckkoder f\u00f6r identifiering och i hopkoppling av kassetten och patientprovet<\/li><br \/>\r\n \t<li>F\u00f6rvaras i rumstemperatur<\/li><br \/>\r\n<\/ul>                                    <\/div>\r\n                                                                            <a href=\"\" class=\"imgContainer \">\r\n                                            <img decoding=\"async\" loading=\"lazy\" src=\"https:\/\/qlinea.com\/0986741_wp-uploads\/2021\/03\/PACQL_5034_webb-gradient-3-700x466.jpg\" alt=\"\">\r\n                                        <\/a>\r\n                                                                    <\/div>\r\n                                                            <div class=\"block glide__slide\">\r\n                                                                        <div class=\"textWrapper\">\r\n                                                                                    <h2 class=\"title h3-font-size\"><\/h2>\r\n                                                                                <h3>AST skiva<\/h3><br \/>\r\n<h6>AST-skivan anv\u00e4nds f\u00f6r AST-analys och koncentrationsbest\u00e4mning<\/h6><br \/>\r\n<ul><br \/>\r\n \t<li>\u00a0Inneh\u00e5ller \u00f6ver 330 odlingskammare med f\u00f6rifyllda antibiotika i olika koncentrationer som anv\u00e4nds f\u00f6r AST-analys, kammare utan antibiotika som anv\u00e4nds som kontroller, och kammare som anv\u00e4nds f\u00f6r att best\u00e4mma koncentrationen i det ing\u00e5ende provet<\/li><br \/>\r\n \t<li>Inneh\u00e5ller unik streckkod f\u00f6r identifiering samt koppling till tillh\u00f6rande kassett och patient<\/li><br \/>\r\n \t<li>F\u00f6rvaras i rumstemperatur<\/li><br \/>\r\n<\/ul>                                    <\/div>\r\n                                                                            <a href=\"\" class=\"imgContainer \">\r\n                                            <img decoding=\"async\" loading=\"lazy\" src=\"https:\/\/qlinea.com\/0986741_wp-uploads\/2021\/03\/PACQL_5097_webb-gradient-700x466.jpg\" alt=\"\">\r\n                                        <\/a>\r\n                                                                    <\/div>\r\n                                                                        <\/div>\r\n                    <div class=\"slider__bullets glide__bullets\" data-glide-el=\"controls[nav]\">\r\n                                                        <button aria-label=\"Navigat to slide 0\" class=\"slider__bullets\" data-glide-dir=\"=0\"><\/button>\r\n                                                            <button aria-label=\"Navigat to slide 1\" class=\"slider__bullets\" data-glide-dir=\"=1\"><\/button>\r\n                                                <\/div>\r\n                <\/div>\r\n            <\/div>\r\n        <\/div>\r\n\r\n    <\/section>\r\n\n\n\r\n<section class=\"content_twoicons contentmodule\" style=\"background-color: #fff;\">\r\n    <div class=\"cards flexRowWrapper wrapper\">\r\n                                                    <a href=\"https:\/\/qlinea.com\/0986741_wp-uploads\/2023\/11\/Q-linea-ASTar-brochure-October-2023-FINAL.pdf\" class=\"cards__card flexRowWrapper\" data-text-color=\"''\">\r\n                                            <div class=\"text flexColumnWrapper\">\r\n                            <h2 class=\"title h3-font-size\">Broschyr &#8211; ASTar: Designed to save lifetimes<\/h2>\r\n                            <p class=\"more\">Ladda ned<\/p>\r\n                        <\/div>\r\n                                                    <div class=\"image\">\r\n                                                                    <img decoding=\"async\" src=\"https:\/\/qlinea.com\/0986741_wp-uploads\/2021\/04\/Ikoner_RGB_2-13.png\" alt=\"Ladda ned\">\r\n                                                            <\/div>\r\n                                                                    <\/a>\r\n                                                                                                    <a href=\"https:\/\/qlinea.com\/0986741_wp-uploads\/2023\/11\/Appnote-Advantages-of-ASTar-10-2023-FINAL.pdf\" class=\"cards__card flexRowWrapper\" data-text-color=\"''\">\r\n                                            <div class=\"text flexColumnWrapper\">\r\n                            <h2 class=\"title h3-font-size\">Applikationsnot &#8211; Advantages of ASTar<\/h2>\r\n                            <p class=\"more\">Ladda ned<\/p>\r\n                        <\/div>\r\n                                                    <div class=\"image\">\r\n                                                                    <img decoding=\"async\" src=\"https:\/\/qlinea.com\/0986741_wp-uploads\/2021\/04\/Ikoner_RGB_2-13.png\" alt=\"Ladda ned\">\r\n                                                            <\/div>\r\n                                                                    <\/a>\r\n                                                                                <\/div>\r\n<\/section>\r\n\n\n\r\n<section class=\"content_table contentmodule alignfull\">\r\n    <div class=\"wrapper\">\r\n        <h2 id=\"tablepress-23-name\" class=\"tablepress-table-name tablepress-table-name-id-23\">ASTar kit orderinformation<\/h2>\n\n<table id=\"tablepress-23\" class=\"tablepress tablepress-id-23\" aria-labelledby=\"tablepress-23-name\" aria-describedby=\"tablepress-23-description\">\n<thead>\n<tr class=\"row-1\">\n\t<th class=\"column-1\">ARTIKEL<\/th><th class=\"column-2\">KATALOG#<\/th><th class=\"column-3\">BESKRIVNING<\/th>\n<\/tr>\n<\/thead>\n<tbody class=\"row-striping row-hover\">\n<tr class=\"row-2\">\n\t<td class=\"column-1\">ASTar BC G- Consumable kit (20 units)<\/td><td class=\"column-2\">50003905<\/td><td class=\"column-3\">Ett ASTar BC G- kit best\u00e5r av tv\u00e5 delar; en provprepareringskassett och en AST skiva f\u00f6r AST analys av gramnegativa bakterier fr\u00e5n positiva blododlingar<\/td>\n<\/tr>\n<tr class=\"row-3\">\n\t<td class=\"column-1\">ASTar BC G- Frozen insert (20 units) <\/td><td class=\"column-2\">50003855<\/td><td class=\"column-3\">ASTar BC G- Frozen insert inneh\u00e5ller en mindre fryst komponent som s\u00e4tts in i kassetten innan anv\u00e4nding<\/td>\n<\/tr>\n<\/tbody>\n<\/table>\n<span id=\"tablepress-23-description\" class=\"tablepress-table-description tablepress-table-description-id-23\">Produkten \u00e4r CE-IVD certifierad. <\/span>\n<!-- #tablepress-23 from cache -->    <\/div>\r\n<\/section>\r\n\n\n\r\n<a title=\"Vill du fylla p\u00e5 med ASTar kits?\" class=\"content_cta contentmodule alignfull align_center\" style=\"background-color: #f48551\" data-text-color=\"''\" href=\"\" title=\"\">\r\n    <div class=\"wrapper flexRowWrapper\">\r\n                            <div class=\"text\">\r\n                <h2 class=\"heading\">Vill du fylla p\u00e5 med ASTar kits?<\/h2>\r\n                <p class=\"preamble\">Kontakta oss<\/p>\r\n            <\/div>\r\n            <\/div>\r\n<\/a>\r\n\n\n\n\n\r\n<section class=\"content_twoimgs contentmodule\" style=\"background-color: #fff;\">\r\n    <div class=\"wrapper flexRowWrapper blocks\">\r\n                                    <a href=\"https:\/\/qlinea.com\/sv\/why-astar\/astar\/astar-instrument\/\" class=\"block flexRowWrapper \" style=\"background-color: #f5f5f6;\" data-text-color=\"''\">\r\n                                                <div class=\"imgHolder\">\r\n                            <img decoding=\"async\" src=\"https:\/\/qlinea.com\/0986741_wp-uploads\/2020\/01\/ASTar-sida-ny-GUI-gr\u00e5-700x453.jpg\" alt=\"ASTar instrument &gt;\">\r\n                        <\/div>\r\n                        <div class=\"text flexColumnWrapper\">\r\n                            <div class=\"textWrapper\">\r\n                                <h3>Designad att f\u00f6renkla<\/h3>\n                            <\/div>\r\n                            <div class=\"morelinks\" style=\"text-align: left\">\r\n                                <span class=\"more\">ASTar instrument ><\/span>\r\n                            <\/div>\r\n                        <\/div>\r\n                    <\/a>\r\n                                    <a href=\"https:\/\/qlinea.com\/sv\/?page_id=3487\" class=\"block flexRowWrapper \" style=\"background-color: #f5f5f6;\" data-text-color=\"''\">\r\n                                                <div class=\"imgHolder\">\r\n                            <img decoding=\"async\" src=\"https:\/\/qlinea.com\/0986741_wp-uploads\/2021\/04\/La\u2560ekare_Outline-01.png\" alt=\"Sepsis &gt;\">\r\n                        <\/div>\r\n                        <div class=\"text flexColumnWrapper\">\r\n                            <div class=\"textWrapper\">\r\n                                <h3>Sepsis &#8211; ett globalt hot mot folkh\u00e4lsan<\/h3>\n                            <\/div>\r\n                            <div class=\"morelinks\" style=\"text-align: left\">\r\n                                <span class=\"more\">Sepsis ><\/span>\r\n                            <\/div>\r\n                        <\/div>\r\n                    <\/a>\r\n                    <\/div>\r\n    <div class=\"mobileBlocks\">\r\n                <div class=\"glideMobile\">\r\n            <div class=\"glide__track\" data-glide-el=\"track\">\r\n                <div class=\"glide__slides flexRowWrapper\">\r\n                                                <div class=\"block flexColumnWrapper glide__slide\" style=\"background-color: #f5f5f6;\" data-text-color=\"''\">\r\n                                                                <img decoding=\"async\" src=\"https:\/\/qlinea.com\/0986741_wp-uploads\/2020\/01\/ASTar-sida-ny-GUI-gr\u00e5-700x453.jpg\" alt=\"ASTar instrument &gt;\">\r\n                                <div class=\"text flexColumnWrapper\">\r\n                                    <div class=\"textWrapper flexColumnWrapper\">\r\n                                        <h3>Designad att f\u00f6renkla<\/h3>\n                                    <\/div>\r\n                                    <div class=\"morelinks\" style=\"text-align: left\">\r\n                                        <a class=\"more\" href=\"https:\/\/qlinea.com\/sv\/why-astar\/astar\/astar-instrument\/\">ASTar instrument ><\/a>\r\n                                    <\/div>\r\n                                <\/div>\r\n                            <\/div>\r\n                                                    <div class=\"block flexColumnWrapper glide__slide\" style=\"background-color: #f5f5f6;\" data-text-color=\"''\">\r\n                                                                <img decoding=\"async\" src=\"https:\/\/qlinea.com\/0986741_wp-uploads\/2021\/04\/La\u2560ekare_Outline-01.png\" alt=\"Sepsis &gt;\">\r\n                                <div class=\"text flexColumnWrapper\">\r\n                                    <div class=\"textWrapper flexColumnWrapper\">\r\n                                        <h3>Sepsis &#8211; ett globalt hot mot folkh\u00e4lsan<\/h3>\n                                    <\/div>\r\n                                    <div class=\"morelinks\" style=\"text-align: left\">\r\n                                        <a class=\"more\" href=\"https:\/\/qlinea.com\/sv\/?page_id=3487\">Sepsis ><\/a>\r\n                                    <\/div>\r\n                                <\/div>\r\n                            <\/div>\r\n                                        <\/div>\r\n                <div class=\"slider__bullets glide__bullets\" data-glide-el=\"controls[nav]\">\r\n                                                <button aria-label=\"Navigat to slide 0\" class=\"slider__bullets\" data-glide-dir=\"=0\"><\/button>\r\n                                                    <button aria-label=\"Navigat to slide 1\" class=\"slider__bullets\" data-glide-dir=\"=1\"><\/button>\r\n                                        <\/div>\r\n            <\/div>\r\n        <\/div>\r\n    <\/div>\r\n<\/section>\r\n","protected":false},"excerpt":{"rendered":"","protected":false},"author":68,"featured_media":0,"parent":3577,"menu_order":0,"comment_status":"closed","ping_status":"closed","template":"","meta":{"_acf_changed":false,"footnotes":""},"class_list":["post-3585","page","type-page","status-publish","hentry"],"acf":[],"_links":{"self":[{"href":"https:\/\/qlinea.com\/sv\/wp-json\/wp\/v2\/pages\/3585","targetHints":{"allow":["GET"]}}],"collection":[{"href":"https:\/\/qlinea.com\/sv\/wp-json\/wp\/v2\/pages"}],"about":[{"href":"https:\/\/qlinea.com\/sv\/wp-json\/wp\/v2\/types\/page"}],"author":[{"embeddable":true,"href":"https:\/\/qlinea.com\/sv\/wp-json\/wp\/v2\/users\/68"}],"replies":[{"embeddable":true,"href":"https:\/\/qlinea.com\/sv\/wp-json\/wp\/v2\/comments?post=3585"}],"version-history":[{"count":1,"href":"https:\/\/qlinea.com\/sv\/wp-json\/wp\/v2\/pages\/3585\/revisions"}],"predecessor-version":[{"id":28444,"href":"https:\/\/qlinea.com\/sv\/wp-json\/wp\/v2\/pages\/3585\/revisions\/28444"}],"up":[{"embeddable":true,"href":"https:\/\/qlinea.com\/sv\/wp-json\/wp\/v2\/pages\/3577"}],"wp:attachment":[{"href":"https:\/\/qlinea.com\/sv\/wp-json\/wp\/v2\/media?parent=3585"}],"curies":[{"name":"wp","href":"https:\/\/api.w.org\/{rel}","templated":true}]}}