{"id":3589,"date":"2020-01-14T16:11:43","date_gmt":"2020-01-14T15:11:43","guid":{"rendered":"https:\/\/qlinea.com\/?page_id=3589"},"modified":"2021-04-07T13:31:16","modified_gmt":"2021-04-07T11:31:16","slug":"privacy-policy","status":"publish","type":"page","link":"https:\/\/qlinea.com\/sv\/privacy-policy\/","title":{"rendered":"Privacy policy"},"content":{"rendered":"<section class=\"header_onlytext headermodule\" style=\"background-color: #fff\" data-text-color=\"''\">\r\n    <div class=\"wrapper\">\r\n        <div class=\"textWrapper\">\r\n                            <h1 class=\"title\">Integritetspolicy f\u00f6r qlinea.com<\/h1>\r\n                                <\/div>\r\n    <\/div>\r\n<\/section>\r\n\n\n\r\n<section class=\"content_text contentmodule alignfull\" style=\"background-color: #fff\" data-text-color=\"''\">\r\n    <div class=\"wrapper\">\r\n        <div class=\"textWrapper\"><p>Denna policy f\u00f6rklarar hur v\u00e5r webbplats qlinea.com samlar in och behandlar dina uppgifter, vilka val och m\u00f6jligheter du har samt hur du kan ut\u00f6va dina r\u00e4ttigheter. Denna policy riktar sig till dig som bes\u00f6ker v\u00e5r webbplats.<\/p>\n<p>Vi anser att skyddet f\u00f6r personuppgifter \u00e4r viktigt och str\u00e4var efter att utforma v\u00e5r webbplats med respekt f\u00f6r bes\u00f6karnas integritet. V\u00e5r utg\u00e5ngspunkt \u00e4r att inte behandla fler personuppgifter \u00e4n vad som beh\u00f6vs f\u00f6r \u00e4ndam\u00e5let och att anv\u00e4nda de minst integritetsk\u00e4nsliga uppgifterna.<\/p>\n<ol>\n<li>Personuppgifter vi samlar in och hur de anv\u00e4nds<\/li>\n<li>Hur behandlar ni mina personuppgifter?<\/li>\n<li>Hur \u00e4r det med cookies och liknande tekniker?<\/li>\n<li>Vem delar ni mina uppgifter med?<\/li>\n<li>Var behandlar vi dina uppgifter?<\/li>\n<li>Vilka r\u00e4ttigheter har jag?<\/li>\n<li>Hur anv\u00e4nder jag mina r\u00e4ttigheter?<\/li>\n<li>\u00c4ndringar i denna policy<\/li>\n<li>Vem \u00e4r personuppgiftsansvarig?<\/li>\n<\/ol>\n<p>&nbsp;<\/p>\n<h2>1. Personuppgifter vi samlar in och hur de anv\u00e4nds<\/h2>\n<p>Personuppgifter \u00e4r uppgifter som avser en identifierad eller identifierbar person. Vi behandlar namn, e-postadress, yrkestitel och land som l\u00e4mnas till oss via kontaktformul\u00e4r p\u00e5 webbplatsen. Personuppgifterna behandlas f\u00f6r att vidta beg\u00e4rda \u00e5tg\u00e4rder som att besvara fr\u00e5gor eller skicka material. Personuppgifterna kan \u00e4ven komma att anv\u00e4ndas f\u00f6r direkt marknadsf\u00f6ring till mottagare i deras yrkesroll, kund- och marknadsanalyser, inbjudningar till m\u00f6ten samt andra yrkesm\u00e4ssiga kontakter r\u00f6rande v\u00e5ra produkter och tj\u00e4nster.<\/p>\n<p>Vid bes\u00f6k p\u00e5 webbplatsen och vid nedladdning av dokument behandlar vi automatiskt information som under vissa f\u00f6ruts\u00e4ttningar kan utg\u00f6ra personuppgifter. Det g\u00e4ller uppgifter om tid, datum, nedladdad fil, filens storlek, volym p\u00e5 \u00f6verf\u00f6rda data, webbl\u00e4sare, spr\u00e5kinst\u00e4llningar, operativsystem, refererande dom\u00e4n och IP-adress.\u00a0 \u00c4ndam\u00e5let med behandlingen av denna typ av information \u00e4r att tillhandah\u00e5lla en intressant, s\u00e4ker och anv\u00e4ndarv\u00e4nlig webbplats.<\/p>\n<ul>\n<li><strong>Laglig grund<\/strong><\/li>\n<\/ul>\n<p>Den lagliga grunden f\u00f6r v\u00e5r behandling av personuppgifter \u00e4r ett ber\u00e4ttigat intresse att marknadsf\u00f6ra v\u00e5ra tj\u00e4nster och produkter, att kommunicera med kunder, leverant\u00f6rer och andra intressenter samt att erbjuda en intressant, s\u00e4ker och anv\u00e4ndarv\u00e4nlig webbplats. I vissa fall \u00e4r den lagliga grunden att behandlingen av personuppgifter \u00e4r n\u00f6dv\u00e4ndig f\u00f6r att fullg\u00f6ra ett avtal eller f\u00f6r att vidta \u00e5tg\u00e4rder p\u00e5 beg\u00e4ran av den som l\u00e4mnat personuppgifterna innan ett avtal tr\u00e4ffas. N\u00e4r det g\u00e4ller s\u00e5 kallade cookies \u00e4r den lagliga grunden samtycke. N\u00e4rmare information om denna behandling framg\u00e5r av avsnittet om cookies och liknande tekniker nedan.<\/p>\n<ul>\n<li><strong>Lagringstid<\/strong><\/li>\n<\/ul>\n<p>Generellt s\u00e5 sparar vi inte personuppgifter l\u00e4ngre \u00e4n vad som \u00e4r n\u00f6dv\u00e4ndigt f\u00f6r att uppfylla \u00e4ndam\u00e5let med behandlingen. Vi raderar \u00e4ven personuppgifter om du beg\u00e4r att de ska tas bort eller om vi f\u00e5r k\u00e4nnedom om att personuppgifterna som vi behandlar \u00e4r inaktuella.<\/p>\n<ul>\n<li><strong>\u00d6verf\u00f6ring till tredje part<\/strong><\/li>\n<\/ul>\n<p>V\u00e5r utg\u00e5ngspunkt \u00e4r att inte l\u00e4mna ut personuppgifter till oberoende tredje part om det inte \u00e4r n\u00f6dv\u00e4ndigt f\u00f6r att uppfylla v\u00e5ra f\u00f6rpliktelser enligt avtal eller lag. De mottagare som kan komma att f\u00e5 tillg\u00e5ng till dina personuppgifter \u00e4r n\u00e4rst\u00e5ende f\u00f6retag som andra f\u00f6retag inom v\u00e5r koncern och v\u00e5ra leverant\u00f6rer inom omr\u00e5den som informationss\u00e4kerhet, IT, frakt och logistik, ekonomi och marknadsf\u00f6ring. Vi s\u00e4ljer inte dina personuppgifter eller l\u00e5ter n\u00e5gon tredje part av andra sk\u00e4l anv\u00e4nda personuppgifter som l\u00e4mnats till oss f\u00f6r sina egna syften. Undantag \u00e4r viss teknisk information som under s\u00e4rskilda f\u00f6ruts\u00e4ttningar delas med tredje part enligt nedan.<\/p>\n<ul>\n<li><strong>S\u00e4kerhet<\/strong><\/li>\n<\/ul>\n<p>Vi har rutiner och arbetss\u00e4tt f\u00f6r att dina personuppgifter ska hanteras p\u00e5 ett s\u00e4kert s\u00e4tt. Utg\u00e5ngspunkten \u00e4r att endast personer inom v\u00e5r organisation som beh\u00f6ver personuppgifterna f\u00f6r att utf\u00f6ra sina arbetsuppgifter ska ha tillg\u00e5ng till dem. V\u00e5ra s\u00e4kerhetssystem \u00e4r utvecklade f\u00f6r att skydda mot intr\u00e5ng, f\u00f6rst\u00f6ring samt andra f\u00f6r\u00e4ndringar som kan inneb\u00e4ra integritetsrisker. De personuppgifter som l\u00e4mnas via formul\u00e4r p\u00e5 v\u00e5r webbplats skyddas med hj\u00e4lp av kryptering under \u00f6verf\u00f6ring till v\u00e5ra servrar.<\/p>\n<ul>\n<li><strong>\u00d6verf\u00f6ring till l\u00e4nder utanf\u00f6r EU\/ESS<\/strong><\/li>\n<\/ul>\n<p>Normalt behandlar vi endast personuppgifter inom EU\/EES. Dina personuppgifter och teknisk information kan dock i vissa situationer komma att \u00f6verf\u00f6ras till mottagare utanf\u00f6r EU\/EES som har en adekvat skyddsniv\u00e5 f\u00f6r personuppgifter. Undantagsvis kan personuppgifter \u00e4ven, efter det att vi har vidtagit s\u00e4rskilda s\u00e4kerhets\u00e5tg\u00e4rder, komma att \u00f6verf\u00f6ras till mottagare utanf\u00f6r EU\/EES som saknar adekvat skyddsniv\u00e5 f\u00f6r personuppgifter.<\/p>\n<ul>\n<li><strong>R\u00e4ttigheter r\u00f6rande personuppgifter<\/strong><\/li>\n<\/ul>\n<p>Du har r\u00e4tt att p\u00e5 beg\u00e4ran och utan on\u00f6digt dr\u00f6jsm\u00e5l f\u00e5 tillg\u00e5ng till dina personuppgifter, att f\u00e5 dina personuppgifter r\u00e4ttade eller raderade. Du har vidare r\u00e4tt att f\u00e5 behandlingen av dina personuppgifter begr\u00e4nsad och att f\u00e5 dina personuppgifter \u00f6verf\u00f6rda till n\u00e5gon annan. Slutligen har du r\u00e4tt att beg\u00e4ra att dina personuppgifter inte anv\u00e4nds f\u00f6r direkt marknadsf\u00f6ring. Om du har fr\u00e5gor eller inte \u00e4r n\u00f6jd med hur vi behandlar dina personuppgifter \u00e4r du alltid v\u00e4lkommen att kontakta oss. Det finns \u00e4ven en m\u00f6jlighet att kontakta beh\u00f6rig tillsynsmyndighet.<\/p>\n<ul>\n<li><strong>\u00c4ndringar<\/strong><\/li>\n<\/ul>\n<p>Denna Integritetspolicy uppdateras kontinuerligt och vi rekommenderar att du regelbundet kontrollerar om det har skett n\u00e5gra f\u00f6r\u00e4ndringar innan webbplatsen anv\u00e4nds.<\/p>\n<ul>\n<li><strong>L\u00e4nkar<\/strong><\/li>\n<\/ul>\n<p>P\u00e5 v\u00e5r webbplats f\u00f6rekommer det ibland l\u00e4nkar till andra webbplatser. De webbplatserna st\u00e5r normalt inte under v\u00e5r kontroll och omfattas inte av denna integritetspolicy d\u00e4rf\u00f6r uppmanas du att ta del av webbplatsens integritetspolicy innan du l\u00e4mnar dina personuppgifter.<\/p>\n<p>&nbsp;<\/p>\n<h2>2. Hur behandlar ni mina personuppgifter?<\/h2>\n<p>F\u00f6ljande avsnitt f\u00f6rklarar vilka typer av uppgifter som vi kan komma att behandla om dig och f\u00f6r vilka syften. Vi f\u00f6rklarar ocks\u00e5 hur uppgifterna samlas in och hur l\u00e4nge uppgifterna sparas.<\/p>\n<ul>\n<li><strong>Insamling av webbstatistik<\/strong><\/li>\n<\/ul>\n<p>N\u00e4r du bes\u00f6ker v\u00e5r webbplats samlar vi in loggar som inneh\u00e5ller n\u00e4tidentifierare och tidsst\u00e4mplar med hj\u00e4lp av en leverant\u00f6r. Vi samlar in dessa uppgifter s\u00e5 att vi kan se hur m\u00e5nga anv\u00e4ndare som bes\u00f6ker v\u00e5r webbplats. V\u00e5r r\u00e4ttsliga grund f\u00f6r behandlingen \u00e4r v\u00e5rt ber\u00e4ttigade intresse av att veta hur v\u00e5r webbplats anv\u00e4nds. De uppgifter som samlas in via dessa loggar avidentifieras direkt och sparas d\u00e4rf\u00f6r inte i v\u00e5ra system.<\/p>\n<p>&nbsp;<\/p>\n<h2>3. Hur \u00e4r det med cookies och liknande tekniker?<\/h2>\n<p>N\u00e4r du bes\u00f6ker v\u00e5r webbplats f\u00e5r du ange om du samtycker till cookies som bland annat anv\u00e4nds i syfte att identifiera dig som \u00e5terkommande bes\u00f6kare, analysera anv\u00e4ndningen av v\u00e5r webbplats, sammanst\u00e4lla en profil \u00f6ver dina intressen f\u00f6r att kunna visa dig relevanta annonser p\u00e5 andra webbplatser och ge dig tillg\u00e5ng till tredjepartstj\u00e4nster.<\/p>\n<p>Vi anv\u00e4nder cookies f\u00f6r att tillhandah\u00e5lla v\u00e5r webbplats, f\u00f6r att samla in webbstatistik och f\u00f6r att h\u00e5lla reda p\u00e5 dina val n\u00e4r du loggar in. Tabellen nedan f\u00f6rklarar vilka cookies vi anv\u00e4nder och f\u00f6r vilka \u00e4ndam\u00e5l.<\/p>\n<p><strong>Namn:<\/strong> _ga<br \/>\n<strong>Dom\u00e4n:<\/strong> qlinea.com<br \/>\n<strong>Lagringstid:<\/strong> tv\u00e5 \u00e5r<br \/>\n<strong>Syfte:<\/strong> statistik<\/p>\n<p><strong>Namn:<\/strong> _gat<br \/>\n<strong>Dom\u00e4n:<\/strong> qlinea.com<br \/>\n<strong>Lagringstid:<\/strong> en minut<br \/>\n<strong>Syfte<\/strong><strong>:<\/strong> statistik<\/p>\n<p><strong>Namn:<\/strong> _gid<br \/>\n<strong>Dom\u00e4n:<\/strong> qlinea.com<br \/>\n<strong>Lagringstid:<\/strong> ett dygn<br \/>\n<strong>Syfte:<\/strong> statistik<\/p>\n<p><strong>Name:<\/strong> closedCountryPop<br \/>\n<strong>Dom\u00e4n:<\/strong> qlinea.com<br \/>\n<strong>Lagringstid:<\/strong> ett dygn<br \/>\n<strong>Syfte:<\/strong> funktionalitet<\/p>\n<p><strong>Namn:<\/strong> acceptedIPO<br \/>\n<strong>Dom\u00e4n:<\/strong> qlinea.com<br \/>\n<strong>Lagringstid:<\/strong> en timme<br \/>\n<strong>Syfte:<\/strong> funktionalitet<\/p>\n<p><strong>Namn:<\/strong> cPresent<br \/>\n<strong>Dom\u00e4n:<\/strong> qlinea.com<br \/>\n<strong>Lagringstid:<\/strong> omedelbart<br \/>\n<strong>Syfte:<\/strong> funktionalitet<\/p>\n<p><strong>Namn:<\/strong> cReside<br \/>\n<strong>Dom\u00e4n:<\/strong> qlinea.com<br \/>\n<strong>Lagringstid:<\/strong> omedelbart<br \/>\n<strong>Syfte<\/strong><strong>:<\/strong> funktionalitet<\/p>\n<p><strong>Namn:<\/strong> cookielawinfo-checkbox-necessary<br \/>\n<strong>Dom\u00e4n:<\/strong> qlinea.com<br \/>\n<strong>Lagringstid:<\/strong> en timme<br \/>\n<strong>Syfte:<\/strong> funktionalitet<\/p>\n<p><strong>Namn:<\/strong> cookielawinfo-checkbox-non-necessary<br \/>\n<strong>Dom\u00e4n:<\/strong> qlinea.com<br \/>\n<strong>Lagringstid:<\/strong> ett \u00e5r<br \/>\n<strong>Syfte<\/strong><strong>:<\/strong> funktionalitet<\/p>\n<p><strong>Namn:<\/strong> viewed_cookie_policy<br \/>\n<strong>Dom\u00e4n:<\/strong> qlinea.com<br \/>\n<strong>Lagringstid:<\/strong> ett \u00e5r<br \/>\n<strong>Syfte:<\/strong> funktionalitet<\/p>\n<p>&nbsp;<\/p>\n<p>Vid skapandet av denna policy lagrar sidan inga tredjepartcookies<\/p>\n<p>&nbsp;<\/p>\n<p>Din webbl\u00e4sare eller enhet till\u00e5ter dig att \u00e4ndra inst\u00e4llningarna f\u00f6r anv\u00e4ndningen och omfattningen av cookies. Du kan till exempel v\u00e4lja att blockera alla cookies, endast acceptera vissa cookies, eller radera cookies n\u00e4r du st\u00e4nger ner din webbl\u00e4sare. T\u00e4nk p\u00e5 att vissa delar av v\u00e5r webbplats kanske inte fungerar om du blockerar eller raderar cookies. F\u00f6r mer information om cookies och hur du kan \u00e4ndra din webbl\u00e4sares inst\u00e4llningar kan du bes\u00f6ka <a href=\"http:\/\/www.aboutcookies.org\">www.aboutcookies.org<\/a> eller <a href=\"http:\/\/www.allaboutcookies.org\">www.allaboutcookies.org<\/a>.<\/p>\n<p>&nbsp;<\/p>\n<h2>4. Vem delar ni mina uppgifter med?<\/h2>\n<p>Vi kommer inte dela, s\u00e4lja, \u00f6verl\u00e5ta eller p\u00e5 annat s\u00e4tt l\u00e4mna ut dina uppgifter ut\u00f6ver vad som anges i denna policy, om vi inte \u00e4r skyldiga att g\u00f6ra det f\u00f6r att fullg\u00f6ra en r\u00e4ttslig f\u00f6rpliktelse eller om vi har f\u00e5tt ditt samtycke till ett s\u00e5dant utl\u00e4mnande. Detta utesluter inte att vi kan anv\u00e4nda personuppgiftsbitr\u00e4den som behandlar uppgifter f\u00f6r v\u00e5r r\u00e4kning i enlighet med skriftliga personuppgiftsbitr\u00e4desavtal och v\u00e5ra instruktioner. Personuppgiftsbitr\u00e4den som f\u00e5r tillg\u00e5ng till dina uppgifter (t.ex. n\u00e4r vi anv\u00e4nder en tredje part f\u00f6r att lagra uppgifter p\u00e5 en server), ges inte n\u00e5gon r\u00e4tt att anv\u00e4nda dina uppgifter f\u00f6r andra syften \u00e4n de syften som anges i denna policy.<\/p>\n<p>&nbsp;<\/p>\n<h2>5. Var behandlar vi dina uppgifter?<\/h2>\n<p>Vi str\u00e4var alltid efter att behandla dina uppgifter inom EU\/EES. Dina uppgifter kan dock i vissa situationer komma att \u00f6verf\u00f6ras till och behandlas i ett land utanf\u00f6r EU\/EES. Vi kommer d\u00e5 vidta alla rimliga legala, tekniska och organisatoriska \u00e5tg\u00e4rder f\u00f6r att s\u00e4kerst\u00e4lla att dina uppgifter hanteras s\u00e4kert och med en adekvat skyddsniv\u00e5 j\u00e4mf\u00f6rbar med och i samma niv\u00e5 som det skydd som erbjuds inom EU\/EES.<\/p>\n<p>&nbsp;<\/p>\n<h2>6. Vilka r\u00e4ttigheter har jag?<\/h2>\n<ul>\n<li><strong>R\u00e4tt till tillg\u00e5ng <\/strong><\/li>\n<\/ul>\n<p>Du har r\u00e4tt att beg\u00e4ra en kopia p\u00e5 de uppgifter som vi behandlar om dig. Kopian \u00e4r kostnadsfri att beg\u00e4ra.<\/p>\n<ul>\n<li><strong>R\u00e4tt till r\u00e4ttelse <\/strong><\/li>\n<\/ul>\n<p>Du har r\u00e4tt att korrigera felaktiga eller icke-kompletta uppgifter om dig sj\u00e4lv.<\/p>\n<ul>\n<li><strong>R\u00e4tt att bli raderad <\/strong><\/li>\n<\/ul>\n<p>Du har r\u00e4tt att beg\u00e4ra radering av dina uppgifter f\u00f6r de fall att uppgiften inte l\u00e4ngre \u00e4r n\u00f6dv\u00e4ndig f\u00f6r det \u00e4ndam\u00e5l den blev insamlad f\u00f6r. Det kan dock finnas legala skyldigheter som hindrar oss fr\u00e5n att omedelbart radera delar av dina uppgifter.<\/p>\n<ul>\n<li><strong>R\u00e4tt till dataportabilitet <\/strong><\/li>\n<\/ul>\n<p>Du har r\u00e4tt att beg\u00e4ra att dina uppgifter \u00f6verf\u00f6rs fr\u00e5n oss till dig sj\u00e4lv eller till en annan leverant\u00f6r. Det kan dock finnas legala skyldigheter som hindrar oss fr\u00e5n att \u00f6verf\u00f6ra delar av dina uppgifter.<\/p>\n<ul>\n<li><strong>R\u00e4tt till inv\u00e4ndning <\/strong><\/li>\n<\/ul>\n<p>Du har r\u00e4tt att g\u00f6ra inv\u00e4ndningar mot behandling av dina personuppgifter som vi utf\u00f6r med st\u00f6d av intresseavv\u00e4gning. Du m\u00e5ste da\u030a specificera vilken behandling du inv\u00e4nder mot. Om dina personuppgifter behandlas f\u00f6r direktmarknadsf\u00f6ring har du alltid r\u00e4tt att n\u00e4r som helst inv\u00e4nda mot behandlingen.<\/p>\n<ul>\n<li><strong>R\u00e4tt till begr\u00e4nsning <\/strong><\/li>\n<\/ul>\n<p>Du har r\u00e4tt att beg\u00e4ra en tillf\u00e4llig begr\u00e4nsning av behandlingen av dina personuppgifter. Detta inneb\u00e4r att vi tillf\u00e4lligt flyttar personuppgifterna till ett annat behandlingsystem eller g\u00f6r uppgifterna otillg\u00e4ngliga f\u00f6r en anv\u00e4ndare.<\/p>\n<ul>\n<li><strong>R\u00e4tt att \u00e5terkalla samtycke <\/strong><\/li>\n<\/ul>\n<p>Du har r\u00e4tt att n\u00e4r som helst \u00e5terkalla ditt samtycke f\u00f6r informationsf\u00f6rmedling genom att kontakta oss p\u00e5 uppgifterna nedan.<\/p>\n<ul>\n<li><strong>R\u00e4tt att l\u00e4mna klagom\u00e5l <\/strong><\/li>\n<\/ul>\n<p>Du har r\u00e4tt att n\u00e4r som helst komma in med ett klagom\u00e5l till oss eller till beh\u00f6rig tillsynsmyndighet.<\/p>\n<p>&nbsp;<\/p>\n<h2>7. Hur anv\u00e4nder du dina r\u00e4ttigheter?<\/h2>\n<p>Om du vill anv\u00e4nda n\u00e5gon av dina r\u00e4ttigheter \u00e4r du v\u00e4lkommen att skicka oss ett meddelande. Om du vill l\u00e4mna ett klagom\u00e5l till en tillsynsmyndighet ber vi dig kontakta Datainspektionen p\u00e5 www.datainspektionen.se.<\/p>\n<p>&nbsp;<\/p>\n<h2>8.\u00a0\u00c4ndringar i denna policy<\/h2>\n<p>Om vi g\u00f6r \u00e4ndringar i denna policy kommer vi att meddela dig genom att publicera den uppdaterade versionen p\u00e5 webbsidan qlinea.com. Om \u00e4ndringarna \u00e4r v\u00e4sentliga, kommer vi \u00e4ven meddela dig p\u00e5 l\u00e4mpligt s\u00e4tt och, om det kr\u00e4vs, be om ditt samtycke.<\/p>\n<p>&nbsp;<\/p>\n<h2>9. Vem \u00e4r personuppgiftsansvarig?<\/h2>\n<p>Q-linea AB (org. nr 556729-0217) \u00e4r personuppgiftsansvarig f\u00f6r behandlingen av dina uppgifter enligt denna policy.<\/p>\n<p>&nbsp;<\/p>\n<h2>Hur kontaktar du oss?<\/h2>\n<p>Q-linea AB har en ansvarig som ansvarar f\u00f6r dataskyddsfr\u00e5gor. Om du har n\u00e5gra fr\u00e5gor kring denna policy, behandlingen av dina uppgifter eller hur kan ut\u00f6va dina r\u00e4ttigheter \u00e4r du v\u00e4lkommen att kontakta oss p\u00e5 telefonnummer 018-4443610 eller via e-post till &#99;&#x6f;n&#x74;&#x61;&#99;&#x74;&#64;&#x71;&#x6c;&#105;&#x6e;e&#x61;&#x2e;&#99;&#x6f;m<\/p>\n<p>&nbsp;<\/p>\n<p><em>\u00a0<\/em><\/p>\n<p><em>Integritetspolicyn uppdaterades senast 2020-01-21<\/em><\/p>\n<\/div>\r\n    <\/div>\r\n<\/section>\r\n","protected":false},"excerpt":{"rendered":"","protected":false},"author":68,"featured_media":0,"parent":0,"menu_order":0,"comment_status":"closed","ping_status":"closed","template":"","meta":{"_acf_changed":false,"footnotes":""},"class_list":["post-3589","page","type-page","status-publish","hentry"],"acf":[],"_links":{"self":[{"href":"https:\/\/qlinea.com\/sv\/wp-json\/wp\/v2\/pages\/3589","targetHints":{"allow":["GET"]}}],"collection":[{"href":"https:\/\/qlinea.com\/sv\/wp-json\/wp\/v2\/pages"}],"about":[{"href":"https:\/\/qlinea.com\/sv\/wp-json\/wp\/v2\/types\/page"}],"author":[{"embeddable":true,"href":"https:\/\/qlinea.com\/sv\/wp-json\/wp\/v2\/users\/68"}],"replies":[{"embeddable":true,"href":"https:\/\/qlinea.com\/sv\/wp-json\/wp\/v2\/comments?post=3589"}],"version-history":[{"count":0,"href":"https:\/\/qlinea.com\/sv\/wp-json\/wp\/v2\/pages\/3589\/revisions"}],"wp:attachment":[{"href":"https:\/\/qlinea.com\/sv\/wp-json\/wp\/v2\/media?parent=3589"}],"curies":[{"name":"wp","href":"https:\/\/api.w.org\/{rel}","templated":true}]}}