{"id":4728,"date":"2020-01-17T13:36:54","date_gmt":"2020-01-17T12:36:54","guid":{"rendered":"https:\/\/qlinea.com\/?page_id=4728"},"modified":"2020-10-26T16:40:14","modified_gmt":"2020-10-26T15:40:14","slug":"handeln-i-q-linea-aktie-inleds-imorgon-pa-nasdaq-stockholm","status":"publish","type":"page","link":"https:\/\/qlinea.com\/sv\/handeln-i-q-linea-aktie-inleds-imorgon-pa-nasdaq-stockholm\/","title":{"rendered":"Handeln i Q-linea aktie inleds imorgon p\u00e5 Nasdaq Stockholm"},"content":{"rendered":"<section class=\"header_onlytext headermodule\" style=\"background-color: #fff\" data-text-color=\"''\">\r\n    <div class=\"wrapper\">\r\n        <div class=\"textWrapper\">\r\n                            <h1 class=\"title\">Handeln i Q-linea aktie inleds imorgon p\u00e5 Nasdaq Stockholm<\/h1>\r\n                                        <h3><div class=\"mfn-preamble\">\n<p>&nbsp;<\/p>\n<p><strong>EJ F\u00d6R OFFENTLIGG\u00d6RANDE, DISTRIBUTION ELLER PUBLICERING, VARE SIG DIREKT ELLER INDIREKT, I ELLER TILL AUSTRALIEN, KANADA, JAPAN ELLER USA ELLER N\u00c5GON ANNAN JURISDIKTION D\u00c4R OFFENTLIGG\u00d6RANDET ELLER DISTRIBUTIONEN SKULLE VARA OLAGLIG. V\u00c4NLIGEN SE VIKTIG INFORMATION I SLUTET AV PRESSMEDDELANDET.<\/strong><\/p>\n<p>&nbsp;<\/p>\n<\/div>\n<p><strong>Pressmeddelande 6 december 2018<\/strong><\/p>\n<p><strong>Q-linea AB (publ) (&#8221;Q-linea&#8221; eller &#8221;Bolaget&#8221;) offentligg\u00f6r idag utfallet av erbjudandet avseende nya aktier i Bolaget (&#8221;Erbjudandet&#8221;) och noteringen av Bolagets aktie p\u00e5 Nasdaq Stockholm. Intresset f\u00f6r Erbjudandet har varit mycket stort, b\u00e5de bland institutionella investerare och bland allm\u00e4nheten i Sverige. Erbjudandet var kraftigt \u00f6vertecknat men samtliga investerare fr\u00e5n allm\u00e4nheten tilldelades aktier i Erbjudandet.<\/strong><\/p>\n<p><strong>Erbjudandet i korthet<\/strong><\/p>\n<ul>\n<li>Priset per aktie i Erbjudandet var 68 SEK (&#8221;Erbjudandepriset&#8221;), vilket motsvarar ett totalt marknadsv\u00e4rde p\u00e5 de utest\u00e5ende aktierna i Q-linea efter Erbjudandets genomf\u00f6rande om 1 558 miljoner SEK. F\u00f6rutsatt att \u00d6vertilldelningsoptionen utnyttjas i sin helhet kommer marknadsv\u00e4rdet av det totala antalet aktier i Bolaget att uppg\u00e5 till 1 640 miljoner kronor.<\/li>\n<\/ul>\n<ul>\n<li>Erbjudandet omfattade 8 088 235 nya aktier i Q-linea motsvarande 550 miljoner SEK f\u00f6re avdrag f\u00f6r emissionskostnader. Antalet nyemitterade aktier i Erbjudandet motsvarar 35,3 procent av antalet aktier i Q-linea efter Erbjudandets genomf\u00f6rande.<\/li>\n<li>Vidare har Bolaget utf\u00e4rdat en \u00f6vertilldelningsoption om h\u00f6gst 1 213 235 nya aktier i Bolaget, motsvarande 82 miljoner SEK f\u00f6re avdrag f\u00f6r emissionskostnader och 15 procent av antalet aktier i Erbjudandet (&#8221;\u00d6vertilldelningsoptionen&#8221;).<\/li>\n<li>Erbjudandet omfattar totalt h\u00f6gst 9 301 470 nya aktier i Bolaget om \u00d6vertilldelningsoptionen utnyttjas i sin helhet, motsvarande ett totalt v\u00e4rde om 632 miljoner SEK, f\u00f6re avdrag f\u00f6r emissionskostnader och 38,6 procent av det totala antalet aktier i Bolaget efter Erbjudandets genomf\u00f6rande.<\/li>\n<li>Efter Erbjudandets genomf\u00f6rande uppg\u00e5r, under antagandet att \u00d6vertilldelningsoptionen utnyttjas i sin helhet, antalet aktier i Bolaget till 24 120 150.<\/li>\n<li>Erbjudandet var kraftigt \u00f6vertecknat och cirka 3 900 investerare har tecknat och tilldelats aktier i Q-linea. Alla investerare som har ans\u00f6kt om att f\u00f6rv\u00e4rva aktier i Erbjudandet till allm\u00e4nheten i Sverige har blivit tilldelade aktier.<\/li>\n<li>I enlighet med sina \u00e5taganden har de befintliga aktie\u00e4garna Investment AB \u00d6resund och Fj\u00e4rde AP-fonden tecknat totalt 1 323 529 aktier f\u00f6r totalt 90 miljoner SEK, motsvarande 5,5 procent av aktierna i Erbjudandet under antagandet att \u00d6vertilldelningsoptionen utnyttjas i sin helhet. I enlighet med sina \u00e5taganden har \u00e4ven Catella Fondf\u00f6rvaltning AB och L\u00e4nsf\u00f6rs\u00e4kringar Fondf\u00f6rvaltning som g\u00e5r in som nya investerare i Bolaget genom Erbjudandet, tecknat totalt 1 323 528 aktier f\u00f6r totalt 90 miljoner SEK, motsvarande 5,5 procent av aktierna i Erbjudandet under antagandet att \u00d6vertilldelningsoptionen utnyttjas i sin helhet. Vidare har vissa styrelseledam\u00f6ter och ledande befattningshavare (bland annat VD Jonas Jarvius) i Bolaget tecknat totalt 48 820 aktier f\u00f6r totalt 3,3 miljoner SEK, motsvarande 0,20 procent av aktierna i Erbjudandet under antagandet att \u00d6vertilldelningsoptionen utnyttjas i sin helhet. Jonas Jarvius kommer efter Erbjudandet att \u00e4ga totalt 1,56 procent av aktierna i Bolaget.<\/li>\n<li>Omedelbart efter Erbjudandets genomf\u00f6rande, f\u00f6rutsatt att \u00d6vertilldelningsoptionen utnyttjas till fullo, kommer Q-lineas st\u00f6rsta aktie\u00e4gare att vara Nexttobe AB (37,5 procent av de utest\u00e5ende aktierna i Bolaget), Investment AB \u00d6resund (9,3 procent) och Fj\u00e4rde AP-fonden (6,7 procent).<\/li>\n<li>Handeln i Q-linea-aktien p\u00e5 Nasdaq Stockholm inleds imorgon den 7 december 2018 under kortnamnet &#8221;QLINEA&#8221;.<\/li>\n<li>Handeln \u00e4r villkorad till och med likviddagen som f\u00f6rv\u00e4ntas infalla den 11 december 2018.<\/li>\n<\/ul>\n<p><strong>Jonas Jarvius, VD f\u00f6r Q-linea, kommenterar:<\/strong><\/p>\n<p><em>&#8221;Vi vill tacka v\u00e5ra befintliga investerare f\u00f6r deras fortsatta st\u00f6d och v\u00e4lkomna alla nya aktie\u00e4gare till Q-linea.\u00a0Genom b\u00f6rsnoteringen och kapitalanskaffningen kan vi p\u00e5 ett effektivt s\u00e4tt avsluta produktutvecklingsfasen och p\u00e5b\u00f6rja kliniska studier p\u00e5 relevanta marknader. Bolaget startades f\u00f6r att skapa v\u00e4rde f\u00f6r alla v\u00e5ra aktie\u00e4gare, men p\u00e5 v\u00e4gen dit kommer vi ocks\u00e5 att kunna g\u00f6ra v\u00e4ldigt mycket nytta,&#8221;<\/em>\u00a0s\u00e4ger vd Jonas Jarvius.<\/p>\n<p><strong>Erika Kjellberg Eriksson, VD f\u00f6r Nexttobe AB och styrelseordf\u00f6rande i Q-linea, kommenterar:<\/strong><\/p>\n<p><em>&#8221;Vi har i ett n\u00e4ra samarbete med Q-linea f\u00f6ljt utvecklingen fr\u00e5n id\u00e9 till n\u00e4stan f\u00e4rdig produkt och ser b\u00f6rsintroduktionen som ett viktigt steg i att st\u00e4rka upp bolaget f\u00f6r att n\u00e5 den planerade kommersialiseringen. Vi ser fram emot att forts\u00e4tta st\u00f6tta Q-linea i en noterad milj\u00f6,&#8221;\u00a0<\/em>s\u00e4ger Erika Kjellberg Eriksson, vd f\u00f6r Nexttobe AB och styrelseordf\u00f6rande i Q-linea.<\/p>\n<p><strong>Om Q-linea och bakgrund till Erbjudandet<\/strong><\/p>\n<p>Under de senaste sex \u00e5ren har Q-linea arbetat med att utveckla innovativa system f\u00f6r in vitro-diagnostik av infektionssjukdomar. Q-lineas ledande produkt, ASTar, kan mycket snabbare \u00e4n dagens metoder fastst\u00e4lla vilka antibiotika som \u00e4r verksamma mot en infektion, s.k. AST-analys. ASTar f\u00f6rv\u00e4ntas f\u00f6rkorta tiden det tar att identifiera korrekt behandling av patienter med sepsis med mer \u00e4n 24 timmar. Tekniken har stor potential att r\u00e4dda liv, minska sjukhuskostnader, undvika on\u00f6dig antibiotikabehandling och bromsa utvecklingen av resistenta bakterier.<\/p>\n<p>Q-linea str\u00e4var efter att etablera och sedan bef\u00e4sta Bolagets position som en nyckelspelare inom diagnostik av infektionssjukdomar genom att utveckla innovativa diagnostikplattformar med potential att vara &#8221;first-in-class&#8221; och &#8221;best-in-class&#8221;. Bolagets f\u00f6rsta produkt, ASTar, f\u00f6rv\u00e4ntas vara tillg\u00e4nglig p\u00e5 den europeiska marknaden under fj\u00e4rde kvartalet 2019. Under de kommande \u00e5ren planerar Q-linea att utvidga produkterbjudandet f\u00f6r ASTar samt uppn\u00e5 regulatoriskt godk\u00e4nnande i USA.<\/p>\n<p>Bolagets huvud\u00e4gare, Nexttobe AB, och styrelsen arbetar aktivt f\u00f6r att f\u00f6rverkliga Q-lineas l\u00e5ngsiktiga strategi och anser att det \u00e4r en l\u00e4mplig tidpunkt att ans\u00f6ka om notering av Bolagets aktier p\u00e5 Nasdaq Stockholm. En notering av aktierna i Q-linea \u00e4r ett logiskt n\u00e4sta steg f\u00f6r Bolaget, d\u00e5 det f\u00f6rutom att bredda Bolagets \u00e4garbas ocks\u00e5 bidrar till en \u00f6kad k\u00e4nnedom om Bolaget och dess verksamhet samt ger Q-linea tillg\u00e5ng till svenska och internationella kapitalmarknader.<\/p>\n<p>Q-linea avser att anv\u00e4nda nettolikviden fr\u00e5n nyemissionen i den prioritetsordning som anges nedan, med ungef\u00e4rlig andel av emissionslikviden angiven i procent (%):<\/p>\n<ul>\n<li>\u00a0F\u00e4rdigst\u00e4lla utvecklingen av ASTar-instrumentet och f\u00f6rbrukningsartiklar samt initiera och slutf\u00f6ra kliniska studier i EU och USA relaterade till ASTar (45-50 %);<\/li>\n<li>\u00a0Bygga upp intern produktion av de viktigaste f\u00f6rbrukningsartiklarna f\u00f6r ASTar, hantera extern produktion och f\u00f6rb\u00e4ttra r\u00f6relsekapitalspositionen f\u00f6r att st\u00e4rka lanseringskapaciteten av ASTar och tillh\u00f6rande f\u00f6rbrukningsartiklar (25-30 %);<\/li>\n<li>\u00a0Bygga upp marknads- och supportfunktion och \u00f6vriga administrativa och l\u00f6pande kostnader (15-20 %); och<\/li>\n<li>\u00a0Utveckla nya applikationer f\u00f6r ASTar (10-15 %).<\/li>\n<\/ul>\n<p><strong>R\u00e5dgivare<\/strong><\/p>\n<p>Carnegie Investment Bank AB (publ) \u00e4r Sole Global Coordinator och Bookrunner, Redeye AB \u00e4r Co-Lead Manager (tillsammans &#8221;Managers&#8221;). Advokatfirman Lindahl KB \u00e4r legal r\u00e5dgivare till Bolaget. Baker &amp; McKenzie Advokatbyr\u00e5 KB \u00e4r legal r\u00e5dgivare till Managers s\u00e5vitt avser svensk r\u00e4tt och Baker &amp; McKenzie LLP \u00e4r legal r\u00e5dgivare till Managers s\u00e5vitt avser amerikansk r\u00e4tt.<\/p>\n<p><strong>F\u00f6r mer information, v\u00e4nligen kontakta:<\/strong><\/p>\n<p><strong>Anders Lundin, CFO och IR<\/strong><\/p>\n<p>Telefon: +46 706 00 15 20<\/p>\n<p>E-mail: &#x61;&#x6e;&#100;er&#x73;&#x2e;&#108;&#117;n&#x64;&#x69;&#110;&#64;q&#x6c;&#x69;&#x6e;&#101;a&#46;&#x63;&#x6f;&#109;<\/p>\n<p>Denna information \u00e4r s\u00e5dan information som Q-linea AB (publ) offentligg\u00f6r enligt EU:s marknadsmissbruksf\u00f6rordning. Informationen l\u00e4mnades, genom ovanst\u00e5ende kontaktpersons f\u00f6rsorg, f\u00f6r offentligg\u00f6rande den 6 december 2018 kl. 21.00 CET.<\/p>\n<p>Om Q-linea<\/p>\n<p>Q-linea AB \u00e4r ett diagnostikf\u00f6retag inriktat p\u00e5 att utveckla och leverera l\u00f6sningar f\u00f6r att v\u00e5rdgivare ska kunna diagnostisera och behandla infektionssjukdom p\u00e5 kortast m\u00f6jliga tid. V\u00e5r huvudprodukt ASTar\u2122 \u00e4r ett system f\u00f6r att snabbt och automatiskt best\u00e4mma vilket antibiotikum som \u00e4r verksamt f\u00f6r behandling av infektionssjukdomar. Bolaget grundades 2008 runt teknik som utvecklats av forskare fr\u00e5n Rudbecklaboratoriet vid Uppsala universitet, tillsammans med bland annat Olink Bioscience AB och Uppsala universitets holdingbolag UUAB.<\/p>\n<p>Om Nexttobe AB<\/p>\n<p>Nexttobe AB \u00e4r ett investmentbolag som fokuserar p\u00e5 investeringar inom h\u00e4lsov\u00e5rd, medicinteknik och specialistl\u00e4kemedel men investerar \u00e4ven i teknik- och konsumentbolag. Nexttobe AB startade sin investeringsverksamhet 2011 och har sedan dess investerat i mer \u00e4n 30 bolag.<\/p>\n<p>Om Catella Fondf\u00f6rvaltning AB<\/p>\n<p>Catella Fonder startade 1997 och \u00e4r en aktiv f\u00f6rvaltare med fokus p\u00e5 de nordiska marknaderna. Catella f\u00f6rvaltar aktiefonder, alterna\u00adtiva fonder, blandfonder och r\u00e4ntefonder. Catella Fonders f\u00f6rvaltade kapital \u00e4r i dagsl\u00e4get cirka 45 miljarder SEK.<\/p>\n<p>Om Fj\u00e4rde AP-fonden<\/p>\n<p>Fj\u00e4rde AP-fonden \u00e4r en av fem buffertfonder i det allm\u00e4nna inkomstpensionssystemet. Fj\u00e4rde AP-fondens uppdrag \u00e4r att bidra till ekonomisk trygghet f\u00f6r dagens och morgondagens pension\u00e4rer genom att f\u00f6rvalta en del av det allm\u00e4nna pensionssystemets buffertkapital. Fj\u00e4rde AP-fondens l\u00e5ngsiktiga perspektiv, ansvarstagande som \u00e4gare och stora engagemang f\u00f6r h\u00e5llbarhet skapar m\u00f6jligheter f\u00f6r h\u00f6g avkastning till l\u00e5g kostnad.<\/p>\n<p>P\u00e5 s\u00e5 s\u00e4tt verkar Fj\u00e4rde AP-fonden f\u00f6r tryggare pensioner. Vid utg\u00e5ngen av 2017 uppgick Fj\u00e4rde AP-fondens portf\u00f6ljv\u00e4rde till 357 miljarder kronor, varav aktier om 200 miljarder kronor.<\/p>\n<p>Om Investment AB \u00d6resund<\/p>\n<p>Investment AB \u00d6resund \u00e4r ett b\u00f6rsnoterat investmentf\u00f6retag som bedriver f\u00f6rvaltningsverksamhet. \u00d6resunds \u00f6vergripande m\u00e5ls\u00e4ttning \u00e4r att som investmentf\u00f6retag bedriva en verksamhet som ger \u00d6resunds aktie\u00e4gare en god l\u00e5ngsiktig avkastning. Investeringsportf\u00f6ljen best\u00e5r av cirka 25 bolag. \u00d6resund har ett substansv\u00e4rde om 6,1 miljarder kronor och en nettokassa om 144 miljoner kronor (tredje kvartalet 2018). \u00d6resunds huvud\u00e4gare \u00e4r familjen Qviberg. F\u00f6r mer information, se www.oresund.se.<\/p>\n<p>Om L\u00e4nsf\u00f6rs\u00e4kringar Fondf\u00f6rvaltning<\/p>\n<p>L\u00e4nsf\u00f6rs\u00e4kringar Fondf\u00f6rvaltning \u00e4r ett dotterbolag till L\u00e4nsf\u00f6rs\u00e4kringar Bank som \u00e4gs av 23 l\u00e4nsf\u00f6rs\u00e4kringsbolag. Fondvolymen uppgick per den 31 december 2017 till 159 miljarder kronor varav 139 miljarder kronor i f\u00f6rvaltad volym under eget varum\u00e4rke.<\/p>\n<p>Viktig information<\/p>\n<p>Detta meddelande utg\u00f6r inte ett erbjudande att s\u00e4lja eller f\u00f6rv\u00e4rva v\u00e4rdepapper som emitterats av Q-linea AB (publ) (&#8221;Bolaget&#8221;) i n\u00e5gon jurisdiktion d\u00e4r ett s\u00e5dant erbjudande skulle vara olagligt.<\/p>\n<p>I en EES-medlemsstat, annan \u00e4n Sverige, som har implementerat direktiv 2003\/71\/EU (tillsammans med eventuella implementerings\u00e5tg\u00e4rder i medlemsstaten, &#8221;Prospektdirektivet&#8221;), riktar sig detta meddelande endast till &#8221;kvalificerade investerare&#8221; i den medlemsstaten enligt Prospektdirektivets definition.<\/p>\n<p>Ett erbjudande av v\u00e4rdepapper enligt detta meddelande kommer att l\u00e4mnas genom ett prospekt. Detta meddelande \u00e4r inte prospekt enligt Prospektdirektivet. Investerare b\u00f6r inte investera i n\u00e5gra v\u00e4rdepapper som beskrivs i detta meddelande med st\u00f6d av annat \u00e4n informationen i tidigare n\u00e4mnda prospekt.<\/p>\n<p>Detta dokument och den information som dokumentet inneh\u00e5ller f\u00e5r inte distribueras i eller till USA. Detta dokument utg\u00f6r inte ett erbjudande att f\u00f6rv\u00e4rva v\u00e4rdepapper i USA. V\u00e4rdepapper som h\u00e4r omn\u00e4mns har inte, och kommer inte att, registreras i enlighet med den vid var tid g\u00e4llande amerikanska Securities Act fr\u00e5n 1933 (&#8221;Securities Act&#8221;), och f\u00e5r inte erbjudas eller s\u00e4ljas i USA utan att de registreras, omfattas av ett undantag fr\u00e5n, eller avser en transaktion som inte omfattas av registrering i enlighet med Securities Act. Det finns ingen avsikt att registrera n\u00e5gra v\u00e4rdepapper som h\u00e4r omn\u00e4mns i USA eller att g\u00f6ra ett offentligt erbjudande av s\u00e5dant v\u00e4rdepapper i USA.<\/p>\n<p>I Storbritannien distribueras och riktas detta dokument, och annat material avseende v\u00e4rdepapperen som h\u00e4r omn\u00e4mns, endast till, och en investering eller investeringsaktivitet som \u00e4r h\u00e4nf\u00f6rlig till detta dokument \u00e4r endast tillg\u00e4nglig f\u00f6r och kommer endast att kunna utnyttjas av, &#8221;kvalificerade investerare&#8221; (enligt definitionen i paragraf 86(7) i den brittiska Financial Services and Markets Act 2000) som \u00e4r (i) personer som har professionell erfarenhet av aff\u00e4rer som r\u00f6r investeringar och som faller inom definitionen av &#8221;professionella investerare&#8221; i artikel 19(5) i den brittiska Financial Services and Markets Act 2000 (Financial Promotion) Order 2005 (&#8221;F\u00f6reskriften&#8221;); eller (ii) enheter med h\u00f6g nettof\u00f6rm\u00f6genhet som avses i artikel 49(2)(a)-(d) i F\u00f6reskriften (alla s\u00e5dana personer ben\u00e4mns gemensamt &#8221;relevanta personer&#8221;). Personer som inte \u00e4r relevanta personer ska inte vidta n\u00e5gra \u00e5tg\u00e4rder baserat p\u00e5 detta dokument och inte heller agera eller f\u00f6rlita sig p\u00e5 det.<\/p>\n<p>Fram\u00e5triktade uttalanden<\/p>\n<p>Detta meddelande kan inneh\u00e5lla vissa fram\u00e5triktade uttalanden. S\u00e5dana uttalanden \u00e4r uttalanden som inte avser historiska fakta och de inneh\u00e5ller uttryck som &#8221;anser&#8221;, &#8221;v\u00e4ntar&#8221;, &#8221;f\u00f6rv\u00e4ntar&#8221;, &#8221;avser&#8221;, &#8221;planerar&#8221;, &#8221;uppskattar&#8221;, &#8221;kommer&#8221;, &#8221;kan&#8221;, &#8221;forts\u00e4tter&#8221;, &#8221;ska&#8221;, &#8221;b\u00f6r&#8221;, &#8221;f\u00e5r&#8221;, eller liknande. De fram\u00e5triktade uttalandena i detta meddelande \u00e4r baserade p\u00e5 olika uppskattningar och antaganden, vilka i flera fall baseras p\u00e5 ytterligare antaganden. \u00c4ven om Bolaget anser att antagandena i dessa fram\u00e5triktade uttalanden var rimliga n\u00e4r de gjordes kan det inte garanteras att de kommer att infrias eller visa sig vara korrekta. Eftersom dessa uttalanden \u00e4r baserade p\u00e5 uppskattningar eller \u00e4r f\u00f6rem\u00e5l f\u00f6r risker och os\u00e4kerheter kan de faktiska resultat eller utfall, som ett resultat av olika faktorer, komma att v\u00e4sentligen avvika fr\u00e5n vad som uttryckligen eller indirekt framg\u00e5r av s\u00e5dan information. S\u00e5dana risker, os\u00e4kerheter och andra v\u00e4sentliga faktorer kan medf\u00f6ra att de faktiska resultaten kan komma att avvika v\u00e4sentligt fr\u00e5n de resultat som uttryckligen eller underf\u00f6rst\u00e5tt anges i detta meddelande genom de fram\u00e5triktade uttalandena. Bolaget l\u00e4mnar inte n\u00e5gra garantier s\u00e5vitt avser de antaganden som ligger till grund f\u00f6r de fram\u00e5triktade uttalandena i detta meddelande. Vidare tar Bolaget inte n\u00e5got ansvar f\u00f6r den framtida riktigheten i den fram\u00e5triktade informationen h\u00e4ri eller f\u00f6r att uppdatera eller revidera uttalanden i detta meddelande f\u00f6r att anpassa informationen efter faktiska h\u00e4ndelser eller utvecklingar. Otillb\u00f6rlig tilltro b\u00f6r inte f\u00e4stas vid de fram\u00e5triktade uttalandena i detta meddelande.<\/p>\n<p>Informationen, uppskattningarna och de fram\u00e5triktade uttalandena i detta meddelande g\u00e4ller enbart per dagen f\u00f6r detta meddelande och kan f\u00f6r\u00e4ndras utan att det meddelas. Bolaget \u00e5tar sig inte n\u00e5gon skyldighet att granska, uppdatera, bekr\u00e4fta, eller offentligg\u00f6ra n\u00e5gra justeringar avseende n\u00e5gra fram\u00e5triktade uttalanden f\u00f6r att \u00e5terspegla h\u00e4ndelser som intr\u00e4ffar eller omst\u00e4ndigheter som uppst\u00e5r avseende inneh\u00e5llet i detta meddelande.<\/p>\n<div class=\"mfn-footer\"><\/div>\n<\/h3>\r\n                    <\/div>\r\n    <\/div>\r\n<\/section>\r\n\n\n\r\n<section class=\"content_text contentmodule alignfull\" style=\"background-color: #fff\" data-text-color=\"''\">\r\n    <div class=\"wrapper\">\r\n        <div class=\"textWrapper\"><\/div>\r\n    <\/div>\r\n<\/section>\r\n","protected":false},"excerpt":{"rendered":"","protected":false},"author":68,"featured_media":0,"parent":0,"menu_order":0,"comment_status":"closed","ping_status":"closed","template":"templates\/page-ipo.php","meta":{"_acf_changed":false,"footnotes":""},"class_list":["post-4728","page","type-page","status-publish","hentry"],"acf":[],"_links":{"self":[{"href":"https:\/\/qlinea.com\/sv\/wp-json\/wp\/v2\/pages\/4728","targetHints":{"allow":["GET"]}}],"collection":[{"href":"https:\/\/qlinea.com\/sv\/wp-json\/wp\/v2\/pages"}],"about":[{"href":"https:\/\/qlinea.com\/sv\/wp-json\/wp\/v2\/types\/page"}],"author":[{"embeddable":true,"href":"https:\/\/qlinea.com\/sv\/wp-json\/wp\/v2\/users\/68"}],"replies":[{"embeddable":true,"href":"https:\/\/qlinea.com\/sv\/wp-json\/wp\/v2\/comments?post=4728"}],"version-history":[{"count":0,"href":"https:\/\/qlinea.com\/sv\/wp-json\/wp\/v2\/pages\/4728\/revisions"}],"wp:attachment":[{"href":"https:\/\/qlinea.com\/sv\/wp-json\/wp\/v2\/media?parent=4728"}],"curies":[{"name":"wp","href":"https:\/\/api.w.org\/{rel}","templated":true}]}}