{"id":4740,"date":"2020-01-17T13:40:15","date_gmt":"2020-01-17T12:40:15","guid":{"rendered":"https:\/\/qlinea.com\/?page_id=4740"},"modified":"2020-10-26T16:36:44","modified_gmt":"2020-10-26T15:36:44","slug":"q-linea-offentliggor-prospekt-i-samband-med-borsintroduktionen-pa-nasdaq-stockholm","status":"publish","type":"page","link":"https:\/\/qlinea.com\/sv\/q-linea-offentliggor-prospekt-i-samband-med-borsintroduktionen-pa-nasdaq-stockholm\/","title":{"rendered":"Q-linea offentligg\u00f6r prospekt i samband med b\u00f6rsintroduktionen p\u00e5 Nasdaq Stockholm"},"content":{"rendered":"<section class=\"header_onlytext headermodule\" style=\"background-color: #fff\" data-text-color=\"''\">\r\n    <div class=\"wrapper\">\r\n        <div class=\"textWrapper\">\r\n                            <h1 class=\"title\">Q-linea offentligg\u00f6r prospekt i samband med b\u00f6rsintroduktionen p\u00e5 Nasdaq Stockholm<\/h1>\r\n                                        <h3><div class=\"mfn-preamble\">\n<p>&nbsp;<\/p>\n<p>EJ F\u00d6R OFFENTLIGG\u00d6RANDE, DISTRIBUTION ELLER PUBLICERING, VARE SIG DIREKT ELLER INDIREKT, I ELLER TILL AUSTRALIEN, KANADA, JAPAN ELLER USA ELLER N\u00c5GON ANNAN JURISDIKTION D\u00c4R OFFENTLIGG\u00d6RANDET ELLER DISTRIBUTIONEN SKULLE VARA OLAGLIG. V\u00c4NLIGEN SE VIKTIG INFORMATION I SLUTET AV PRESSMEDDELANDET.<\/p>\n<p>&nbsp;<\/p>\n<\/div>\n<p>Q-linea AB (publ) (&#8221;Q-linea&#8221; eller &#8221;Bolaget&#8221;), ett forsknings-, utvecklings- och tillverkningsbolag som prim\u00e4rt utvecklar instrument och f\u00f6rbrukningsartiklar f\u00f6r snabb infektionsdiagnostik, offentliggjorde den 11 november 2018 sin avsikt att genomf\u00f6ra ett erbjudande av aktier[1] i Bolaget (&#8221;Erbjudandet&#8221;) samt att notera aktierna p\u00e5 Nasdaq Stockholm. Prospektet f\u00f6r Erbjudandet, inklusive priset och \u00f6vriga villkor i Erbjudandet, offentligg\u00f6rs idag och f\u00f6rsta handelsdag f\u00f6rv\u00e4ntas bli den 7 december 2018.<br \/>\nErbjudandet i korthet<\/p>\n<ul>\n<li>Erbjudandet best\u00e5r av ett erbjudande till allm\u00e4nheten i Sverige och ett erbjudande till institutionella investerare i Sverige och utomlands, inklusive kvalificerade institutionella investerare i USA.<\/li>\n<li>Erbjudandet omfattar h\u00f6gst 9 166 667 nya aktier i Q-linea motsvarande 550 miljoner SEK f\u00f6re avdrag f\u00f6r emissionskostnader.<\/li>\n<li>Vidare har Bolaget utf\u00e4rdat en \u00f6vertilldelningsoption om h\u00f6gst 1 375 000 nya aktier i Bolaget, motsvarande 82 miljoner SEK f\u00f6re avdrag f\u00f6r emissionskostnader och 15 procent av antalet aktier i Erbjudandet (&#8221;\u00d6vertilldelningsoptionen&#8221;).<\/li>\n<li>Erbjudandet omfattar totalt h\u00f6gst 10 541 667 nya aktier i Bolaget om Erbjudandet \u00e4r fulltecknat och \u00d6vertilldelningsoptionen utnyttjas i sin helhet, motsvarande ett totalt v\u00e4rde om 632 miljoner SEK f\u00f6re avdrag f\u00f6r emissionskostnader och 41,6 procent av det totala antalet aktier i Bolaget efter Erbjudandets genomf\u00f6rande, under antagandet att Erbjudandet fulltecknas och \u00d6vertilldelningsoptionen utnyttjas i sin helhet.<\/li>\n<li>Priset i Erbjudandet kommer att fastst\u00e4llas genom ett anbudsf\u00f6rfarande och f\u00f6rv\u00e4ntas att fastst\u00e4llas inom intervallet 60-70 SEK per aktie (&#8221;Erbjudandepriset&#8221;), motsvarande ett marknadsv\u00e4rde f\u00f6r Q-linea om cirka 1 522-1 670 miljoner SEK, f\u00f6rutsatt att Erbjudandet fulltecknas och att \u00d6vertilldelningsoptionen utnyttjas i sin helhet. Erbjudandepriset f\u00f6rv\u00e4ntas offentligg\u00f6ras genom ett pressmeddelande den 7 december 2018.<\/li>\n<li>Fyra cornerstone-investerare har \u00e5tagit sig att f\u00f6rv\u00e4rva aktier i enlighet med vad som anges nedan. F\u00f6rutsatt att Erbjudandet fulltecknas, \u00d6vertilldelningsoptionen utnyttjas i sin helhet och att Erbjudandepriset motsvarar mittpunkten i prisintervallet (65 SEK), uppg\u00e5r tecknings\u00e5tagandena totalt till 28,5 procent av antalet aktier i Erbjudandet, motsvarande 180 miljoner SEK.<\/li>\n<li>De befintliga aktie\u00e4garna Investment AB \u00d6resund och Fj\u00e4rde AP-fonden har \u00e5tagit sig att, f\u00f6rutsatt vissa villkor, teckna aktier i Erbjudandet f\u00f6r 40 respektive 50 miljoner SEK, totalt 90 miljoner SEK. F\u00f6rutsatt att Erbjudandet fulltecknas, \u00d6vertilldelningsoptionen utnyttjas i sin helhet och att Erbjudandepriset motsvarar mittpunkten i prisintervallet (65 SEK), omfattar \u00e5tagandena totalt 615 384 respektive 769 230 aktier, motsvarande 6,3 respektive 7,9 procent av aktierna i Erbjudandet samt 2,5 respektive 3,1 procent av aktierna i Bolaget. Investment AB \u00d6resund och Fj\u00e4rde AP-fonden kommer att \u00e4ga totalt 9,2 respektive 6,7 procent av aktierna i Bolaget f\u00f6rutsatt att Erbjudandet fulltecknas, \u00d6vertilldelningsoptionen utnyttjas i sin helhet och Erbjudandepriset motsvarar mittpunkten i prisintervallet (65 SEK).<\/li>\n<li>Vidare har Catella Fondf\u00f6rvaltning AB och L\u00e4nsf\u00f6rs\u00e4kringar Fondf\u00f6rvaltning \u00e5tagit sig att, f\u00f6rutsatt vissa villkor, teckna aktier i Erbjudandet f\u00f6r 60 respektive 30 miljoner SEK, totalt 90 miljoner SEK. F\u00f6rutsatt att Erbjudandet fulltecknas, \u00d6vertilldelningsoptionen utnyttjas i sin helhet och att Erbjudandepriset motsvarar mittpunkten i prisintervallet (65 SEK), omfattar \u00e5tagandena 923 076 respektive 461 538 aktier, motsvarande 9,5 respektive 4,7 procent av aktierna i Erbjudandet samt 3,8 respektive 1,9 procent av aktierna i Bolaget.<\/li>\n<li>Vissa styrelseledam\u00f6ter och ledande befattningshavare (bland annat VD Jonas Jarvius) i bolaget har \u00e5tagit sig att teckna aktier i Erbjudandet f\u00f6r 3,3 miljoner SEK. F\u00f6rutsatt att Erbjudandet fulltecknas, \u00d6vertilldelningsoptionen utnyttjas i sin helhet och att Erbjudandepriset motsvarar mittpunkten i prisintervallet (65 SEK), omfattar \u00e5tagandet 51 076 aktier, motsvarande 0,52 procent av aktierna i Erbjudandet samt 0,21 procent av aktierna i Bolaget. Jonas Jarvius kommer d\u00e4refter att \u00e4ga totalt 1,54 procent av aktierna i Bolaget.<\/li>\n<li>Ett prospekt med fullst\u00e4ndiga villkor offentligg\u00f6rs idag den 23 november 2018.<\/li>\n<li>Anm\u00e4lningsperioden f\u00f6r allm\u00e4nheten i Sverige f\u00f6rv\u00e4ntas p\u00e5g\u00e5 under perioden 26 november &#8211; 5 december 2018 och anm\u00e4lningsperioden f\u00f6r institutionella investerare f\u00f6rv\u00e4ntas p\u00e5g\u00e5 under perioden 26 november &#8211; 6 december 2018.<\/li>\n<li>Ber\u00e4knad f\u00f6rsta handelsdag p\u00e5 Nasdaq Stockholm f\u00f6rv\u00e4ntas bli den 7 december 2018 och aktierna kommer att handlas under kortnamnet &#8221;QLINEA&#8221;.<\/li>\n<li>Ber\u00e4knad likviddag i Erbjudandet f\u00f6rv\u00e4ntas bli den 11 december 2018.<\/li>\n<li>Erbjudandet \u00e4r villkorat av att nyemissionen inom ramen f\u00f6r Erbjudandet inbringar minst 420 miljoner SEK till Bolaget, f\u00f6re avdrag f\u00f6r emissionskostnader.<\/li>\n<\/ul>\n<p>Jonas Jarvius, VD f\u00f6r Q-linea, kommenterar:<br \/>\n&#8221;Q-linea befinner sig i en mycket sp\u00e4nnande fas, med v\u00e5r huvudprodukt ASTar som n\u00e4rmar sig kliniska studier och marknaden. Den planerade b\u00f6rsintroduktionen m\u00f6jligg\u00f6r att vi p\u00e5 ett effektivt s\u00e4tt kan avsluta produktutvecklingsfasen och p\u00e5b\u00f6rja kliniska studier p\u00e5 relevanta marknader. Vi ser fram emot att bli ett noterat bolag och med ASTar kunna hj\u00e4lpa sv\u00e5rt sjuka patienter med infektioner att \u00e5terg\u00e5 till ett normalt liv.&#8221;<br \/>\nErika Kjellberg Eriksson, VD f\u00f6r Nexttobe AB och styrelseordf\u00f6rande i Q-linea, kommenterar:<br \/>\n&#8221;Vi investerade i Q-linea 2012 och har genom v\u00e5rt n\u00e4ra samarbete f\u00f6ljt utvecklingen fr\u00e5n id\u00e9 till n\u00e4stan f\u00e4rdig produkt. D\u00e5 vi delar Bolagets uppfattning att den f\u00f6rsta produkten, ASTar, kan komma att r\u00e4dda liv f\u00f6r patienter med sv\u00e5r sepsis (blodf\u00f6rgiftning), ser vi den planerade b\u00f6rsintroduktionen som ett viktigt steg i att st\u00e4rka upp bolaget f\u00f6r att n\u00e5 den planerade kommersialiseringen.&#8221;<br \/>\nOm Q-linea och bakgrund till Erbjudandet<br \/>\nUnder de senaste sex \u00e5ren har Q-linea arbetat med att utveckla innovativa system f\u00f6r in vitro-diagnostik av infektionssjukdomar. Q-lineas ledande produkt, ASTar, kan mycket snabbare \u00e4n dagens metoder fastst\u00e4lla vilka antibiotika som \u00e4r verksamma mot en infektion, s.k. AST-analys. ASTar f\u00f6rv\u00e4ntas f\u00f6rkorta tiden det tar att identifiera korrekt behandling av patienter med sepsis med mer \u00e4n 24 timmar. Tekniken har stor potential att r\u00e4dda liv, minska sjukhuskostnader, undvika on\u00f6dig antibiotikabehandling och bromsa utvecklingen av resistenta bakterier.<br \/>\nQ-linea str\u00e4var efter att etablera och sedan bef\u00e4sta Bolagets position som en nyckelspelare inom diagnostik av infektionssjukdomar genom att utveckla innovativa diagnostikplattformar med potential att vara &#8221;first-in-class&#8221; och &#8221;best-in-class&#8221;. Bolagets f\u00f6rsta produkt, ASTar, f\u00f6rv\u00e4ntas vara tillg\u00e4nglig p\u00e5 den europeiska marknaden under fj\u00e4rde kvartalet 2019. Under de kommande \u00e5ren planerar Q-linea att utvidga produkterbjudandet f\u00f6r ASTar samt uppn\u00e5 regulatoriskt godk\u00e4nnande i USA.<br \/>\nBolagets huvud\u00e4gare, Nexttobe AB, och styrelsen arbetar aktivt f\u00f6r att f\u00f6rverkliga Q-lineas l\u00e5ngsiktiga strategi och anser att det \u00e4r en l\u00e4mplig tidpunkt att ans\u00f6ka om notering av Bolagets aktier p\u00e5 Nasdaq Stockholm. En notering av aktierna i Q-linea \u00e4r ett logiskt n\u00e4sta steg f\u00f6r Bolaget, d\u00e5 det f\u00f6rutom att bredda Bolagets \u00e4garbas ocks\u00e5 bidrar till en \u00f6kad k\u00e4nnedom om Bolaget och dess verksamhet samt ger Q-linea tillg\u00e5ng till svenska och internationella kapitalmarknader.<br \/>\nQ-linea avser att anv\u00e4nda nettolikviden fr\u00e5n nyemissionen i den prioritetsordning som anges nedan, med ungef\u00e4rlig andel av emissionslikviden angiven i procent (%):<\/p>\n<ul>\n<li>F\u00e4rdigst\u00e4lla utvecklingen av ASTar-instrumentet och f\u00f6rbrukningsartiklar samt initiera och slutf\u00f6ra kliniska studier i EU och USA relaterade till ASTar (45-50 %);<\/li>\n<li>Bygga upp intern produktion av de viktigaste f\u00f6rbrukningsartiklarna f\u00f6r ASTar, hantera extern produktion och f\u00f6rb\u00e4ttra r\u00f6relsekapitalspositionen f\u00f6r att st\u00e4rka lanseringskapaciteten av ASTar och tillh\u00f6rande f\u00f6rbrukningsartiklar (25-30 %);<\/li>\n<li>Bygga upp marknads- och supportfunktion och \u00f6vriga administrativa och l\u00f6pande kostnader (15-20 %); och<\/li>\n<li>Utveckla nya applikationer f\u00f6r ASTar (10-15 %).<\/li>\n<\/ul>\n<p>Prospekt och anm\u00e4lan<br \/>\nProspektet (p\u00e5 svenska och engelska) avseende Erbjudandet offentligg\u00f6rs idag den 23 november 2018 p\u00e5 Q-lineas\u00a0hemsida (www.qlinea.com). Prospektet finns ocks\u00e5 tillg\u00e4ngligt p\u00e5 Carnegies hemsida (www.carnegie.se), Redeye&#8217;s hemsida (www.redeye.se), Avanzas hemsida (www.avanza.se) och Nordnets hemsida (www.nordnet.se). Anm\u00e4lan kan g\u00f6ras p\u00e5 Avanzas internettj\u00e4nst (www.avanza.se) eller Nordnets internettj\u00e4nst\u00a0(www.nordnet.se).<br \/>\nPrelimin\u00e4r tidsplan<\/p>\n<ul>\n<li>Offentligg\u00f6rande av prospekt: \u00a0\u00a0\u00a0\u00a0\u00a0\u00a0\u00a0\u00a0\u00a0\u00a0\u00a0\u00a0\u00a0\u00a0\u00a0\u00a0\u00a0\u00a0\u00a0\u00a0\u00a0\u00a0\u00a0\u00a0\u00a0\u00a0\u00a0\u00a0\u00a0\u00a0\u00a0\u00a0\u00a0\u00a0\u00a0\u00a0\u00a0\u00a0\u00a0\u00a0\u00a0\u00a0\u00a0\u00a0\u00a0\u00a0\u00a0\u00a0\u00a0\u00a0\u00a0\u00a0\u00a0\u00a0\u00a0\u00a0\u00a0\u00a0\u00a0\u00a0\u00a0\u00a0\u00a0\u00a0\u00a0\u00a0\u00a0\u00a0\u00a0\u00a0\u00a0\u00a0 23 november 2018<\/li>\n<li>Anm\u00e4lningsperiod f\u00f6r allm\u00e4nheten i Sverige: \u00a0\u00a0\u00a0\u00a0\u00a0\u00a0\u00a0\u00a0\u00a0\u00a0\u00a0\u00a0\u00a0\u00a0\u00a0\u00a0\u00a0\u00a0\u00a0\u00a0\u00a0\u00a0\u00a0\u00a0\u00a0\u00a0\u00a0\u00a0\u00a0 26 november &#8211; 5 december 2018<\/li>\n<li>Anm\u00e4lningsperiod f\u00f6r institutionella investerare: \u00a0\u00a0\u00a0\u00a0\u00a0\u00a0\u00a0\u00a0\u00a0\u00a0\u00a0\u00a0\u00a0\u00a0\u00a0\u00a0\u00a0\u00a0\u00a0\u00a0\u00a0\u00a0\u00a0\u00a0 26 november &#8211; 6 december 2018<\/li>\n<li>F\u00f6rsta dag f\u00f6r handel av Q-linea aktier: \u00a0\u00a0\u00a0\u00a0\u00a0\u00a0\u00a0\u00a0\u00a0\u00a0\u00a0\u00a0\u00a0\u00a0\u00a0\u00a0\u00a0\u00a0\u00a0\u00a0\u00a0\u00a0\u00a0\u00a0\u00a0\u00a0\u00a0\u00a0\u00a0\u00a0\u00a0\u00a0\u00a0\u00a0\u00a0\u00a0\u00a0\u00a0\u00a0\u00a0\u00a0\u00a0\u00a0\u00a0\u00a0\u00a0\u00a0\u00a0\u00a0\u00a0\u00a0\u00a0\u00a0\u00a0\u00a0\u00a0\u00a0\u00a0 7 december 2018<\/li>\n<li>Likviddag: \u00a0\u00a0\u00a0\u00a0\u00a0\u00a0\u00a0\u00a0\u00a0\u00a0\u00a0\u00a0\u00a0\u00a0\u00a0\u00a0\u00a0\u00a0\u00a0\u00a0\u00a0\u00a0\u00a0\u00a0\u00a0\u00a0\u00a0\u00a0\u00a0\u00a0\u00a0\u00a0\u00a0\u00a0\u00a0\u00a0\u00a0\u00a0\u00a0\u00a0\u00a0\u00a0\u00a0\u00a0\u00a0\u00a0\u00a0\u00a0\u00a0\u00a0\u00a0\u00a0\u00a0\u00a0\u00a0\u00a0\u00a0\u00a0\u00a0\u00a0\u00a0\u00a0\u00a0\u00a0\u00a0\u00a0\u00a0\u00a0\u00a0\u00a0\u00a0\u00a0\u00a0\u00a0\u00a0\u00a0\u00a0\u00a0\u00a0\u00a0\u00a0\u00a0\u00a0\u00a0\u00a0\u00a0\u00a0\u00a0\u00a0\u00a0\u00a0\u00a0\u00a0\u00a0\u00a0\u00a0\u00a0\u00a0\u00a0 11 december 2018<\/li>\n<\/ul>\n<p>R\u00e5dgivare<br \/>\nCarnegie Investment Bank AB (publ) \u00e4r Sole Global Coordinator och Bookrunner, Redeye AB \u00e4r Co-Lead Manager (tillsammans &#8221;Managers&#8221;). Advokatfirman Lindahl KB \u00e4r legal r\u00e5dgivare till Bolaget. Baker &amp; McKenzie Advokatbyr\u00e5 KB \u00e4r legal r\u00e5dgivare till Managers s\u00e5vitt avser svensk r\u00e4tt och Baker &amp; McKenzie LLP \u00e4r legal r\u00e5dgivare till Managers s\u00e5vitt avser amerikansk r\u00e4tt.<br \/>\nF\u00f6r mer information, v\u00e4nligen kontakta:<br \/>\nAnders Lundin, CFO och IR<br \/>\nTelefon: +46 706 00 15 20<br \/>\nE-mail: &#97;n&#x64;e&#x72;s&#x2e;l&#x75;n&#x64;i&#x6e;&#64;&#x71;&#108;&#x69;&#110;&#x65;&#97;&#x2e;&#99;&#x6f;&#109;<br \/>\nInformationen l\u00e4mnades, genom ovanst\u00e5ende kontaktpersons f\u00f6rsorg, f\u00f6r offentligg\u00f6rande den 23 november 2018 kl. 09.00 CET.<br \/>\nOm Q-linea<br \/>\nQ-linea AB \u00e4r ett diagnostikf\u00f6retag inriktat p\u00e5 att utveckla och leverera l\u00f6sningar f\u00f6r att v\u00e5rdgivare ska kunna diagnostisera och behandla infektionssjukdom p\u00e5 kortast m\u00f6jliga tid. V\u00e5r huvudprodukt ASTar\u2122 \u00e4r ett system f\u00f6r att snabbt och automatiskt best\u00e4mma vilket antibiotikum som \u00e4r verksamt f\u00f6r behandling av infektionssjukdomar. Bolaget grundades 2008 runt teknik som utvecklats av forskare fr\u00e5n Rudbecklaboratoriet vid Uppsala universitet, tillsammans med bland annat Olink Bioscience AB och Uppsala universitets holdingbolag UUAB.<br \/>\nOm Nexttobe AB<br \/>\nNexttobe AB \u00e4r ett investmentbolag som fokuserar p\u00e5 investeringar inom h\u00e4lsov\u00e5rd, medicinteknik och specialistl\u00e4kemedel men investerar \u00e4ven i teknik- och konsumentbolag. Nexttobe AB startade sin investeringsverksamhet 2011 och har sedan dess investerat i mer \u00e4n 30 bolag.<br \/>\nOm Catella Fondf\u00f6rvaltning AB<br \/>\nCatella Fonder startade 1997 och \u00e4r en aktiv f\u00f6rvaltare med fokus p\u00e5 de nordiska marknaderna. Catella f\u00f6rvaltar aktiefonder, alterna\u00adtiva fonder, blandfonder och r\u00e4ntefonder. Catella Fonders f\u00f6rvaltade kapital \u00e4r i dagsl\u00e4get cirka 45 miljarder SEK.<br \/>\nOm Fj\u00e4rde AP-fonden<br \/>\nFj\u00e4rde AP-fonden \u00e4r en av fem buffertfonder i det allm\u00e4nna inkomstpensionssystemet. Fj\u00e4rde AP-fondens uppdrag \u00e4r att bidra till ekonomisk trygghet f\u00f6r dagens och morgondagens pension\u00e4rer genom att f\u00f6rvalta en del av det allm\u00e4nna pensionssystemets buffertkapital. Fj\u00e4rde AP-fondens l\u00e5ngsiktiga perspektiv, ansvarstagande som \u00e4gare och stora engagemang f\u00f6r h\u00e5llbarhet skapar m\u00f6jligheter f\u00f6r h\u00f6g avkastning till l\u00e5g kostnad.<br \/>\nP\u00e5 s\u00e5 s\u00e4tt verkar Fj\u00e4rde AP-fonden f\u00f6r tryggare pensioner. Vid utg\u00e5ngen av 2017 uppgick Fj\u00e4rde AP-fondens portf\u00f6ljv\u00e4rde till 357 miljarder kronor, varav aktier om 200 miljarder kronor.<br \/>\nOm Investment AB \u00d6resund<br \/>\nInvestment AB \u00d6resund \u00e4r ett b\u00f6rsnoterat investmentf\u00f6retag som bedriver f\u00f6rvaltningsverksamhet. \u00d6resunds \u00f6vergripande m\u00e5ls\u00e4ttning \u00e4r att som investmentf\u00f6retag bedriva en verksamhet som ger \u00d6resunds aktie\u00e4gare en god l\u00e5ngsiktig avkastning. Investeringsportf\u00f6ljen best\u00e5r av cirka 25 bolag. \u00d6resund har ett substansv\u00e4rde om 6,1 miljarder kronor och en nettokassa om 144 miljoner kronor (tredje kvartalet 2018). \u00d6resunds huvud\u00e4gare \u00e4r familjen Qviberg. F\u00f6r mer information, se www.oresund.se.<br \/>\nOm L\u00e4nsf\u00f6rs\u00e4kringar Fondf\u00f6rvaltning<br \/>\nL\u00e4nsf\u00f6rs\u00e4kringar Fondf\u00f6rvaltning \u00e4r ett dotterbolag till L\u00e4nsf\u00f6rs\u00e4kringar Bank som \u00e4gs av 23 l\u00e4nsf\u00f6rs\u00e4kringsbolag. Fondvolymen uppgick per den 31 december 2017 till 159 miljarder kronor varav 139 miljarder kronor i f\u00f6rvaltad volym under eget varum\u00e4rke.<br \/>\nViktig information<br \/>\nDetta meddelande utg\u00f6r inte ett erbjudande att s\u00e4lja eller f\u00f6rv\u00e4rva v\u00e4rdepapper som emitterats av Q-linea AB (publ) (&#8221;Bolaget&#8221;) i n\u00e5gon jurisdiktion d\u00e4r ett s\u00e5dant erbjudande skulle vara olagligt.<br \/>\nI en EES-medlemsstat, annan \u00e4n Sverige, som har implementerat direktiv 2003\/71\/EU (tillsammans med eventuella implementerings\u00e5tg\u00e4rder i medlemsstaten, &#8221;Prospektdirektivet&#8221;), riktar sig detta meddelande endast till &#8221;kvalificerade investerare&#8221; i den medlemsstaten enligt Prospektdirektivets definition.<br \/>\nEtt erbjudande av v\u00e4rdepapper enligt detta meddelande kommer att l\u00e4mnas genom ett prospekt. Detta meddelande \u00e4r inte prospekt enligt Prospektdirektivet. Investerare b\u00f6r inte investera i n\u00e5gra v\u00e4rdepapper som beskrivs i detta meddelande med st\u00f6d av annat \u00e4n informationen i tidigare n\u00e4mnda prospekt.<br \/>\nDetta dokument och den information som dokumentet inneh\u00e5ller f\u00e5r inte distribueras i eller till USA. Detta dokument utg\u00f6r inte ett erbjudande att f\u00f6rv\u00e4rva v\u00e4rdepapper i USA. V\u00e4rdepapper som h\u00e4r omn\u00e4mns har inte, och kommer inte att, registreras i enlighet med den vid var tid g\u00e4llande amerikanska Securities Act fr\u00e5n 1933 (&#8221;Securities Act&#8221;), och f\u00e5r inte erbjudas eller s\u00e4ljas i USA utan att de registreras, omfattas av ett undantag fr\u00e5n, eller avser en transaktion som inte omfattas av registrering i enlighet med Securities Act. Det finns ingen avsikt att registrera n\u00e5gra v\u00e4rdepapper som h\u00e4r omn\u00e4mns i USA eller att g\u00f6ra ett offentligt erbjudande av s\u00e5dan v\u00e4rdepapper i USA.<br \/>\nI Storbritannien distribueras och riktas detta dokument, och annat material avseende v\u00e4rdepapperen som h\u00e4r omn\u00e4mns, endast till, och en investering eller investeringsaktivitet som \u00e4r h\u00e4nf\u00f6rlig till detta dokument \u00e4r endast tillg\u00e4nglig f\u00f6r och kommer endast att kunna utnyttjas av, &#8221;kvalificerade investerare&#8221; (enligt definitionen i paragraf 86(7) i den brittiska Financial Services and Markets Act 2000) som \u00e4r (i) personer som har professionell erfarenhet av aff\u00e4rer som r\u00f6r investeringar och som faller inom definitionen av &#8221;professionella investerare&#8221; i artikel 19(5) i den brittiska Financial Services and Markets Act 2000 (Financial Promotion) Order 2005 (&#8221;F\u00f6reskriften&#8221;); eller (ii) enheter med h\u00f6g nettof\u00f6rm\u00f6genhet som avses i artikel 49(2)(a)-(d) i F\u00f6reskriften (alla s\u00e5dana personer ben\u00e4mns gemensamt &#8221;relevanta personer&#8221;). Personer som inte \u00e4r relevanta personer ska inte vidta n\u00e5gra \u00e5tg\u00e4rder baserat p\u00e5 detta dokument och inte heller agera eller f\u00f6rlita sig p\u00e5 det.<br \/>\nFram\u00e5triktade uttalanden<br \/>\nDetta meddelande kan inneh\u00e5lla vissa fram\u00e5triktade uttalanden. S\u00e5dana uttalanden \u00e4r uttalanden som inte avser historiska fakta och de inneh\u00e5ller uttryck som &#8221;anser&#8221;, &#8221;v\u00e4ntar&#8221;, &#8221;f\u00f6rv\u00e4ntar&#8221;, &#8221;avser&#8221;, &#8221;planerar&#8221;, &#8221;uppskattar&#8221;, &#8221;kommer&#8221;, &#8221;kan&#8221;, &#8221;forts\u00e4tter&#8221;, &#8221;ska&#8221;, &#8221;b\u00f6r&#8221;, &#8221;f\u00e5r&#8221;, eller liknande. De fram\u00e5triktade uttalandena i detta meddelande \u00e4r baserade p\u00e5 olika uppskattningar och antaganden, vilka i flera fall baseras p\u00e5 ytterligare antaganden. \u00c4ven om Bolaget anser att antagandena i dessa fram\u00e5triktade uttalanden var rimliga n\u00e4r de gjordes kan det inte garanteras att de kommer att infrias eller visa sig vara korrekta. Eftersom dessa uttalanden \u00e4r baserade p\u00e5 uppskattningar eller \u00e4r f\u00f6rem\u00e5l f\u00f6r risker och os\u00e4kerheter kan de faktiska resultat eller utfall, som ett resultat av olika faktorer, komma att v\u00e4sentligen avvika fr\u00e5n vad som uttryckligen eller indirekt framg\u00e5r av s\u00e5dan information. S\u00e5dana risker, os\u00e4kerheter och andra v\u00e4sentliga faktorer kan medf\u00f6ra att de faktiska resultaten kan komma att avvika v\u00e4sentligt fr\u00e5n de resultat som uttryckligen eller underf\u00f6rst\u00e5tt anges i detta meddelande genom de fram\u00e5triktade uttalandena. Bolaget l\u00e4mnar inte n\u00e5gra garantier s\u00e5vitt avser de antaganden som ligger till grund f\u00f6r de fram\u00e5triktade uttalandena i detta meddelande. Vidare tar Bolaget inte n\u00e5got ansvar f\u00f6r den framtida riktigheten i den fram\u00e5triktade informationen h\u00e4ri eller f\u00f6r att uppdatera eller revidera uttalanden i detta meddelande f\u00f6r att anpassa informationen efter faktiska h\u00e4ndelser eller utvecklingar. Otillb\u00f6rlig tilltro b\u00f6r inte f\u00e4stas vid de fram\u00e5triktade uttalandena i detta meddelande.<br \/>\nInformationen, uppskattningarna och de fram\u00e5triktade uttalandena i detta meddelande g\u00e4ller enbart per dagen f\u00f6r detta meddelande och kan f\u00f6r\u00e4ndras utan att det meddelas. Bolaget \u00e5tar sig inte n\u00e5gon skyldighet att granska, uppdatera, bekr\u00e4fta, eller offentligg\u00f6ra n\u00e5gra justeringar avseende n\u00e5gra fram\u00e5triktade uttalanden f\u00f6r att \u00e5terspegla h\u00e4ndelser som intr\u00e4ffar eller omst\u00e4ndigheter som uppst\u00e5r avseende inneh\u00e5llet i detta meddelande.<br \/>\n[1] &#8221;aktier&#8221; refererar till stamaktier i Bolaget.<\/p>\n<div class=\"mfn-footer\"><\/div>\n<\/h3>\r\n                    <\/div>\r\n    <\/div>\r\n<\/section>\r\n","protected":false},"excerpt":{"rendered":"","protected":false},"author":68,"featured_media":0,"parent":0,"menu_order":0,"comment_status":"closed","ping_status":"closed","template":"templates\/page-ipo.php","meta":{"_acf_changed":false,"footnotes":""},"class_list":["post-4740","page","type-page","status-publish","hentry"],"acf":[],"_links":{"self":[{"href":"https:\/\/qlinea.com\/sv\/wp-json\/wp\/v2\/pages\/4740","targetHints":{"allow":["GET"]}}],"collection":[{"href":"https:\/\/qlinea.com\/sv\/wp-json\/wp\/v2\/pages"}],"about":[{"href":"https:\/\/qlinea.com\/sv\/wp-json\/wp\/v2\/types\/page"}],"author":[{"embeddable":true,"href":"https:\/\/qlinea.com\/sv\/wp-json\/wp\/v2\/users\/68"}],"replies":[{"embeddable":true,"href":"https:\/\/qlinea.com\/sv\/wp-json\/wp\/v2\/comments?post=4740"}],"version-history":[{"count":0,"href":"https:\/\/qlinea.com\/sv\/wp-json\/wp\/v2\/pages\/4740\/revisions"}],"wp:attachment":[{"href":"https:\/\/qlinea.com\/sv\/wp-json\/wp\/v2\/media?parent=4740"}],"curies":[{"name":"wp","href":"https:\/\/api.w.org\/{rel}","templated":true}]}}