{"id":4754,"date":"2020-01-17T13:41:29","date_gmt":"2020-01-17T12:41:29","guid":{"rendered":"https:\/\/qlinea.com\/?page_id=4754"},"modified":"2020-10-26T16:37:36","modified_gmt":"2020-10-26T15:37:36","slug":"meddelande-om-stabiliseringsatgarder","status":"publish","type":"page","link":"https:\/\/qlinea.com\/sv\/meddelande-om-stabiliseringsatgarder\/","title":{"rendered":"Meddelande om stabiliserings\u00e5tg\u00e4rder"},"content":{"rendered":"<section class=\"header_onlytext headermodule\" style=\"background-color: #fff\" data-text-color=\"''\">\r\n    <div class=\"wrapper\">\r\n        <div class=\"textWrapper\">\r\n                            <h1 class=\"title\">Meddelande om stabiliserings\u00e5tg\u00e4rder<\/h1>\r\n                                <\/div>\r\n    <\/div>\r\n<\/section>\r\n\n\n\r\n<section class=\"content_text contentmodule alignfull\" style=\"background-color: #fff\" data-text-color=\"''\">\r\n    <div class=\"wrapper\">\r\n        <div class=\"textWrapper\"><div class=\"mfn-preamble\">\n<p>&nbsp;<\/p>\n<p>EJ F\u00d6R OFFENTLIGG\u00d6RANDE, DISTRIBUTION ELLER PUBLICERING, DIREKT ELLER INDIREKT, I ELLER TILL USA, AUSTRALIEN, KANADA, JAPAN, ELLER ANNAT LAND D\u00c4R OFFENTLIGG\u00d6RANDET, DISTRIBUTIONEN ELLER PUBLICERINGEN SKULLE VARA OTILL\u00c5TEN ELLER KR\u00c4VA REGISTRERING ELLER ANDRA \u00c5TG\u00c4RDER<br \/>\nCarnegie Investment Bank AB (publ) (&#8221;Carnegie&#8221;) meddelar att stabiliserings\u00e5tg\u00e4rder har utf\u00f6rts i Q-linea AB (publ) (&#8221;Q-linea&#8221; eller &#8221;Bolaget&#8221;) aktier p\u00e5 Nasdaq Stockholm.<\/p>\n<p>&nbsp;<\/p>\n<\/div>\n<p>Som offentliggjordes i samband med erbjudandet om f\u00f6rv\u00e4rv av nyemitterade aktier i Bolaget och noteringen av Bolagets aktier p\u00e5 Nasdaq Stockholm (&#8221;Erbjudandet&#8221;) har Carnegie m\u00f6jlighet, i egenskap av Sole Global Coordinator, att genomf\u00f6ra transaktioner i syfte att h\u00e5lla marknadspriset p\u00e5 aktierna p\u00e5 en niv\u00e5 h\u00f6gre \u00e4n den som i annat fall kanske hade varit r\u00e5dande p\u00e5 marknaden.<\/p>\n<p>Stabiliseringstransaktioner kan komma att genomf\u00f6ras p\u00e5 Nasdaq Stockholm, OTC-marknaden eller p\u00e5 annat s\u00e4tt, och kan komma att genomf\u00f6ras n\u00e4r som helst under perioden som b\u00f6rjar p\u00e5 f\u00f6rsta dagen f\u00f6r handel i aktierna p\u00e5 Nasdaq Stockholm och avslutas senast 30 kalenderdagar d\u00e4refter. Sole Global Coordinator har dock ingen skyldighet att genomf\u00f6ra n\u00e5gon stabilisering och det finns ingen garanti f\u00f6r att stabilisering kommer att genomf\u00f6ras. Stabilisering, om p\u00e5b\u00f6rjad, kan vidare komma att avbrytas n\u00e4r som helst utan f\u00f6rvarning. Under inga omst\u00e4ndigheter kommer transaktioner att genomf\u00f6ras till ett pris som \u00e4r h\u00f6gre \u00e4n det pris som fastst\u00e4llts i Erbjudandet.<\/p>\n<p>Styrelsen i Bolaget har utf\u00e4rdat en \u00f6vertilldelningsoption till Sole Global Coordinator vilken kan utnyttjas helt eller delvis under 30 kalenderdagar fr\u00e5n f\u00f6rsta dagen f\u00f6r handel i Bolagets aktier p\u00e5 Nasdaq Stockholm, att f\u00f6rv\u00e4rva ytterligare h\u00f6gst 1 213 235 aktier, motsvarande h\u00f6gst 15 procent av det totala antalet aktier som omfattas av Erbjudandet, till ett pris motsvarande priset i Erbjudandet,\u00a0det\u00a0vill\u00a0s\u00e4ga\u00a068 SEK, f\u00f6r att t\u00e4cka eventuell \u00f6vertilldelning i samband med Erbjudandet.<\/p>\n<p>Carnegie har, i egenskap av stabiliseringsansvarig, meddelat att stabiliserings\u00e5tg\u00e4rder har utf\u00f6rts, i enlighet med artikel 5(4) i EU:s marknadsmissbruksf\u00f6rordning 596\/2014, p\u00e5 Nasdaq Stockholm enligt nedan. Kontaktperson p\u00e5 Carnegie \u00e4r Magnus Andersson (tel: 08-5886 8800).<\/p>\n<p>+&#8212;&#8212;&#8212;&#8212;&#8212;&#8212;&#8212;&#8211;+&#8212;&#8212;&#8212;&#8212;&#8212;&#8212;&#8212;&#8212;&#8212;&#8212;&#8212;-+<br \/>\n|Stabiliseringsinformation: |<br \/>\n+&#8212;&#8212;&#8212;&#8212;&#8212;&#8212;&#8212;&#8211;+&#8212;&#8212;&#8212;&#8212;&#8212;&#8212;&#8212;&#8212;&#8212;&#8212;&#8212;-+<br \/>\n|Emittent: |Q-linea AB (publ) |<br \/>\n+&#8212;&#8212;&#8212;&#8212;&#8212;&#8212;&#8212;&#8211;+&#8212;&#8212;&#8212;&#8212;&#8212;&#8212;&#8212;&#8212;&#8212;&#8212;&#8212;-+<br \/>\n|Instrument: |Aktier (SE0011527845) |<br \/>\n+&#8212;&#8212;&#8212;&#8212;&#8212;&#8212;&#8212;&#8211;+&#8212;&#8212;&#8212;&#8212;&#8212;&#8212;&#8212;&#8212;&#8212;&#8212;&#8212;-+<br \/>\n|Erbjudandestorlek: |8 088 235 aktier\u00a0 |<br \/>\n+&#8212;&#8212;&#8212;&#8212;&#8212;&#8212;&#8212;&#8211;+&#8212;&#8212;&#8212;&#8212;&#8212;&#8212;&#8212;&#8212;&#8212;&#8212;&#8212;-+<br \/>\n|\u00d6vertilldelningsoption:|1 213 235 aktier |<br \/>\n+&#8212;&#8212;&#8212;&#8212;&#8212;&#8212;&#8212;&#8211;+&#8212;&#8212;&#8212;&#8212;&#8212;&#8212;&#8212;&#8212;&#8212;&#8212;&#8212;-+<br \/>\n|Erbjudandepris: |68 SEK\u00a0 |<br \/>\n+&#8212;&#8212;&#8212;&#8212;&#8212;&#8212;&#8212;&#8211;+&#8212;&#8212;&#8212;&#8212;&#8212;&#8212;&#8212;&#8212;&#8212;&#8212;&#8212;-+<br \/>\n|Ticker: |QLINEA\u00a0 |<br \/>\n+&#8212;&#8212;&#8212;&#8212;&#8212;&#8212;&#8212;&#8211;+&#8212;&#8212;&#8212;&#8212;&#8212;&#8212;&#8212;&#8212;&#8212;&#8212;&#8212;-+<br \/>\n|Stabiliseringsansvarig:|Carnegie Investment Bank AB (publ)|<br \/>\n+&#8212;&#8212;&#8212;&#8212;&#8212;&#8212;&#8212;&#8211;+&#8212;&#8212;&#8212;&#8212;&#8212;&#8212;&#8212;&#8212;&#8212;&#8212;&#8212;-+<\/p>\n<p>+&#8212;&#8212;&#8212;-+&#8212;&#8212;&#8212;+&#8212;&#8212;&#8211;+&#8212;&#8212;&#8211;+&#8212;&#8212;&#8212;&#8212;+&#8212;&#8212;+&#8212;&#8212;&#8212;&#8212;+<br \/>\n|Stabiliseringstransaktioner: |<br \/>\n+&#8212;&#8212;&#8212;-+&#8212;&#8212;&#8212;+&#8212;&#8212;&#8211;+&#8212;&#8212;&#8211;+&#8212;&#8212;&#8212;&#8212;+&#8212;&#8212;+&#8212;&#8212;&#8212;&#8212;+<br \/>\n|Datum |Kvantitet|Pris |Pris |Pris |Valuta|Handelsplats|<br \/>\n| | |(h\u00f6gsta)|(l\u00e4gsta)|(volymviktat| | |<br \/>\n| | | | |genomsnitt) | | |<br \/>\n+&#8212;&#8212;&#8212;-+&#8212;&#8212;&#8212;+&#8212;&#8212;&#8211;+&#8212;&#8212;&#8211;+&#8212;&#8212;&#8212;&#8212;+&#8212;&#8212;+&#8212;&#8212;&#8212;&#8212;+<br \/>\n|2018-12-07|620 000 |68,00 |66,20 |67,4507 |SEK |Nasdaq |<br \/>\n| | | | | | |Stockholm |<br \/>\n+&#8212;&#8212;&#8212;-+&#8212;&#8212;&#8212;+&#8212;&#8212;&#8211;+&#8212;&#8212;&#8211;+&#8212;&#8212;&#8212;&#8212;+&#8212;&#8212;+&#8212;&#8212;&#8212;&#8212;+<br \/>\n|2018-12-10|157 469 |67,70 |65,92 |66,4585 |SEK |Nasdaq |<br \/>\n| | | | | | |Stockholm |<br \/>\n+&#8212;&#8212;&#8212;-+&#8212;&#8212;&#8212;+&#8212;&#8212;&#8211;+&#8212;&#8212;&#8211;+&#8212;&#8212;&#8212;&#8212;+&#8212;&#8212;+&#8212;&#8212;&#8212;&#8212;+<br \/>\n|2018-12-11|100 050 |66,50 |65,55 |65,9013 |SEK |Nasdaq |<br \/>\n| | | | | | |Stockholm |<br \/>\n+&#8212;&#8212;&#8212;-+&#8212;&#8212;&#8212;+&#8212;&#8212;&#8211;+&#8212;&#8212;&#8211;+&#8212;&#8212;&#8212;&#8212;+&#8212;&#8212;+&#8212;&#8212;&#8212;&#8212;+<br \/>\n|2018-12-12|45 398 |66,00 |62,94 |64,7485 |SEK |Nasdaq |<br \/>\n| | | | | | |Stockholm |<br \/>\n+&#8212;&#8212;&#8212;-+&#8212;&#8212;&#8212;+&#8212;&#8212;&#8211;+&#8212;&#8212;&#8211;+&#8212;&#8212;&#8212;&#8212;+&#8212;&#8212;+&#8212;&#8212;&#8212;&#8212;+<br \/>\n|2018-12-13|9 323 |65,11 |64,50 |64,9323 |SEK |Nasdaq |<br \/>\n| | | | | | |Stockholm |<br \/>\n+&#8212;&#8212;&#8212;-+&#8212;&#8212;&#8212;+&#8212;&#8212;&#8211;+&#8212;&#8212;&#8211;+&#8212;&#8212;&#8212;&#8212;+&#8212;&#8212;+&#8212;&#8212;&#8212;&#8212;+<br \/>\n|2018-12-14|9 035 |67,00 |65,20 |66,4460 |SEK |Nasdaq |<br \/>\n| | | | | | |Stockholm |<br \/>\n+&#8212;&#8212;&#8212;-+&#8212;&#8212;&#8212;+&#8212;&#8212;&#8211;+&#8212;&#8212;&#8211;+&#8212;&#8212;&#8212;&#8212;+&#8212;&#8212;+&#8212;&#8212;&#8212;&#8212;+<br \/>\n|2018-12-17|24 571 |67,55 |65,20 |66,0225 |SEK |Nasdaq |<br \/>\n| | | | | | |Stockholm |<br \/>\n+&#8212;&#8212;&#8212;-+&#8212;&#8212;&#8212;+&#8212;&#8212;&#8211;+&#8212;&#8212;&#8211;+&#8212;&#8212;&#8212;&#8212;+&#8212;&#8212;+&#8212;&#8212;&#8212;&#8212;+<br \/>\n|2018-12-18|9 509 |67,00 |65,50 |66,3926 |SEK |Nasdaq |<br \/>\n| | | | | | |Stockholm |<br \/>\n+&#8212;&#8212;&#8212;-+&#8212;&#8212;&#8212;+&#8212;&#8212;&#8211;+&#8212;&#8212;&#8211;+&#8212;&#8212;&#8212;&#8212;+&#8212;&#8212;+&#8212;&#8212;&#8212;&#8212;+<\/p>\n<p>F\u00f6r mer information, v\u00e4nligen kontakta:<br \/>\nAnders Lundin, CFO och IR<br \/>\nE-post: &#97;&#x6e;&#100;&#x65;r&#x73;&#46;&#108;&#x75;&#110;&#x64;&#105;&#x6e;&#64;&#x71;l&#105;&#x6e;&#101;&#x61;&#46;&#x63;o&#x6d;<br \/>\nTelefon: +46 706 00 15 20<br \/>\nwww.qlinea.com<\/p>\n<p>Denna information \u00e4r s\u00e5dan information som Q-linea \u00e4r skyldigt att offentligg\u00f6ra enligt EU:s marknadsmissbruksf\u00f6rordning 596\/2014. Informationen l\u00e4mnades, genom nedanst\u00e5endes kontaktpersons f\u00f6rsorg, f\u00f6r offentligg\u00f6rande den 18 december, 2018, kl. 19.30 (CET).<\/p>\n<p>Viktig information<br \/>\nDetta pressmeddelande \u00e4r inte och utg\u00f6r inte del av ett erbjudande om att s\u00e4lja eller f\u00f6rv\u00e4rva v\u00e4rdepapper.<\/p>\n<p>Detta pressmeddelande l\u00e4mnas inte, och f\u00e5r inte spridas i eller skickas till, USA, Australien, Kanada, Japan eller n\u00e5gon annan jurisdiktion d\u00e4r s\u00e5dan spridning skulle vara otill\u00e5ten eller kr\u00e4va registrering eller andra \u00e5tg\u00e4rder. De v\u00e4rdepapper som omn\u00e4mns i detta pressmeddelande har inte och kommer inte att registreras i enlighet med den vid var tid g\u00e4llande United States Securities Act fr\u00e5n 1933 (&#8221;Securities Act&#8221;) och de f\u00e5r d\u00e4rf\u00f6r inte erbjudas eller s\u00e4ljas i USA utan att registreras eller omfattas av ett undantag fr\u00e5n registrering enligt Securities Act samt i enlighet med till\u00e4mplig v\u00e4rdepapperslagstiftning i delstater i USA. Bolaget avser inte att registrera n\u00e5got erbjudande i USA eller att l\u00e4mna n\u00e5got offentligt erbjudande av v\u00e4rdepapper i USA.<\/p>\n<p>Det erbjudande av v\u00e4rdepapper som omn\u00e4mns i detta pressmeddelande har l\u00e4mnats genom ett prospekt. Detta pressmeddelande \u00e4r inte ett prospekt enligt direktiv 2003\/71\/EG (tillsammans med till\u00e4mpliga implementerings\u00e5tg\u00e4rder i n\u00e5got medlemsland, &#8221;Prospektdirektivet&#8221;). Investerare b\u00f6r inte investera i de v\u00e4rdepapper som beskrivs i detta pressmeddelande med st\u00f6d av annat \u00e4n informationen i tidigare n\u00e4mnda prospekt.<\/p>\n<div class=\"mfn-footer\"><\/div>\n<pre><\/pre>\n<\/div>\r\n    <\/div>\r\n<\/section>\r\n","protected":false},"excerpt":{"rendered":"","protected":false},"author":68,"featured_media":0,"parent":0,"menu_order":0,"comment_status":"closed","ping_status":"closed","template":"templates\/page-ipo.php","meta":{"_acf_changed":false,"footnotes":""},"class_list":["post-4754","page","type-page","status-publish","hentry"],"acf":[],"_links":{"self":[{"href":"https:\/\/qlinea.com\/sv\/wp-json\/wp\/v2\/pages\/4754","targetHints":{"allow":["GET"]}}],"collection":[{"href":"https:\/\/qlinea.com\/sv\/wp-json\/wp\/v2\/pages"}],"about":[{"href":"https:\/\/qlinea.com\/sv\/wp-json\/wp\/v2\/types\/page"}],"author":[{"embeddable":true,"href":"https:\/\/qlinea.com\/sv\/wp-json\/wp\/v2\/users\/68"}],"replies":[{"embeddable":true,"href":"https:\/\/qlinea.com\/sv\/wp-json\/wp\/v2\/comments?post=4754"}],"version-history":[{"count":0,"href":"https:\/\/qlinea.com\/sv\/wp-json\/wp\/v2\/pages\/4754\/revisions"}],"wp:attachment":[{"href":"https:\/\/qlinea.com\/sv\/wp-json\/wp\/v2\/media?parent=4754"}],"curies":[{"name":"wp","href":"https:\/\/api.w.org\/{rel}","templated":true}]}}