{"id":4804,"date":"2020-01-17T13:53:45","date_gmt":"2020-01-17T12:53:45","guid":{"rendered":"https:\/\/qlinea.com\/?page_id=4804"},"modified":"2020-01-17T13:53:45","modified_gmt":"2020-01-17T12:53:45","slug":"q-linea-avser-att-noteras-pa-nasdaq-stockholm","status":"publish","type":"page","link":"https:\/\/qlinea.com\/sv\/q-linea-avser-att-noteras-pa-nasdaq-stockholm\/","title":{"rendered":"Q-LINEA AVSER ATT NOTERAS P\u00c5 NASDAQ STOCKHOLM"},"content":{"rendered":"<section class=\"header_onlytext headermodule\" style=\"background-color: #fff\" data-text-color=\"''\">\r\n    <div class=\"wrapper\">\r\n        <div class=\"textWrapper\">\r\n                            <h1 class=\"title\">Q-LINEA AVSER ATT NOTERAS P\u00c5 NASDAQ STOCKHOLM<\/h1>\r\n                                <\/div>\r\n    <\/div>\r\n<\/section>\r\n\n\n\r\n<section class=\"content_text contentmodule alignfull\" style=\"background-color: #fff\" data-text-color=\"''\">\r\n    <div class=\"wrapper\">\r\n        <div class=\"textWrapper\"><p><strong>Q-linea AB (publ) (\u201cQ-linea\u201d eller \u201cBolaget\u201d), ett forsknings-, utvecklings- och tillverkningsbolag som prim\u00e4rt utvecklar instrument och f\u00f6rbrukningsartiklar f\u00f6r snabb infektionsdiagnostik, offentligg\u00f6r idag sin avsikt att genomf\u00f6ra ett erbjudande avseende Bolagets aktier<a href=\"https:\/\/www.qlinea.com\/sv\/q-linea-avser-att-noteras-pa-nasdaq-stockholm\/#_ftn1\" name=\"_ftnref1\">[1]<\/a>\u00a0(\u201cErbjudandet\u201d) samt att notera aktierna p\u00e5 Nasdaq Stockholm (\u201cNoteringen\u201d).<\/strong><\/p>\n<ul>\n<li>Nasdaq Stockholm har godk\u00e4nt Q-lineas ans\u00f6kan om upptagande till handel under f\u00f6ruts\u00e4ttning att sedvanliga villkor uppfylls<\/li>\n<li>Ett eventuellt Erbjudande kommer att innefatta en nyemission av aktier i Bolaget till ett v\u00e4rde om h\u00f6gst cirka 632 miljoner kronor (f\u00f6re transaktionskostnader)<\/li>\n<li>Ett eventuellt Erbjudande f\u00f6ranleder att ett prospekt f\u00f6rv\u00e4ntas godk\u00e4nnas och registreras av Finansinspektionen samt offentligg\u00f6ras omkring den 26 november 2018 med f\u00f6rsta dag f\u00f6r handel ber\u00e4knad till omkring den 7 december 2018<\/li>\n<\/ul>\n<p>Bolaget har, i samr\u00e5d med Bolagets huvud\u00e4gare Nexttobe AB, beslutat att genomf\u00f6ra en \u00e4garspridning av aktierna i Bolaget genom en nyemission. Bolagets styrelse har d\u00e4rf\u00f6r ans\u00f6kt om upptagande till handel av Bolagets aktier p\u00e5 Nasdaq Stockholm. Noteringen f\u00f6rv\u00e4ntas fr\u00e4mja Q-lineas utveckling av instrument och f\u00f6rbrukningsartiklar f\u00f6r snabb och innovativ infektionsdiagnostik, s\u00e5v\u00e4l genom en f\u00f6rb\u00e4ttrad tillg\u00e5ng till kapitalmarknaden som genom en diversifierad \u00e4garbas av nya svenska och internationella aktie\u00e4gare. Nasdaq Stockholm har godk\u00e4nt Q-lineas ans\u00f6kan om upptagande till handel under f\u00f6ruts\u00e4ttning att sedvanliga villkor uppfylls. Fyra cornerstone-investerare har \u00e5tagit sig, f\u00f6rutsatt att vissa villkor uppfylls och vid en v\u00e4rdering f\u00f6re genomf\u00f6randet av ett eventuellt Erbjudande av Bolagets aktier upp till 1 037 MSEK, att f\u00f6rv\u00e4rva aktier motsvarande totalt 10,8 % av de utest\u00e5ende aktierna i Bolaget efter genomf\u00f6randet av ett Erbjudande och 28,4 % av ett Erbjudande.<\/p>\n<h2>Jonas Jarvius, VD f\u00f6r Q-linea, kommenterar:<\/h2>\n<blockquote><p>\u201cQ-linea befinner sig i en mycket sp\u00e4nnande fas, med v\u00e5r huvudprodukt ASTar som n\u00e4rmar sig kliniska studier och marknaden. Den planerade b\u00f6rsintroduktionen m\u00f6jligg\u00f6r att vi p\u00e5 ett effektivt s\u00e4tt kan avsluta produktutvecklingsfasen och p\u00e5b\u00f6rja kliniska studier p\u00e5 relevanta marknader. Vi ser fram emot att bli ett noterat bolag och med ASTar kunna hj\u00e4lpa sv\u00e5rt sjuka patienter med infektioner att \u00e5terg\u00e5 till ett normalt liv.\u201d<\/p><\/blockquote>\n<h2>Erika Kjellberg Eriksson, VD f\u00f6r Nexttobe AB och styrelseordf\u00f6rande i Q-linea, kommenterar:<\/h2>\n<blockquote><p>\u201cVi investerade i Q-linea 2012 och har genom v\u00e5rt n\u00e4ra samarbete f\u00f6ljt utvecklingen fr\u00e5n id\u00e9 till n\u00e4stan f\u00e4rdig produkt. D\u00e5 vi delar Bolagets uppfattning att den f\u00f6rsta produkten, ASTar, kan komma att r\u00e4dda liv f\u00f6r patienter med sv\u00e5r sepsis (blodf\u00f6rgiftning), ser vi den planerade b\u00f6rsintroduktionen som ett viktigt steg i att st\u00e4rka upp bolaget f\u00f6r att n\u00e5 den planerade kommersialiseringen.\u201d<\/p><\/blockquote>\n<h2>Det planerade Erbjudandet i korthet<\/h2>\n<p>Det planerade Erbjudandet kommer att innefatta en nyemission av aktier i Bolaget till ett v\u00e4rde om h\u00f6gst cirka 632 miljoner kronor (f\u00f6re transaktionskostnader). Bolaget avser anv\u00e4nda nettolikviden fr\u00e5n nyemissionen till att st\u00e4rka Bolagets finansiella st\u00e4llning och, under f\u00f6ruts\u00e4ttning att Erbjudandet fulltecknas, ber\u00e4knas nettolikviden vara tillr\u00e4cklig f\u00f6r att f\u00e4rdigst\u00e4lla Bolagets f\u00f6rsta produkt ASTar, erh\u00e5lla regulatoriskt godk\u00e4nnande f\u00f6r ASTar i EU och USA, samt d\u00e4rtill kommande lansering av produkten p\u00e5 utvalda geografiska marknader.<\/p>\n<p>Nexttobe AB kommer \u00e4ven efter genomf\u00f6randet av Erbjudandet fortsatt att ha ett v\u00e4sentligt aktieinnehav i Bolaget och avser att vara kvar som aktie\u00e4gare.<\/p>\n<p>Fyra cornerstone-investerare har \u00e5tagit sig, f\u00f6rutsatt vissa villkor, att f\u00f6rv\u00e4rva aktier i Erbjudandet totalt motsvarande 10,8 % av de utest\u00e5ende aktierna i Bolaget efter genomf\u00f6randet av Erbjudandet och 28,4 % av Erbjudandet. De fyra cornerstone-investerarna \u00e4r Catella Fondf\u00f6rvaltning AB (3,6 % av totalt antal aktier i Bolaget), Fj\u00e4rde AP-fonden (3,0 %), Investment \u00d6resund AB (2,4 %) och L\u00e4nsf\u00f6rs\u00e4kringar Fondf\u00f6rvaltning (1,8 %).<\/p>\n<p>Fullst\u00e4ndiga villkor f\u00f6r det planerade Erbjudandet kommer att ing\u00e5 i ett prospekt h\u00e4nf\u00f6rligt till Erbjudandet, som f\u00f6rv\u00e4ntas godk\u00e4nnas av Finansinspektionen och publiceras omkring den 26 november 2018. F\u00f6rsta dag f\u00f6r handel ber\u00e4knas till omkring den 7 december 2018.<\/p>\n<h2>Finansiell information<\/h2>\n<p>Q-lineas del\u00e5rsrapport f\u00f6r perioden 1 januari \u2013 30 september 2018 finns tillg\u00e4nglig p\u00e5 Bolagets hemsida\u00a0<a href=\"https:\/\/qlinea.com\/\">https:\/\/qlinea.com<\/a>.<\/p>\n<h2>Om Q-linea<\/h2>\n<p>Q-linea AB \u00e4r ett diagnostikf\u00f6retag inriktat p\u00e5 att utveckla och leverera l\u00f6sningar f\u00f6r att v\u00e5rdgivare ska kunna diagnostisera och behandla infektionssjukdom p\u00e5 kortast m\u00f6jliga tid. V\u00e5r huvudprodukt ASTar\u00ae \u00e4r ett system f\u00f6r att snabbt och automatiskt best\u00e4mma vilket antibiotikum som \u00e4r verksamt f\u00f6r behandling av infektionssjukdomar. Bolaget grundades 2008 runt teknik som utvecklats av forskare fr\u00e5n Rudbecklaboratoriet vid Uppsala universitet, tillsammans med bland annat Olink Bioscience AB och Uppsala universitets holdingbolag UUAB.<\/p>\n<h2>Om Nexttobe AB<\/h2>\n<p>Nexttobe AB \u00e4r ett investmentbolag som fokuserar p\u00e5 investeringar inom h\u00e4lsov\u00e5rd, medicinteknik och specialistl\u00e4kemedel men investerar \u00e4ven i teknik- och konsumentbolag. Nexttobe AB startade sin investeringsverksamhet 2011 och har sedan dess investerat i mer \u00e4n 30 bolag.<\/p>\n<h2>Om Catella Fondf\u00f6rvaltning AB<\/h2>\n<p>Catella Fonder startade 1997 och \u00e4r en aktiv f\u00f6rvaltare med fokus p\u00e5 de nordiska marknaderna. Catella f\u00f6rvaltar aktiefonder, alterna\u00adtiva fonder, blandfonder och r\u00e4ntefonder. Catella Fonders f\u00f6rvaltade kapital \u00e4r i dagsl\u00e4get cirka 45 miljarder SEK.<\/p>\n<h2>Om Fj\u00e4rde AP-fonden<\/h2>\n<p>Fj\u00e4rde AP-fonden \u00e4r en av fem buffertfonder i det allm\u00e4nna inkomstpensionssystemet. Fj\u00e4rde AP-fondens uppdrag \u00e4r att bidra till ekonomisk trygghet f\u00f6r dagens och morgondagens pension\u00e4rer genom att f\u00f6rvalta en del av det allm\u00e4nna pensionssystemets buffertkapital. Fj\u00e4rde AP-fondens l\u00e5ngsiktiga perspektiv, ansvarstagande som \u00e4gare och stora engagemang f\u00f6r h\u00e5llbarhet skapar m\u00f6jligheter f\u00f6r h\u00f6g avkastning till l\u00e5g kostnad.<\/p>\n<p>P\u00e5 s\u00e5 s\u00e4tt verkar Fj\u00e4rde AP-fonden f\u00f6r tryggare pensioner. Vid utg\u00e5ngen av 2017 uppgick Fj\u00e4rde AP-fondens portf\u00f6ljv\u00e4rde till 357 miljarder kronor, varav aktier om 200 miljarder kronor.<\/p>\n<h2>Om Investment AB \u00d6resund<\/h2>\n<p>Investment AB \u00d6resund \u00e4r ett b\u00f6rsnoterat investmentf\u00f6retag som bedriver f\u00f6rvaltningsverksamhet. \u00d6resunds \u00f6vergripande m\u00e5ls\u00e4ttning \u00e4r att som investmentf\u00f6retag bedriva en verksamhet som ger \u00d6resunds aktie\u00e4gare en god l\u00e5ngsiktig avkastning. Investeringsportf\u00f6ljen best\u00e5r av cirka 25 bolag. \u00d6resund har ett substansv\u00e4rde om 6,1 miljarder kronor och en nettokassa om 144 miljoner kronor (tredje kvartalet 2018). \u00d6resunds huvud\u00e4gare \u00e4r familjen Qviberg. F\u00f6r mer information, se\u00a0<a href=\"http:\/\/www.oresund.se\/\">http:\/\/www.oresund.se<\/a>.<strong>\u00a0<\/strong><\/p>\n<h2>Om L\u00e4nsf\u00f6rs\u00e4kringar Fondf\u00f6rvaltning<\/h2>\n<p>L\u00e4nsf\u00f6rs\u00e4kringar Fondf\u00f6rvaltning \u00e4r ett dotterbolag till L\u00e4nsf\u00f6rs\u00e4kringar Bank som \u00e4gs av 23 l\u00e4nsf\u00f6rs\u00e4kringsbolag. Fondvolymen uppgick per den 31 december 2017 till 159 miljarder kronor varav 139 miljarder kronor i f\u00f6rvaltad volym under eget varum\u00e4rke.<\/p>\n<h2>R\u00e5dgivare<\/h2>\n<p>Carnegie Investment Bank AB (publ) \u00e4r Sole Global Coordinator och Bookrunner. Advokatfirman Lindahl KB \u00e4r legala r\u00e5dgivare till Bolaget och Nexttobe AB. Baker &amp; McKenzie Advokatbyr\u00e5 KB \u00e4r legal r\u00e5dgivare till Carnegie.<\/p>\n<h2>F\u00f6r mer information, v\u00e4nligen kontakta:<\/h2>\n<p>Anders Lundin, CFO och IR<br \/>\nTelefon: +46 706 00 15 20<br \/>\nE-mail:\u00a0<a>&#x61;n&#x64;e&#x72;&#115;&#x2e;&#108;u&#x6e;d&#x69;&#110;&#x40;&#113;&#x6c;&#105;n&#x65;a&#x2e;&#99;&#x6f;&#109;<\/a><\/p>\n<p>Denna information \u00e4r s\u00e5dan information som Q-linea AB (publ) offentligg\u00f6r enligt EU:s marknadsmissbruksf\u00f6rordning. Informationen l\u00e4mnades, genom ovanst\u00e5ende kontaktpersons f\u00f6rsorg, f\u00f6r offentligg\u00f6rande den 11 november 2018 kl. 18.00 CET.<\/p>\n<h2>Viktig information<\/h2>\n<p>Detta meddelande utg\u00f6r inte ett erbjudande att s\u00e4lja eller f\u00f6rv\u00e4rva v\u00e4rdepapper som emitterats av Q-linea AB (publ) (\u201dBolaget\u201d) i n\u00e5gon jurisdiktion d\u00e4r ett s\u00e5dant erbjudande skulle vara olagligt.<\/p>\n<p>I en EES-medlemsstat, annan \u00e4n Sverige, som har implementerat direktiv 2003\/71\/EU (tillsammans med eventuella implementerings\u00e5tg\u00e4rder i medlemsstaten, \u201dProspektdirektivet\u201d), riktar sig detta meddelande endast till \u201dkvalificerade investerare\u201d i den medlemsstaten enligt Prospektdirektivets definition.<\/p>\n<p>Ett erbjudande av v\u00e4rdepapper enligt detta meddelande kommer att l\u00e4mnas genom ett prospekt. Detta meddelande \u00e4r inte prospekt enligt Prospektdirektivet. Investerare b\u00f6r inte investera i n\u00e5gra v\u00e4rdepapper som beskrivs i detta meddelande med st\u00f6d av annat \u00e4n informationen i tidigare n\u00e4mnda prospekt.<\/p>\n<p>Detta dokument och den information som dokumentet inneh\u00e5ller f\u00e5r inte distribueras i eller till USA. Detta dokument utg\u00f6r inte ett erbjudande att f\u00f6rv\u00e4rva v\u00e4rdepapper i USA. V\u00e4rdepapper som h\u00e4r omn\u00e4mns har inte, och kommer inte att, registreras i enlighet med den vid var tid g\u00e4llande amerikanska Securities Act fr\u00e5n 1933 (\u201dSecurities Act\u201d), och f\u00e5r inte erbjudas eller s\u00e4ljas i USA utan att de registreras, omfattas av ett undantag fr\u00e5n, eller avser en transaktion som inte omfattas av registrering i enlighet med Securities Act. Det finns ingen avsikt att registrera n\u00e5gra v\u00e4rdepapper som h\u00e4r omn\u00e4mns i USA eller att g\u00f6ra ett offentligt erbjudande av s\u00e5dan v\u00e4rdepapper i USA.<\/p>\n<p>I Storbritannien distribueras och riktas detta dokument, och annat material avseende v\u00e4rdepapperen som h\u00e4r omn\u00e4mns, endast till, och en investering eller investeringsaktivitet som \u00e4r h\u00e4nf\u00f6rlig till detta dokument \u00e4r endast tillg\u00e4nglig f\u00f6r och kommer endast att kunna utnyttjas av, \u201dkvalificerade investerare\u201d (enligt definitionen i paragraf 86(7) i den brittiska Financial Services and Markets Act 2000) som \u00e4r (i) personer som har professionell erfarenhet av aff\u00e4rer som r\u00f6r investeringar och som faller inom definitionen av \u201dprofessionella investerare\u201d i artikel 19(5) i den brittiska Financial Services and Markets Act 2000 (Financial Promotion) Order 2005 (\u201dF\u00f6reskriften\u201d); eller (ii) enheter med h\u00f6g nettof\u00f6rm\u00f6genhet som avses i artikel 49(2)(a)-(d) i F\u00f6reskriften (alla s\u00e5dana personer ben\u00e4mns gemensamt \u201drelevanta personer\u201d). Personer som inte \u00e4r relevanta personer ska inte vidta n\u00e5gra \u00e5tg\u00e4rder baserat p\u00e5 detta dokument och inte heller agera eller f\u00f6rlita sig p\u00e5 det.<\/p>\n<h2>Fram\u00e5triktade uttalanden<\/h2>\n<p>Detta meddelande kan inneh\u00e5lla vissa fram\u00e5triktade uttalanden. S\u00e5dana uttalanden \u00e4r uttalanden som inte avser historiska fakta och de inneh\u00e5ller uttryck som \u201danser\u201d, \u201dv\u00e4ntar\u201d, \u201df\u00f6rv\u00e4ntar\u201d, \u201davser\u201d, \u201dplanerar\u201d, \u201duppskattar\u201d, \u201dkommer\u201d, \u201dkan\u201d, \u201dforts\u00e4tter\u201d, \u201dska\u201d, \u201db\u00f6r\u201d, \u201df\u00e5r\u201d, eller liknande. De fram\u00e5triktade uttalandena i detta meddelande \u00e4r baserade p\u00e5 olika uppskattningar och antaganden, vilka i flera fall baseras p\u00e5 ytterligare antaganden. \u00c4ven om Bolaget anser att antagandena i dessa fram\u00e5triktade uttalanden var rimliga n\u00e4r de gjordes kan det inte garanteras att de kommer att infrias eller visa sig vara korrekta. Eftersom dessa uttalanden \u00e4r baserade p\u00e5 uppskattningar eller \u00e4r f\u00f6rem\u00e5l f\u00f6r risker och os\u00e4kerheter kan de faktiska resultat eller utfall, som ett resultat av olika faktorer, komma att v\u00e4sentligen avvika fr\u00e5n vad som uttryckligen eller indirekt framg\u00e5r av s\u00e5dan information. S\u00e5dana risker, os\u00e4kerheter och andra v\u00e4sentliga faktorer kan medf\u00f6ra att de faktiska resultaten kan komma att avvika v\u00e4sentligt fr\u00e5n de resultat som uttryckligen eller underf\u00f6rst\u00e5tt anges i detta meddelande genom de fram\u00e5triktade uttalandena. Bolaget l\u00e4mnar inte n\u00e5gra garantier s\u00e5vitt avser de antaganden som ligger till grund f\u00f6r de fram\u00e5triktade uttalandena i detta meddelande. Vidare tar Bolaget inte n\u00e5got ansvar f\u00f6r den framtida riktigheten i den fram\u00e5triktade informationen h\u00e4ri eller f\u00f6r att uppdatera eller revidera uttalanden i detta meddelande f\u00f6r att anpassa informationen efter faktiska h\u00e4ndelser eller utvecklingar. Otillb\u00f6rlig tilltro b\u00f6r inte f\u00e4stas vid de fram\u00e5triktade uttalandena i detta meddelande.<\/p>\n<p>Informationen, uppskattningarna och de fram\u00e5triktade uttalandena i detta meddelande g\u00e4ller enbart per dagen f\u00f6r detta meddelande och kan f\u00f6r\u00e4ndras utan att det meddelas. Bolaget \u00e5tar sig inte n\u00e5gon skyldighet att granska, uppdatera, bekr\u00e4fta, eller offentligg\u00f6ra n\u00e5gra justeringar avseende n\u00e5gra fram\u00e5triktade uttalanden f\u00f6r att \u00e5terspegla h\u00e4ndelser som intr\u00e4ffar eller omst\u00e4ndigheter som uppst\u00e5r avseende inneh\u00e5llet i detta meddelande.<\/p>\n<p><a href=\"https:\/\/www.qlinea.com\/sv\/q-linea-avser-att-noteras-pa-nasdaq-stockholm\/#_ftnref1\" name=\"_ftn1\">[1]<\/a>\u00a0\u201caktier\u201d refererar till stamaktier i Bolaget.<\/p>\n<\/div>\r\n    <\/div>\r\n<\/section>\r\n","protected":false},"excerpt":{"rendered":"","protected":false},"author":68,"featured_media":0,"parent":0,"menu_order":0,"comment_status":"closed","ping_status":"closed","template":"templates\/page-ipo.php","meta":{"_acf_changed":false,"footnotes":""},"class_list":["post-4804","page","type-page","status-publish","hentry"],"acf":[],"_links":{"self":[{"href":"https:\/\/qlinea.com\/sv\/wp-json\/wp\/v2\/pages\/4804","targetHints":{"allow":["GET"]}}],"collection":[{"href":"https:\/\/qlinea.com\/sv\/wp-json\/wp\/v2\/pages"}],"about":[{"href":"https:\/\/qlinea.com\/sv\/wp-json\/wp\/v2\/types\/page"}],"author":[{"embeddable":true,"href":"https:\/\/qlinea.com\/sv\/wp-json\/wp\/v2\/users\/68"}],"replies":[{"embeddable":true,"href":"https:\/\/qlinea.com\/sv\/wp-json\/wp\/v2\/comments?post=4804"}],"version-history":[{"count":0,"href":"https:\/\/qlinea.com\/sv\/wp-json\/wp\/v2\/pages\/4804\/revisions"}],"wp:attachment":[{"href":"https:\/\/qlinea.com\/sv\/wp-json\/wp\/v2\/media?parent=4804"}],"curies":[{"name":"wp","href":"https:\/\/api.w.org\/{rel}","templated":true}]}}