{"id":7405,"date":"2020-04-24T09:52:50","date_gmt":"2020-04-24T07:52:50","guid":{"rendered":"https:\/\/qlinea.com\/?page_id=7405"},"modified":"2020-04-24T10:08:57","modified_gmt":"2020-04-24T08:08:57","slug":"arsstamma-2020","status":"publish","type":"page","link":"https:\/\/qlinea.com\/sv\/arsstamma-2020\/","title":{"rendered":"\u00c5rsst\u00e4mma 2020"},"content":{"rendered":"<section class=\"header_onlytext headermodule\" style=\"background-color: #fff\" data-text-color=\"''\">\r\n    <div class=\"wrapper\">\r\n        <div class=\"textWrapper\">\r\n                            <h1 class=\"title\">\u00c5rsst\u00e4mma 2020<\/h1>\r\n                                <\/div>\r\n    <\/div>\r\n<\/section>\r\n\n\n\r\n<section class=\"content_table contentmodule alignfull\">\r\n    <div class=\"wrapper\">\r\n        \n<table id=\"tablepress-20\" class=\"tablepress tablepress-id-20\">\n<thead>\n<tr class=\"row-1\">\n\t<th colspan=\"2\" class=\"column-1\">Documents<\/th>\n<\/tr>\n<\/thead>\n<tbody>\n<tr class=\"row-2\">\n\t<td class=\"column-1\"><a href=\"https:\/\/qlinea.com\/0986741_wp-uploads\/2020\/06\/Protokoll-\u00e5rsst\u00e4mma-utan-r\u00f6stl\u00e4ngd-Q-linea-AB-signerad-2020-05-26-1.pdf\"><img decoding=\"async\" src=\"https:\/\/qlinea.com\/0986741_wp-uploads\/2019\/12\/Pdf-icon-134x150.png\" alt=\"ASTar brochure\" width=\"44\" height=\"50\" class=\"alignnone size-thumbnail wp-image-1046\" srcset=\"https:\/\/qlinea.com\/0986741_wp-uploads\/2019\/12\/Pdf-icon.png 134w, https:\/\/qlinea.com\/0986741_wp-uploads\/2019\/12\/Pdf-icon-120x137.png 120w\" sizes=\"(max-width: 44px) 100vw, 44px\" \/><\/a><\/td><td class=\"column-2\">Protokoll fr\u00e5n \u00e5rsst\u00e4mma i Q-linea AB (publ) den 26 maj 2020 Swedish May 26, 2020<\/td>\n<\/tr>\n<tr class=\"row-3\">\n\t<td class=\"column-1\"><a href=\"https:\/\/qlinea.com\/0986741_wp-uploads\/2020\/04\/Kallelse-till-\u00e5rsst\u00e4mma-i-Q-linea-AB-publ-SVE-2020-04-27.pdf\"><img decoding=\"async\" src=\"https:\/\/qlinea.com\/0986741_wp-uploads\/2019\/12\/Pdf-icon-134x150.png\" alt=\"ASTar brochure\" width=\"44\" height=\"50\" class=\"alignnone size-thumbnail wp-image-1046\" srcset=\"https:\/\/qlinea.com\/0986741_wp-uploads\/2019\/12\/Pdf-icon.png 134w, https:\/\/qlinea.com\/0986741_wp-uploads\/2019\/12\/Pdf-icon-120x137.png 120w\" sizes=\"(max-width: 44px) 100vw, 44px\" \/><\/a><\/td><td class=\"column-2\">Kallelse till \u00e5rsst\u00e4mma i Q-linea AB (publ) SVE, 2020-04-27<\/td>\n<\/tr>\n<tr class=\"row-4\">\n\t<td class=\"column-1\"><a href=\"https:\/\/qlinea.com\/0986741_wp-uploads\/2020\/04\/Pressmeddelande-svenska-med-kallelse-till-\u00e5rsst\u00e4mma-i-Q-linea-AB-publ-2020-04-27.pdf\"><img decoding=\"async\" src=\"https:\/\/qlinea.com\/0986741_wp-uploads\/2019\/12\/Pdf-icon-134x150.png\" alt=\"ASTar brochure\" width=\"44\" height=\"50\" class=\"alignnone size-thumbnail wp-image-1046\" srcset=\"https:\/\/qlinea.com\/0986741_wp-uploads\/2019\/12\/Pdf-icon.png 134w, https:\/\/qlinea.com\/0986741_wp-uploads\/2019\/12\/Pdf-icon-120x137.png 120w\" sizes=\"(max-width: 44px) 100vw, 44px\" \/><\/a><\/td><td class=\"column-2\">Pressmeddelande (svenska) med kallelse till \u00e5rsst\u00e4mma i Q-linea AB (publ), 2020-04-27<\/td>\n<\/tr>\n<tr class=\"row-5\">\n\t<td class=\"column-1\"><a href=\"https:\/\/qlinea.com\/0986741_wp-uploads\/2020\/04\/Blankt-fullmaktsformul\u00e4r-Q-linea-AB-publ.pdf\"><img decoding=\"async\" src=\"https:\/\/qlinea.com\/0986741_wp-uploads\/2019\/12\/Pdf-icon-134x150.png\" alt=\"ASTar brochure\" width=\"44\" height=\"50\" class=\"alignnone size-thumbnail wp-image-1046\" srcset=\"https:\/\/qlinea.com\/0986741_wp-uploads\/2019\/12\/Pdf-icon.png 134w, https:\/\/qlinea.com\/0986741_wp-uploads\/2019\/12\/Pdf-icon-120x137.png 120w\" sizes=\"(max-width: 44px) 100vw, 44px\" \/><\/a><\/td><td class=\"column-2\">Blankt fullmaktsformul\u00e4r, Q-linea AB (publ)<\/td>\n<\/tr>\n<tr class=\"row-6\">\n\t<td class=\"column-1\"><a href=\"https:\/\/qlinea.com\/0986741_wp-uploads\/2020\/04\/F\u00f6rtryckt-fullmaktsformul\u00e4r-Q-linea-AB-publ.pdf\"><img decoding=\"async\" src=\"https:\/\/qlinea.com\/0986741_wp-uploads\/2019\/12\/Pdf-icon-134x150.png\" alt=\"ASTar brochure\" width=\"44\" height=\"50\" class=\"alignnone size-thumbnail wp-image-1046\" srcset=\"https:\/\/qlinea.com\/0986741_wp-uploads\/2019\/12\/Pdf-icon.png 134w, https:\/\/qlinea.com\/0986741_wp-uploads\/2019\/12\/Pdf-icon-120x137.png 120w\" sizes=\"(max-width: 44px) 100vw, 44px\" \/><\/a><\/td><td class=\"column-2\">F\u00f6rtryckt fullmaktsformul\u00e4r, Q-linea AB (publ)<\/td>\n<\/tr>\n<tr class=\"row-7\">\n\t<td class=\"column-1\"><a href=\"https:\/\/qlinea.com\/0986741_wp-uploads\/2020\/04\/F\u00f6reslagen-bolagsordning-Q-linea.pdf\"><img decoding=\"async\" src=\"https:\/\/qlinea.com\/0986741_wp-uploads\/2019\/12\/Pdf-icon-134x150.png\" alt=\"ASTar brochure\" width=\"44\" height=\"50\" class=\"alignnone size-thumbnail wp-image-1046\" srcset=\"https:\/\/qlinea.com\/0986741_wp-uploads\/2019\/12\/Pdf-icon.png 134w, https:\/\/qlinea.com\/0986741_wp-uploads\/2019\/12\/Pdf-icon-120x137.png 120w\" sizes=\"(max-width: 44px) 100vw, 44px\" \/><\/a><\/td><td class=\"column-2\">F\u00f6reslagen bolagsordning, Q-linea<\/td>\n<\/tr>\n<tr class=\"row-8\">\n\t<td class=\"column-1\"><a href=\"https:\/\/qlinea.com\/0986741_wp-uploads\/2020\/04\/Valberedningens-f\u00f6rslag-till-beslut-inf\u00f6r-\u00e5rsst\u00e4mma-2020-Q-linea-AB-publ.pdf\"><img decoding=\"async\" src=\"https:\/\/qlinea.com\/0986741_wp-uploads\/2019\/12\/Pdf-icon-134x150.png\" alt=\"ASTar brochure\" width=\"44\" height=\"50\" class=\"alignnone size-thumbnail wp-image-1046\" srcset=\"https:\/\/qlinea.com\/0986741_wp-uploads\/2019\/12\/Pdf-icon.png 134w, https:\/\/qlinea.com\/0986741_wp-uploads\/2019\/12\/Pdf-icon-120x137.png 120w\" sizes=\"(max-width: 44px) 100vw, 44px\" \/><\/a><\/td><td class=\"column-2\">Valberedningens f\u00f6rslag till beslut inf\u00f6r \u00e5rsst\u00e4mma 2020, Q-linea AB (publ)<\/td>\n<\/tr>\n<tr class=\"row-9\">\n\t<td class=\"column-1\"><a href=\"https:\/\/qlinea.com\/0986741_wp-uploads\/2020\/04\/Valberedningens-motiverade-yttrande-samt-redog\u00f6relse-Q-linea-AB-publ.pdf\"><img decoding=\"async\" src=\"https:\/\/qlinea.com\/0986741_wp-uploads\/2019\/12\/Pdf-icon-134x150.png\" alt=\"ASTar brochure\" width=\"44\" height=\"50\" class=\"alignnone size-thumbnail wp-image-1046\" srcset=\"https:\/\/qlinea.com\/0986741_wp-uploads\/2019\/12\/Pdf-icon.png 134w, https:\/\/qlinea.com\/0986741_wp-uploads\/2019\/12\/Pdf-icon-120x137.png 120w\" sizes=\"(max-width: 44px) 100vw, 44px\" \/><\/a><\/td><td class=\"column-2\">Valberedningens motiverade yttrande samt redog\u00f6relse, Q-linea AB (publ)<\/td>\n<\/tr>\n<tr class=\"row-10\">\n\t<td class=\"column-1\"><a href=\"https:\/\/qlinea.com\/0986741_wp-uploads\/2020\/04\/1235370.pdf\"><img decoding=\"async\" src=\"https:\/\/qlinea.com\/0986741_wp-uploads\/2019\/12\/Pdf-icon-134x150.png\" alt=\"ASTar brochure\" width=\"44\" height=\"50\" class=\"alignnone size-thumbnail wp-image-1046\" srcset=\"https:\/\/qlinea.com\/0986741_wp-uploads\/2019\/12\/Pdf-icon.png 134w, https:\/\/qlinea.com\/0986741_wp-uploads\/2019\/12\/Pdf-icon-120x137.png 120w\" sizes=\"(max-width: 44px) 100vw, 44px\" \/><\/a><\/td><td class=\"column-2\">Pressmeddelande &#8211; Valberedningens f\u00f6rslag till val av styrelseledam\u00f6ter i Q-linea AB (publ)<\/td>\n<\/tr>\n<tr class=\"row-11\">\n\t<td class=\"column-1\"><a href=\"https:\/\/qlinea.com\/0986741_wp-uploads\/2020\/04\/Styrelsens-redovisning-av-ers\u00e4ttningsutskottets-utv\u00e4rdering-av-ers\u00e4ttning-till-ledande-befattning.pdf\"><img decoding=\"async\" src=\"https:\/\/qlinea.com\/0986741_wp-uploads\/2019\/12\/Pdf-icon-134x150.png\" alt=\"ASTar brochure\" width=\"44\" height=\"50\" class=\"alignnone size-thumbnail wp-image-1046\" srcset=\"https:\/\/qlinea.com\/0986741_wp-uploads\/2019\/12\/Pdf-icon.png 134w, https:\/\/qlinea.com\/0986741_wp-uploads\/2019\/12\/Pdf-icon-120x137.png 120w\" sizes=\"(max-width: 44px) 100vw, 44px\" \/><\/a><\/td><td class=\"column-2\">Styrelsens redovisning av ers\u00e4ttningsutskottets utv\u00e4rdering av ers\u00e4ttning till ledande befattning<\/td>\n<\/tr>\n<tr class=\"row-12\">\n\t<td class=\"column-1\"><a href=\"https:\/\/qlinea.com\/0986741_wp-uploads\/2020\/04\/Qlinea_a\u030arsredovisning_2019_SV.pdf\"><img decoding=\"async\" src=\"https:\/\/qlinea.com\/0986741_wp-uploads\/2019\/12\/Pdf-icon-134x150.png\" alt=\"ASTar brochure\" width=\"44\" height=\"50\" class=\"alignnone size-thumbnail wp-image-1046\" srcset=\"https:\/\/qlinea.com\/0986741_wp-uploads\/2019\/12\/Pdf-icon.png 134w, https:\/\/qlinea.com\/0986741_wp-uploads\/2019\/12\/Pdf-icon-120x137.png 120w\" sizes=\"(max-width: 44px) 100vw, 44px\" \/><\/a><\/td><td class=\"column-2\">\u00c5rsredovisning 2019_SV<\/td>\n<\/tr>\n<tr class=\"row-13\">\n\t<td class=\"column-1\"><a href=\"https:\/\/qlinea.com\/0986741_wp-uploads\/2020\/04\/Revisors-yttrande-ers\u00e4ttning-ledande-befattningshavare.pdf\"><img decoding=\"async\" src=\"https:\/\/qlinea.com\/0986741_wp-uploads\/2019\/12\/Pdf-icon-134x150.png\" alt=\"ASTar brochure\" width=\"44\" height=\"50\" class=\"alignnone size-thumbnail wp-image-1046\" srcset=\"https:\/\/qlinea.com\/0986741_wp-uploads\/2019\/12\/Pdf-icon.png 134w, https:\/\/qlinea.com\/0986741_wp-uploads\/2019\/12\/Pdf-icon-120x137.png 120w\" sizes=\"(max-width: 44px) 100vw, 44px\" \/><\/a><\/td><td class=\"column-2\">Revisors yttrande ers\u00e4ttning ledande befattningshavare<\/td>\n<\/tr>\n<tr class=\"row-14\">\n\t<td class=\"column-1\"><a href=\"https:\/\/qlinea.com\/0986741_wp-uploads\/2020\/05\/Bilaga-optionsvillkor-Q-linea-AB.pdf\"><img decoding=\"async\" src=\"https:\/\/qlinea.com\/0986741_wp-uploads\/2019\/12\/Pdf-icon-134x150.png\" alt=\"ASTar brochure\" width=\"44\" height=\"50\" class=\"alignnone size-thumbnail wp-image-1046\" srcset=\"https:\/\/qlinea.com\/0986741_wp-uploads\/2019\/12\/Pdf-icon.png 134w, https:\/\/qlinea.com\/0986741_wp-uploads\/2019\/12\/Pdf-icon-120x137.png 120w\" sizes=\"(max-width: 44px) 100vw, 44px\" \/><\/a><\/td><td class=\"column-2\">Bilaga optionsvillkor, Q-linea AB<\/td>\n<\/tr>\n<tr class=\"row-15\">\n\t<td class=\"column-1\"><a href=\"https:\/\/qlinea.com\/0986741_wp-uploads\/2020\/05\/Personaloptionsavtal-Q-linea-AB.pdf\"><img decoding=\"async\" src=\"https:\/\/qlinea.com\/0986741_wp-uploads\/2019\/12\/Pdf-icon-134x150.png\" alt=\"ASTar brochure\" width=\"44\" height=\"50\" class=\"alignnone size-thumbnail wp-image-1046\" srcset=\"https:\/\/qlinea.com\/0986741_wp-uploads\/2019\/12\/Pdf-icon.png 134w, https:\/\/qlinea.com\/0986741_wp-uploads\/2019\/12\/Pdf-icon-120x137.png 120w\" sizes=\"(max-width: 44px) 100vw, 44px\" \/><\/a><\/td><td class=\"column-2\">Personaloptionsavtal, Q-linea AB<\/td>\n<\/tr>\n<\/tbody>\n<\/table>\n<!-- #tablepress-20 from cache -->    <\/div>\r\n<\/section>\r\n\n\n\n<p><\/p>\n","protected":false},"excerpt":{"rendered":"","protected":false},"author":68,"featured_media":0,"parent":0,"menu_order":0,"comment_status":"closed","ping_status":"closed","template":"","meta":{"_acf_changed":false,"footnotes":""},"class_list":["post-7405","page","type-page","status-publish","hentry"],"acf":[],"_links":{"self":[{"href":"https:\/\/qlinea.com\/sv\/wp-json\/wp\/v2\/pages\/7405","targetHints":{"allow":["GET"]}}],"collection":[{"href":"https:\/\/qlinea.com\/sv\/wp-json\/wp\/v2\/pages"}],"about":[{"href":"https:\/\/qlinea.com\/sv\/wp-json\/wp\/v2\/types\/page"}],"author":[{"embeddable":true,"href":"https:\/\/qlinea.com\/sv\/wp-json\/wp\/v2\/users\/68"}],"replies":[{"embeddable":true,"href":"https:\/\/qlinea.com\/sv\/wp-json\/wp\/v2\/comments?post=7405"}],"version-history":[{"count":0,"href":"https:\/\/qlinea.com\/sv\/wp-json\/wp\/v2\/pages\/7405\/revisions"}],"wp:attachment":[{"href":"https:\/\/qlinea.com\/sv\/wp-json\/wp\/v2\/media?parent=7405"}],"curies":[{"name":"wp","href":"https:\/\/api.w.org\/{rel}","templated":true}]}}