{"id":8209,"date":"2020-06-04T16:06:03","date_gmt":"2020-06-04T14:06:03","guid":{"rendered":"https:\/\/qlinea.com\/?page_id=8209"},"modified":"2025-03-26T08:50:13","modified_gmt":"2025-03-26T07:50:13","slug":"kontor-leveranser","status":"publish","type":"page","link":"https:\/\/qlinea.com\/sv\/kontor-leveranser\/","title":{"rendered":"Kontor &#038; leveranser"},"content":{"rendered":"<section class=\"header_onlytext headermodule\" style=\"background-color: #fff\" data-text-color=\"''\">\r\n    <div class=\"wrapper\">\r\n        <div class=\"textWrapper\">\r\n                            <h1 class=\"title\">Kontor &#038; leveranser<\/h1>\r\n                                        <h3><div class=\"textwidget\">\n<p>Q-lineas huvudkontor finns i Uppsala Science Park. V\u00e5r produktionsanl\u00e4ggning finns p\u00e5 Palmbladsgatan 1, i Uppsala.<\/p>\n<\/div>\n<\/h3>\r\n                    <\/div>\r\n    <\/div>\r\n<\/section>\r\n\n\n\r\n<section class=\"content_threeimg contentmodule alignfull\" data-text-color=\"''\">\r\n    <div class=\"wrapper flexRowWrapper\">\r\n                        <div class=\"puff\">\r\n                                        <div>\r\n                        <h3>Huvudkontor<\/h3>\n<p>Q-linea AB<br \/>\nDag Hammarskj\u00f6lds v\u00e4g 52 A<br \/>\nSE-752 37 Uppsala<br \/>\nSweden<\/p>\n<p><a href=\"https:\/\/goo.gl\/maps\/7hgHLG47KoggGpiJ6\" target=\"_blank\" rel=\"noopener\">Karta<\/a><\/p>\n<p>E-mail: <a href=\"mailto:&#x63;&#x6f;&#110;&#116;&#x61;&#x63;&#116;&#064;&#x71;&#x6c;&#105;&#110;&#x65;&#x61;&#046;&#099;&#x6f;&#x6d;\">&#099;&#x6f;&#110;&#x74;&#097;&#x63;&#116;&#x40;&#113;&#x6c;&#105;&#x6e;&#101;&#x61;&#046;&#x63;&#111;&#x6d;<\/a><br \/>\nTel: +46 (0)18 444 36 10<\/p>\n                    <\/div>\r\n                <\/div>\r\n                            <div class=\"puff\">\r\n                                        <div>\r\n                        <h3>Produktion<\/h3>\n<p>Q-linea Production<br \/>\nPalmbladsgatan 1<br \/>\nSE-754 50 Uppsala<br \/>\nSweden<\/p>\n<p><a href=\"https:\/\/goo.gl\/maps\/kEGLWpJVpSUTJzMr7\" target=\"_blank\" rel=\"noopener\">Karta<\/a><\/p>\n                    <\/div>\r\n                <\/div>\r\n                            <div class=\"puff\">\r\n                                        <div>\r\n                        <h3 class=\"mega-block-title\">Leveranser<\/h3>\n<p>Q-linea AB<br \/>\nGodsmottagningen<br \/>\nDag Hammarskj\u00f6lds v\u00e4g 52 B<br \/>\nSE-752 37 Uppsala<br \/>\nSweden<\/p>\n<p><a href=\"https:\/\/goo.gl\/maps\/UmcAWRQNS4XZ1Hf8A\" target=\"_blank\" rel=\"noopener\">Karta<\/a><\/p>\n                    <\/div>\r\n                <\/div>\r\n                <\/div>\r\n<\/section>\r\n","protected":false},"excerpt":{"rendered":"","protected":false},"author":68,"featured_media":0,"parent":0,"menu_order":0,"comment_status":"closed","ping_status":"closed","template":"","meta":{"_acf_changed":false,"footnotes":""},"class_list":["post-8209","page","type-page","status-publish","hentry"],"acf":[],"_links":{"self":[{"href":"https:\/\/qlinea.com\/sv\/wp-json\/wp\/v2\/pages\/8209","targetHints":{"allow":["GET"]}}],"collection":[{"href":"https:\/\/qlinea.com\/sv\/wp-json\/wp\/v2\/pages"}],"about":[{"href":"https:\/\/qlinea.com\/sv\/wp-json\/wp\/v2\/types\/page"}],"author":[{"embeddable":true,"href":"https:\/\/qlinea.com\/sv\/wp-json\/wp\/v2\/users\/68"}],"replies":[{"embeddable":true,"href":"https:\/\/qlinea.com\/sv\/wp-json\/wp\/v2\/comments?post=8209"}],"version-history":[{"count":1,"href":"https:\/\/qlinea.com\/sv\/wp-json\/wp\/v2\/pages\/8209\/revisions"}],"predecessor-version":[{"id":28479,"href":"https:\/\/qlinea.com\/sv\/wp-json\/wp\/v2\/pages\/8209\/revisions\/28479"}],"wp:attachment":[{"href":"https:\/\/qlinea.com\/sv\/wp-json\/wp\/v2\/media?parent=8209"}],"curies":[{"name":"wp","href":"https:\/\/api.w.org\/{rel}","templated":true}]}}