{"id":22340,"date":"2019-12-19T09:40:51","date_gmt":"2019-12-19T08:40:51","guid":{"rendered":"https:\/\/qlinea.com\/general-meetings\/"},"modified":"2026-02-12T12:04:41","modified_gmt":"2026-02-12T11:04:41","slug":"general-meetings","status":"publish","type":"page","link":"https:\/\/qlinea.com\/us\/investor-relations\/corporate-governance\/general-meeting\/general-meetings\/","title":{"rendered":"General meetings"},"content":{"rendered":"\r\n<section class=\"content_text contentmodule alignfull\" style=\"background-color: #fff\" data-text-color=\"''\">\r\n    <div class=\"wrapper\">\r\n        <div class=\"textWrapper\"><h1 class=\"title\">General meetings<\/h1>\n<p>OCTOBER 21, 2025<\/p>\n<p>Extraordinary General Meeting 2025<\/p>\n<p>On October 21, 2025, Q-linea AB (publ) holds an extraordinary meeting in Uppsala.<\/p>\n<p><a class=\"more\" href=\"https:\/\/qlinea.com\/extraordinary-general-meeting-2025-2\/\" target=\"_blank\" rel=\"noopener\">Read more<\/a><\/p>\n<p>&nbsp;<\/p>\n<p>JUNE 26, 2025<\/p>\n<p>Annual General Meeting 2025<\/p>\n<p>On June 26, 2025, Q-linea AB (publ) held its annual general meeting for the financial year 2024 in Uppsala.<\/p>\n<p><a class=\"more\" href=\"https:\/\/qlinea.com\/annual-general-meeting-2025\/\" target=\"_blank\" rel=\"noopener\">Read more<\/a><\/p>\n<p>&nbsp;<\/p>\n<p>APRIL 3, 2025<\/p>\n<p>Extraordinary General Meeting 2025<\/p>\n<p>On April 3, 2025, Q-linea AB (publ) held an extra ordinary general meeting in Uppsala.<\/p>\n<p><a class=\"more\" href=\"https:\/\/qlinea.com\/extraordinary-general-meeting-2025\/\" target=\"_blank\" rel=\"noopener\">Read more<\/a><\/p>\n<p>&nbsp;<\/p>\n<p>DECEMBER 6, 2024<\/p>\n<p>Extraordinary General Meeting 2024<\/p>\n<p>On December 6, 2024, Q-linea AB (publ) held an extra ordinary general meeting in Uppsala.<\/p>\n<p><a class=\"more\" href=\"https:\/\/qlinea.com\/extraordinary-annual-general-meeting-2024\/\" target=\"_blank\" rel=\"noopener\">Read more<\/a><\/p>\n<p>&nbsp;<\/p>\n<p>JUNE 28, 2024<\/p>\n<p>Annual General Meeting 2024<\/p>\n<p>On 28 June 2024, Q-linea AB (publ) held its annual general meeting for the financial year 2023 in Uppsala.<\/p>\n<p><a class=\"more\" href=\"https:\/\/qlinea.com\/annual-general-meeting-2024\/\">Read more<\/a><\/p>\n<p>&nbsp;<\/p>\n<p>JULY 3, 2023<\/p>\n<p>Extraordinary General Meeting 2023<\/p>\n<p>On July 3 2023, Q-linea AB (publ) held an extraordinary general meeting in Uppsala.<\/p>\n<p><a class=\"more\" href=\"https:\/\/qlinea.com\/?page_id=21523\">Read more<\/a><\/p>\n<p>&nbsp;<\/p>\n<p>JUNE 13 2023<\/p>\n<p>Annual General Meeting 2023<\/p>\n<p>On 13 June 2023, Q-linea AB (publ) held its annual general meeting for the financial year 2022 in Uppsala.<\/p>\n<p><a class=\"more\" href=\"https:\/\/qlinea.com\/annual-general-meeting-2023\/\">Read more<\/a><\/p>\n<p>&nbsp;<\/p>\n<p>MAY 24 2022<\/p>\n<p>Annual General Meeting 2022<\/p>\n<p>On 24 May 2022, Q-linea AB (publ) held its annual general meeting for the financial year 2021 in Uppsala.<\/p>\n<p><a class=\"more\" href=\"https:\/\/qlinea.com\/annual-general-meeting-2022\/\">Read more<\/a><\/p>\n<p>&nbsp;<\/p>\n<p>MAY 25 2021<\/p>\n<p>Annual General Meeting 2021<\/p>\n<p>On 25 May 2021, Q-linea AB (publ) held its annual general meeting for the financial year 2020 in Uppsala.<\/p>\n<p><a class=\"more\" href=\"https:\/\/qlinea.com\/annual-general-meeting-2021\/\">Read more<\/a><\/p>\n<p>&nbsp;<\/p>\n<p>MAY 26 2020<\/p>\n<p>Annual General Meeting 2020<\/p>\n<p>On 26 May 2020, Q-linea AB (publ) held its annual general meeting for the financial year 2019 in Uppsala.<\/p>\n<p><a class=\"more\" href=\"https:\/\/qlinea.com\/annual-general-meeting-2020\/\">Read more<\/a><\/p>\n<p>&nbsp;<\/p>\n<p>MAY 22, 2019<\/p>\n<p>Annual General Meeting 2019<br \/>\nOn 22 May 2019, Q-linea AB (publ) held its annual general meeting for the financial year 2018 in Uppsala.<\/p>\n<p><a class=\"more\" href=\"https:\/\/qlinea.com\/annual-general-meeting-2019\/\">Read more<\/a><\/p>\n<p>NOVEMBER 12, 2018<\/p>\n<p>Extraordinary General Meeting 2018<br \/>\nIn Swedish. Aktie\u00e4garna i Q-linea AB (publ), org.nr. 556729-0217 (\u201dBolaget\u201d), h\u00f6ll extra bolagsst\u00e4mma m\u00e5ndagen den 12 november 2018 kl. 09.30 i Advokatfirman Lindahls lokaler, Vaksalagatan 10, Uppsala.<\/p>\n<p><a class=\"more\" href=\"https:\/\/qlinea.com\/extraordinary-general-meeting-2018\/\">Read more<\/a><\/p>\n<\/div>\r\n    <\/div>\r\n<\/section>\r\n","protected":false},"excerpt":{"rendered":"","protected":false},"author":1,"featured_media":0,"parent":22341,"menu_order":0,"comment_status":"closed","ping_status":"closed","template":"","meta":{"_acf_changed":false,"footnotes":""},"class_list":["post-22340","page","type-page","status-publish","hentry"],"acf":[],"_links":{"self":[{"href":"https:\/\/qlinea.com\/us\/wp-json\/wp\/v2\/pages\/22340","targetHints":{"allow":["GET"]}}],"collection":[{"href":"https:\/\/qlinea.com\/us\/wp-json\/wp\/v2\/pages"}],"about":[{"href":"https:\/\/qlinea.com\/us\/wp-json\/wp\/v2\/types\/page"}],"author":[{"embeddable":true,"href":"https:\/\/qlinea.com\/us\/wp-json\/wp\/v2\/users\/1"}],"replies":[{"embeddable":true,"href":"https:\/\/qlinea.com\/us\/wp-json\/wp\/v2\/comments?post=22340"}],"version-history":[{"count":10,"href":"https:\/\/qlinea.com\/us\/wp-json\/wp\/v2\/pages\/22340\/revisions"}],"predecessor-version":[{"id":29864,"href":"https:\/\/qlinea.com\/us\/wp-json\/wp\/v2\/pages\/22340\/revisions\/29864"}],"up":[{"embeddable":true,"href":"https:\/\/qlinea.com\/us\/wp-json\/wp\/v2\/pages\/22341"}],"wp:attachment":[{"href":"https:\/\/qlinea.com\/us\/wp-json\/wp\/v2\/media?parent=22340"}],"curies":[{"name":"wp","href":"https:\/\/api.w.org\/{rel}","templated":true}]}}