{"id":25406,"date":"2024-02-21T14:40:50","date_gmt":"2024-02-21T13:40:50","guid":{"rendered":"https:\/\/qlinea.com\/?page_id=25406"},"modified":"2024-09-16T17:54:36","modified_gmt":"2024-09-16T15:54:36","slug":"sources","status":"publish","type":"page","link":"https:\/\/qlinea.com\/us\/sources\/","title":{"rendered":"Sources"},"content":{"rendered":"\r\n<section class=\"content_text contentmodule alignfull\" style=\"background-color: #f9efef\" data-text-color=\"''\">\r\n    <div class=\"wrapper\">\r\n        <div class=\"textWrapper\"><h1>Sources<\/h1>\n<p class=\"medium\">On this page we have gathered the references for all scientific information on the website. The sources are listed by webpage.<\/p>\n<\/div>\r\n    <\/div>\r\n<\/section>\r\n\n\n\r\n<section class=\"content_text contentmodule alignfull\" style=\"background-color: #fff\" data-text-color=\"''\">\r\n    <div class=\"wrapper\">\r\n        <div class=\"textWrapper\"><h1>Start page<\/h1>\n<p><strong>$3.4 trillion in annual US GDP loss caused by AMR by 2050<\/strong><\/p>\n<p>The World Bank website. <a class=\"fui-Link ___1rxvrpe f2hkw1w f3rmtva f1ewtqcl fyind8e f1k6fduh f1w7gpdv fk6fouc fjoy568 figsok6 f1hu3pq6 f11qmguv f19f4twv f1tyq0we f1g0x7ka fhxju0i f1qch9an f1cnd47f fqv5qza f1vmzxwi f1o700av f13mvf36 f1cmlufx f9n3di6 f1ids18y f1tx3yz7 f1deo86v f1eh06m1 f1iescvh fhgqx19 f1olyrje f1p93eir f1nev41a f1h8hb77 f1lqvz6u f10aw75t fsle3fq f17ae5zn\" title=\"https:\/\/www.worldbank.org\/en\/topic\/health\/publication\/drug-resistant-infections-a-threat-to-our-economic-future\" href=\"https:\/\/www.worldbank.org\/en\/topic\/health\/publication\/drug-resistant-infections-a-threat-to-our-economic-future\" target=\"_blank\" rel=\"noreferrer noopener\" aria-label=\"Link https:\/\/www.worldbank.org\/en\/topic\/health\/publication\/drug-resistant-infections-a-threat-to-our-economic-future\">https:\/\/www.worldbank.org\/en\/topic\/health\/publication\/drug-resistant-infections-a-threat-to-our-economic-future<\/a><\/p>\n<p><strong>1.7 million US adults develop sepsis every year\/ \u00a0270,000 US adults die from sepsis every year<\/strong><\/p>\n<p>Centers for Disease Control and Prevention (CDC) website. <a class=\"fui-Link ___1rxvrpe f2hkw1w f3rmtva f1ewtqcl fyind8e f1k6fduh f1w7gpdv fk6fouc fjoy568 figsok6 f1hu3pq6 f11qmguv f19f4twv f1tyq0we f1g0x7ka fhxju0i f1qch9an f1cnd47f fqv5qza f1vmzxwi f1o700av f13mvf36 f1cmlufx f9n3di6 f1ids18y f1tx3yz7 f1deo86v f1eh06m1 f1iescvh fhgqx19 f1olyrje f1p93eir f1nev41a f1h8hb77 f1lqvz6u f10aw75t fsle3fq f17ae5zn\" title=\"https:\/\/www.cdc.gov\/sepsis\/what-is-sepsis.html\" href=\"https:\/\/www.cdc.gov\/sepsis\/what-is-sepsis.html\" target=\"_blank\" rel=\"noreferrer noopener\" aria-label=\"Link https:\/\/www.cdc.gov\/sepsis\/what-is-sepsis.html\">https:\/\/www.cdc.gov\/sepsis\/what-is-sepsis.html<\/a><\/p>\n<p>&nbsp;<\/p>\n<h1>Antimicrobial Resistance page<\/h1>\n<p><strong>5 million global deaths are associated with AMR annually<\/strong><\/p>\n<p>Antimicrobial Resistance Collaborators. Global burden of bacterial antimicrobial resistance in 2019: a systematic analysis. Lancet. 2022 Feb 12;399(10325):629-655. <a href=\"https:\/\/www.thelancet.com\/journals\/lancet\/article\/PIIS0140-6736(21)02724-0\/fulltext\" target=\"_blank\" rel=\"noopener\">doi: 10.1016\/S0140-6736(21)02724-0<\/a>.<\/p>\n<p><strong>10 million global deaths will be associated with AMR by 2050<\/strong><\/p>\n<p>O&#8217;Neill J. Review on Antimicrobial Resistance Antimicrobial Resistance: Tackling a crisis for the health and wealth of nations. London: Review on Antimicrobial Resistance; 2014. <a class=\"fui-Link ___1rxvrpe f2hkw1w f3rmtva f1ewtqcl fyind8e f1k6fduh f1w7gpdv fk6fouc fjoy568 figsok6 f1hu3pq6 f11qmguv f19f4twv f1tyq0we f1g0x7ka fhxju0i f1qch9an f1cnd47f fqv5qza f1vmzxwi f1o700av f13mvf36 f1cmlufx f9n3di6 f1ids18y f1tx3yz7 f1deo86v f1eh06m1 f1iescvh fhgqx19 f1olyrje f1p93eir f1nev41a f1h8hb77 f1lqvz6u f10aw75t fsle3fq f17ae5zn\" title=\"https:\/\/amr-review.org\/sites\/default\/files\/amr%20review%20paper%20-%20tackling%20a%20crisis%20for%20the%20health%20and%20wealth%20of%20nations_1.pdf\" href=\"https:\/\/amr-review.org\/sites\/default\/files\/AMR%20Review%20Paper%20-%20Tackling%20a%20crisis%20for%20the%20health%20and%20wealth%20of%20nations_1.pdf\" target=\"_blank\" rel=\"noreferrer noopener\" aria-label=\"Link https:\/\/amr-review.org\/sites\/default\/files\/AMR%20Review%20Paper%20-%20Tackling%20a%20crisis%20for%20the%20health%20and%20wealth%20of%20nations_1.pdf\">https:\/\/amr-review.org\/sites\/default\/files\/AMR%20Review%20Paper%20-%20Tackling%20a%20crisis%20for%20the%20health%20and%20wealth%20of%20nations_1.pdf<\/a><\/p>\n<p><strong>1 in 5 deaths from AMR are children<\/strong><\/p>\n<p>Antimicrobial Resistance Collaborators. Global burden of bacterial antimicrobial resistance in 2019: a systematic analysis. Lancet. 2022 Feb 12;399(10325):629-655. <a href=\"https:\/\/www.thelancet.com\/journals\/lancet\/article\/PIIS0140-6736(21)02724-0\/fulltext\" target=\"_blank\" rel=\"noopener\">doi: 10.1016\/S0140-6736(21)02724-0<\/a>.<\/p>\n<p><strong>What is antimicrobial stewardship?<\/strong><\/p>\n<p>Promoting antimicrobial stewardship to tackle antimicrobial resistance, from the WHO: <a class=\"fui-Link ___1rxvrpe f2hkw1w f3rmtva f1ewtqcl fyind8e f1k6fduh f1w7gpdv fk6fouc fjoy568 figsok6 f1hu3pq6 f11qmguv f19f4twv f1tyq0we f1g0x7ka fhxju0i f1qch9an f1cnd47f fqv5qza f1vmzxwi f1o700av f13mvf36 f1cmlufx f9n3di6 f1ids18y f1tx3yz7 f1deo86v f1eh06m1 f1iescvh fhgqx19 f1olyrje f1p93eir f1nev41a f1h8hb77 f1lqvz6u f10aw75t fsle3fq f17ae5zn\" title=\"https:\/\/www.who.int\/europe\/activities\/promoting-antimicrobial-stewardship-to-tackle-antimicrobial-resistance\" href=\"https:\/\/www.who.int\/europe\/activities\/promoting-antimicrobial-stewardship-to-tackle-antimicrobial-resistance\" target=\"_blank\" rel=\"noreferrer noopener\" aria-label=\"Link https:\/\/www.who.int\/europe\/activities\/promoting-antimicrobial-stewardship-to-tackle-antimicrobial-resistance\">https:\/\/www.who.int\/europe\/activities\/promoting-antimicrobial-stewardship-to-tackle-antimicrobial-resistance<\/a><\/p>\n<p><strong>Antimicrobial resistance infographic<\/strong><\/p>\n<p>Reygaert WC. An overview of the antimicrobial resistance mechanisms of bacteria. AIMS Microbiol. 2018 Jun 26;4(3):482-501. <a href=\"https:\/\/pubmed.ncbi.nlm.nih.gov\/31294229\/\" target=\"_blank\" rel=\"noopener\">doi: 10.3934\/microbiol.2018.3.482<\/a>. PMID: 31294229; PMCID: PMC6604941.<\/p>\n<p><strong>Antimicrobial stewardship (Swedish page)<\/strong><\/p>\n<p>Strama (Strategigruppen f\u00f6r rationell antibiotikaanv\u00e4ndning och minskad antibiotikaresistens)<br \/>\n<a href=\"https:\/\/strama.se\/wp-content\/uploads\/2019\/02\/Strama-Rapport-antibiotikaronder-Feb-2019.pdf\">Rapport antimicrobial stewardship och antibiotikaronder vid svenska sjukhus Feb 2019<\/a><\/p>\n<p><strong>Framtida v\u00e5rd (Swedish page)<\/strong><\/p>\n<p>&#8220;Snabb resistensbest\u00e4mning f\u00f6rkortar tiden till optimal behandling&#8221;. Se exempel fr\u00e5n presentationer p\u00e5 AMCLI-konferensen i Rimini, Italien , mars 2024.<\/p>\n<p class=\"style-scope ytd-watch-metadata\">&#8220;Prospective interventional evaluation of the ASTar on 200 patient Gram-negative blood cultures&#8221;,\u00a0 <a href=\"https:\/\/www.youtube.com\/watch?v=X74ztxP938s\" target=\"_blank\" rel=\"noopener\">se video<\/a><\/p>\n<p class=\"style-scope ytd-watch-metadata\">&#8220;LIFETIMES: Risultati preliminari di uno studio multicentrico di Health Economics (English subtitles)&#8221;, <a href=\"https:\/\/www.youtube.com\/watch?v=i7TB7YTAnTU\" target=\"_blank\" rel=\"noopener\">se video<\/a><\/p>\n<p>&nbsp;<\/p>\n<h1>Sepsis page<\/h1>\n<p><strong>The history of Sepsis with Homer and Hippocrates<\/strong><\/p>\n<p>Geroulanos, S., Douka, E.T. Historical perspective of the word \u201csepsis\u201d. Intensive Care Med 32, 2077 (2006). <a class=\"fui-Link ___1rxvrpe f2hkw1w f3rmtva f1ewtqcl fyind8e f1k6fduh f1w7gpdv fk6fouc fjoy568 figsok6 f1hu3pq6 f11qmguv f19f4twv f1tyq0we f1g0x7ka fhxju0i f1qch9an f1cnd47f fqv5qza f1vmzxwi f1o700av f13mvf36 f1cmlufx f9n3di6 f1ids18y f1tx3yz7 f1deo86v f1eh06m1 f1iescvh fhgqx19 f1olyrje f1p93eir f1nev41a f1h8hb77 f1lqvz6u f10aw75t fsle3fq f17ae5zn\" title=\"https:\/\/doi.org\/10.1007\/s00134-006-0392-2\" href=\"https:\/\/doi.org\/10.1007\/s00134-006-0392-2\" target=\"_blank\" rel=\"noreferrer noopener\" aria-label=\"Link https:\/\/doi.org\/10.1007\/s00134-006-0392-2\">https:\/\/doi.org\/10.1007\/s00134-006-0392-2<\/a><\/p>\n<p><strong>Sepsis is caused by an underlying infection causing hyperinflammation<\/strong><\/p>\n<p>Singer, M. et al. The Third International Consensus Definitions for Sepsis and Septic Shock (Sepsis-3). JAMA 315, 801-810 (2016). <a href=\"https:\/\/jamanetwork.com\/journals\/jama\/fullarticle\/2492881\" target=\"_blank\" rel=\"noopener\">https:\/\/doi.org:10.1001\/jama.2016.0287<\/a><\/p>\n<p><b>40% of sepsis patients suffer long term effects<\/b><\/p>\n<p>Nutbeam T, Daniels R on behalf of the UK Sepsis Trust, The Sepsis Manual (AOMRC version). Available at <a href=\"https:\/\/sepsistrust.org\/professional-resources\/education-resources\/\" target=\"_blank\" rel=\"noopener\">sepsistrust.org\/professional-resources\/education-resources\/<\/a><\/p>\n<p><b>1\/3 of sepsis patients are re-hospitalized within 90 days from discharge<\/b><\/p>\n<p>Chang, D. W., Tseng, C. H. &amp; Shapiro, M. F. Rehospitalizations Following Sepsis: Common and Costly. Crit Care Med 43, 2085-2093 (2015). <a title=\"https:\/\/doi.org:10.1097\/ccm.0000000000001159\" href=\"https:\/\/pubmed.ncbi.nlm.nih.gov\/26131597\/\" target=\"_blank\" rel=\"noreferrer noopener\">https:\/\/doi.org:10.1097\/CCM.0000000000001159<\/a><\/p>\n<p><strong>There are 50 million sepsis cases worldwide every year, 11 million deaths. Half of sepsis cases are children &#8211; equivalent to 2.9 million deaths<\/strong><\/p>\n<p>Rudd, K. E. et al.\u00a0Global, regional, and national sepsis incidence and mortality, 1990\u20132017: analysis for the Global Burden of Disease Study. The Lancet 395, 200-211 (2020). <a href=\"https:\/\/pubmed.ncbi.nlm.nih.gov\/31954465\/\" target=\"_blank\" rel=\"noopener\">https:\/\/doi. org:10.1016\/s0140-6736(19)32989-7<\/a><\/p>\n<p><strong>$60 billion is spent in US hospitals every year for the treatment of sepsis<\/strong><\/p>\n<p>Sepsis Alliance. www.sepsis.org. 2024.<\/p>\n<p><strong>$32,000 is the cost of sepsis per patient<\/strong><\/p>\n<p>Arefian, H. et al. Hospital-related cost of sepsis: A systematic review. J Infect 74, 107-117 (2017). <a href=\"https:\/\/pubmed.ncbi.nlm.nih.gov\/27884733\/\" target=\"_blank\" rel=\"noopener\">https:\/\/doi. org:10.1016\/j.jinf.2016.11.006<\/a><\/p>\n<p><strong>The incidence of sepsis rises by 13% every year<\/strong><\/p>\n<p>Gaieski, David F. MD1; Edwards, J. Matthew MD1; Kallan, Michael J. MS2; Carr, Brendan G. MD, MA, MS1,3. Benchmarking the Incidence and Mortality of Severe Sepsis in the United States*. Critical Care Medicine 41(5):p 1167-1174, May 2013. <a href=\"https:\/\/pubmed.ncbi.nlm.nih.gov\/23442987\/\" target=\"_blank\" rel=\"noopener\">DOI: 10.1097\/CCM.0b013e31827c09f8<\/a><\/p>\n<p><strong>Sepsis kills more people every year than cancer and aids combined<\/strong><\/p>\n<p>Our World in Data website. <a href=\"https:\/\/ourworldindata.org\/cancer\" target=\"_blank\" rel=\"noopener\">https:\/\/ourworldindata.org\/cancer<\/a><\/p>\n<p>Our World in Data website. <a class=\"fui-Link ___1rxvrpe f2hkw1w f3rmtva f1ewtqcl fyind8e f1k6fduh f1w7gpdv fk6fouc fjoy568 figsok6 f1hu3pq6 f11qmguv f19f4twv f1tyq0we f1g0x7ka fhxju0i f1qch9an f1cnd47f fqv5qza f1vmzxwi f1o700av f13mvf36 f1cmlufx f9n3di6 f1ids18y f1tx3yz7 f1deo86v f1eh06m1 f1iescvh fhgqx19 f1olyrje f1p93eir f1nev41a f1h8hb77 f1lqvz6u f10aw75t fsle3fq f17ae5zn\" title=\"https:\/\/ourworldindata.org\/hiv-aids\" href=\"https:\/\/ourworldindata.org\/hiv-aids\" target=\"_blank\" rel=\"noreferrer noopener\" aria-label=\"Link https:\/\/ourworldindata.org\/hiv-aids\">https:\/\/ourworldindata.org\/hiv-aids<\/a><\/p>\n<p><strong>Sepsis is a time-sensitive condition that demands immediate attention. Mortality increases with delayed treatment<\/strong><\/p>\n<p>Kumar, A. et al. Duration of hypotension before initiation of effective antimicrobial therapy is the critical determinant of survival in human septic shock. Crit Care Med 34, 1589-1596 (2006). <a title=\"https:\/\/doi.org:10.1097\/01.ccm.0000217961.75225.e9\" href=\"https:\/\/pubmed.ncbi.nlm.nih.gov\/16625125\/\" target=\"_blank\" rel=\"noreferrer noopener\">https:\/\/doi.org:10.1097\/01.CCM.0000217961.75225.E9<\/a><\/p>\n<p><strong>Septic shock mortality exceeds 40%<\/strong><\/p>\n<p>Singer, M. et al. The Third International Consensus Definitions for Sepsis and Septic Shock (Sepsis-3). JAMA 315, 801-810 (2016). <a title=\"https:\/\/doi.org:10.1001\/jama.2016.0287\" href=\"https:\/\/jamanetwork.com\/journals\/jama\/fullarticle\/2492881\" target=\"_blank\" rel=\"noreferrer noopener\">https:\/\/doi.org:10.1001\/jama.2016.0287<\/a><\/p>\n<p><strong>Timely treatment is needed when treating patients with sepsis and septic shock<\/strong><\/p>\n<p>Ferrer, R. et al. Empiric antibiotic treatment reduces mortality in severe sepsis and septic shock from the first hour: results from a guideline-based performance improvement program. Crit Care Med 42, 1749-1755 (2014). <a title=\"https:\/\/doi.org:10.1097\/ccm.0000000000000330\" href=\"https:\/\/pubmed.ncbi.nlm.nih.gov\/24717459\/\" target=\"_blank\" rel=\"noreferrer noopener\">https:\/\/doi.org:10.1097\/CCM.0000000000000330<\/a><\/p>\n<p><strong>Conventional AST methods take upwards of 48 hours<\/strong><\/p>\n<p>Gajic, I. et al. Antimicrobial Susceptibility Testing: A Comprehensive Review of Currently Used Methods. Antibiotics (Basel) 11 (2022). <a title=\"https:\/\/doi.org:10.3390\/antibiotics11040427\" href=\"https:\/\/pubmed.ncbi.nlm.nih.gov\/35453179\/\" target=\"_blank\" rel=\"noreferrer noopener\">https:\/\/doi.org:10.3390\/antibiotics11040427<\/a><\/p>\n<p>&nbsp;<\/p>\n<\/div>\r\n    <\/div>\r\n<\/section>\r\n","protected":false},"excerpt":{"rendered":"","protected":false},"author":68,"featured_media":0,"parent":0,"menu_order":0,"comment_status":"closed","ping_status":"closed","template":"","meta":{"_acf_changed":false,"footnotes":""},"class_list":["post-25406","page","type-page","status-publish","hentry"],"acf":[],"_links":{"self":[{"href":"https:\/\/qlinea.com\/us\/wp-json\/wp\/v2\/pages\/25406","targetHints":{"allow":["GET"]}}],"collection":[{"href":"https:\/\/qlinea.com\/us\/wp-json\/wp\/v2\/pages"}],"about":[{"href":"https:\/\/qlinea.com\/us\/wp-json\/wp\/v2\/types\/page"}],"author":[{"embeddable":true,"href":"https:\/\/qlinea.com\/us\/wp-json\/wp\/v2\/users\/68"}],"replies":[{"embeddable":true,"href":"https:\/\/qlinea.com\/us\/wp-json\/wp\/v2\/comments?post=25406"}],"version-history":[{"count":0,"href":"https:\/\/qlinea.com\/us\/wp-json\/wp\/v2\/pages\/25406\/revisions"}],"wp:attachment":[{"href":"https:\/\/qlinea.com\/us\/wp-json\/wp\/v2\/media?parent=25406"}],"curies":[{"name":"wp","href":"https:\/\/api.w.org\/{rel}","templated":true}]}}